{"id":2284,"date":"2024-09-22T11:12:03","date_gmt":"2024-09-22T09:12:03","guid":{"rendered":"https:\/\/www.univ-sba.dz\/snv\/?page_id=2284"},"modified":"2025-09-11T02:11:10","modified_gmt":"2025-09-11T00:11:10","slug":"doyen-de-la-faculte","status":"publish","type":"page","link":"https:\/\/www.univ-sba.dz\/snv\/fr\/doyen-de-la-faculte\/","title":{"rendered":"Doyen de la facult\u00e9"},"content":{"rendered":"\t\t<div data-elementor-type=\"wp-page\" data-elementor-id=\"2284\" class=\"elementor elementor-2284\">\n\t\t\t\t<div class=\"elementor-element elementor-element-19b8c8c e-transform e-flex e-con-boxed e-con e-parent\" data-id=\"19b8c8c\" data-element_type=\"container\" data-settings=\"{&quot;background_background&quot;:&quot;classic&quot;,&quot;_transform_translateX_effect&quot;:{&quot;unit&quot;:&quot;px&quot;,&quot;size&quot;:&quot;&quot;,&quot;sizes&quot;:[]},&quot;_transform_translateX_effect_tablet&quot;:{&quot;unit&quot;:&quot;px&quot;,&quot;size&quot;:&quot;&quot;,&quot;sizes&quot;:[]},&quot;_transform_translateX_effect_mobile&quot;:{&quot;unit&quot;:&quot;px&quot;,&quot;size&quot;:&quot;&quot;,&quot;sizes&quot;:[]},&quot;_transform_translateY_effect&quot;:{&quot;unit&quot;:&quot;px&quot;,&quot;size&quot;:&quot;&quot;,&quot;sizes&quot;:[]},&quot;_transform_translateY_effect_tablet&quot;:{&quot;unit&quot;:&quot;px&quot;,&quot;size&quot;:&quot;&quot;,&quot;sizes&quot;:[]},&quot;_transform_translateY_effect_mobile&quot;:{&quot;unit&quot;:&quot;px&quot;,&quot;size&quot;:&quot;&quot;,&quot;sizes&quot;:[]}}\">\n\t\t\t\t\t<div class=\"e-con-inner\">\n\t\t<div class=\"elementor-element elementor-element-372848a e-con-full e-flex e-con e-child\" data-id=\"372848a\" data-element_type=\"container\">\n\t\t\t\t<div class=\"elementor-element elementor-element-0ccf104 elementor-widget elementor-widget-heading\" data-id=\"0ccf104\" data-element_type=\"widget\" data-widget_type=\"heading.default\">\n\t\t\t\t<div class=\"elementor-widget-container\">\n\t\t\t\t\t<h1 class=\"elementor-heading-title elementor-size-default\">DOYEN DE LA FACULT\u00c9<\/h1>\t\t\t\t<\/div>\n\t\t\t\t<\/div>\n\t\t\t\t<\/div>\n\t\t\t\t\t<\/div>\n\t\t\t\t<\/div>\n\t\t<div class=\"elementor-element elementor-element-c7e2834 e-flex e-con-boxed e-con e-parent\" data-id=\"c7e2834\" data-element_type=\"container\">\n\t\t\t\t\t<div class=\"e-con-inner\">\n\t\t\t\t<div class=\"elementor-element elementor-element-cdae277 elementor-widget elementor-widget-heading\" data-id=\"cdae277\" data-element_type=\"widget\" data-widget_type=\"heading.default\">\n\t\t\t\t<div class=\"elementor-widget-container\">\n\t\t\t\t\t<h2 class=\"elementor-heading-title elementor-size-default\">MOT DU DOYEN DE LA FACULT\u00c9<\/h2>\t\t\t\t<\/div>\n\t\t\t\t<\/div>\n\t\t<div class=\"elementor-element elementor-element-434ad1c e-con-full e-flex e-con e-child\" data-id=\"434ad1c\" data-element_type=\"container\">\n\t\t\t\t<div class=\"elementor-element elementor-element-e0f42cf elementor-widget elementor-widget-image\" data-id=\"e0f42cf\" data-element_type=\"widget\" data-widget_type=\"image.default\">\n\t\t\t\t<div class=\"elementor-widget-container\">\n\t\t\t\t\t\t\t\t\t\t\t\t\t\t\t<img decoding=\"async\" width=\"200\" height=\"200\" src=\"https:\/\/www.univ-sba.dz\/snv\/wp-content\/uploads\/2025\/02\/s200_mohamed_ali.bouzidi.jpeg\" class=\"attachment-large size-large wp-image-2952\" alt=\"\" srcset=\"https:\/\/www.univ-sba.dz\/snv\/wp-content\/uploads\/2025\/02\/s200_mohamed_ali.bouzidi.jpeg 200w, https:\/\/www.univ-sba.dz\/snv\/wp-content\/uploads\/2025\/02\/s200_mohamed_ali.bouzidi-150x150.jpeg 150w\" sizes=\"(max-width: 200px) 100vw, 200px\" \/>\t\t\t\t\t\t\t\t\t\t\t\t\t\t\t<\/div>\n\t\t\t\t<\/div>\n\t\t\t\t<\/div>\n\t\t\t\t\t<\/div>\n\t\t\t\t<\/div>\n\t\t<div class=\"elementor-element elementor-element-91c4f77 e-flex e-con-boxed e-con e-parent\" data-id=\"91c4f77\" data-element_type=\"container\">\n\t\t\t\t\t<div class=\"e-con-inner\">\n\t\t\t\t<div class=\"elementor-element elementor-element-2f94b2d e-transform e-transform e-transform elementor-widget elementor-widget-text-editor\" data-id=\"2f94b2d\" data-element_type=\"widget\" data-settings=\"{&quot;_transform_translateX_effect&quot;:{&quot;unit&quot;:&quot;px&quot;,&quot;size&quot;:-97,&quot;sizes&quot;:[]},&quot;_transform_translateY_effect&quot;:{&quot;unit&quot;:&quot;px&quot;,&quot;size&quot;:24,&quot;sizes&quot;:[]},&quot;_transform_scale_effect&quot;:{&quot;unit&quot;:&quot;px&quot;,&quot;size&quot;:0.8,&quot;sizes&quot;:[]},&quot;_transform_skewY_effect&quot;:{&quot;unit&quot;:&quot;px&quot;,&quot;size&quot;:0,&quot;sizes&quot;:[]},&quot;_transform_translateX_effect_tablet&quot;:{&quot;unit&quot;:&quot;px&quot;,&quot;size&quot;:&quot;&quot;,&quot;sizes&quot;:[]},&quot;_transform_translateX_effect_mobile&quot;:{&quot;unit&quot;:&quot;px&quot;,&quot;size&quot;:&quot;&quot;,&quot;sizes&quot;:[]},&quot;_transform_translateY_effect_tablet&quot;:{&quot;unit&quot;:&quot;px&quot;,&quot;size&quot;:&quot;&quot;,&quot;sizes&quot;:[]},&quot;_transform_translateY_effect_mobile&quot;:{&quot;unit&quot;:&quot;px&quot;,&quot;size&quot;:&quot;&quot;,&quot;sizes&quot;:[]},&quot;_transform_scale_effect_tablet&quot;:{&quot;unit&quot;:&quot;px&quot;,&quot;size&quot;:&quot;&quot;,&quot;sizes&quot;:[]},&quot;_transform_scale_effect_mobile&quot;:{&quot;unit&quot;:&quot;px&quot;,&quot;size&quot;:&quot;&quot;,&quot;sizes&quot;:[]},&quot;_transform_skewX_effect&quot;:{&quot;unit&quot;:&quot;px&quot;,&quot;size&quot;:&quot;&quot;,&quot;sizes&quot;:[]},&quot;_transform_skewX_effect_tablet&quot;:{&quot;unit&quot;:&quot;deg&quot;,&quot;size&quot;:&quot;&quot;,&quot;sizes&quot;:[]},&quot;_transform_skewX_effect_mobile&quot;:{&quot;unit&quot;:&quot;deg&quot;,&quot;size&quot;:&quot;&quot;,&quot;sizes&quot;:[]},&quot;_transform_skewY_effect_tablet&quot;:{&quot;unit&quot;:&quot;deg&quot;,&quot;size&quot;:&quot;&quot;,&quot;sizes&quot;:[]},&quot;_transform_skewY_effect_mobile&quot;:{&quot;unit&quot;:&quot;deg&quot;,&quot;size&quot;:&quot;&quot;,&quot;sizes&quot;:[]}}\" data-widget_type=\"text-editor.default\">\n\t\t\t\t<div class=\"elementor-widget-container\">\n\t\t\t\t\t\t\t\t\t<p style=\"text-align: left;\" data-start=\"429\" data-end=\"1121\">Notre facult\u00e9 a \u00e9t\u00e9 cr\u00e9\u00e9e en 2012 par le d\u00e9cret ex\u00e9cutif n\u00b0 12-272 du 8 Cha\u00e2bane 1433, correspondant au 28 juin 2012. Elle propose un large \u00e9ventail de formations couvrant quatre fili\u00e8res : <strong data-start=\"619\" data-end=\"711\">sciences biologiques, \u00e9cologie et environnement, biotechnologie et sciences alimentaires<\/strong>, dans le domaine des <strong data-start=\"733\" data-end=\"771\">Sciences de la Nature et de la Vie<\/strong>, r\u00e9parties sur deux d\u00e9partements : <strong data-start=\"807\" data-end=\"850\">le d\u00e9partement des sciences biologiques<\/strong> et <strong data-start=\"854\" data-end=\"904\">le d\u00e9partement des sciences de l\u2019environnement<\/strong>. Ces formations sont en parfaite ad\u00e9quation avec les potentialit\u00e9s de la wilaya, et permettent \u00e0 nos \u00e9tudiants d\u2019acqu\u00e9rir les connaissances et les comp\u00e9tences n\u00e9cessaires pour une meilleure insertion professionnelle.<\/p><p style=\"text-align: left;\" data-start=\"1123\" data-end=\"1256\">Ces formations sont encadr\u00e9es par des enseignants-chercheurs, docteurs et professionnels sp\u00e9cialis\u00e9s dans les disciplines enseign\u00e9es.<\/p><p style=\"text-align: left;\" data-start=\"1258\" data-end=\"1716\">Au-del\u00e0 de sa mission acad\u00e9mique de transmission du savoir, notre facult\u00e9 \u0153uvre \u00e9galement \u00e0 la <strong data-start=\"1353\" data-end=\"1380\">formation de chercheurs<\/strong>, en collaboration avec <strong data-start=\"1404\" data-end=\"1438\">cinq laboratoires de recherche<\/strong> dont les th\u00e9matiques sont en lien avec les besoins socio-\u00e9conomiques du pays. Ces activit\u00e9s sont soutenues par plusieurs conventions nationales et internationales, permettant l\u2019int\u00e9gration de nos doctorants dans diff\u00e9rents \u00e9tablissements universitaires et \u00e9quipes de recherche.<\/p><p style=\"text-align: left;\" data-start=\"1718\" data-end=\"1933\">La vie de la facult\u00e9 est aussi rythm\u00e9e par des <strong data-start=\"1765\" data-end=\"1818\">activit\u00e9s sportives, scientifiques et culturelles<\/strong>, \u00e0 travers la participation de ses \u00e9quipes sportives et de ses clubs \u00e0 de nombreux \u00e9v\u00e9nements locaux et nationaux.<\/p><p style=\"text-align: left;\" data-start=\"1935\" data-end=\"2173\">La cr\u00e9ation de ce nouveau site web s\u2019inscrit dans une d\u00e9marche visant \u00e0 \u00e9largir les canaux de communication entre les diff\u00e9rents acteurs, contribuant sans aucun doute \u00e0 l\u2019avancement et \u00e0 la r\u00e9ussite de notre facult\u00e9 dans sa noble mission.<\/p><p style=\"text-align: left;\" data-start=\"2175\" data-end=\"2322\">\u00c0 cette occasion, nous vous souhaitons une excellente navigation, et nous serions ravis de recevoir vos <strong data-start=\"2279\" data-end=\"2321\">commentaires, remarques et suggestions<\/strong>.<\/p><p style=\"text-align: right;\" data-start=\"2324\" data-end=\"2377\"><strong data-start=\"2324\" data-end=\"2351\">Pr. BOUZIDI Mohamed Ali<\/strong><br data-start=\"2351\" data-end=\"2354\" \/><strong data-start=\"2354\" data-end=\"2377\">Doyen de la Facult\u00e9<\/strong><\/p>\t\t\t\t\t\t\t\t<\/div>\n\t\t\t\t<\/div>\n\t\t\t\t\t<\/div>\n\t\t\t\t<\/div>\n\t\t\t\t<\/div>\n\t\t<div style=\"margin: 20px 0;\"><div class=\"qrcswholewtapper\" style=\"text-align:left;\"><div class=\"qrcprowrapper\"  id=\"qrcwraa2leds\"><div class=\"qrc_canvass\" id=\"qrc_cuttenpages_2\" style=\"display:inline-block\" data-text=\"https:\/\/www.univ-sba.dz\/snv\/fr\/doyen-de-la-faculte\/\"><\/div><div><a download=\"Doyen de la facult\u00e9.png\" class=\"qrcdownloads\" id=\"worign\">\r\n           <button type=\"button\" style=\"min-width:200px;background:#44d813;color:#000;font-weight: 600;border: 1px solid #44d813;border-radius:20px;font-size:12px;padding: 6px 0;\" class=\"uqr_code_btn\">Download QR \ud83e\udc7b<\/button>\r\n           <\/a><\/div><\/div><\/div><\/div>","protected":false},"excerpt":{"rendered":"<p>DOYEN DE LA FACULT\u00c9 MOT DU DOYEN DE LA FACULT\u00c9 Notre facult\u00e9 a \u00e9t\u00e9 cr\u00e9\u00e9e en 2012 par le d\u00e9cret ex\u00e9cutif n\u00b0 12-272 du 8 Cha\u00e2bane 1433, correspondant au 28 juin 2012. Elle propose un large \u00e9ventail de formations couvrant quatre fili\u00e8res : sciences biologiques, \u00e9cologie et environnement, biotechnologie et sciences alimentaires, dans le domaine [&hellip;]<\/p>\n","protected":false},"author":3,"featured_media":0,"parent":0,"menu_order":0,"comment_status":"closed","ping_status":"closed","template":"","meta":{"_uag_custom_page_level_css":"","postBodyCss":"","postBodyMargin":[],"postBodyPadding":[],"postBodyBackground":{"backgroundType":"classic","gradient":""},"site-sidebar-layout":"no-sidebar","site-content-layout":"page-builder","ast-site-content-layout":"full-width-container","site-content-style":"unboxed","site-sidebar-style":"unboxed","ast-global-header-display":"","ast-banner-title-visibility":"","ast-main-header-display":"","ast-hfb-above-header-display":"","ast-hfb-below-header-display":"","ast-hfb-mobile-header-display":"","site-post-title":"disabled","ast-breadcrumbs-content":"disabled","ast-featured-img":"disabled","footer-sml-layout":"","ast-disable-related-posts":"","theme-transparent-header-meta":"enabled","adv-header-id-meta":"","stick-header-meta":"","header-above-stick-meta":"","header-main-stick-meta":"","header-below-stick-meta":"","astra-migrate-meta-layouts":"set","ast-page-background-enabled":"default","ast-page-background-meta":{"desktop":{"background-color":"var(--ast-global-color-4)","background-image":"","background-repeat":"repeat","background-position":"center center","background-size":"auto","background-attachment":"scroll","background-type":"","background-media":"","overlay-type":"","overlay-color":"","overlay-opacity":"","overlay-gradient":""},"tablet":{"background-color":"","background-image":"","background-repeat":"repeat","background-position":"center center","background-size":"auto","background-attachment":"scroll","background-type":"","background-media":"","overlay-type":"","overlay-color":"","overlay-opacity":"","overlay-gradient":""},"mobile":{"background-color":"","background-image":"","background-repeat":"repeat","background-position":"center center","background-size":"auto","background-attachment":"scroll","background-type":"","background-media":"","overlay-type":"","overlay-color":"","overlay-opacity":"","overlay-gradient":""}},"ast-content-background-meta":{"desktop":{"background-color":"var(--ast-global-color-5)","background-image":"","background-repeat":"repeat","background-position":"center center","background-size":"auto","background-attachment":"scroll","background-type":"","background-media":"","overlay-type":"","overlay-color":"","overlay-opacity":"","overlay-gradient":""},"tablet":{"background-color":"var(--ast-global-color-5)","background-image":"","background-repeat":"repeat","background-position":"center center","background-size":"auto","background-attachment":"scroll","background-type":"","background-media":"","overlay-type":"","overlay-color":"","overlay-opacity":"","overlay-gradient":""},"mobile":{"background-color":"var(--ast-global-color-5)","background-image":"","background-repeat":"repeat","background-position":"center center","background-size":"auto","background-attachment":"scroll","background-type":"","background-media":"","overlay-type":"","overlay-color":"","overlay-opacity":"","overlay-gradient":""}},"footnotes":""},"class_list":["post-2284","page","type-page","status-publish","hentry"],"uagb_featured_image_src":{"full":false,"thumbnail":false,"medium":false,"medium_large":false,"large":false,"1536x1536":false,"2048x2048":false},"uagb_author_info":{"display_name":"admfsnv","author_link":"https:\/\/www.univ-sba.dz\/snv\/author\/admfsnv\/"},"uagb_comment_info":0,"uagb_excerpt":"DOYEN DE LA FACULT\u00c9 MOT DU DOYEN DE LA FACULT\u00c9 Notre facult\u00e9 a \u00e9t\u00e9 cr\u00e9\u00e9e en 2012 par le d\u00e9cret ex\u00e9cutif n\u00b0 12-272 du 8 Cha\u00e2bane 1433, correspondant au 28 juin 2012. Elle propose un large \u00e9ventail de formations couvrant quatre fili\u00e8res : sciences biologiques, \u00e9cologie et environnement, biotechnologie et sciences alimentaires, dans le domaine\u2026","rttpg_featured_image_url":null,"rttpg_author":{"display_name":"admfsnv","author_link":"https:\/\/www.univ-sba.dz\/snv\/author\/admfsnv\/"},"rttpg_comment":0,"rttpg_category":" <a href=\"https:\/\/www.univ-sba.dz\/snv\/fr\/\" rel=\"tag\">Fran\u00e7ais<\/a>","rttpg_excerpt":"DOYEN DE LA FACULT\u00c9 MOT DU DOYEN DE LA FACULT\u00c9 Notre facult\u00e9 a \u00e9t\u00e9 cr\u00e9\u00e9e en 2012 par le d\u00e9cret ex\u00e9cutif n\u00b0 12-272 du 8 Cha\u00e2bane 1433, correspondant au 28 juin 2012. Elle propose un large \u00e9ventail de formations couvrant quatre fili\u00e8res : sciences biologiques, \u00e9cologie et environnement, biotechnologie et sciences alimentaires, dans le domaine\u2026","_links":{"self":[{"href":"https:\/\/www.univ-sba.dz\/snv\/wp-json\/wp\/v2\/pages\/2284","targetHints":{"allow":["GET"]}}],"collection":[{"href":"https:\/\/www.univ-sba.dz\/snv\/wp-json\/wp\/v2\/pages"}],"about":[{"href":"https:\/\/www.univ-sba.dz\/snv\/wp-json\/wp\/v2\/types\/page"}],"author":[{"embeddable":true,"href":"https:\/\/www.univ-sba.dz\/snv\/wp-json\/wp\/v2\/users\/3"}],"replies":[{"embeddable":true,"href":"https:\/\/www.univ-sba.dz\/snv\/wp-json\/wp\/v2\/comments?post=2284"}],"version-history":[{"count":55,"href":"https:\/\/www.univ-sba.dz\/snv\/wp-json\/wp\/v2\/pages\/2284\/revisions"}],"predecessor-version":[{"id":6322,"href":"https:\/\/www.univ-sba.dz\/snv\/wp-json\/wp\/v2\/pages\/2284\/revisions\/6322"}],"wp:attachment":[{"href":"https:\/\/www.univ-sba.dz\/snv\/wp-json\/wp\/v2\/media?parent=2284"}],"curies":[{"name":"wp","href":"https:\/\/api.w.org\/{rel}","templated":true}]}}