{"id":2579,"date":"2024-10-02T09:22:49","date_gmt":"2024-10-02T07:22:49","guid":{"rendered":"https:\/\/www.univ-sba.dz\/snv\/?page_id=2579"},"modified":"2025-05-19T13:59:17","modified_gmt":"2025-05-19T11:59:17","slug":"%d9%85%d8%ae%d8%a7%d8%a8%d8%b1-%d8%a7%d9%84%d8%a8%d8%ad%d8%ab-%d8%a7%d9%84%d8%b9%d9%84%d9%85%d9%8a","status":"publish","type":"page","link":"https:\/\/www.univ-sba.dz\/snv\/%d9%85%d8%ae%d8%a7%d8%a8%d8%b1-%d8%a7%d9%84%d8%a8%d8%ad%d8%ab-%d8%a7%d9%84%d8%b9%d9%84%d9%85%d9%8a\/","title":{"rendered":"\u0645\u062e\u0627\u0628\u0631 \u0627\u0644\u0628\u062d\u062b \u0627\u0644\u0639\u0644\u0645\u064a"},"content":{"rendered":"\t\t<div data-elementor-type=\"wp-page\" data-elementor-id=\"2579\" class=\"elementor elementor-2579\">\n\t\t\t\t<div class=\"elementor-element elementor-element-19b8c8c e-flex e-con-boxed e-con e-parent\" data-id=\"19b8c8c\" data-element_type=\"container\" data-settings=\"{&quot;background_background&quot;:&quot;classic&quot;}\">\n\t\t\t\t\t<div class=\"e-con-inner\">\n\t\t<div class=\"elementor-element elementor-element-372848a e-con-full e-flex e-con e-child\" data-id=\"372848a\" data-element_type=\"container\">\n\t\t\t\t<div class=\"elementor-element elementor-element-0ccf104 elementor-widget elementor-widget-heading\" data-id=\"0ccf104\" data-element_type=\"widget\" data-widget_type=\"heading.default\">\n\t\t\t\t<div class=\"elementor-widget-container\">\n\t\t\t\t\t<h1 class=\"elementor-heading-title elementor-size-default\">\u0645\u062e\u0627\u0628\u0631 \u0627\u0644\u0628\u062d\u062b \u0627\u0644\u0639\u0644\u0645\u064a<\/h1>\t\t\t\t<\/div>\n\t\t\t\t<\/div>\n\t\t\t\t<\/div>\n\t\t\t\t\t<\/div>\n\t\t\t\t<\/div>\n\t\t<div class=\"elementor-element elementor-element-eff07f0 e-flex e-con-boxed e-con e-parent\" data-id=\"eff07f0\" data-element_type=\"container\">\n\t\t\t\t\t<div class=\"e-con-inner\">\n\t\t\t\t<div class=\"elementor-element elementor-element-3e70024 elementor-widget elementor-widget-text-editor\" data-id=\"3e70024\" data-element_type=\"widget\" data-widget_type=\"text-editor.default\">\n\t\t\t\t<div class=\"elementor-widget-container\">\n\t\t\t\t\t\t\t\t\t<h3><strong>\u0645\u062e\u0627\u0628\u0631 \u0627\u0644\u0628\u062d\u062b \u0627\u0644\u0639\u0644\u0645\u064a<\/strong><strong> \u0628\u0643\u0644\u064a\u0629 \u0639\u0644\u0648\u0645 \u0627\u0644\u0637\u0628\u064a\u0639\u0629 \u0648\u0627\u0644\u062d\u064a\u0627\u0629\u00a0<\/strong><\/h3><h3>\u062a\u062d\u062a\u0648\u064a \u0643\u0644\u064a\u0629 \u0639\u0644\u0648\u0645 \u0627\u0644\u0637\u0628\u064a\u0639\u0629 \u0648\u0627\u0644\u062d\u064a\u0627\u0629\u00a0 \u0639\u0644\u0649 \u062e\u0645\u0633\u0629(05)\u0645\u062e\u0627\u0628\u0631 \u0628\u062d\u062b\u060c \u064a\u0636\u0645 \u0645\u062c\u0645\u0648\u0639\u0629 \u0643\u0628\u064a\u0631\u0629 \u0645\u0646 \u0627\u0644\u0623\u0633\u0627\u062a\u0630\u0629 \u0648\u0637\u0644\u0628\u0629 \u0627\u0644\u062f\u0643\u062a\u0648\u0631\u0627\u0647\u060c \u0648\u0647\u0645 \u0643\u0627\u0644\u0623\u062a\u064a:<\/h3>\t\t\t\t\t\t\t\t<\/div>\n\t\t\t\t<\/div>\n\t\t\t\t\t<\/div>\n\t\t\t\t<\/div>\n\t\t<div class=\"elementor-element elementor-element-4c4748a e-flex e-con-boxed e-con e-parent\" data-id=\"4c4748a\" data-element_type=\"container\">\n\t\t\t\t\t<div class=\"e-con-inner\">\n\t\t\t\t<div class=\"elementor-element elementor-element-de1c7b9 elementor-widget elementor-widget-elementskit-tablepress\" data-id=\"de1c7b9\" data-element_type=\"widget\" data-widget_type=\"elementskit-tablepress.default\">\n\t\t\t\t<div class=\"elementor-widget-container\">\n\t\t\t\t\t<div class=\"elemenetskit-tablepress ekit-wid-con\" id=\"ekit_tablepress_de1c7b9\">\n<table id=\"tablepress-1\" class=\"tablepress tablepress-id-1\">\n<thead>\n<tr class=\"row-1\">\n\t<th class=\"column-1\">N\u00b0<\/th><th class=\"column-2\">Code<\/th><th class=\"column-3\">Intitul\u00e9 du laboratoire<\/th><th class=\"column-4\">\u0639\u0646\u0648\u0627\u0646 \u0627\u0644\u0645\u062e\u0628\u0640\u0640\u0640\u0640\u0640\u0640\u0631<\/th><th class=\"column-5\">Directeur du laboratoire<\/th><th class=\"column-6\">Facult\u00e9 de Rattachement<\/th><th class=\"column-7\">Ann\u00e9e d\u2019agr\u00e9ment<\/th><th class=\"column-8\">Site web<\/th>\n<\/tr>\n<\/thead>\n<tbody class=\"row-striping row-hover\">\n<tr class=\"row-2\">\n\t<td class=\"column-1\">01<\/td><td class=\"column-2\">W0710100<\/td><td class=\"column-3\">Biotoxicologie<\/td><td class=\"column-4\">\u0627\u0644\u0628\u064a\u0648\u062a\u0648\u0643\u0633\u064a\u0643\u0648\u0644\u0648\u062c\u064a\u0627<\/td><td class=\"column-5\">Pr. MENNADI NourEddine<\/td><td class=\"column-6\">FSNV<\/td><td class=\"column-7\">2000<\/td><td class=\"column-8\"><a href=\"https:\/\/www.univ-sba.dz\/biotox\/\" target=\"_blank\" style=\"background-color:#007bff; color:white; padding:5px 10px; border-radius:5px; text-decoration:none;\">Visiter<\/a><\/td>\n<\/tr>\n<tr class=\"row-3\">\n\t<td class=\"column-1\">02<\/td><td class=\"column-2\">W0710400<\/td><td class=\"column-3\">Ecod\u00e9veloppement des espaces<\/td><td class=\"column-4\">\u0627\u0644\u062a\u0646\u0645\u064a\u0629 \u0627\u0644\u0628\u064a\u0626\u064a\u0629 \u0644\u0644\u0641\u0636\u0627\u0621<\/td><td class=\"column-5\">Pr. MEGHERBI Aicha<\/td><td class=\"column-6\">FSNV<\/td><td class=\"column-7\">2000<\/td><td class=\"column-8\"><a href=\"https:\/\/www.univ-sba.dz\/ecodev\/\" target=\"_blank\" style=\"background-color:#007bff; color:white; padding:5px 10px; border-radius:5px; text-decoration:none;\">Visiter<\/a><\/td>\n<\/tr>\n<tr class=\"row-4\">\n\t<td class=\"column-1\">03<\/td><td class=\"column-2\">W0712600<\/td><td class=\"column-3\">Biodiversit\u00e9 v\u00e9g\u00e9tale : Conservation et valorisation<\/td><td class=\"column-4\">(\u0627\u0644\u062a\u0646\u0648\u0639 \u0627\u0644\u0646\u0628\u0627\u062a\u064a (\u0645\u062d\u0627\u0641\u0638\u0629 \u0648\u062a\u062b\u0645\u064a\u0646<\/td><td class=\"column-5\">Pr. MEHDADI Zoheir<\/td><td class=\"column-6\">FSNV<\/td><td class=\"column-7\">2009<\/td><td class=\"column-8\"><a href=\"https:\/\/www.univ-sba.dz\/biodiv\/index.php]\" target=\"_blank\" style=\"background-color:#007bff; color:white; padding:5px 10px; border-radius:5px; text-decoration:none;\">Visiter<\/a><\/td>\n<\/tr>\n<tr class=\"row-5\">\n\t<td class=\"column-1\">04<\/td><td class=\"column-2\">W0714600<\/td><td class=\"column-3\">Microbiologie Mol\u00e9culaire,Prot\u00e9omics et Sant\u00e9<\/td><td class=\"column-4\">\u0645\u064a\u0643\u0631\u0648\u0628\u064a\u0648\u0644\u0648\u062c\u064a\u0627 \u0627\u0644\u062c\u0632\u0626\u064a\u0629 \u0627\u0644\u0635\u062d\u0629 \u0648\u0627\u0644\u062f\u0631\u0627\u0633\u0629 \u0627\u0644\u0628\u0631\u0648\u062a\u064a\u0646\u0629<\/td><td class=\"column-5\">Pr. KANOUN Khedoudja<\/td><td class=\"column-6\">FSNV<\/td><td class=\"column-7\">2014<\/td><td class=\"column-8\"><a href=\"https:\/\/www.univ-sba.dz\/lmmps\" target=\"_blank\" style=\"background-color:#007bff; color:white; padding:5px 10px; border-radius:5px; text-decoration:none;\">Visiter<\/a><\/td>\n<\/tr>\n<tr class=\"row-6\">\n\t<td class=\"column-1\">05<\/td><td class=\"column-2\">W0715200<\/td><td class=\"column-3\">Nutrition, pathologie, agro-biotechnologie et sant\u00e9<\/td><td class=\"column-4\">\u0627\u0644\u062a\u063a\u0630\u064a\u0629 \u0648 \u0627\u0644\u0635\u062d\u0629\u060c \u0639\u0644\u0645 \u0627\u0644\u0623\u0645\u0631\u0627\u0636 \u0648 \u0627\u0644\u062a\u0643\u0646\u0648\u0644\u0648\u062c\u064a\u0627 \u0627\u0644\u062d\u064a\u0648\u064a\u0629 \u0627\u0644\u0632\u0631\u0627\u0639\u064a\u0629<\/td><td class=\"column-5\">Pr. KHALED MEGHIT Boumediene<\/td><td class=\"column-6\">FSNV<\/td><td class=\"column-7\">2021<\/td><td class=\"column-8\"><a href=\"https:\/\/lab-nupabs.com\/\" target=\"_blank\" style=\"background-color:#007bff; color:white; padding:5px 10px; border-radius:5px; text-decoration:none;\">Visiter<\/a><\/td>\n<\/tr>\n<\/tbody>\n<\/table>\n<\/div>\t\t\t\t<\/div>\n\t\t\t\t<\/div>\n\t\t\t\t\t<\/div>\n\t\t\t\t<\/div>\n\t\t\t\t<\/div>\n\t\t<div style=\"margin: 20px 0;\"><div class=\"qrcswholewtapper\" style=\"text-align:left;\"><div class=\"qrcprowrapper\"  id=\"qrcwraa2leds\"><div class=\"qrc_canvass\" id=\"qrc_cuttenpages_2\" style=\"display:inline-block\" data-text=\"https:\/\/www.univ-sba.dz\/snv\/%d9%85%d8%ae%d8%a7%d8%a8%d8%b1-%d8%a7%d9%84%d8%a8%d8%ad%d8%ab-%d8%a7%d9%84%d8%b9%d9%84%d9%85%d9%8a\/\"><\/div><div><a download=\"\u0645\u062e\u0627\u0628\u0631 \u0627\u0644\u0628\u062d\u062b \u0627\u0644\u0639\u0644\u0645\u064a.png\" class=\"qrcdownloads\" id=\"worign\">\r\n           <button type=\"button\" style=\"min-width:200px;background:#44d813;color:#000;font-weight: 600;border: 1px solid #44d813;border-radius:20px;font-size:12px;padding: 6px 0;\" class=\"uqr_code_btn\">Download QR \ud83e\udc7b<\/button>\r\n           <\/a><\/div><\/div><\/div><\/div>","protected":false},"excerpt":{"rendered":"<p>\u0645\u062e\u0627\u0628\u0631 \u0627\u0644\u0628\u062d\u062b \u0627\u0644\u0639\u0644\u0645\u064a \u0645\u062e\u0627\u0628\u0631 \u0627\u0644\u0628\u062d\u062b \u0627\u0644\u0639\u0644\u0645\u064a \u0628\u0643\u0644\u064a\u0629 \u0639\u0644\u0648\u0645 \u0627\u0644\u0637\u0628\u064a\u0639\u0629 \u0648\u0627\u0644\u062d\u064a\u0627\u0629\u00a0 \u062a\u062d\u062a\u0648\u064a \u0643\u0644\u064a\u0629 \u0639\u0644\u0648\u0645 \u0627\u0644\u0637\u0628\u064a\u0639\u0629 \u0648\u0627\u0644\u062d\u064a\u0627\u0629\u00a0 \u0639\u0644\u0649 \u062e\u0645\u0633\u0629(05)\u0645\u062e\u0627\u0628\u0631 \u0628\u062d\u062b\u060c \u064a\u0636\u0645 \u0645\u062c\u0645\u0648\u0639\u0629 \u0643\u0628\u064a\u0631\u0629 \u0645\u0646 \u0627\u0644\u0623\u0633\u0627\u062a\u0630\u0629 \u0648\u0637\u0644\u0628\u0629 \u0627\u0644\u062f\u0643\u062a\u0648\u0631\u0627\u0647\u060c \u0648\u0647\u0645 \u0643\u0627\u0644\u0623\u062a\u064a: Modifier N\u00b0 Code Intitul\u00e9 du laboratoire \u0639\u0646\u0648\u0627\u0646 \u0627\u0644\u0645\u062e\u0628\u0640\u0640\u0640\u0640\u0640\u0640\u0631 Directeur du laboratoire Facult\u00e9 de Rattachement Ann\u00e9e d\u2019agr\u00e9ment Site web 01 W0710100 Biotoxicologie \u0627\u0644\u0628\u064a\u0648\u062a\u0648\u0643\u0633\u064a\u0643\u0648\u0644\u0648\u062c\u064a\u0627 Pr. MENNADI NourEddine FSNV 2000 Visiter [&hellip;]<\/p>\n","protected":false},"author":3,"featured_media":0,"parent":0,"menu_order":0,"comment_status":"closed","ping_status":"closed","template":"","meta":{"_uag_custom_page_level_css":"","postBodyCss":"","postBodyMargin":[],"postBodyPadding":[],"postBodyBackground":{"backgroundType":"classic","gradient":""},"site-sidebar-layout":"no-sidebar","site-content-layout":"page-builder","ast-site-content-layout":"full-width-container","site-content-style":"unboxed","site-sidebar-style":"unboxed","ast-global-header-display":"","ast-banner-title-visibility":"","ast-main-header-display":"","ast-hfb-above-header-display":"","ast-hfb-below-header-display":"","ast-hfb-mobile-header-display":"","site-post-title":"disabled","ast-breadcrumbs-content":"disabled","ast-featured-img":"disabled","footer-sml-layout":"","ast-disable-related-posts":"","theme-transparent-header-meta":"enabled","adv-header-id-meta":"","stick-header-meta":"","header-above-stick-meta":"","header-main-stick-meta":"","header-below-stick-meta":"","astra-migrate-meta-layouts":"set","ast-page-background-enabled":"default","ast-page-background-meta":{"desktop":{"background-color":"var(--ast-global-color-4)","background-image":"","background-repeat":"repeat","background-position":"center center","background-size":"auto","background-attachment":"scroll","background-type":"","background-media":"","overlay-type":"","overlay-color":"","overlay-opacity":"","overlay-gradient":""},"tablet":{"background-color":"","background-image":"","background-repeat":"repeat","background-position":"center center","background-size":"auto","background-attachment":"scroll","background-type":"","background-media":"","overlay-type":"","overlay-color":"","overlay-opacity":"","overlay-gradient":""},"mobile":{"background-color":"","background-image":"","background-repeat":"repeat","background-position":"center center","background-size":"auto","background-attachment":"scroll","background-type":"","background-media":"","overlay-type":"","overlay-color":"","overlay-opacity":"","overlay-gradient":""}},"ast-content-background-meta":{"desktop":{"background-color":"var(--ast-global-color-5)","background-image":"","background-repeat":"repeat","background-position":"center center","background-size":"auto","background-attachment":"scroll","background-type":"","background-media":"","overlay-type":"","overlay-color":"","overlay-opacity":"","overlay-gradient":""},"tablet":{"background-color":"var(--ast-global-color-5)","background-image":"","background-repeat":"repeat","background-position":"center center","background-size":"auto","background-attachment":"scroll","background-type":"","background-media":"","overlay-type":"","overlay-color":"","overlay-opacity":"","overlay-gradient":""},"mobile":{"background-color":"var(--ast-global-color-5)","background-image":"","background-repeat":"repeat","background-position":"center center","background-size":"auto","background-attachment":"scroll","background-type":"","background-media":"","overlay-type":"","overlay-color":"","overlay-opacity":"","overlay-gradient":""}},"footnotes":""},"class_list":["post-2579","page","type-page","status-publish","hentry"],"uagb_featured_image_src":{"full":false,"thumbnail":false,"medium":false,"medium_large":false,"large":false,"1536x1536":false,"2048x2048":false},"uagb_author_info":{"display_name":"admfsnv","author_link":"https:\/\/www.univ-sba.dz\/snv\/author\/admfsnv\/"},"uagb_comment_info":0,"uagb_excerpt":"\u0645\u062e\u0627\u0628\u0631 \u0627\u0644\u0628\u062d\u062b \u0627\u0644\u0639\u0644\u0645\u064a \u0645\u062e\u0627\u0628\u0631 \u0627\u0644\u0628\u062d\u062b \u0627\u0644\u0639\u0644\u0645\u064a \u0628\u0643\u0644\u064a\u0629 \u0639\u0644\u0648\u0645 \u0627\u0644\u0637\u0628\u064a\u0639\u0629 \u0648\u0627\u0644\u062d\u064a\u0627\u0629\u00a0 \u062a\u062d\u062a\u0648\u064a \u0643\u0644\u064a\u0629 \u0639\u0644\u0648\u0645 \u0627\u0644\u0637\u0628\u064a\u0639\u0629 \u0648\u0627\u0644\u062d\u064a\u0627\u0629\u00a0 \u0639\u0644\u0649 \u062e\u0645\u0633\u0629(05)\u0645\u062e\u0627\u0628\u0631 \u0628\u062d\u062b\u060c \u064a\u0636\u0645 \u0645\u062c\u0645\u0648\u0639\u0629 \u0643\u0628\u064a\u0631\u0629 \u0645\u0646 \u0627\u0644\u0623\u0633\u0627\u062a\u0630\u0629 \u0648\u0637\u0644\u0628\u0629 \u0627\u0644\u062f\u0643\u062a\u0648\u0631\u0627\u0647\u060c \u0648\u0647\u0645 \u0643\u0627\u0644\u0623\u062a\u064a: Modifier N\u00b0 Code Intitul\u00e9 du laboratoire \u0639\u0646\u0648\u0627\u0646 \u0627\u0644\u0645\u062e\u0628\u0640\u0640\u0640\u0640\u0640\u0640\u0631 Directeur du laboratoire Facult\u00e9 de Rattachement Ann\u00e9e d\u2019agr\u00e9ment Site web 01 W0710100 Biotoxicologie \u0627\u0644\u0628\u064a\u0648\u062a\u0648\u0643\u0633\u064a\u0643\u0648\u0644\u0648\u062c\u064a\u0627 Pr. MENNADI NourEddine FSNV 2000 Visiter\u2026","rttpg_featured_image_url":null,"rttpg_author":{"display_name":"admfsnv","author_link":"https:\/\/www.univ-sba.dz\/snv\/author\/admfsnv\/"},"rttpg_comment":0,"rttpg_category":" <a href=\"https:\/\/www.univ-sba.dz\/snv\/\" rel=\"tag\">\u0627\u0644\u0639\u0631\u0628\u064a\u0629<\/a>","rttpg_excerpt":"\u0645\u062e\u0627\u0628\u0631 \u0627\u0644\u0628\u062d\u062b \u0627\u0644\u0639\u0644\u0645\u064a \u0645\u062e\u0627\u0628\u0631 \u0627\u0644\u0628\u062d\u062b \u0627\u0644\u0639\u0644\u0645\u064a \u0628\u0643\u0644\u064a\u0629 \u0639\u0644\u0648\u0645 \u0627\u0644\u0637\u0628\u064a\u0639\u0629 \u0648\u0627\u0644\u062d\u064a\u0627\u0629\u00a0 \u062a\u062d\u062a\u0648\u064a \u0643\u0644\u064a\u0629 \u0639\u0644\u0648\u0645 \u0627\u0644\u0637\u0628\u064a\u0639\u0629 \u0648\u0627\u0644\u062d\u064a\u0627\u0629\u00a0 \u0639\u0644\u0649 \u062e\u0645\u0633\u0629(05)\u0645\u062e\u0627\u0628\u0631 \u0628\u062d\u062b\u060c \u064a\u0636\u0645 \u0645\u062c\u0645\u0648\u0639\u0629 \u0643\u0628\u064a\u0631\u0629 \u0645\u0646 \u0627\u0644\u0623\u0633\u0627\u062a\u0630\u0629 \u0648\u0637\u0644\u0628\u0629 \u0627\u0644\u062f\u0643\u062a\u0648\u0631\u0627\u0647\u060c \u0648\u0647\u0645 \u0643\u0627\u0644\u0623\u062a\u064a: Modifier N\u00b0 Code Intitul\u00e9 du laboratoire \u0639\u0646\u0648\u0627\u0646 \u0627\u0644\u0645\u062e\u0628\u0640\u0640\u0640\u0640\u0640\u0640\u0631 Directeur du laboratoire Facult\u00e9 de Rattachement Ann\u00e9e d\u2019agr\u00e9ment Site web 01 W0710100 Biotoxicologie \u0627\u0644\u0628\u064a\u0648\u062a\u0648\u0643\u0633\u064a\u0643\u0648\u0644\u0648\u062c\u064a\u0627 Pr. MENNADI NourEddine FSNV 2000 Visiter\u2026","_links":{"self":[{"href":"https:\/\/www.univ-sba.dz\/snv\/wp-json\/wp\/v2\/pages\/2579","targetHints":{"allow":["GET"]}}],"collection":[{"href":"https:\/\/www.univ-sba.dz\/snv\/wp-json\/wp\/v2\/pages"}],"about":[{"href":"https:\/\/www.univ-sba.dz\/snv\/wp-json\/wp\/v2\/types\/page"}],"author":[{"embeddable":true,"href":"https:\/\/www.univ-sba.dz\/snv\/wp-json\/wp\/v2\/users\/3"}],"replies":[{"embeddable":true,"href":"https:\/\/www.univ-sba.dz\/snv\/wp-json\/wp\/v2\/comments?post=2579"}],"version-history":[{"count":19,"href":"https:\/\/www.univ-sba.dz\/snv\/wp-json\/wp\/v2\/pages\/2579\/revisions"}],"predecessor-version":[{"id":4195,"href":"https:\/\/www.univ-sba.dz\/snv\/wp-json\/wp\/v2\/pages\/2579\/revisions\/4195"}],"wp:attachment":[{"href":"https:\/\/www.univ-sba.dz\/snv\/wp-json\/wp\/v2\/media?parent=2579"}],"curies":[{"name":"wp","href":"https:\/\/api.w.org\/{rel}","templated":true}]}}