{"id":2706,"date":"2024-12-09T09:51:48","date_gmt":"2024-12-09T08:51:48","guid":{"rendered":"https:\/\/www.univ-sba.dz\/snv\/?page_id=2706"},"modified":"2025-12-04T10:47:37","modified_gmt":"2025-12-04T09:47:37","slug":"a-propos-de-la-faculte","status":"publish","type":"page","link":"https:\/\/www.univ-sba.dz\/snv\/fr\/a-propos-de-la-faculte\/","title":{"rendered":"A propos De la Facult\u00e9"},"content":{"rendered":"\t\t<div data-elementor-type=\"wp-page\" data-elementor-id=\"2706\" class=\"elementor elementor-2706\">\n\t\t\t\t<div class=\"elementor-element elementor-element-19b8c8c e-flex e-con-boxed e-con e-parent\" data-id=\"19b8c8c\" data-element_type=\"container\" data-settings=\"{&quot;background_background&quot;:&quot;classic&quot;}\">\n\t\t\t\t\t<div class=\"e-con-inner\">\n\t\t<div class=\"elementor-element elementor-element-372848a e-con-full e-flex e-con e-child\" data-id=\"372848a\" data-element_type=\"container\">\n\t\t\t\t<div class=\"elementor-element elementor-element-0ccf104 elementor-widget elementor-widget-heading\" data-id=\"0ccf104\" data-element_type=\"widget\" data-widget_type=\"heading.default\">\n\t\t\t\t<div class=\"elementor-widget-container\">\n\t\t\t\t\t<h1 class=\"elementor-heading-title elementor-size-default\">A propos de la facult\u00e9<\/h1>\t\t\t\t<\/div>\n\t\t\t\t<\/div>\n\t\t\t\t<\/div>\n\t\t\t\t\t<\/div>\n\t\t\t\t<\/div>\n\t\t<div class=\"elementor-element elementor-element-f77e502 e-flex e-con-boxed e-con e-parent\" data-id=\"f77e502\" data-element_type=\"container\">\n\t\t\t\t\t<div class=\"e-con-inner\">\n\t\t\t\t<div class=\"elementor-element elementor-element-0ee4bea elementor-widget elementor-widget-text-editor\" data-id=\"0ee4bea\" data-element_type=\"widget\" data-widget_type=\"text-editor.default\">\n\t\t\t\t<div class=\"elementor-widget-container\">\n\t\t\t\t\t\t\t\t\t<ol><li><strong>La Facult\u00e9 des Sciences de la Vie et de la Nature est l\u2019une des 9 facult\u00e9s importantes de l\u2019Universit\u00e9 de \u00ab\u00a0DJillali Liabes\u00a0\u00bb \u00e0 Sidi Bel Abb\u00e8s, et son enseignement est d\u2019une grande importance dans le d\u00e9veloppement des individus et de la soci\u00e9t\u00e9 dans son ensemble, et vise \u00e0 pr\u00e9parer des comp\u00e9tences scientifiques et de recherche capables de comprendre les ph\u00e9nom\u00e8nes naturels et les organismes vivants \u00e0 travers des \u00e9tudes th\u00e9oriques et appliqu\u00e9es, les \u00e9tudiants apprennent \u00e0 observer et \u00e0 d\u00e9velopper des hypoth\u00e8ses d\u2019exp\u00e9rimentation et de conclusion et \u00e0 encourager l\u2019innovation et le d\u00e9veloppement technologique, tout en reliant l\u2019homme \u00e0 l\u2019environnement et en le poussant vers la pr\u00e9servation des ressources naturelles tout en pr\u00e9parant les cadres scientifiques pour l\u2019avenir.<\/strong><\/li><\/ol><p><strong>La facult\u00e9 \u00a0a \u00e9t\u00e9 cr\u00e9\u00e9 par le d\u00e9cret ex\u00e9cutif n\u00b0 12-272 du 28 juin 2012 La facult\u00e9 contient<\/strong><\/p><p><strong style=\"font-style: inherit;\"><u>Cinq (05) laboratoires de recherche scientifique\u00a0:<\/u><\/strong><\/p><ul><li><strong>Laboratoire de la diversit\u00e9 v\u00e9g\u00e9tale<\/strong><\/li><li><strong>Laboratoire de nutrition et de sant\u00e9 en pathologie et biotechnologie agricole, <\/strong><\/li><li><strong>Laboratoire de d\u00e9veloppement environnemental de l\u2019espace<\/strong><\/li><li><strong>Laboratoire de biotexychologie, <\/strong><\/li><li><strong>Laboratoire de microbiologie de la sant\u00e9 mol\u00e9culaire et de l\u2019\u00e9tude des prot\u00e9ines.\u00a0\u00a0<\/strong><\/li><\/ul><p><strong style=\"font-style: inherit;\"><u>deux\u00a0 (02) clubs scientifiques<\/u><\/strong><\/p><ul><li><strong>MYCOMINDS<\/strong><\/li><li><strong>\u00a0HASOMIE<\/strong><\/li><\/ul><p><strong>Le nombre de professeurs permanents supervis\u00e9s au niveau de la Facult\u00e9 des sciences naturelles et de la vie de l\u2019Universit\u00e9 de \u00ab Jilali Liabes \u00bb a atteint 111 professeurs,\u00a0 et le nombre total d\u2019employ\u00e9s \u00e9tait de 160\u00a0 travailleurs.<\/strong><\/p><p><strong>\u00a0<\/strong><\/p>\t\t\t\t\t\t\t\t<\/div>\n\t\t\t\t<\/div>\n\t\t\t\t\t<\/div>\n\t\t\t\t<\/div>\n\t\t<div class=\"elementor-element elementor-element-c0c5eb1 e-flex e-con-boxed e-con e-parent\" data-id=\"c0c5eb1\" data-element_type=\"container\">\n\t\t\t\t\t<div class=\"e-con-inner\">\n\t\t\t\t<div class=\"elementor-element elementor-element-607e780 elementor-widget elementor-widget-video\" data-id=\"607e780\" data-element_type=\"widget\" data-settings=\"{&quot;youtube_url&quot;:&quot;https:\\\/\\\/www.youtube.com\\\/watch?v=kZYh25SMYQA&quot;,&quot;video_type&quot;:&quot;youtube&quot;,&quot;controls&quot;:&quot;yes&quot;}\" data-widget_type=\"video.default\">\n\t\t\t\t<div class=\"elementor-widget-container\">\n\t\t\t\t\t\t\t<div class=\"elementor-wrapper elementor-open-inline\">\n\t\t\t<div class=\"elementor-video\"><\/div>\t\t<\/div>\n\t\t\t\t\t\t<\/div>\n\t\t\t\t<\/div>\n\t\t\t\t\t<\/div>\n\t\t\t\t<\/div>\n\t\t\t\t<\/div>\n\t\t<div style=\"margin: 20px 0;\"><div class=\"qrcswholewtapper\" style=\"text-align:left;\"><div class=\"qrcprowrapper\"  id=\"qrcwraa2leds\"><div class=\"qrc_canvass\" id=\"qrc_cuttenpages_2\" style=\"display:inline-block\" data-text=\"https:\/\/www.univ-sba.dz\/snv\/fr\/a-propos-de-la-faculte\/\"><\/div><div><a download=\"A propos De la Facult\u00e9.png\" class=\"qrcdownloads\" id=\"worign\">\r\n           <button type=\"button\" style=\"min-width:200px;background:#44d813;color:#000;font-weight: 600;border: 1px solid #44d813;border-radius:20px;font-size:12px;padding: 6px 0;\" class=\"uqr_code_btn\">Download QR \ud83e\udc7b<\/button>\r\n           <\/a><\/div><\/div><\/div><\/div>","protected":false},"excerpt":{"rendered":"<p>A propos de la facult\u00e9 La Facult\u00e9 des Sciences de la Vie et de la Nature est l\u2019une des 9 facult\u00e9s importantes de l\u2019Universit\u00e9 de \u00ab\u00a0DJillali Liabes\u00a0\u00bb \u00e0 Sidi Bel Abb\u00e8s, et son enseignement est d\u2019une grande importance dans le d\u00e9veloppement des individus et de la soci\u00e9t\u00e9 dans son ensemble, et vise \u00e0 pr\u00e9parer des [&hellip;]<\/p>\n","protected":false},"author":3,"featured_media":0,"parent":0,"menu_order":0,"comment_status":"closed","ping_status":"closed","template":"","meta":{"_uag_custom_page_level_css":"","postBodyCss":"","postBodyMargin":[],"postBodyPadding":[],"postBodyBackground":{"backgroundType":"classic","gradient":""},"site-sidebar-layout":"no-sidebar","site-content-layout":"page-builder","ast-site-content-layout":"full-width-container","site-content-style":"unboxed","site-sidebar-style":"unboxed","ast-global-header-display":"","ast-banner-title-visibility":"","ast-main-header-display":"","ast-hfb-above-header-display":"","ast-hfb-below-header-display":"","ast-hfb-mobile-header-display":"","site-post-title":"","ast-breadcrumbs-content":"disabled","ast-featured-img":"disabled","footer-sml-layout":"","ast-disable-related-posts":"","theme-transparent-header-meta":"enabled","adv-header-id-meta":"","stick-header-meta":"","header-above-stick-meta":"","header-main-stick-meta":"","header-below-stick-meta":"","astra-migrate-meta-layouts":"set","ast-page-background-enabled":"default","ast-page-background-meta":{"desktop":{"background-color":"var(--ast-global-color-4)","background-image":"","background-repeat":"repeat","background-position":"center center","background-size":"auto","background-attachment":"scroll","background-type":"","background-media":"","overlay-type":"","overlay-color":"","overlay-opacity":"","overlay-gradient":""},"tablet":{"background-color":"","background-image":"","background-repeat":"repeat","background-position":"center center","background-size":"auto","background-attachment":"scroll","background-type":"","background-media":"","overlay-type":"","overlay-color":"","overlay-opacity":"","overlay-gradient":""},"mobile":{"background-color":"","background-image":"","background-repeat":"repeat","background-position":"center center","background-size":"auto","background-attachment":"scroll","background-type":"","background-media":"","overlay-type":"","overlay-color":"","overlay-opacity":"","overlay-gradient":""}},"ast-content-background-meta":{"desktop":{"background-color":"var(--ast-global-color-5)","background-image":"","background-repeat":"repeat","background-position":"center center","background-size":"auto","background-attachment":"scroll","background-type":"","background-media":"","overlay-type":"","overlay-color":"","overlay-opacity":"","overlay-gradient":""},"tablet":{"background-color":"var(--ast-global-color-5)","background-image":"","background-repeat":"repeat","background-position":"center center","background-size":"auto","background-attachment":"scroll","background-type":"","background-media":"","overlay-type":"","overlay-color":"","overlay-opacity":"","overlay-gradient":""},"mobile":{"background-color":"var(--ast-global-color-5)","background-image":"","background-repeat":"repeat","background-position":"center center","background-size":"auto","background-attachment":"scroll","background-type":"","background-media":"","overlay-type":"","overlay-color":"","overlay-opacity":"","overlay-gradient":""}},"footnotes":""},"class_list":["post-2706","page","type-page","status-publish","hentry"],"uagb_featured_image_src":{"full":false,"thumbnail":false,"medium":false,"medium_large":false,"large":false,"1536x1536":false,"2048x2048":false},"uagb_author_info":{"display_name":"admfsnv","author_link":"https:\/\/www.univ-sba.dz\/snv\/author\/admfsnv\/"},"uagb_comment_info":0,"uagb_excerpt":"A propos de la facult\u00e9 La Facult\u00e9 des Sciences de la Vie et de la Nature est l\u2019une des 9 facult\u00e9s importantes de l\u2019Universit\u00e9 de \u00ab\u00a0DJillali Liabes\u00a0\u00bb \u00e0 Sidi Bel Abb\u00e8s, et son enseignement est d\u2019une grande importance dans le d\u00e9veloppement des individus et de la soci\u00e9t\u00e9 dans son ensemble, et vise \u00e0 pr\u00e9parer des\u2026","rttpg_featured_image_url":null,"rttpg_author":{"display_name":"admfsnv","author_link":"https:\/\/www.univ-sba.dz\/snv\/author\/admfsnv\/"},"rttpg_comment":0,"rttpg_category":" <a href=\"https:\/\/www.univ-sba.dz\/snv\/fr\/\" rel=\"tag\">Fran\u00e7ais<\/a>","rttpg_excerpt":"A propos de la facult\u00e9 La Facult\u00e9 des Sciences de la Vie et de la Nature est l\u2019une des 9 facult\u00e9s importantes de l\u2019Universit\u00e9 de \u00ab\u00a0DJillali Liabes\u00a0\u00bb \u00e0 Sidi Bel Abb\u00e8s, et son enseignement est d\u2019une grande importance dans le d\u00e9veloppement des individus et de la soci\u00e9t\u00e9 dans son ensemble, et vise \u00e0 pr\u00e9parer des\u2026","_links":{"self":[{"href":"https:\/\/www.univ-sba.dz\/snv\/wp-json\/wp\/v2\/pages\/2706","targetHints":{"allow":["GET"]}}],"collection":[{"href":"https:\/\/www.univ-sba.dz\/snv\/wp-json\/wp\/v2\/pages"}],"about":[{"href":"https:\/\/www.univ-sba.dz\/snv\/wp-json\/wp\/v2\/types\/page"}],"author":[{"embeddable":true,"href":"https:\/\/www.univ-sba.dz\/snv\/wp-json\/wp\/v2\/users\/3"}],"replies":[{"embeddable":true,"href":"https:\/\/www.univ-sba.dz\/snv\/wp-json\/wp\/v2\/comments?post=2706"}],"version-history":[{"count":28,"href":"https:\/\/www.univ-sba.dz\/snv\/wp-json\/wp\/v2\/pages\/2706\/revisions"}],"predecessor-version":[{"id":9821,"href":"https:\/\/www.univ-sba.dz\/snv\/wp-json\/wp\/v2\/pages\/2706\/revisions\/9821"}],"wp:attachment":[{"href":"https:\/\/www.univ-sba.dz\/snv\/wp-json\/wp\/v2\/media?parent=2706"}],"curies":[{"name":"wp","href":"https:\/\/api.w.org\/{rel}","templated":true}]}}