{"id":2734,"date":"2024-12-09T10:16:06","date_gmt":"2024-12-09T09:16:06","guid":{"rendered":"https:\/\/www.univ-sba.dz\/snv\/?page_id=2734"},"modified":"2025-04-21T13:41:10","modified_gmt":"2025-04-21T11:41:10","slug":"conseil-scientifique-du-college","status":"publish","type":"page","link":"https:\/\/www.univ-sba.dz\/snv\/fr\/conseil-scientifique-du-college\/","title":{"rendered":"Conseil scientifique de la facult\u00e9"},"content":{"rendered":"\t\t<div data-elementor-type=\"wp-page\" data-elementor-id=\"2734\" class=\"elementor elementor-2734\">\n\t\t\t\t<div class=\"elementor-element elementor-element-19b8c8c e-flex e-con-boxed e-con e-parent\" data-id=\"19b8c8c\" data-element_type=\"container\" data-settings=\"{&quot;background_background&quot;:&quot;classic&quot;}\">\n\t\t\t\t\t<div class=\"e-con-inner\">\n\t\t<div class=\"elementor-element elementor-element-372848a e-con-full e-flex e-con e-child\" data-id=\"372848a\" data-element_type=\"container\">\n\t\t\t\t<div class=\"elementor-element elementor-element-0ccf104 elementor-widget elementor-widget-heading\" data-id=\"0ccf104\" data-element_type=\"widget\" data-widget_type=\"heading.default\">\n\t\t\t\t<div class=\"elementor-widget-container\">\n\t\t\t\t\t<h1 class=\"elementor-heading-title elementor-size-default\">Conseil Scientifique de la facult\u00e9<\/h1>\t\t\t\t<\/div>\n\t\t\t\t<\/div>\n\t\t\t\t<\/div>\n\t\t\t\t\t<\/div>\n\t\t\t\t<\/div>\n\t\t<div class=\"elementor-element elementor-element-4869051 e-con-full e-flex e-con e-parent\" data-id=\"4869051\" data-element_type=\"container\">\n\t\t\t\t<div class=\"elementor-element elementor-element-75d24b5 elementor-widget elementor-widget-image\" data-id=\"75d24b5\" data-element_type=\"widget\" data-widget_type=\"image.default\">\n\t\t\t\t<div class=\"elementor-widget-container\">\n\t\t\t\t\t\t\t\t\t\t\t\t\t\t\t<img fetchpriority=\"high\" decoding=\"async\" width=\"351\" height=\"144\" src=\"https:\/\/www.univ-sba.dz\/snv\/wp-content\/uploads\/2025\/04\/telechargement.png\" class=\"attachment-large size-large wp-image-3390\" alt=\"\" srcset=\"https:\/\/www.univ-sba.dz\/snv\/wp-content\/uploads\/2025\/04\/telechargement.png 351w, https:\/\/www.univ-sba.dz\/snv\/wp-content\/uploads\/2025\/04\/telechargement-300x123.png 300w\" sizes=\"(max-width: 351px) 100vw, 351px\" \/>\t\t\t\t\t\t\t\t\t\t\t\t\t\t\t<\/div>\n\t\t\t\t<\/div>\n\t\t<div class=\"elementor-element elementor-element-beb4d70 e-con-full e-flex e-con e-child\" data-id=\"beb4d70\" data-element_type=\"container\">\n\t\t\t\t<div class=\"elementor-element elementor-element-253d3a9 elementor-widget elementor-widget-text-editor\" data-id=\"253d3a9\" data-element_type=\"widget\" data-widget_type=\"text-editor.default\">\n\t\t\t\t<div class=\"elementor-widget-container\">\n\t\t\t\t\t\t\t\t\t<p style=\"margin-top: 0cm; background: white;\"><span style=\"font-family: 'Arial','sans-serif'; color: #252525;\">Le Conseil scientifique occupe un r\u00f4le central dans la d\u00e9finition des orientations scientifiques de la facult\u00e9 SNV. Il se r\u00e9unit au moins une fois par an pour remettre au Doyen un avis sur les candidatures re\u00e7ues, sur les \u00e9changes susceptibles de se nouer entre leurs auteurs et sur la politique scientifique \u00e0 mettre en \u0153uvre. Les membres du Conseil sont \u00e9galement invit\u00e9s \u00e0 promouvoir la facult\u00e9 et \u00e0 recommander des chercheurs susceptibles d\u2019y \u00eatre invit\u00e9s<\/span><\/p><p style=\"margin-top: 0cm; background: white; box-sizing: border-box; margin-bottom: 1rem; font-variant-ligatures: normal; font-variant-caps: normal; orphans: 2; text-align: start; widows: 2; -webkit-text-stroke-width: 0px; text-decoration-thickness: initial; text-decoration-style: initial; text-decoration-color: initial; word-spacing: 0px;\"><span style=\"font-family: 'Arial','sans-serif'; color: #252525;\">\u00a0\u00a0<\/span><span style=\"box-sizing: border-box;\"><span style=\"font-family: 'Arial','sans-serif'; color: #b9975b;\">\u00a0<strong style=\"box-sizing: border-box;\"><span style=\"font-family: 'Arial','sans-serif';\">Composition du conseil scientifique de la Facult\u00e9 SNV :<\/span><\/strong><\/span><\/span><\/p>\t\t\t\t\t\t\t\t<\/div>\n\t\t\t\t<\/div>\n\t\t\t\t<div class=\"elementor-element elementor-element-c0a0507 elementor-widget elementor-widget-image\" data-id=\"c0a0507\" data-element_type=\"widget\" data-widget_type=\"image.default\">\n\t\t\t\t<div class=\"elementor-widget-container\">\n\t\t\t\t\t\t\t\t\t\t\t\t\t\t\t<img decoding=\"async\" width=\"658\" height=\"512\" src=\"https:\/\/www.univ-sba.dz\/snv\/wp-content\/uploads\/2025\/04\/tableau-1.png\" class=\"attachment-large size-large wp-image-3657\" alt=\"\" srcset=\"https:\/\/www.univ-sba.dz\/snv\/wp-content\/uploads\/2025\/04\/tableau-1.png 658w, https:\/\/www.univ-sba.dz\/snv\/wp-content\/uploads\/2025\/04\/tableau-1-300x233.png 300w\" sizes=\"(max-width: 658px) 100vw, 658px\" \/>\t\t\t\t\t\t\t\t\t\t\t\t\t\t\t<\/div>\n\t\t\t\t<\/div>\n\t\t\t\t<\/div>\n\t\t\t\t<\/div>\n\t\t<div class=\"elementor-element elementor-element-7d9a0f4 e-flex e-con-boxed e-con e-parent\" data-id=\"7d9a0f4\" data-element_type=\"container\">\n\t\t\t\t\t<div class=\"e-con-inner\">\n\t\t\t\t\t<\/div>\n\t\t\t\t<\/div>\n\t\t\t\t<\/div>\n\t\t<div style=\"margin: 20px 0;\"><div class=\"qrcswholewtapper\" style=\"text-align:left;\"><div class=\"qrcprowrapper\"  id=\"qrcwraa2leds\"><div class=\"qrc_canvass\" id=\"qrc_cuttenpages_2\" style=\"display:inline-block\" data-text=\"https:\/\/www.univ-sba.dz\/snv\/fr\/conseil-scientifique-du-college\/\"><\/div><div><a download=\"Conseil scientifique de la facult\u00e9.png\" class=\"qrcdownloads\" id=\"worign\">\r\n           <button type=\"button\" style=\"min-width:200px;background:#44d813;color:#000;font-weight: 600;border: 1px solid #44d813;border-radius:20px;font-size:12px;padding: 6px 0;\" class=\"uqr_code_btn\">Download QR \ud83e\udc7b<\/button>\r\n           <\/a><\/div><\/div><\/div><\/div>","protected":false},"excerpt":{"rendered":"<p>Conseil Scientifique de la facult\u00e9 Le Conseil scientifique occupe un r\u00f4le central dans la d\u00e9finition des orientations scientifiques de la facult\u00e9 SNV. Il se r\u00e9unit au moins une fois par an pour remettre au Doyen un avis sur les candidatures re\u00e7ues, sur les \u00e9changes susceptibles de se nouer entre leurs auteurs et sur la politique [&hellip;]<\/p>\n","protected":false},"author":3,"featured_media":0,"parent":0,"menu_order":0,"comment_status":"closed","ping_status":"closed","template":"","meta":{"_uag_custom_page_level_css":"","postBodyCss":"","postBodyMargin":[],"postBodyPadding":[],"postBodyBackground":{"backgroundType":"classic","gradient":""},"site-sidebar-layout":"no-sidebar","site-content-layout":"page-builder","ast-site-content-layout":"full-width-container","site-content-style":"unboxed","site-sidebar-style":"unboxed","ast-global-header-display":"","ast-banner-title-visibility":"","ast-main-header-display":"","ast-hfb-above-header-display":"","ast-hfb-below-header-display":"","ast-hfb-mobile-header-display":"","site-post-title":"disabled","ast-breadcrumbs-content":"disabled","ast-featured-img":"disabled","footer-sml-layout":"","ast-disable-related-posts":"","theme-transparent-header-meta":"enabled","adv-header-id-meta":"","stick-header-meta":"","header-above-stick-meta":"","header-main-stick-meta":"","header-below-stick-meta":"","astra-migrate-meta-layouts":"set","ast-page-background-enabled":"default","ast-page-background-meta":{"desktop":{"background-color":"var(--ast-global-color-4)","background-image":"","background-repeat":"repeat","background-position":"center center","background-size":"auto","background-attachment":"scroll","background-type":"","background-media":"","overlay-type":"","overlay-color":"","overlay-opacity":"","overlay-gradient":""},"tablet":{"background-color":"","background-image":"","background-repeat":"repeat","background-position":"center center","background-size":"auto","background-attachment":"scroll","background-type":"","background-media":"","overlay-type":"","overlay-color":"","overlay-opacity":"","overlay-gradient":""},"mobile":{"background-color":"","background-image":"","background-repeat":"repeat","background-position":"center center","background-size":"auto","background-attachment":"scroll","background-type":"","background-media":"","overlay-type":"","overlay-color":"","overlay-opacity":"","overlay-gradient":""}},"ast-content-background-meta":{"desktop":{"background-color":"var(--ast-global-color-5)","background-image":"","background-repeat":"repeat","background-position":"center center","background-size":"auto","background-attachment":"scroll","background-type":"","background-media":"","overlay-type":"","overlay-color":"","overlay-opacity":"","overlay-gradient":""},"tablet":{"background-color":"var(--ast-global-color-5)","background-image":"","background-repeat":"repeat","background-position":"center center","background-size":"auto","background-attachment":"scroll","background-type":"","background-media":"","overlay-type":"","overlay-color":"","overlay-opacity":"","overlay-gradient":""},"mobile":{"background-color":"var(--ast-global-color-5)","background-image":"","background-repeat":"repeat","background-position":"center center","background-size":"auto","background-attachment":"scroll","background-type":"","background-media":"","overlay-type":"","overlay-color":"","overlay-opacity":"","overlay-gradient":""}},"footnotes":""},"class_list":["post-2734","page","type-page","status-publish","hentry"],"uagb_featured_image_src":{"full":false,"thumbnail":false,"medium":false,"medium_large":false,"large":false,"1536x1536":false,"2048x2048":false},"uagb_author_info":{"display_name":"admfsnv","author_link":"https:\/\/www.univ-sba.dz\/snv\/author\/admfsnv\/"},"uagb_comment_info":0,"uagb_excerpt":"Conseil Scientifique de la facult\u00e9 Le Conseil scientifique occupe un r\u00f4le central dans la d\u00e9finition des orientations scientifiques de la facult\u00e9 SNV. Il se r\u00e9unit au moins une fois par an pour remettre au Doyen un avis sur les candidatures re\u00e7ues, sur les \u00e9changes susceptibles de se nouer entre leurs auteurs et sur la politique\u2026","rttpg_featured_image_url":null,"rttpg_author":{"display_name":"admfsnv","author_link":"https:\/\/www.univ-sba.dz\/snv\/author\/admfsnv\/"},"rttpg_comment":0,"rttpg_category":" <a href=\"https:\/\/www.univ-sba.dz\/snv\/fr\/\" rel=\"tag\">Fran\u00e7ais<\/a>","rttpg_excerpt":"Conseil Scientifique de la facult\u00e9 Le Conseil scientifique occupe un r\u00f4le central dans la d\u00e9finition des orientations scientifiques de la facult\u00e9 SNV. Il se r\u00e9unit au moins une fois par an pour remettre au Doyen un avis sur les candidatures re\u00e7ues, sur les \u00e9changes susceptibles de se nouer entre leurs auteurs et sur la politique\u2026","_links":{"self":[{"href":"https:\/\/www.univ-sba.dz\/snv\/wp-json\/wp\/v2\/pages\/2734","targetHints":{"allow":["GET"]}}],"collection":[{"href":"https:\/\/www.univ-sba.dz\/snv\/wp-json\/wp\/v2\/pages"}],"about":[{"href":"https:\/\/www.univ-sba.dz\/snv\/wp-json\/wp\/v2\/types\/page"}],"author":[{"embeddable":true,"href":"https:\/\/www.univ-sba.dz\/snv\/wp-json\/wp\/v2\/users\/3"}],"replies":[{"embeddable":true,"href":"https:\/\/www.univ-sba.dz\/snv\/wp-json\/wp\/v2\/comments?post=2734"}],"version-history":[{"count":15,"href":"https:\/\/www.univ-sba.dz\/snv\/wp-json\/wp\/v2\/pages\/2734\/revisions"}],"predecessor-version":[{"id":3661,"href":"https:\/\/www.univ-sba.dz\/snv\/wp-json\/wp\/v2\/pages\/2734\/revisions\/3661"}],"wp:attachment":[{"href":"https:\/\/www.univ-sba.dz\/snv\/wp-json\/wp\/v2\/media?parent=2734"}],"curies":[{"name":"wp","href":"https:\/\/api.w.org\/{rel}","templated":true}]}}