{"id":2755,"date":"2024-12-09T10:37:58","date_gmt":"2024-12-09T09:37:58","guid":{"rendered":"https:\/\/www.univ-sba.dz\/snv\/?page_id=2755"},"modified":"2025-05-12T16:04:49","modified_gmt":"2025-05-12T14:04:49","slug":"laboratoires-de-recherche-scientifique","status":"publish","type":"page","link":"https:\/\/www.univ-sba.dz\/snv\/fr\/laboratoires-de-recherche-scientifique\/","title":{"rendered":"Laboratoires de recherche scientifique"},"content":{"rendered":"\t\t<div data-elementor-type=\"wp-page\" data-elementor-id=\"2755\" class=\"elementor elementor-2755\">\n\t\t\t\t<div class=\"elementor-element elementor-element-19b8c8c e-flex e-con-boxed e-con e-parent\" data-id=\"19b8c8c\" data-element_type=\"container\" data-settings=\"{&quot;background_background&quot;:&quot;classic&quot;}\">\n\t\t\t\t\t<div class=\"e-con-inner\">\n\t\t<div class=\"elementor-element elementor-element-372848a e-con-full e-flex e-con e-child\" data-id=\"372848a\" data-element_type=\"container\">\n\t\t\t\t<div class=\"elementor-element elementor-element-0ccf104 elementor-widget elementor-widget-heading\" data-id=\"0ccf104\" data-element_type=\"widget\" data-widget_type=\"heading.default\">\n\t\t\t\t<div class=\"elementor-widget-container\">\n\t\t\t\t\t<h1 class=\"elementor-heading-title elementor-size-default\">laboratoire de recherche<\/h1>\t\t\t\t<\/div>\n\t\t\t\t<\/div>\n\t\t\t\t<\/div>\n\t\t\t\t\t<\/div>\n\t\t\t\t<\/div>\n\t\t<div class=\"elementor-element elementor-element-7c1d4e6 e-grid e-con-boxed e-con e-parent\" data-id=\"7c1d4e6\" data-element_type=\"container\">\n\t\t\t\t\t<div class=\"e-con-inner\">\n\t\t<div class=\"elementor-element elementor-element-3be00cc e-con-full e-flex e-con e-child\" data-id=\"3be00cc\" data-element_type=\"container\">\n\t\t\t\t<div class=\"elementor-element elementor-element-b25d107 elementor-widget elementor-widget-text-editor\" data-id=\"b25d107\" data-element_type=\"widget\" data-widget_type=\"text-editor.default\">\n\t\t\t\t<div class=\"elementor-widget-container\">\n\t\t\t\t\t\t\t\t\t<p><strong>Laboratoires de recherche scientifique de la Facult\u00e9 <\/strong><\/p><p><strong>La Facult\u00e9 des sciences de la nature et de la vie dispose de (05) cinq laboratoires de recherche, chacun regroupant un large \u00e9ventail de professeurs et de doctorants sp\u00e9cialis\u00e9s.<\/strong><\/p>\t\t\t\t\t\t\t\t<\/div>\n\t\t\t\t<\/div>\n\t\t\t\t<\/div>\n\t\t\t\t\t<\/div>\n\t\t\t\t<\/div>\n\t\t<div class=\"elementor-element elementor-element-b378056 e-flex e-con-boxed e-con e-parent\" data-id=\"b378056\" data-element_type=\"container\">\n\t\t\t\t\t<div class=\"e-con-inner\">\n\t\t\t\t<div class=\"elementor-element elementor-element-793a89b elementor-widget elementor-widget-elementskit-tablepress\" data-id=\"793a89b\" data-element_type=\"widget\" data-widget_type=\"elementskit-tablepress.default\">\n\t\t\t\t<div class=\"elementor-widget-container\">\n\t\t\t\t\t<div class=\"elemenetskit-tablepress ekit-wid-con\" id=\"ekit_tablepress_793a89b\">\n<table id=\"tablepress-1\" class=\"tablepress tablepress-id-1\">\n<thead>\n<tr class=\"row-1\">\n\t<th class=\"column-1\">N\u00b0<\/th><th class=\"column-2\">Code<\/th><th class=\"column-3\">Intitul\u00e9 du laboratoire<\/th><th class=\"column-4\">\u0639\u0646\u0648\u0627\u0646 \u0627\u0644\u0645\u062e\u0628\u0640\u0640\u0640\u0640\u0640\u0640\u0631<\/th><th class=\"column-5\">Directeur du laboratoire<\/th><th class=\"column-6\">Facult\u00e9 de Rattachement<\/th><th class=\"column-7\">Ann\u00e9e d\u2019agr\u00e9ment<\/th><th class=\"column-8\">Site web<\/th>\n<\/tr>\n<\/thead>\n<tbody class=\"row-striping row-hover\">\n<tr class=\"row-2\">\n\t<td class=\"column-1\">01<\/td><td class=\"column-2\">W0710100<\/td><td class=\"column-3\">Biotoxicologie<\/td><td class=\"column-4\">\u0627\u0644\u0628\u064a\u0648\u062a\u0648\u0643\u0633\u064a\u0643\u0648\u0644\u0648\u062c\u064a\u0627<\/td><td class=\"column-5\">Pr. MENNADI NourEddine<\/td><td class=\"column-6\">FSNV<\/td><td class=\"column-7\">2000<\/td><td class=\"column-8\"><a href=\"https:\/\/www.univ-sba.dz\/biotox\/\" target=\"_blank\" style=\"background-color:#007bff; color:white; padding:5px 10px; border-radius:5px; text-decoration:none;\">Visiter<\/a><\/td>\n<\/tr>\n<tr class=\"row-3\">\n\t<td class=\"column-1\">02<\/td><td class=\"column-2\">W0710400<\/td><td class=\"column-3\">Ecod\u00e9veloppement des espaces<\/td><td class=\"column-4\">\u0627\u0644\u062a\u0646\u0645\u064a\u0629 \u0627\u0644\u0628\u064a\u0626\u064a\u0629 \u0644\u0644\u0641\u0636\u0627\u0621<\/td><td class=\"column-5\">Pr. MEGHERBI Aicha<\/td><td class=\"column-6\">FSNV<\/td><td class=\"column-7\">2000<\/td><td class=\"column-8\"><a href=\"https:\/\/www.univ-sba.dz\/ecodev\/\" target=\"_blank\" style=\"background-color:#007bff; color:white; padding:5px 10px; border-radius:5px; text-decoration:none;\">Visiter<\/a><\/td>\n<\/tr>\n<tr class=\"row-4\">\n\t<td class=\"column-1\">03<\/td><td class=\"column-2\">W0712600<\/td><td class=\"column-3\">Biodiversit\u00e9 v\u00e9g\u00e9tale : Conservation et valorisation<\/td><td class=\"column-4\">(\u0627\u0644\u062a\u0646\u0648\u0639 \u0627\u0644\u0646\u0628\u0627\u062a\u064a (\u0645\u062d\u0627\u0641\u0638\u0629 \u0648\u062a\u062b\u0645\u064a\u0646<\/td><td class=\"column-5\">Pr. MEHDADI Zoheir<\/td><td class=\"column-6\">FSNV<\/td><td class=\"column-7\">2009<\/td><td class=\"column-8\"><a href=\"https:\/\/www.univ-sba.dz\/biodiv\/index.php]\" target=\"_blank\" style=\"background-color:#007bff; color:white; padding:5px 10px; border-radius:5px; text-decoration:none;\">Visiter<\/a><\/td>\n<\/tr>\n<tr class=\"row-5\">\n\t<td class=\"column-1\">04<\/td><td class=\"column-2\">W0714600<\/td><td class=\"column-3\">Microbiologie Mol\u00e9culaire,Prot\u00e9omics et Sant\u00e9<\/td><td class=\"column-4\">\u0645\u064a\u0643\u0631\u0648\u0628\u064a\u0648\u0644\u0648\u062c\u064a\u0627 \u0627\u0644\u062c\u0632\u0626\u064a\u0629 \u0627\u0644\u0635\u062d\u0629 \u0648\u0627\u0644\u062f\u0631\u0627\u0633\u0629 \u0627\u0644\u0628\u0631\u0648\u062a\u064a\u0646\u0629<\/td><td class=\"column-5\">Pr. KANOUN Khedoudja<\/td><td class=\"column-6\">FSNV<\/td><td class=\"column-7\">2014<\/td><td class=\"column-8\"><a href=\"https:\/\/www.univ-sba.dz\/lmmps\" target=\"_blank\" style=\"background-color:#007bff; color:white; padding:5px 10px; border-radius:5px; text-decoration:none;\">Visiter<\/a><\/td>\n<\/tr>\n<tr class=\"row-6\">\n\t<td class=\"column-1\">05<\/td><td class=\"column-2\">W0715200<\/td><td class=\"column-3\">Nutrition, pathologie, agro-biotechnologie et sant\u00e9<\/td><td class=\"column-4\">\u0627\u0644\u062a\u063a\u0630\u064a\u0629 \u0648 \u0627\u0644\u0635\u062d\u0629\u060c \u0639\u0644\u0645 \u0627\u0644\u0623\u0645\u0631\u0627\u0636 \u0648 \u0627\u0644\u062a\u0643\u0646\u0648\u0644\u0648\u062c\u064a\u0627 \u0627\u0644\u062d\u064a\u0648\u064a\u0629 \u0627\u0644\u0632\u0631\u0627\u0639\u064a\u0629<\/td><td class=\"column-5\">Pr. KHALED MEGHIT Boumediene<\/td><td class=\"column-6\">FSNV<\/td><td class=\"column-7\">2021<\/td><td class=\"column-8\"><a href=\"https:\/\/lab-nupabs.com\/\" target=\"_blank\" style=\"background-color:#007bff; color:white; padding:5px 10px; border-radius:5px; text-decoration:none;\">Visiter<\/a><\/td>\n<\/tr>\n<\/tbody>\n<\/table>\n<!-- #tablepress-1 from cache --><\/div>\t\t\t\t<\/div>\n\t\t\t\t<\/div>\n\t\t\t\t\t<\/div>\n\t\t\t\t<\/div>\n\t\t\t\t<\/div>\n\t\t<div style=\"margin: 20px 0;\"><div class=\"qrcswholewtapper\" style=\"text-align:left;\"><div class=\"qrcprowrapper\"  id=\"qrcwraa2leds\"><div class=\"qrc_canvass\" id=\"qrc_cuttenpages_2\" style=\"display:inline-block\" data-text=\"https:\/\/www.univ-sba.dz\/snv\/fr\/laboratoires-de-recherche-scientifique\/\"><\/div><div><a download=\"Laboratoires de recherche scientifique.png\" class=\"qrcdownloads\" id=\"worign\">\r\n           <button type=\"button\" style=\"min-width:200px;background:#44d813;color:#000;font-weight: 600;border: 1px solid #44d813;border-radius:20px;font-size:12px;padding: 6px 0;\" class=\"uqr_code_btn\">Download QR \ud83e\udc7b<\/button>\r\n           <\/a><\/div><\/div><\/div><\/div>","protected":false},"excerpt":{"rendered":"<p>laboratoire de recherche Laboratoires de recherche scientifique de la Facult\u00e9 La Facult\u00e9 des sciences de la nature et de la vie dispose de (05) cinq laboratoires de recherche, chacun regroupant un large \u00e9ventail de professeurs et de doctorants sp\u00e9cialis\u00e9s. Modifier N\u00b0 Code Intitul\u00e9 du laboratoire \u0639\u0646\u0648\u0627\u0646 \u0627\u0644\u0645\u062e\u0628\u0640\u0640\u0640\u0640\u0640\u0640\u0631 Directeur du laboratoire Facult\u00e9 de Rattachement Ann\u00e9e d\u2019agr\u00e9ment [&hellip;]<\/p>\n","protected":false},"author":3,"featured_media":0,"parent":0,"menu_order":0,"comment_status":"closed","ping_status":"closed","template":"","meta":{"_uag_custom_page_level_css":"","postBodyCss":"","postBodyMargin":[],"postBodyPadding":[],"postBodyBackground":{"backgroundType":"classic","gradient":""},"site-sidebar-layout":"no-sidebar","site-content-layout":"page-builder","ast-site-content-layout":"full-width-container","site-content-style":"unboxed","site-sidebar-style":"unboxed","ast-global-header-display":"","ast-banner-title-visibility":"","ast-main-header-display":"","ast-hfb-above-header-display":"","ast-hfb-below-header-display":"","ast-hfb-mobile-header-display":"","site-post-title":"disabled","ast-breadcrumbs-content":"disabled","ast-featured-img":"disabled","footer-sml-layout":"","ast-disable-related-posts":"","theme-transparent-header-meta":"enabled","adv-header-id-meta":"","stick-header-meta":"","header-above-stick-meta":"","header-main-stick-meta":"","header-below-stick-meta":"","astra-migrate-meta-layouts":"set","ast-page-background-enabled":"default","ast-page-background-meta":{"desktop":{"background-color":"var(--ast-global-color-4)","background-image":"","background-repeat":"repeat","background-position":"center center","background-size":"auto","background-attachment":"scroll","background-type":"","background-media":"","overlay-type":"","overlay-color":"","overlay-opacity":"","overlay-gradient":""},"tablet":{"background-color":"","background-image":"","background-repeat":"repeat","background-position":"center center","background-size":"auto","background-attachment":"scroll","background-type":"","background-media":"","overlay-type":"","overlay-color":"","overlay-opacity":"","overlay-gradient":""},"mobile":{"background-color":"","background-image":"","background-repeat":"repeat","background-position":"center center","background-size":"auto","background-attachment":"scroll","background-type":"","background-media":"","overlay-type":"","overlay-color":"","overlay-opacity":"","overlay-gradient":""}},"ast-content-background-meta":{"desktop":{"background-color":"var(--ast-global-color-5)","background-image":"","background-repeat":"repeat","background-position":"center center","background-size":"auto","background-attachment":"scroll","background-type":"","background-media":"","overlay-type":"","overlay-color":"","overlay-opacity":"","overlay-gradient":""},"tablet":{"background-color":"var(--ast-global-color-5)","background-image":"","background-repeat":"repeat","background-position":"center center","background-size":"auto","background-attachment":"scroll","background-type":"","background-media":"","overlay-type":"","overlay-color":"","overlay-opacity":"","overlay-gradient":""},"mobile":{"background-color":"var(--ast-global-color-5)","background-image":"","background-repeat":"repeat","background-position":"center center","background-size":"auto","background-attachment":"scroll","background-type":"","background-media":"","overlay-type":"","overlay-color":"","overlay-opacity":"","overlay-gradient":""}},"footnotes":""},"class_list":["post-2755","page","type-page","status-publish","hentry"],"uagb_featured_image_src":{"full":false,"thumbnail":false,"medium":false,"medium_large":false,"large":false,"1536x1536":false,"2048x2048":false},"uagb_author_info":{"display_name":"admfsnv","author_link":"https:\/\/www.univ-sba.dz\/snv\/author\/admfsnv\/"},"uagb_comment_info":0,"uagb_excerpt":"laboratoire de recherche Laboratoires de recherche scientifique de la Facult\u00e9 La Facult\u00e9 des sciences de la nature et de la vie dispose de (05) cinq laboratoires de recherche, chacun regroupant un large \u00e9ventail de professeurs et de doctorants sp\u00e9cialis\u00e9s. Modifier N\u00b0 Code Intitul\u00e9 du laboratoire \u0639\u0646\u0648\u0627\u0646 \u0627\u0644\u0645\u062e\u0628\u0640\u0640\u0640\u0640\u0640\u0640\u0631 Directeur du laboratoire Facult\u00e9 de Rattachement Ann\u00e9e d\u2019agr\u00e9ment\u2026","rttpg_featured_image_url":null,"rttpg_author":{"display_name":"admfsnv","author_link":"https:\/\/www.univ-sba.dz\/snv\/author\/admfsnv\/"},"rttpg_comment":0,"rttpg_category":" <a href=\"https:\/\/www.univ-sba.dz\/snv\/fr\/\" rel=\"tag\">Fran\u00e7ais<\/a>","rttpg_excerpt":"laboratoire de recherche Laboratoires de recherche scientifique de la Facult\u00e9 La Facult\u00e9 des sciences de la nature et de la vie dispose de (05) cinq laboratoires de recherche, chacun regroupant un large \u00e9ventail de professeurs et de doctorants sp\u00e9cialis\u00e9s. Modifier N\u00b0 Code Intitul\u00e9 du laboratoire \u0639\u0646\u0648\u0627\u0646 \u0627\u0644\u0645\u062e\u0628\u0640\u0640\u0640\u0640\u0640\u0640\u0631 Directeur du laboratoire Facult\u00e9 de Rattachement Ann\u00e9e d\u2019agr\u00e9ment\u2026","_links":{"self":[{"href":"https:\/\/www.univ-sba.dz\/snv\/wp-json\/wp\/v2\/pages\/2755","targetHints":{"allow":["GET"]}}],"collection":[{"href":"https:\/\/www.univ-sba.dz\/snv\/wp-json\/wp\/v2\/pages"}],"about":[{"href":"https:\/\/www.univ-sba.dz\/snv\/wp-json\/wp\/v2\/types\/page"}],"author":[{"embeddable":true,"href":"https:\/\/www.univ-sba.dz\/snv\/wp-json\/wp\/v2\/users\/3"}],"replies":[{"embeddable":true,"href":"https:\/\/www.univ-sba.dz\/snv\/wp-json\/wp\/v2\/comments?post=2755"}],"version-history":[{"count":28,"href":"https:\/\/www.univ-sba.dz\/snv\/wp-json\/wp\/v2\/pages\/2755\/revisions"}],"predecessor-version":[{"id":4051,"href":"https:\/\/www.univ-sba.dz\/snv\/wp-json\/wp\/v2\/pages\/2755\/revisions\/4051"}],"wp:attachment":[{"href":"https:\/\/www.univ-sba.dz\/snv\/wp-json\/wp\/v2\/media?parent=2755"}],"curies":[{"name":"wp","href":"https:\/\/api.w.org\/{rel}","templated":true}]}}