{"id":5311,"date":"2025-06-24T11:53:04","date_gmt":"2025-06-24T09:53:04","guid":{"rendered":"https:\/\/www.univ-sba.dz\/snv\/?page_id=5311"},"modified":"2025-11-05T17:43:42","modified_gmt":"2025-11-05T16:43:42","slug":"liste-des-chefs-de-filieres-et-de-specialites-dep-biologie","status":"publish","type":"page","link":"https:\/\/www.univ-sba.dz\/snv\/fr\/liste-des-chefs-de-filieres-et-de-specialites-dep-biologie\/","title":{"rendered":"LISTE DES CHEFS DE FILI\u00c8RES ET DE SP\u00c9CIALIT\u00c9S DEP BIOLOGIE"},"content":{"rendered":"\t\t<div data-elementor-type=\"wp-page\" data-elementor-id=\"5311\" class=\"elementor elementor-5311\">\n\t\t\t\t<div class=\"elementor-element elementor-element-9eeaa25 e-flex e-con-boxed e-con e-parent\" data-id=\"9eeaa25\" data-element_type=\"container\">\n\t\t\t\t\t<div class=\"e-con-inner\">\n\t\t<div class=\"elementor-element elementor-element-509885b e-con-full e-flex e-con e-child\" data-id=\"509885b\" data-element_type=\"container\">\n\t\t\t\t<div class=\"elementor-element elementor-element-b13628c elementor-widget elementor-widget-image\" data-id=\"b13628c\" data-element_type=\"widget\" data-widget_type=\"image.default\">\n\t\t\t\t<div class=\"elementor-widget-container\">\n\t\t\t\t\t\t\t\t\t\t\t\t\t\t\t<img fetchpriority=\"high\" decoding=\"async\" width=\"609\" height=\"442\" src=\"https:\/\/www.univ-sba.dz\/snv\/wp-content\/uploads\/2025\/11\/RESPONSABLR.png\" class=\"attachment-large size-large wp-image-8938\" alt=\"\" srcset=\"https:\/\/www.univ-sba.dz\/snv\/wp-content\/uploads\/2025\/11\/RESPONSABLR.png 609w, https:\/\/www.univ-sba.dz\/snv\/wp-content\/uploads\/2025\/11\/RESPONSABLR-300x218.png 300w, https:\/\/www.univ-sba.dz\/snv\/wp-content\/uploads\/2025\/11\/RESPONSABLR-600x435.png 600w\" sizes=\"(max-width: 609px) 100vw, 609px\" \/>\t\t\t\t\t\t\t\t\t\t\t\t\t\t\t<\/div>\n\t\t\t\t<\/div>\n\t\t\t\t<\/div>\n\t\t<div class=\"elementor-element elementor-element-8125c49 e-con-full e-flex e-con e-child\" data-id=\"8125c49\" data-element_type=\"container\">\n\t\t\t\t<div class=\"elementor-element elementor-element-04a9ddb elementor-widget elementor-widget-elementskit-tablepress\" data-id=\"04a9ddb\" data-element_type=\"widget\" data-widget_type=\"elementskit-tablepress.default\">\n\t\t\t\t<div class=\"elementor-widget-container\">\n\t\t\t\t\t<div class=\"elemenetskit-tablepress ekit-wid-con\" id=\"ekit_tablepress_04a9ddb\"><h2 id=\"tablepress-38-name\" class=\"tablepress-table-name tablepress-table-name-id-38\">LISTE DES RESPONSABLES DU  DOMAINE, DES FILI\u00c8RES, LICENCES ET MASTERS D\u00c9PARTEMENT DE BIOLOGIE<\/h2>\n\n<table id=\"tablepress-38\" class=\"tablepress tablepress-id-38\" aria-labelledby=\"tablepress-38-name\">\n<thead>\n<tr class=\"row-1\">\n\t<th class=\"column-1\">N\u00b0<\/th><th class=\"column-2\">Nom et Pr\u00e9nom<\/th><th class=\"column-3\">Fonction<\/th><th class=\"column-4\">Sp\u00e9cialit\u00e9<\/th>\n<\/tr>\n<\/thead>\n<tbody class=\"row-striping row-hover\">\n<tr class=\"row-2\">\n\t<td class=\"column-1\">1<\/td><td class=\"column-2\">Pr. BEN ABDERRAHMANE Mokhtar<\/td><td class=\"column-3\">Responsable du domaine<\/td><td class=\"column-4\">\u2014<\/td>\n<\/tr>\n<tr class=\"row-3\">\n\t<td class=\"column-1\">2<\/td><td class=\"column-2\">Pr. MEHIDA Hayet<\/td><td class=\"column-3\">Responsable de la fili\u00e8re<\/td><td class=\"column-4\">Sciences biologiques<\/td>\n<\/tr>\n<tr class=\"row-4\">\n\t<td class=\"column-1\">3<\/td><td class=\"column-2\">Dr. SABRI Nadia<\/td><td class=\"column-3\">Responsable de la fili\u00e8re<\/td><td class=\"column-4\">Sciences alimentaires<\/td>\n<\/tr>\n<tr class=\"row-5\">\n\t<td class=\"column-1\">4<\/td><td class=\"column-2\">Dr. MAI Hichem Abdessalem<\/td><td class=\"column-3\">Responsable de la licence<\/td><td class=\"column-4\">Nutrition, nutrition pathologique<\/td>\n<\/tr>\n<tr class=\"row-6\">\n\t<td class=\"column-1\">5<\/td><td class=\"column-2\">Dr. ZAHZAH Meryem<\/td><td class=\"column-3\">Responsable de la licence<\/td><td class=\"column-4\">Immunologie<\/td>\n<\/tr>\n<tr class=\"row-7\">\n\t<td class=\"column-1\">6<\/td><td class=\"column-2\">Dr. GHALEM Maimouna<\/td><td class=\"column-3\">Responsable de la licence<\/td><td class=\"column-4\">Microbiologie<\/td>\n<\/tr>\n<tr class=\"row-8\">\n\t<td class=\"column-1\">7<\/td><td class=\"column-2\">Pr. ZEMRI Khalida<\/td><td class=\"column-3\">Responsable de la licence<\/td><td class=\"column-4\">Biochimie<\/td>\n<\/tr>\n<tr class=\"row-9\">\n\t<td class=\"column-1\">8<\/td><td class=\"column-2\">Pr. CHAMA Zawawia<\/td><td class=\"column-3\">Responsable de la licence<\/td><td class=\"column-4\">Biologie mol\u00e9culaire<\/td>\n<\/tr>\n<tr class=\"row-10\">\n\t<td class=\"column-1\">9<\/td><td class=\"column-2\">Pr. SEBAA Amel<\/td><td class=\"column-3\">Responsable de la licence<\/td><td class=\"column-4\">Biologie et physiologie animale<\/td>\n<\/tr>\n<tr class=\"row-11\">\n\t<td class=\"column-1\">10<\/td><td class=\"column-2\">Pr. HARIR Nouria<\/td><td class=\"column-3\">Responsable du master<\/td><td class=\"column-4\">Biochimie appliqu\u00e9e<\/td>\n<\/tr>\n<tr class=\"row-12\">\n\t<td class=\"column-1\">11<\/td><td class=\"column-2\">Pr. MEZIANI Samira<\/td><td class=\"column-3\">Responsable du master<\/td><td class=\"column-4\">Biochimie et immunologie<\/td>\n<\/tr>\n<tr class=\"row-13\">\n\t<td class=\"column-1\">12<\/td><td class=\"column-2\">Dr. CHENI Fatma Zahra<\/td><td class=\"column-3\">Responsable du master<\/td><td class=\"column-4\">Biologie et physiologie de la reproduction<\/td>\n<\/tr>\n<tr class=\"row-14\">\n\t<td class=\"column-1\">13<\/td><td class=\"column-2\">Pr. HAOUD Khadidja<\/td><td class=\"column-3\">Responsable du master<\/td><td class=\"column-4\">Biologie et pathologie cellulaire<\/td>\n<\/tr>\n<tr class=\"row-15\">\n\t<td class=\"column-1\">14<\/td><td class=\"column-2\">Pr. BENINE Mohamed El Amine<\/td><td class=\"column-3\">Responsable du master<\/td><td class=\"column-4\">Biotechnologie microbienne<\/td>\n<\/tr>\n<tr class=\"row-16\">\n\t<td class=\"column-1\">15<\/td><td class=\"column-2\">Pr. DAMMOUCHE Abassia<\/td><td class=\"column-3\">Responsable du master<\/td><td class=\"column-4\">Biochimie de la nutrition<\/td>\n<\/tr>\n<tr class=\"row-17\">\n\t<td class=\"column-1\">16<\/td><td class=\"column-2\">Pr. DIAF Mustapha<\/td><td class=\"column-3\">Responsable du master<\/td><td class=\"column-4\">Nutrition et pathologies<\/td>\n<\/tr>\n<tr class=\"row-18\">\n\t<td class=\"column-1\">17<\/td><td class=\"column-2\">Pr. Bousmaha Leila<\/td><td class=\"column-3\">Responsable du master<\/td><td class=\"column-4\">Microbiologie appliqu\u00e9e<\/td>\n<\/tr>\n<tr class=\"row-19\">\n\t<td class=\"column-1\">18<\/td><td class=\"column-2\">Pr. Klouch Linda<\/td><td class=\"column-3\">Responsable du master<\/td><td class=\"column-4\">Biologie mol\u00e9culaire et cellulaire<\/td>\n<\/tr>\n<\/tbody>\n<\/table>\n<!-- #tablepress-38 from cache --><\/div>\t\t\t\t<\/div>\n\t\t\t\t<\/div>\n\t\t\t\t<\/div>\n\t\t\t\t\t<\/div>\n\t\t\t\t<\/div>\n\t\t\t\t<\/div>\n\t\t<div style=\"margin: 20px 0;\"><div class=\"qrcswholewtapper\" style=\"text-align:left;\"><div class=\"qrcprowrapper\"  id=\"qrcwraa2leds\"><div class=\"qrc_canvass\" id=\"qrc_cuttenpages_2\" style=\"display:inline-block\" data-text=\"https:\/\/www.univ-sba.dz\/snv\/fr\/liste-des-chefs-de-filieres-et-de-specialites-dep-biologie\/\"><\/div><div><a download=\"LISTE DES CHEFS DE FILI\u00c8RES ET DE SP\u00c9CIALIT\u00c9S DEP BIOLOGIE.png\" class=\"qrcdownloads\" id=\"worign\">\r\n           <button type=\"button\" style=\"min-width:200px;background:#44d813;color:#000;font-weight: 600;border: 1px solid #44d813;border-radius:20px;font-size:12px;padding: 6px 0;\" class=\"uqr_code_btn\">Download QR \ud83e\udc7b<\/button>\r\n           <\/a><\/div><\/div><\/div><\/div>","protected":false},"excerpt":{"rendered":"<p>LISTE DES RESPONSABLES DU DOMAINE, DES FILI\u00c8RES, LICENCES ET MASTERS D\u00c9PARTEMENT DE BIOLOGIE Modifier N\u00b0 Nom et Pr\u00e9nom Fonction Sp\u00e9cialit\u00e9 1 Pr. BEN ABDERRAHMANE Mokhtar Responsable du domaine \u2014 2 Pr. MEHIDA Hayet Responsable de la fili\u00e8re Sciences biologiques 3 Dr. SABRI Nadia Responsable de la fili\u00e8re Sciences alimentaires 4 Dr. MAI Hichem Abdessalem Responsable [&hellip;]<\/p>\n","protected":false},"author":3,"featured_media":8938,"parent":0,"menu_order":0,"comment_status":"closed","ping_status":"closed","template":"","meta":{"_uag_custom_page_level_css":"","postBodyCss":"","postBodyMargin":[],"postBodyPadding":[],"postBodyBackground":{"backgroundType":"classic","gradient":""},"site-sidebar-layout":"no-sidebar","site-content-layout":"page-builder","ast-site-content-layout":"full-width-container","site-content-style":"unboxed","site-sidebar-style":"unboxed","ast-global-header-display":"","ast-banner-title-visibility":"","ast-main-header-display":"","ast-hfb-above-header-display":"","ast-hfb-below-header-display":"","ast-hfb-mobile-header-display":"","site-post-title":"disabled","ast-breadcrumbs-content":"","ast-featured-img":"disabled","footer-sml-layout":"","ast-disable-related-posts":"","theme-transparent-header-meta":"","adv-header-id-meta":"","stick-header-meta":"","header-above-stick-meta":"","header-main-stick-meta":"","header-below-stick-meta":"","astra-migrate-meta-layouts":"set","ast-page-background-enabled":"default","ast-page-background-meta":{"desktop":{"background-color":"var(--ast-global-color-4)","background-image":"","background-repeat":"repeat","background-position":"center center","background-size":"auto","background-attachment":"scroll","background-type":"","background-media":"","overlay-type":"","overlay-color":"","overlay-opacity":"","overlay-gradient":""},"tablet":{"background-color":"","background-image":"","background-repeat":"repeat","background-position":"center center","background-size":"auto","background-attachment":"scroll","background-type":"","background-media":"","overlay-type":"","overlay-color":"","overlay-opacity":"","overlay-gradient":""},"mobile":{"background-color":"","background-image":"","background-repeat":"repeat","background-position":"center center","background-size":"auto","background-attachment":"scroll","background-type":"","background-media":"","overlay-type":"","overlay-color":"","overlay-opacity":"","overlay-gradient":""}},"ast-content-background-meta":{"desktop":{"background-color":"var(--ast-global-color-5)","background-image":"","background-repeat":"repeat","background-position":"center center","background-size":"auto","background-attachment":"scroll","background-type":"","background-media":"","overlay-type":"","overlay-color":"","overlay-opacity":"","overlay-gradient":""},"tablet":{"background-color":"var(--ast-global-color-5)","background-image":"","background-repeat":"repeat","background-position":"center center","background-size":"auto","background-attachment":"scroll","background-type":"","background-media":"","overlay-type":"","overlay-color":"","overlay-opacity":"","overlay-gradient":""},"mobile":{"background-color":"var(--ast-global-color-5)","background-image":"","background-repeat":"repeat","background-position":"center center","background-size":"auto","background-attachment":"scroll","background-type":"","background-media":"","overlay-type":"","overlay-color":"","overlay-opacity":"","overlay-gradient":""}},"footnotes":""},"class_list":["post-5311","page","type-page","status-publish","has-post-thumbnail","hentry"],"uagb_featured_image_src":{"full":["https:\/\/www.univ-sba.dz\/snv\/wp-content\/uploads\/2025\/11\/RESPONSABLR.png",609,442,false],"thumbnail":["https:\/\/www.univ-sba.dz\/snv\/wp-content\/uploads\/2025\/11\/RESPONSABLR-200x300.png",200,300,true],"medium":["https:\/\/www.univ-sba.dz\/snv\/wp-content\/uploads\/2025\/11\/RESPONSABLR-300x218.png",300,218,true],"medium_large":["https:\/\/www.univ-sba.dz\/snv\/wp-content\/uploads\/2025\/11\/RESPONSABLR.png",609,442,false],"large":["https:\/\/www.univ-sba.dz\/snv\/wp-content\/uploads\/2025\/11\/RESPONSABLR.png",609,442,false],"1536x1536":["https:\/\/www.univ-sba.dz\/snv\/wp-content\/uploads\/2025\/11\/RESPONSABLR.png",609,442,false],"2048x2048":["https:\/\/www.univ-sba.dz\/snv\/wp-content\/uploads\/2025\/11\/RESPONSABLR.png",609,442,false]},"uagb_author_info":{"display_name":"admfsnv","author_link":"https:\/\/www.univ-sba.dz\/snv\/author\/admfsnv\/"},"uagb_comment_info":0,"uagb_excerpt":"LISTE DES RESPONSABLES DU DOMAINE, DES FILI\u00c8RES, LICENCES ET MASTERS D\u00c9PARTEMENT DE BIOLOGIE Modifier N\u00b0 Nom et Pr\u00e9nom Fonction Sp\u00e9cialit\u00e9 1 Pr. BEN ABDERRAHMANE Mokhtar Responsable du domaine \u2014 2 Pr. MEHIDA Hayet Responsable de la fili\u00e8re Sciences biologiques 3 Dr. SABRI Nadia Responsable de la fili\u00e8re Sciences alimentaires 4 Dr. MAI Hichem Abdessalem Responsable\u2026","rttpg_featured_image_url":{"full":["https:\/\/www.univ-sba.dz\/snv\/wp-content\/uploads\/2025\/11\/RESPONSABLR.png",609,442,false],"landscape":["https:\/\/www.univ-sba.dz\/snv\/wp-content\/uploads\/2025\/11\/RESPONSABLR.png",609,442,false],"portraits":["https:\/\/www.univ-sba.dz\/snv\/wp-content\/uploads\/2025\/11\/RESPONSABLR.png",609,442,false],"thumbnail":["https:\/\/www.univ-sba.dz\/snv\/wp-content\/uploads\/2025\/11\/RESPONSABLR-200x300.png",200,300,true],"medium":["https:\/\/www.univ-sba.dz\/snv\/wp-content\/uploads\/2025\/11\/RESPONSABLR-300x218.png",300,218,true],"large":["https:\/\/www.univ-sba.dz\/snv\/wp-content\/uploads\/2025\/11\/RESPONSABLR.png",609,442,false],"1536x1536":["https:\/\/www.univ-sba.dz\/snv\/wp-content\/uploads\/2025\/11\/RESPONSABLR.png",609,442,false],"2048x2048":["https:\/\/www.univ-sba.dz\/snv\/wp-content\/uploads\/2025\/11\/RESPONSABLR.png",609,442,false]},"rttpg_author":{"display_name":"admfsnv","author_link":"https:\/\/www.univ-sba.dz\/snv\/author\/admfsnv\/"},"rttpg_comment":0,"rttpg_category":" <a href=\"https:\/\/www.univ-sba.dz\/snv\/fr\/\" rel=\"tag\">Fran\u00e7ais<\/a>","rttpg_excerpt":"LISTE DES RESPONSABLES DU DOMAINE, DES FILI\u00c8RES, LICENCES ET MASTERS D\u00c9PARTEMENT DE BIOLOGIE Modifier N\u00b0 Nom et Pr\u00e9nom Fonction Sp\u00e9cialit\u00e9 1 Pr. BEN ABDERRAHMANE Mokhtar Responsable du domaine \u2014 2 Pr. MEHIDA Hayet Responsable de la fili\u00e8re Sciences biologiques 3 Dr. SABRI Nadia Responsable de la fili\u00e8re Sciences alimentaires 4 Dr. MAI Hichem Abdessalem Responsable\u2026","_links":{"self":[{"href":"https:\/\/www.univ-sba.dz\/snv\/wp-json\/wp\/v2\/pages\/5311","targetHints":{"allow":["GET"]}}],"collection":[{"href":"https:\/\/www.univ-sba.dz\/snv\/wp-json\/wp\/v2\/pages"}],"about":[{"href":"https:\/\/www.univ-sba.dz\/snv\/wp-json\/wp\/v2\/types\/page"}],"author":[{"embeddable":true,"href":"https:\/\/www.univ-sba.dz\/snv\/wp-json\/wp\/v2\/users\/3"}],"replies":[{"embeddable":true,"href":"https:\/\/www.univ-sba.dz\/snv\/wp-json\/wp\/v2\/comments?post=5311"}],"version-history":[{"count":8,"href":"https:\/\/www.univ-sba.dz\/snv\/wp-json\/wp\/v2\/pages\/5311\/revisions"}],"predecessor-version":[{"id":8947,"href":"https:\/\/www.univ-sba.dz\/snv\/wp-json\/wp\/v2\/pages\/5311\/revisions\/8947"}],"wp:featuredmedia":[{"embeddable":true,"href":"https:\/\/www.univ-sba.dz\/snv\/wp-json\/wp\/v2\/media\/8938"}],"wp:attachment":[{"href":"https:\/\/www.univ-sba.dz\/snv\/wp-json\/wp\/v2\/media?parent=5311"}],"curies":[{"name":"wp","href":"https:\/\/api.w.org\/{rel}","templated":true}]}}