{"id":5744,"date":"2025-07-15T13:21:36","date_gmt":"2025-07-15T11:21:36","guid":{"rendered":"https:\/\/www.univ-sba.dz\/snv\/?page_id=5744"},"modified":"2025-12-07T12:30:47","modified_gmt":"2025-12-07T11:30:47","slug":"liste-des-enseignants-de-departement-de-biologie","status":"publish","type":"page","link":"https:\/\/www.univ-sba.dz\/snv\/fr\/liste-des-enseignants-de-departement-de-biologie\/","title":{"rendered":"liste des enseignants de departement de biologie"},"content":{"rendered":"\t\t<div data-elementor-type=\"wp-page\" data-elementor-id=\"5744\" class=\"elementor elementor-5744\">\n\t\t\t\t<div class=\"elementor-element elementor-element-464af0d e-flex e-con-boxed e-con e-parent\" data-id=\"464af0d\" data-element_type=\"container\">\n\t\t\t\t\t<div class=\"e-con-inner\">\n\t\t<div class=\"elementor-element elementor-element-ce835b0 e-con-full e-flex e-con e-child\" data-id=\"ce835b0\" data-element_type=\"container\">\n\t\t\t\t<div class=\"elementor-element elementor-element-86066c3 elementor-widget elementor-widget-image\" data-id=\"86066c3\" data-element_type=\"widget\" data-widget_type=\"image.default\">\n\t\t\t\t<div class=\"elementor-widget-container\">\n\t\t\t\t\t\t\t\t\t\t\t\t\t\t\t<img fetchpriority=\"high\" decoding=\"async\" width=\"209\" height=\"242\" src=\"https:\/\/www.univ-sba.dz\/snv\/wp-content\/uploads\/edd\/2025\/07\/images.png\" class=\"attachment-large size-large wp-image-5693\" alt=\"\" \/>\t\t\t\t\t\t\t\t\t\t\t\t\t\t\t<\/div>\n\t\t\t\t<\/div>\n\t\t\t\t<\/div>\n\t\t<div class=\"elementor-element elementor-element-29fe214 e-con-full e-flex e-con e-child\" data-id=\"29fe214\" data-element_type=\"container\">\n\t\t\t\t<div class=\"elementor-element elementor-element-964fecb elementor-widget elementor-widget-elementskit-tablepress\" data-id=\"964fecb\" data-element_type=\"widget\" data-widget_type=\"elementskit-tablepress.default\">\n\t\t\t\t<div class=\"elementor-widget-container\">\n\t\t\t\t\t<div class=\"elemenetskit-tablepress ekit-wid-con\" id=\"ekit_tablepress_964fecb\"><h2 id=\"tablepress-54-name\" class=\"tablepress-table-name tablepress-table-name-id-54\">LISTE NOMINATIVE DES PROFESSEURS DU DEPARTEMENT DES SCIENCES DE BIOLOGIE<\/h2>\n\n<table id=\"tablepress-54\" class=\"tablepress tablepress-id-54\" aria-labelledby=\"tablepress-54-name\">\n<thead>\n<tr class=\"row-1\">\n\t<td class=\"column-1\"><\/td><td class=\"column-2\"><\/td><td class=\"column-3\"><\/td><td class=\"column-4\"><\/td><td class=\"column-5\"><\/td>\n<\/tr>\n<\/thead>\n<tbody class=\"row-striping row-hover\">\n<tr class=\"row-2\">\n\t<td class=\"column-1\">professeur<\/td><td class=\"column-2\"><\/td><td class=\"column-3\"><\/td><td class=\"column-4\"><\/td><td class=\"column-5\"><\/td>\n<\/tr>\n<tr class=\"row-3\">\n\t<td class=\"column-1\">\u00b0N<\/td><td class=\"column-2\">       Nom et Pr\u00e9nom      <\/td><td class=\"column-3\">Diplo\u0302me<\/td><td class=\"column-4\">Specialit\u00e9<\/td><td class=\"column-5\">Observation<\/td>\n<\/tr>\n<tr class=\"row-4\">\n\t<td class=\"column-1\">1<\/td><td class=\"column-2\">MOULESSEHOUL  Soraya<\/td><td class=\"column-3\"> Doctorat  <\/td><td class=\"column-4\">Biologie de la cellule normale et pathologique <\/td><td class=\"column-5\"><\/td>\n<\/tr>\n<tr class=\"row-5\">\n\t<td class=\"column-1\">2<\/td><td class=\"column-2\">BENDAHMANE Malika<\/td><td class=\"column-3\"> Doctorat  <\/td><td class=\"column-4\">biologie de la reproduction <\/td><td class=\"column-5\"><\/td>\n<\/tr>\n<tr class=\"row-6\">\n\t<td class=\"column-1\">3<\/td><td class=\"column-2\">ZAHZEH Touria<\/td><td class=\"column-3\"> Doctorat  <\/td><td class=\"column-4\">Biologie<\/td><td class=\"column-5\"><\/td>\n<\/tr>\n<tr class=\"row-7\">\n\t<td class=\"column-1\">4<\/td><td class=\"column-2\">KHALED Meghit  Boumediene<\/td><td class=\"column-3\"> Doctorat  <\/td><td class=\"column-4\">Biologie<\/td><td class=\"column-5\"><\/td>\n<\/tr>\n<tr class=\"row-8\">\n\t<td class=\"column-1\">5<\/td><td class=\"column-2\">DEMMOUCHE Abbassia<\/td><td class=\"column-3\"> Doctorat  <\/td><td class=\"column-4\">Biologie<\/td><td class=\"column-5\"><\/td>\n<\/tr>\n<tr class=\"row-9\">\n\t<td class=\"column-1\">6<\/td><td class=\"column-2\">HARIR Nouria<\/td><td class=\"column-3\"> Doctorat  <\/td><td class=\"column-4\">Immunologie<\/td><td class=\"column-5\"><\/td>\n<\/tr>\n<tr class=\"row-10\">\n\t<td class=\"column-1\">7<\/td><td class=\"column-2\"> ADDOU Lynda<\/td><td class=\"column-3\"> Doctorat  <\/td><td class=\"column-4\">Biologie<\/td><td class=\"column-5\"><\/td>\n<\/tr>\n<tr class=\"row-11\">\n\t<td class=\"column-1\">8<\/td><td class=\"column-2\"> BESSAM Hassiba<\/td><td class=\"column-3\">Doctorat de troisi\u00e8me cycle<\/td><td class=\"column-4\">Biologie cellulaire et moleculaire<\/td><td class=\"column-5\"><\/td>\n<\/tr>\n<tr class=\"row-12\">\n\t<td class=\"column-1\">9<\/td><td class=\"column-2\">MARROKI Ahmed<\/td><td class=\"column-3\"> Doctorat  <\/td><td class=\"column-4\"> Science Biologiques<\/td><td class=\"column-5\"><\/td>\n<\/tr>\n<tr class=\"row-13\">\n\t<td class=\"column-1\">10<\/td><td class=\"column-2\">MEZIANI Samira<\/td><td class=\"column-3\"> Doctorat  <\/td><td class=\"column-4\"> Science Biologiques<\/td><td class=\"column-5\"><\/td>\n<\/tr>\n<tr class=\"row-14\">\n\t<td class=\"column-1\">11<\/td><td class=\"column-2\">MENADI Norredine<\/td><td class=\"column-3\"> Doctorat  <\/td><td class=\"column-4\"> Science Biologiques<\/td><td class=\"column-5\"><\/td>\n<\/tr>\n<tr class=\"row-15\">\n\t<td class=\"column-1\">12<\/td><td class=\"column-2\">HAOUD Khadidja<\/td><td class=\"column-3\"> Doctorat  <\/td><td class=\"column-4\">Science de la vie et de la sant\u00e9<\/td><td class=\"column-5\"><\/td>\n<\/tr>\n<tr class=\"row-16\">\n\t<td class=\"column-1\">13<\/td><td class=\"column-2\">BENABDERRAHMANE Mokhtar<\/td><td class=\"column-3\"> Doctorat  <\/td><td class=\"column-4\">Biologie<\/td><td class=\"column-5\"><\/td>\n<\/tr>\n<tr class=\"row-17\">\n\t<td class=\"column-1\">14<\/td><td class=\"column-2\">KANOUN Khedoudja<\/td><td class=\"column-3\"> Doctorat  <\/td><td class=\"column-4\"> Science Biologiques<\/td><td class=\"column-5\"><\/td>\n<\/tr>\n<tr class=\"row-18\">\n\t<td class=\"column-1\">15<\/td><td class=\"column-2\">DIAF Mustapha<\/td><td class=\"column-3\"> Doctorat  <\/td><td class=\"column-4\"> Science Biologiques<\/td><td class=\"column-5\"><\/td>\n<\/tr>\n<tr class=\"row-19\">\n\t<td class=\"column-1\">16<\/td><td class=\"column-2\">ZEMRI Khalida<\/td><td class=\"column-3\"> Doctorat  <\/td><td class=\"column-4\"> Science de  l'Environnement<\/td><td class=\"column-5\"><\/td>\n<\/tr>\n<tr class=\"row-20\">\n\t<td class=\"column-1\">17<\/td><td class=\"column-2\"> BOUSMAHA Leila<\/td><td class=\"column-3\"> Doctorat  <\/td><td class=\"column-4\">Biologie<\/td><td class=\"column-5\"><\/td>\n<\/tr>\n<tr class=\"row-21\">\n\t<td class=\"column-1\">18<\/td><td class=\"column-2\">EL KADI Fatima Zohra<\/td><td class=\"column-3\"> Doctorat  <\/td><td class=\"column-4\"> Science Biologiques<\/td><td class=\"column-5\"><\/td>\n<\/tr>\n<tr class=\"row-22\">\n\t<td class=\"column-1\">19<\/td><td class=\"column-2\">BOUCHENTOUF Amina Angelika<\/td><td class=\"column-3\"> Doctorat  <\/td><td class=\"column-4\">Math\u00e9matique<\/td><td class=\"column-5\"><\/td>\n<\/tr>\n<tr class=\"row-23\">\n\t<td class=\"column-1\">20<\/td><td class=\"column-2\">BELMAMOUN Ahmed  Reda<\/td><td class=\"column-3\"> Doctorat  <\/td><td class=\"column-4\"> Science Biologiques<\/td><td class=\"column-5\"><\/td>\n<\/tr>\n<tr class=\"row-24\">\n\t<td class=\"column-1\">21<\/td><td class=\"column-2\">ZAIRI Mohamed<\/td><td class=\"column-3\"> Doctorat  <\/td><td class=\"column-4\"> Science Biologiques<\/td><td class=\"column-5\">Vice Doyen<\/td>\n<\/tr>\n<tr class=\"row-25\">\n\t<td class=\"column-1\">Ma\u00eetre de conf\u00e9rences de classe A<\/td><td class=\"column-2\"><\/td><td class=\"column-3\"><\/td><td class=\"column-4\"><\/td><td class=\"column-5\"><\/td>\n<\/tr>\n<tr class=\"row-26\">\n\t<td class=\"column-1\">\u00b0N<\/td><td class=\"column-2\">       Nom et Pr\u00e9nom      <\/td><td class=\"column-3\">Diplo\u0302me<\/td><td class=\"column-4\">Specialit\u00e9<\/td><td class=\"column-5\">Observation<\/td>\n<\/tr>\n<tr class=\"row-27\">\n\t<td class=\"column-1\">1<\/td><td class=\"column-2\">CHENNI Fatima Zohra<\/td><td class=\"column-3\"> Doctorat  <\/td><td class=\"column-4\"> Science Biologiques<\/td><td class=\"column-5\"><\/td>\n<\/tr>\n<tr class=\"row-28\">\n\t<td class=\"column-1\">2<\/td><td class=\"column-2\">BENINE Mohammed Lamine<\/td><td class=\"column-3\"> Doctorat  <\/td><td class=\"column-4\"> Science Biologiques<\/td><td class=\"column-5\"><\/td>\n<\/tr>\n<tr class=\"row-29\">\n\t<td class=\"column-1\">3<\/td><td class=\"column-2\">SEBAA Amel<\/td><td class=\"column-3\"> Doctorat  <\/td><td class=\"column-4\"> Science Biologiques<\/td><td class=\"column-5\"><\/td>\n<\/tr>\n<tr class=\"row-30\">\n\t<td class=\"column-1\">4<\/td><td class=\"column-2\">BELKESSAM Yamina<\/td><td class=\"column-3\"> Doctorat  <\/td><td class=\"column-4\">Biologie<\/td><td class=\"column-5\">Adjoint chef de d\u00e9partement<\/td>\n<\/tr>\n<tr class=\"row-31\">\n\t<td class=\"column-1\">5<\/td><td class=\"column-2\">BACHIR BOUIADJRA Chahrazad<\/td><td class=\"column-3\"> Doctorat  <\/td><td class=\"column-4\"> Science Biologiques<\/td><td class=\"column-5\"><\/td>\n<\/tr>\n<tr class=\"row-32\">\n\t<td class=\"column-1\">6<\/td><td class=\"column-2\">CHAMA Zouaouia<\/td><td class=\"column-3\"> Doctorat  <\/td><td class=\"column-4\">Sciences biologique  Biologie de la cellule normale et pathologique (Cas des cancers)<\/td><td class=\"column-5\"><\/td>\n<\/tr>\n<tr class=\"row-33\">\n\t<td class=\"column-1\">7<\/td><td class=\"column-2\">EL BADAOUI Naima<\/td><td class=\"column-3\"> Doctorat  <\/td><td class=\"column-4\"> Science Biologiques<\/td><td class=\"column-5\"><\/td>\n<\/tr>\n<tr class=\"row-34\">\n\t<td class=\"column-1\">8<\/td><td class=\"column-2\">TIBOURA Ghania<\/td><td class=\"column-3\"> Doctorat  <\/td><td class=\"column-4\"> Science Biologiques<\/td><td class=\"column-5\"><\/td>\n<\/tr>\n<tr class=\"row-35\">\n\t<td class=\"column-1\">9<\/td><td class=\"column-2\">ABDELMALEK Asmaa<\/td><td class=\"column-3\"> Doctorat  <\/td><td class=\"column-4\">Microbiologie Alimentaire<\/td><td class=\"column-5\"><\/td>\n<\/tr>\n<tr class=\"row-36\">\n\t<td class=\"column-1\">10<\/td><td class=\"column-2\">ZAHZEH Meriem Rabea<\/td><td class=\"column-3\"> Doctorat  <\/td><td class=\"column-4\"> Science Biologiques<\/td><td class=\"column-5\"><\/td>\n<\/tr>\n<tr class=\"row-37\">\n\t<td class=\"column-1\">11<\/td><td class=\"column-2\">GUENAOUI Kheira<\/td><td class=\"column-3\"> Doctorat  <\/td><td class=\"column-4\"> Science Biologiques<\/td><td class=\"column-5\"><\/td>\n<\/tr>\n<tr class=\"row-38\">\n\t<td class=\"column-1\">12<\/td><td class=\"column-2\">REMIL Asma<\/td><td class=\"column-3\"> Doctorat  <\/td><td class=\"column-4\">Biologie de la cellule normale et pathologique <\/td><td class=\"column-5\"><\/td>\n<\/tr>\n<tr class=\"row-39\">\n\t<td class=\"column-1\">13<\/td><td class=\"column-2\">ZINEDDINE Esma<\/td><td class=\"column-3\"> Doctorat  <\/td><td class=\"column-4\">  Science Biologiques biologie de la reproduction et du d\u00e9veloppement<\/td><td class=\"column-5\"><\/td>\n<\/tr>\n<tr class=\"row-40\">\n\t<td class=\"column-1\">14<\/td><td class=\"column-2\">SARSAR Fatima Zohra<\/td><td class=\"column-3\"> Doctorat  <\/td><td class=\"column-4\">Science Biologiques biochimie et sant\u00e9<\/td><td class=\"column-5\">Adjoint chef de d\u00e9partement<\/td>\n<\/tr>\n<tr class=\"row-41\">\n\t<td class=\"column-1\">15<\/td><td class=\"column-2\">DRA Amira Ghislaine<\/td><td class=\"column-3\"> Doctorat  <\/td><td class=\"column-4\">Science Biologiques biochimie-immunologie<\/td><td class=\"column-5\"><\/td>\n<\/tr>\n<tr class=\"row-42\">\n\t<td class=\"column-1\">16<\/td><td class=\"column-2\">BENABBOU Amina<\/td><td class=\"column-3\"> Doctorat  <\/td><td class=\"column-4\">  Science Biologiques biologie de la reproduction et du d\u00e9veloppement<\/td><td class=\"column-5\"><\/td>\n<\/tr>\n<tr class=\"row-43\">\n\t<td class=\"column-1\">17<\/td><td class=\"column-2\">BENALIA Abdelkarim<\/td><td class=\"column-3\"> Doctorat  <\/td><td class=\"column-4\"> Science Biologiques<\/td><td class=\"column-5\"><\/td>\n<\/tr>\n<tr class=\"row-44\">\n\t<td class=\"column-1\">18<\/td><td class=\"column-2\">OURAMDANE Refka<\/td><td class=\"column-3\"> Doctorat  <\/td><td class=\"column-4\"> Science Biologiques<\/td><td class=\"column-5\"><\/td>\n<\/tr>\n<tr class=\"row-45\">\n\t<td class=\"column-1\">19<\/td><td class=\"column-2\">BOAUZZA Sofiane<\/td><td class=\"column-3\"> Doctorat  <\/td><td class=\"column-4\">Biotoxicologie et sant\u00e9 publique<\/td><td class=\"column-5\">Chef de d\u00e9partement<\/td>\n<\/tr>\n<tr class=\"row-46\">\n\t<td class=\"column-1\">20<\/td><td class=\"column-2\">DERRAS Hadria<\/td><td class=\"column-3\"> Doctorat  <\/td><td class=\"column-4\">  Science Biologiques biologie de la reproduction et du d\u00e9veloppement<\/td><td class=\"column-5\"><\/td>\n<\/tr>\n<tr class=\"row-47\">\n\t<td class=\"column-1\">21<\/td><td class=\"column-2\">REMLA Nesrine<\/td><td class=\"column-3\"> Doctorat  <\/td><td class=\"column-4\">Biologie de la cellule normale et pathologique <\/td><td class=\"column-5\"><\/td>\n<\/tr>\n<tr class=\"row-48\">\n\t<td class=\"column-1\">     Ma\u00eetre de conf\u00e9rences de classe B<\/td><td class=\"column-2\"><\/td><td class=\"column-3\"><\/td><td class=\"column-4\"><\/td><td class=\"column-5\"><\/td>\n<\/tr>\n<tr class=\"row-49\">\n\t<td class=\"column-1\">\u00b0N<\/td><td class=\"column-2\">       Nom et Pr\u00e9nom      <\/td><td class=\"column-3\">Diplo\u0302me<\/td><td class=\"column-4\">Specialit\u00e9<\/td><td class=\"column-5\">Observation<\/td>\n<\/tr>\n<tr class=\"row-50\">\n\t<td class=\"column-1\">1<\/td><td class=\"column-2\">HAMMAR Kheira<\/td><td class=\"column-3\"> Doctorat  <\/td><td class=\"column-4\"> Science Biologiques<\/td><td class=\"column-5\"><\/td>\n<\/tr>\n<tr class=\"row-51\">\n\t<td class=\"column-1\">2<\/td><td class=\"column-2\">DRICI Amine El mokhtar<\/td><td class=\"column-3\"> Doctorat  <\/td><td class=\"column-4\">Sciences biologique  Biologie de la cellule normale et pathologique (Cas des cancers)<\/td><td class=\"column-5\"><\/td>\n<\/tr>\n<tr class=\"row-52\">\n\t<td class=\"column-1\">3<\/td><td class=\"column-2\">MAI Abdesselam Hichem<\/td><td class=\"column-3\"> Doctorat  <\/td><td class=\"column-4\"> Science Biologiques<\/td><td class=\"column-5\"><\/td>\n<\/tr>\n<tr class=\"row-53\">\n\t<td class=\"column-1\">4<\/td><td class=\"column-2\">SENOUCI Amal<\/td><td class=\"column-3\"> Doctorat  <\/td><td class=\"column-4\">Sciences biologique  Biologie de la cellule normale et pathologique (Cas des cancers)<\/td><td class=\"column-5\"><\/td>\n<\/tr>\n<tr class=\"row-54\">\n\t<td class=\"column-1\">5<\/td><td class=\"column-2\">GHALEM Mimouna<\/td><td class=\"column-3\"> Doctorat  <\/td><td class=\"column-4\"> Science Biologiques<\/td><td class=\"column-5\"><\/td>\n<\/tr>\n<tr class=\"row-55\">\n\t<td class=\"column-1\">6<\/td><td class=\"column-2\">HAZEM Zouaoui<\/td><td class=\"column-3\"> Doctorat  <\/td><td class=\"column-4\">Environnement<\/td><td class=\"column-5\"><\/td>\n<\/tr>\n<tr class=\"row-56\">\n\t<td class=\"column-1\">7<\/td><td class=\"column-2\">TIRSE Malika<\/td><td class=\"column-3\"> Doctorat  <\/td><td class=\"column-4\"> Science de l'Environnement<\/td><td class=\"column-5\"><\/td>\n<\/tr>\n<tr class=\"row-57\">\n\t<td class=\"column-1\">8<\/td><td class=\"column-2\">ZEGGAI Souad<\/td><td class=\"column-3\"> Doctorat  <\/td><td class=\"column-4\">Sciences biologique  Biologie de la cellule normale et pathologique (Cas des cancers)<\/td><td class=\"column-5\"><\/td>\n<\/tr>\n<tr class=\"row-58\">\n\t<td class=\"column-1\">9<\/td><td class=\"column-2\">BENALI Amina  Im\u00e9ne<\/td><td class=\"column-3\"> Doctorat  <\/td><td class=\"column-4\"> Science Biologiques<\/td><td class=\"column-5\">mise \u00e0 disposition<\/td>\n<\/tr>\n<tr class=\"row-59\">\n\t<td class=\"column-1\">10<\/td><td class=\"column-2\">OUALI Sihame<\/td><td class=\"column-3\"> Doctorat  <\/td><td class=\"column-4\">biochimie-immunologie<\/td><td class=\"column-5\"><\/td>\n<\/tr>\n<tr class=\"row-60\">\n\t<td class=\"column-1\">11<\/td><td class=\"column-2\">KHALOUA Zine Charaf<\/td><td class=\"column-3\"> Doctorat  <\/td><td class=\"column-4\">Biotoxicologie et sant\u00e9 public<\/td><td class=\"column-5\"><\/td>\n<\/tr>\n<tr class=\"row-61\">\n\t<td class=\"column-1\">12<\/td><td class=\"column-2\">ACHEMAOUI Amine<\/td><td class=\"column-3\"> Doctorat  <\/td><td class=\"column-4\"> Science Biologiques<\/td><td class=\"column-5\"><\/td>\n<\/tr>\n<tr class=\"row-62\">\n\t<td class=\"column-1\">13<\/td><td class=\"column-2\">AISSAT Amina<\/td><td class=\"column-3\"> Doctorat  <\/td><td class=\"column-4\">Biologie et biodiverst\u00e9 v\u00e9g\u00e9tale<\/td><td class=\"column-5\"><\/td>\n<\/tr>\n<tr class=\"row-63\">\n\t<td class=\"column-1\">14<\/td><td class=\"column-2\">KAOUADJI Zoubeyda<\/td><td class=\"column-3\"> Doctorat  <\/td><td class=\"column-4\">G\u00e9n\u00e9tique appliqu\u00e9\u00e9<\/td><td class=\"column-5\"><\/td>\n<\/tr>\n<tr class=\"row-64\">\n\t<td class=\"column-1\">Ma\u00eetre assistant de classe A<\/td><td class=\"column-2\"><\/td><td class=\"column-3\"><\/td><td class=\"column-4\"><\/td><td class=\"column-5\"><\/td>\n<\/tr>\n<tr class=\"row-65\">\n\t<td class=\"column-1\">\u00b0N<\/td><td class=\"column-2\">       Nom et Pr\u00e9nom      <\/td><td class=\"column-3\">Diplo\u0302me<\/td><td class=\"column-4\">Specialit\u00e9<\/td><td class=\"column-5\">Observation<\/td>\n<\/tr>\n<tr class=\"row-66\">\n\t<td class=\"column-1\">1<\/td><td class=\"column-2\">CHABANE Fatiha<\/td><td class=\"column-3\">Magister<\/td><td class=\"column-4\">Ecologie animale<\/td><td class=\"column-5\"><\/td>\n<\/tr>\n<tr class=\"row-67\">\n\t<td class=\"column-1\">2<\/td><td class=\"column-2\">ALLAM Mustapha<\/td><td class=\"column-3\">Magister<\/td><td class=\"column-4\">Biologie<\/td><td class=\"column-5\"><\/td>\n<\/tr>\n<tr class=\"row-68\">\n\t<td class=\"column-1\">3<\/td><td class=\"column-2\">SABRI Nadia<\/td><td class=\"column-3\">Magister<\/td><td class=\"column-4\">Biologie<\/td><td class=\"column-5\"><\/td>\n<\/tr>\n<tr class=\"row-69\">\n\t<td class=\"column-1\">4<\/td><td class=\"column-2\">AOUISSAT Hanane<\/td><td class=\"column-3\">Magister<\/td><td class=\"column-4\">Biologie<\/td><td class=\"column-5\"><\/td>\n<\/tr>\n<tr class=\"row-70\">\n\t<td class=\"column-1\">5<\/td><td class=\"column-2\">HOUBAD Khadidja<\/td><td class=\"column-3\">Magister<\/td><td class=\"column-4\">Microbiologie<\/td><td class=\"column-5\"><\/td>\n<\/tr>\n<tr class=\"row-71\">\n\t<td class=\"column-1\"><\/td><td class=\"column-2\"><\/td><td class=\"column-3\"><\/td><td class=\"column-4\"><\/td><td class=\"column-5\"><\/td>\n<\/tr>\n<tr class=\"row-72\">\n\t<td class=\"column-1\"><\/td><td class=\"column-2\"><\/td><td class=\"column-3\"><\/td><td class=\"column-4\">sidi bel abb\u00e9s<\/td><td class=\"column-5\"><\/td>\n<\/tr>\n<\/tbody>\n<\/table>\n<\/div>\t\t\t\t<\/div>\n\t\t\t\t<\/div>\n\t\t\t\t<\/div>\n\t\t\t\t\t<\/div>\n\t\t\t\t<\/div>\n\t\t\t\t<\/div>\n\t\t<div style=\"margin: 20px 0;\"><div class=\"qrcswholewtapper\" style=\"text-align:left;\"><div class=\"qrcprowrapper\"  id=\"qrcwraa2leds\"><div class=\"qrc_canvass\" id=\"qrc_cuttenpages_2\" style=\"display:inline-block\" data-text=\"https:\/\/www.univ-sba.dz\/snv\/fr\/liste-des-enseignants-de-departement-de-biologie\/\"><\/div><div><a download=\"liste des enseignants de departement de biologie.png\" class=\"qrcdownloads\" id=\"worign\">\r\n           <button type=\"button\" style=\"min-width:200px;background:#44d813;color:#000;font-weight: 600;border: 1px solid #44d813;border-radius:20px;font-size:12px;padding: 6px 0;\" class=\"uqr_code_btn\">Download QR \ud83e\udc7b<\/button>\r\n           <\/a><\/div><\/div><\/div><\/div>","protected":false},"excerpt":{"rendered":"<p>LISTE NOMINATIVE DES PROFESSEURS DU DEPARTEMENT DES SCIENCES DE BIOLOGIE Modifier professeur \u00b0N Nom et Pr\u00e9nom Diplo\u0302me Specialit\u00e9 Observation 1 MOULESSEHOUL Soraya Doctorat Biologie de la cellule normale et pathologique 2 BENDAHMANE Malika Doctorat biologie de la reproduction 3 ZAHZEH Touria Doctorat Biologie 4 KHALED Meghit Boumediene Doctorat Biologie 5 DEMMOUCHE Abbassia Doctorat Biologie 6 [&hellip;]<\/p>\n","protected":false},"author":3,"featured_media":0,"parent":0,"menu_order":0,"comment_status":"closed","ping_status":"closed","template":"","meta":{"_uag_custom_page_level_css":"","postBodyCss":"","postBodyMargin":[],"postBodyPadding":[],"postBodyBackground":{"backgroundType":"classic","gradient":""},"site-sidebar-layout":"no-sidebar","site-content-layout":"page-builder","ast-site-content-layout":"full-width-container","site-content-style":"default","site-sidebar-style":"default","ast-global-header-display":"","ast-banner-title-visibility":"","ast-main-header-display":"","ast-hfb-above-header-display":"","ast-hfb-below-header-display":"","ast-hfb-mobile-header-display":"","site-post-title":"disabled","ast-breadcrumbs-content":"","ast-featured-img":"disabled","footer-sml-layout":"","ast-disable-related-posts":"","theme-transparent-header-meta":"","adv-header-id-meta":"","stick-header-meta":"","header-above-stick-meta":"","header-main-stick-meta":"","header-below-stick-meta":"","astra-migrate-meta-layouts":"set","ast-page-background-enabled":"default","ast-page-background-meta":{"desktop":{"background-color":"var(--ast-global-color-4)","background-image":"","background-repeat":"repeat","background-position":"center center","background-size":"auto","background-attachment":"scroll","background-type":"","background-media":"","overlay-type":"","overlay-color":"","overlay-opacity":"","overlay-gradient":""},"tablet":{"background-color":"","background-image":"","background-repeat":"repeat","background-position":"center center","background-size":"auto","background-attachment":"scroll","background-type":"","background-media":"","overlay-type":"","overlay-color":"","overlay-opacity":"","overlay-gradient":""},"mobile":{"background-color":"","background-image":"","background-repeat":"repeat","background-position":"center center","background-size":"auto","background-attachment":"scroll","background-type":"","background-media":"","overlay-type":"","overlay-color":"","overlay-opacity":"","overlay-gradient":""}},"ast-content-background-meta":{"desktop":{"background-color":"var(--ast-global-color-5)","background-image":"","background-repeat":"repeat","background-position":"center center","background-size":"auto","background-attachment":"scroll","background-type":"","background-media":"","overlay-type":"","overlay-color":"","overlay-opacity":"","overlay-gradient":""},"tablet":{"background-color":"var(--ast-global-color-5)","background-image":"","background-repeat":"repeat","background-position":"center center","background-size":"auto","background-attachment":"scroll","background-type":"","background-media":"","overlay-type":"","overlay-color":"","overlay-opacity":"","overlay-gradient":""},"mobile":{"background-color":"var(--ast-global-color-5)","background-image":"","background-repeat":"repeat","background-position":"center center","background-size":"auto","background-attachment":"scroll","background-type":"","background-media":"","overlay-type":"","overlay-color":"","overlay-opacity":"","overlay-gradient":""}},"footnotes":""},"class_list":["post-5744","page","type-page","status-publish","hentry"],"uagb_featured_image_src":{"full":false,"thumbnail":false,"medium":false,"medium_large":false,"large":false,"1536x1536":false,"2048x2048":false},"uagb_author_info":{"display_name":"admfsnv","author_link":"https:\/\/www.univ-sba.dz\/snv\/author\/admfsnv\/"},"uagb_comment_info":0,"uagb_excerpt":"LISTE NOMINATIVE DES PROFESSEURS DU DEPARTEMENT DES SCIENCES DE BIOLOGIE Modifier professeur \u00b0N Nom et Pr\u00e9nom Diplo\u0302me Specialit\u00e9 Observation 1 MOULESSEHOUL Soraya Doctorat Biologie de la cellule normale et pathologique 2 BENDAHMANE Malika Doctorat biologie de la reproduction 3 ZAHZEH Touria Doctorat Biologie 4 KHALED Meghit Boumediene Doctorat Biologie 5 DEMMOUCHE Abbassia Doctorat Biologie 6\u2026","rttpg_featured_image_url":null,"rttpg_author":{"display_name":"admfsnv","author_link":"https:\/\/www.univ-sba.dz\/snv\/author\/admfsnv\/"},"rttpg_comment":0,"rttpg_category":" <a href=\"https:\/\/www.univ-sba.dz\/snv\/fr\/\" rel=\"tag\">Fran\u00e7ais<\/a>","rttpg_excerpt":"LISTE NOMINATIVE DES PROFESSEURS DU DEPARTEMENT DES SCIENCES DE BIOLOGIE Modifier professeur \u00b0N Nom et Pr\u00e9nom Diplo\u0302me Specialit\u00e9 Observation 1 MOULESSEHOUL Soraya Doctorat Biologie de la cellule normale et pathologique 2 BENDAHMANE Malika Doctorat biologie de la reproduction 3 ZAHZEH Touria Doctorat Biologie 4 KHALED Meghit Boumediene Doctorat Biologie 5 DEMMOUCHE Abbassia Doctorat Biologie 6\u2026","_links":{"self":[{"href":"https:\/\/www.univ-sba.dz\/snv\/wp-json\/wp\/v2\/pages\/5744","targetHints":{"allow":["GET"]}}],"collection":[{"href":"https:\/\/www.univ-sba.dz\/snv\/wp-json\/wp\/v2\/pages"}],"about":[{"href":"https:\/\/www.univ-sba.dz\/snv\/wp-json\/wp\/v2\/types\/page"}],"author":[{"embeddable":true,"href":"https:\/\/www.univ-sba.dz\/snv\/wp-json\/wp\/v2\/users\/3"}],"replies":[{"embeddable":true,"href":"https:\/\/www.univ-sba.dz\/snv\/wp-json\/wp\/v2\/comments?post=5744"}],"version-history":[{"count":7,"href":"https:\/\/www.univ-sba.dz\/snv\/wp-json\/wp\/v2\/pages\/5744\/revisions"}],"predecessor-version":[{"id":9860,"href":"https:\/\/www.univ-sba.dz\/snv\/wp-json\/wp\/v2\/pages\/5744\/revisions\/9860"}],"wp:attachment":[{"href":"https:\/\/www.univ-sba.dz\/snv\/wp-json\/wp\/v2\/media?parent=5744"}],"curies":[{"name":"wp","href":"https:\/\/api.w.org\/{rel}","templated":true}]}}