{"id":7744,"date":"2025-10-06T23:01:27","date_gmt":"2025-10-06T21:01:27","guid":{"rendered":"https:\/\/www.univ-sba.dz\/snv\/?page_id=7744"},"modified":"2025-10-07T14:53:53","modified_gmt":"2025-10-07T12:53:53","slug":"dernieres-nouvelles-des-etudiants","status":"publish","type":"page","link":"https:\/\/www.univ-sba.dz\/snv\/fr\/dernieres-nouvelles-des-etudiants\/","title":{"rendered":"DERNI\u00c8RES NOUVELLES DES \u00c9TUDIANTS"},"content":{"rendered":"\t\t<div data-elementor-type=\"wp-page\" data-elementor-id=\"7744\" class=\"elementor elementor-7744\">\n\t\t\t\t<div class=\"elementor-element elementor-element-b2bc11d e-flex e-con-boxed e-con e-parent\" data-id=\"b2bc11d\" data-element_type=\"container\">\n\t\t\t\t\t<div class=\"e-con-inner\">\n\t\t<div class=\"elementor-element elementor-element-9a3a04e e-con-full e-flex e-con e-child\" data-id=\"9a3a04e\" data-element_type=\"container\">\n\t\t\t\t<div class=\"elementor-element elementor-element-76fb0b3 elementor-widget elementor-widget-image\" data-id=\"76fb0b3\" data-element_type=\"widget\" data-widget_type=\"image.default\">\n\t\t\t\t<div class=\"elementor-widget-container\">\n\t\t\t\t\t\t\t\t\t\t\t\t\t\t\t<img fetchpriority=\"high\" decoding=\"async\" width=\"609\" height=\"442\" src=\"https:\/\/www.univ-sba.dz\/snv\/wp-content\/uploads\/2025\/10\/22-1.png\" class=\"attachment-large size-large wp-image-7473\" alt=\"\" srcset=\"https:\/\/www.univ-sba.dz\/snv\/wp-content\/uploads\/2025\/10\/22-1.png 609w, https:\/\/www.univ-sba.dz\/snv\/wp-content\/uploads\/2025\/10\/22-1-300x218.png 300w, https:\/\/www.univ-sba.dz\/snv\/wp-content\/uploads\/2025\/10\/22-1-600x435.png 600w\" sizes=\"(max-width: 609px) 100vw, 609px\" \/>\t\t\t\t\t\t\t\t\t\t\t\t\t\t\t<\/div>\n\t\t\t\t<\/div>\n\t\t\t\t<\/div>\n\t\t<div class=\"elementor-element elementor-element-7e53c4a e-con-full e-flex e-con e-child\" data-id=\"7e53c4a\" data-element_type=\"container\">\n\t\t\t\t<div class=\"elementor-element elementor-element-93670dd elementor-widget elementor-widget-elementskit-header-search\" data-id=\"93670dd\" data-element_type=\"widget\" data-widget_type=\"elementskit-header-search.default\">\n\t\t\t\t<div class=\"elementor-widget-container\">\n\t\t\t\t\t<div class=\"ekit-wid-con\" >        <a href=\"#ekit_modal-popup-93670dd\" class=\"ekit_navsearch-button ekit-modal-popup\" aria-label=\"navsearch-button\">\n            <i aria-hidden=\"true\" class=\"icon icon-search\"><\/i>        <\/a>\n        <!-- language switcher strart -->\n        <!-- xs modal -->\n        <div class=\"zoom-anim-dialog mfp-hide ekit_modal-searchPanel\" id=\"ekit_modal-popup-93670dd\">\n            <div class=\"ekit-search-panel\">\n            <!-- Polylang search - thanks to Alain Melsens -->\n                <form role=\"search\" method=\"get\" class=\"ekit-search-group\" action=\"https:\/\/www.univ-sba.dz\/snv\/\">\n                    <input type=\"search\" class=\"ekit_search-field\" aria-label=\"search-form\" placeholder=\"Search...\" value=\"\" name=\"s\">\n\t\t\t\t\t<button type=\"submit\" class=\"ekit_search-button\" aria-label=\"search-button\">\n                        <i aria-hidden=\"true\" class=\"icon icon-search\"><\/i>                    <\/button>\n                <\/form>\n            <\/div>\n        <\/div><!-- End xs modal -->\n        <!-- end language switcher strart -->\n        <\/div>\t\t\t\t<\/div>\n\t\t\t\t<\/div>\n\t\t\t\t<\/div>\n\t\t\t\t\t<\/div>\n\t\t\t\t<\/div>\n\t\t<div class=\"elementor-element elementor-element-ffebbbb e-flex e-con-boxed e-con e-parent\" data-id=\"ffebbbb\" data-element_type=\"container\">\n\t\t\t\t\t<div class=\"e-con-inner\">\n\t\t<div class=\"elementor-element elementor-element-8073c5b e-con-full e-flex e-con e-child\" data-id=\"8073c5b\" data-element_type=\"container\">\n\t\t\t\t<div class=\"elementor-element elementor-element-60732e9 elementor-widget elementor-widget-shortcode\" data-id=\"60732e9\" data-element_type=\"widget\" data-widget_type=\"shortcode.default\">\n\t\t\t\t<div class=\"elementor-widget-container\">\n\t\t\t\t\t\t\t<div class=\"elementor-shortcode\"><style type='text\/css' media='all'>#rt-tpg-container-1258928372 .rt-holder .rt-woo-info .price{color:#0367bf;}body .rt-tpg-container .rt-tpg-isotope-buttons .selected,\n\t\t\t\t\t#rt-tpg-container-1258928372 .layout12 .rt-holder:hover .rt-detail,\n\t\t\t\t\t#rt-tpg-container-1258928372 .isotope8 .rt-holder:hover .rt-detail,\n\t\t\t\t\t#rt-tpg-container-1258928372 .carousel8 .rt-holder:hover .rt-detail,\n\t\t\t\t\t#rt-tpg-container-1258928372 .layout13 .rt-holder .overlay .post-info,\n\t\t\t\t\t#rt-tpg-container-1258928372 .isotope9 .rt-holder .overlay .post-info,\n\t\t\t\t\t#rt-tpg-container-1258928372.rt-tpg-container .layout4 .rt-holder .rt-detail,\n\t\t\t\t\t.rt-modal-1258928372 .md-content,\n\t\t\t\t\t.rt-modal-1258928372 .md-content > .rt-md-content-holder .rt-md-content,\n\t\t\t\t\t.rt-popup-wrap-1258928372.rt-popup-wrap .rt-popup-navigation-wrap,\n\t\t\t\t\t#rt-tpg-container-1258928372 .carousel9 .rt-holder .overlay .post-info{background-color:#0367bf;}#rt-tpg-container-1258928372 .layout5 .rt-holder .overlay, #rt-tpg-container-1258928372 .isotope2 .rt-holder .overlay, #rt-tpg-container-1258928372 .carousel2 .rt-holder .overlay,#rt-tpg-container-1258928372 .layout15 .rt-holder h3, #rt-tpg-container-1258928372 .isotope11 .rt-holder h3, #rt-tpg-container-1258928372 .carousel11 .rt-holder h3, #rt-tpg-container-1258928372 .layout16 .rt-holder h3,\n\t\t\t\t\t#rt-tpg-container-1258928372 .isotope12 .rt-holder h3, #rt-tpg-container-1258928372 .carousel12 .rt-holder h3 {background-color:rgba(3,103,191,0.8);}#rt-tpg-container-1258928372 .read-more a{border-radius:px;}#rt-tpg-container-1258928372 .rt-img-holder img.rt-img-responsive,#rt-tpg-container-1258928372 .rt-img-holder,\n\t\t\t\t\t#rt-tpg-container-1258928372 .rt-post-overlay .post-img,\n\t\t\t\t\t#rt-tpg-container-1258928372 .post-sm .post-img,\n\t\t\t\t\t#rt-tpg-container-1258928372 .rt-post-grid .post-img,\n\t\t\t\t\t#rt-tpg-container-1258928372 .post-img img {border-radius:px;}<\/style><div class='rt-container-fluid rt-tpg-container tpg-shortcode-main-wrapper ' id='rt-tpg-container-1258928372'   data-layout='layout5' data-grid-style='even' data-desktop-col='3'  data-tab-col='2'  data-mobile-col='1' data-sc-id='7746'><div class=\"tpg-widget-heading-wrapper heading-style1 \"><span class=\"tpg-widget-heading-line line-left\"><\/span><h2 class=\"tpg-widget-heading\">DERNI\u00c8RES NOUVELLES DES \u00c9TUDIANTS<\/h2><span class=\"tpg-widget-heading-line\"><\/span><\/div><div data-title='Loading ...' class='rt-row rt-content-loader   layout5 tpg-even '><div class=\"rt-col-md-4 rt-col-sm-6 rt-col-xs-12 even-grid-item rt-grid-item\" data-id=\"11236\"><div class=\"rt-holder\"><div class=\"overlay\"><h3 class=\"entry-title\"><a data-id=\"11236\" class=\"\" href=\"https:\/\/www.univ-sba.dz\/snv\/fr\/appel-a-candidatures\/\">Appel \u00e0 candidatures<\/a><\/h3><span class='post-meta-user '><span class='date-meta'><i class='far fa-calendar-alt '><\/i>9 avril 2026<\/span><\/span><div class='rt-detail'><div class='tpg-excerpt'>Appel \u00e0 candidatures \u2013 Bourse de Master en Russie 2026-2027 Dans le cadre des programmes...<\/div><div class='post-meta '><span class='read-more'><a data-id='11236' class='' href='https:\/\/www.univ-sba.dz\/snv\/fr\/appel-a-candidatures\/'>Read More<\/a><\/span><\/div><\/div><\/div> <a data-id='11236' class='' href='https:\/\/www.univ-sba.dz\/snv\/fr\/appel-a-candidatures\/'><img decoding=\"async\" width=\"609\" height=\"440\" src=\"https:\/\/www.univ-sba.dz\/snv\/wp-content\/uploads\/2026\/04\/22.png\" class=\"rt-img-responsive \" alt=\"\" \/><\/a><\/div><\/div><div class=\"rt-col-md-4 rt-col-sm-6 rt-col-xs-12 even-grid-item rt-grid-item\" data-id=\"11021\"><div class=\"rt-holder\"><div class=\"overlay\"><h3 class=\"entry-title\"><a data-id=\"11021\" class=\"\" href=\"https:\/\/www.univ-sba.dz\/snv\/fr\/annonce-dune-formation-specialisee-sante-securite-et-environnement-hse\/\">Annonce d\u2019une formation sp\u00e9cialis\u00e9e : Sant\u00e9, S\u00e9curit\u00e9 et Environnement (HSE)<\/a><\/h3><span class='post-meta-user '><span class='date-meta'><i class='far fa-calendar-alt '><\/i>4 mars 2026<\/span><\/span><div class='rt-detail'><div class='tpg-excerpt'>Annonce d\u2019une formation sp\u00e9cialis\u00e9e : Sant\u00e9, S\u00e9curit\u00e9 et Environnement (HSE) L\u2019Organisation Estudiantine Alg\u00e9rienne Libre \u2013...<\/div><div class='post-meta '><span class='read-more'><a data-id='11021' class='' href='https:\/\/www.univ-sba.dz\/snv\/fr\/annonce-dune-formation-specialisee-sante-securite-et-environnement-hse\/'>Read More<\/a><\/span><\/div><\/div><\/div> <a data-id='11021' class='' href='https:\/\/www.univ-sba.dz\/snv\/fr\/annonce-dune-formation-specialisee-sante-securite-et-environnement-hse\/'><img decoding=\"async\" width=\"609\" height=\"440\" src=\"https:\/\/www.univ-sba.dz\/snv\/wp-content\/uploads\/2026\/03\/5f125107-355f-4901-9ecb-02b05f8831b3.png\" class=\"rt-img-responsive \" alt=\"\" \/><\/a><\/div><\/div><div class=\"rt-col-md-4 rt-col-sm-6 rt-col-xs-12 even-grid-item rt-grid-item\" data-id=\"10806\"><div class=\"rt-holder\"><div class=\"overlay\"><h3 class=\"entry-title\"><a data-id=\"10806\" class=\"\" href=\"https:\/\/www.univ-sba.dz\/snv\/fr\/participation-remarquable-a-la-randonnee-et-a-la-grande-campagne-de-reboisement\/\">Participation remarquable \u00e0 la randonn\u00e9e et \u00e0 la grande campagne de reboisement<\/a><\/h3><span class='post-meta-user '><span class='date-meta'><i class='far fa-calendar-alt '><\/i>18 f\u00e9vrier 2026<\/span><\/span><div class='rt-detail'><div class='tpg-excerpt'>Participation remarquable \u00e0 la randonn\u00e9e et \u00e0 la grande campagne de reboisement Nous sommes fiers...<\/div><div class='post-meta '><span class='read-more'><a data-id='10806' class='' href='https:\/\/www.univ-sba.dz\/snv\/fr\/participation-remarquable-a-la-randonnee-et-a-la-grande-campagne-de-reboisement\/'>Read More<\/a><\/span><\/div><\/div><\/div> <a data-id='10806' class='' href='https:\/\/www.univ-sba.dz\/snv\/fr\/participation-remarquable-a-la-randonnee-et-a-la-grande-campagne-de-reboisement\/'><img loading=\"lazy\" decoding=\"async\" width=\"609\" height=\"440\" src=\"https:\/\/www.univ-sba.dz\/snv\/wp-content\/uploads\/2026\/02\/d5f9ecad-2bed-4392-9360-f8425bb39f26.png\" class=\"rt-img-responsive \" alt=\"\" \/><\/a><\/div><\/div><div class=\"rt-col-md-4 rt-col-sm-6 rt-col-xs-12 even-grid-item rt-grid-item\" data-id=\"10351\"><div class=\"rt-holder\"><div class=\"overlay\"><h3 class=\"entry-title\"><a data-id=\"10351\" class=\"\" href=\"https:\/\/www.univ-sba.dz\/snv\/fr\/soutenance-de-these-de-doctorat-2\/\">SOUTENANCE DE TH\u00c8SE DE DOCTORAT<\/a><\/h3><span class='post-meta-user '><span class='date-meta'><i class='far fa-calendar-alt '><\/i>29 janvier 2026<\/span><\/span><div class='rt-detail'><div class='tpg-excerpt'>SOUTENANCE DE TH\u00c8SE DE DOCTORAT Nous avons le plaisir de vous annoncer la soutenance publique...<\/div><div class='post-meta '><span class='read-more'><a data-id='10351' class='' href='https:\/\/www.univ-sba.dz\/snv\/fr\/soutenance-de-these-de-doctorat-2\/'>Read More<\/a><\/span><\/div><\/div><\/div> <a data-id='10351' class='' href='https:\/\/www.univ-sba.dz\/snv\/fr\/soutenance-de-these-de-doctorat-2\/'><img loading=\"lazy\" decoding=\"async\" width=\"609\" height=\"440\" src=\"https:\/\/www.univ-sba.dz\/snv\/wp-content\/uploads\/2026\/01\/21.jpg\" class=\"rt-img-responsive \" alt=\"\" \/><\/a><\/div><\/div><div class=\"rt-col-md-4 rt-col-sm-6 rt-col-xs-12 even-grid-item rt-grid-item\" data-id=\"10226\"><div class=\"rt-holder\"><div class=\"overlay\"><h3 class=\"entry-title\"><a data-id=\"10226\" class=\"\" href=\"https:\/\/www.univ-sba.dz\/snv\/fr\/annonce-importante-7\/\">ANNONCE IMPORTANTE<\/a><\/h3><span class='post-meta-user '><span class='date-meta'><i class='far fa-calendar-alt '><\/i>20 janvier 2026<\/span><\/span><div class='rt-detail'><div class='tpg-excerpt'>Liste finale des candidats admis apr\u00e8s \u00e9tude des recours Concours d\u2019acc\u00e8s \u00e0 la formation doctorale...<\/div><div class='post-meta '><span class='read-more'><a data-id='10226' class='' href='https:\/\/www.univ-sba.dz\/snv\/fr\/annonce-importante-7\/'>Read More<\/a><\/span><\/div><\/div><\/div> <a data-id='10226' class='' href='https:\/\/www.univ-sba.dz\/snv\/fr\/annonce-importante-7\/'><img loading=\"lazy\" decoding=\"async\" width=\"609\" height=\"440\" src=\"https:\/\/www.univ-sba.dz\/snv\/wp-content\/uploads\/2026\/01\/27.jpg\" class=\"rt-img-responsive \" alt=\"\" \/><\/a><\/div><\/div><div class=\"rt-col-md-4 rt-col-sm-6 rt-col-xs-12 even-grid-item rt-grid-item\" data-id=\"10170\"><div class=\"rt-holder\"><div class=\"overlay\"><h3 class=\"entry-title\"><a data-id=\"10170\" class=\"\" href=\"https:\/\/www.univ-sba.dz\/snv\/fr\/annonce-importante-6\/\">ANNONCE IMPORTANTE<\/a><\/h3><span class='post-meta-user '><span class='date-meta'><i class='far fa-calendar-alt '><\/i>15 janvier 2026<\/span><\/span><div class='rt-detail'><div class='tpg-excerpt'>Annonce de report des dates du concours de doctorat \u2013 Ann\u00e9e universitaire 2025\u20132026 Download QR...<\/div><div class='post-meta '><span class='read-more'><a data-id='10170' class='' href='https:\/\/www.univ-sba.dz\/snv\/fr\/annonce-importante-6\/'>Read More<\/a><\/span><\/div><\/div><\/div> <a data-id='10170' class='' href='https:\/\/www.univ-sba.dz\/snv\/fr\/annonce-importante-6\/'><img loading=\"lazy\" decoding=\"async\" width=\"609\" height=\"442\" src=\"https:\/\/www.univ-sba.dz\/snv\/wp-content\/uploads\/2026\/01\/afb3c139-0b22-4791-b1cd-02948cd84192.png\" class=\"rt-img-responsive \" alt=\"\" \/><\/a><\/div><\/div><\/div><div class='rt-pagination-wrap' data-total-pages='6' data-posts-per-page='6' data-type='pagination'  ><div class=\"rt-pagination\" ><ul class=\"pagination-list\"><li class=\"active\"><span>1<\/span><\/li><li><a data-paged='2' href='https:\/\/www.univ-sba.dz\/snv\/wp-json\/wp\/v2\/pages\/7744\/page\/2\/'>2<\/a><\/li><li><a data-paged='3' href='https:\/\/www.univ-sba.dz\/snv\/wp-json\/wp\/v2\/pages\/7744\/page\/3\/'>3<\/a><\/li><li><a data-paged='4' href='https:\/\/www.univ-sba.dz\/snv\/wp-json\/wp\/v2\/pages\/7744\/page\/4\/'>4<\/a><\/li><li><a data-paged='5' href='https:\/\/www.univ-sba.dz\/snv\/wp-json\/wp\/v2\/pages\/7744\/page\/5\/'>5<\/a><\/li><li><a data-paged='6' href='https:\/\/www.univ-sba.dz\/snv\/wp-json\/wp\/v2\/pages\/7744\/page\/6\/'>6<\/a><\/li><\/ul><\/div><\/div><\/div><\/div>\n\t\t\t\t\t\t<\/div>\n\t\t\t\t<\/div>\n\t\t\t\t<\/div>\n\t\t\t\t\t<\/div>\n\t\t\t\t<\/div>\n\t\t\t\t<\/div>\n\t\t<div style=\"margin: 20px 0;\"><div class=\"qrcswholewtapper\" style=\"text-align:left;\"><div class=\"qrcprowrapper\"  id=\"qrcwraa8leds\"><div class=\"qrc_canvass\" id=\"qrc_cuttenpages_8\" style=\"display:inline-block\" data-text=\"https:\/\/www.univ-sba.dz\/snv\/fr\/annonce-importante-6\/\"><\/div><div><a download=\"ANNONCE IMPORTANTE.png\" class=\"qrcdownloads\" id=\"worign\">\r\n           <button type=\"button\" style=\"min-width:200px;background:#44d813;color:#000;font-weight: 600;border: 1px solid #44d813;border-radius:20px;font-size:12px;padding: 6px 0;\" class=\"uqr_code_btn\">Download QR \ud83e\udc7b<\/button>\r\n           <\/a><\/div><\/div><\/div><\/div>","protected":false},"excerpt":{"rendered":"<p>Download QR \ud83e\udc7b<\/p>\n","protected":false},"author":3,"featured_media":7473,"parent":0,"menu_order":0,"comment_status":"closed","ping_status":"closed","template":"","meta":{"_uag_custom_page_level_css":"","postBodyCss":"","postBodyMargin":[],"postBodyPadding":[],"postBodyBackground":{"backgroundType":"classic","gradient":""},"site-sidebar-layout":"no-sidebar","site-content-layout":"page-builder","ast-site-content-layout":"full-width-container","site-content-style":"default","site-sidebar-style":"default","ast-global-header-display":"","ast-banner-title-visibility":"","ast-main-header-display":"","ast-hfb-above-header-display":"","ast-hfb-below-header-display":"","ast-hfb-mobile-header-display":"","site-post-title":"disabled","ast-breadcrumbs-content":"","ast-featured-img":"disabled","footer-sml-layout":"","ast-disable-related-posts":"","theme-transparent-header-meta":"","adv-header-id-meta":"","stick-header-meta":"","header-above-stick-meta":"","header-main-stick-meta":"","header-below-stick-meta":"","astra-migrate-meta-layouts":"set","ast-page-background-enabled":"default","ast-page-background-meta":{"desktop":{"background-color":"var(--ast-global-color-4)","background-image":"","background-repeat":"repeat","background-position":"center center","background-size":"auto","background-attachment":"scroll","background-type":"","background-media":"","overlay-type":"","overlay-color":"","overlay-opacity":"","overlay-gradient":""},"tablet":{"background-color":"","background-image":"","background-repeat":"repeat","background-position":"center center","background-size":"auto","background-attachment":"scroll","background-type":"","background-media":"","overlay-type":"","overlay-color":"","overlay-opacity":"","overlay-gradient":""},"mobile":{"background-color":"","background-image":"","background-repeat":"repeat","background-position":"center center","background-size":"auto","background-attachment":"scroll","background-type":"","background-media":"","overlay-type":"","overlay-color":"","overlay-opacity":"","overlay-gradient":""}},"ast-content-background-meta":{"desktop":{"background-color":"var(--ast-global-color-5)","background-image":"","background-repeat":"repeat","background-position":"center center","background-size":"auto","background-attachment":"scroll","background-type":"","background-media":"","overlay-type":"","overlay-color":"","overlay-opacity":"","overlay-gradient":""},"tablet":{"background-color":"var(--ast-global-color-5)","background-image":"","background-repeat":"repeat","background-position":"center center","background-size":"auto","background-attachment":"scroll","background-type":"","background-media":"","overlay-type":"","overlay-color":"","overlay-opacity":"","overlay-gradient":""},"mobile":{"background-color":"var(--ast-global-color-5)","background-image":"","background-repeat":"repeat","background-position":"center center","background-size":"auto","background-attachment":"scroll","background-type":"","background-media":"","overlay-type":"","overlay-color":"","overlay-opacity":"","overlay-gradient":""}},"footnotes":""},"class_list":["post-7744","page","type-page","status-publish","has-post-thumbnail","hentry"],"uagb_featured_image_src":{"full":["https:\/\/www.univ-sba.dz\/snv\/wp-content\/uploads\/2025\/10\/22-1.png",609,442,false],"thumbnail":["https:\/\/www.univ-sba.dz\/snv\/wp-content\/uploads\/2025\/10\/22-1-200x300.png",200,300,true],"medium":["https:\/\/www.univ-sba.dz\/snv\/wp-content\/uploads\/2025\/10\/22-1-300x218.png",300,218,true],"medium_large":["https:\/\/www.univ-sba.dz\/snv\/wp-content\/uploads\/2025\/10\/22-1.png",609,442,false],"large":["https:\/\/www.univ-sba.dz\/snv\/wp-content\/uploads\/2025\/10\/22-1.png",609,442,false],"1536x1536":["https:\/\/www.univ-sba.dz\/snv\/wp-content\/uploads\/2025\/10\/22-1.png",609,442,false],"2048x2048":["https:\/\/www.univ-sba.dz\/snv\/wp-content\/uploads\/2025\/10\/22-1.png",609,442,false]},"uagb_author_info":{"display_name":"admfsnv","author_link":"https:\/\/www.univ-sba.dz\/snv\/author\/admfsnv\/"},"uagb_comment_info":0,"uagb_excerpt":"Download QR \ud83e\udc7b","rttpg_featured_image_url":{"full":["https:\/\/www.univ-sba.dz\/snv\/wp-content\/uploads\/2025\/10\/22-1.png",609,442,false],"landscape":["https:\/\/www.univ-sba.dz\/snv\/wp-content\/uploads\/2025\/10\/22-1.png",609,442,false],"portraits":["https:\/\/www.univ-sba.dz\/snv\/wp-content\/uploads\/2025\/10\/22-1.png",609,442,false],"thumbnail":["https:\/\/www.univ-sba.dz\/snv\/wp-content\/uploads\/2025\/10\/22-1-200x300.png",200,300,true],"medium":["https:\/\/www.univ-sba.dz\/snv\/wp-content\/uploads\/2025\/10\/22-1-300x218.png",300,218,true],"large":["https:\/\/www.univ-sba.dz\/snv\/wp-content\/uploads\/2025\/10\/22-1.png",609,442,false],"1536x1536":["https:\/\/www.univ-sba.dz\/snv\/wp-content\/uploads\/2025\/10\/22-1.png",609,442,false],"2048x2048":["https:\/\/www.univ-sba.dz\/snv\/wp-content\/uploads\/2025\/10\/22-1.png",609,442,false]},"rttpg_author":{"display_name":"admfsnv","author_link":"https:\/\/www.univ-sba.dz\/snv\/author\/admfsnv\/"},"rttpg_comment":0,"rttpg_category":"","rttpg_excerpt":"Download QR \ud83e\udc7b","_links":{"self":[{"href":"https:\/\/www.univ-sba.dz\/snv\/wp-json\/wp\/v2\/pages\/7744","targetHints":{"allow":["GET"]}}],"collection":[{"href":"https:\/\/www.univ-sba.dz\/snv\/wp-json\/wp\/v2\/pages"}],"about":[{"href":"https:\/\/www.univ-sba.dz\/snv\/wp-json\/wp\/v2\/types\/page"}],"author":[{"embeddable":true,"href":"https:\/\/www.univ-sba.dz\/snv\/wp-json\/wp\/v2\/users\/3"}],"replies":[{"embeddable":true,"href":"https:\/\/www.univ-sba.dz\/snv\/wp-json\/wp\/v2\/comments?post=7744"}],"version-history":[{"count":19,"href":"https:\/\/www.univ-sba.dz\/snv\/wp-json\/wp\/v2\/pages\/7744\/revisions"}],"predecessor-version":[{"id":7869,"href":"https:\/\/www.univ-sba.dz\/snv\/wp-json\/wp\/v2\/pages\/7744\/revisions\/7869"}],"wp:featuredmedia":[{"embeddable":true,"href":"https:\/\/www.univ-sba.dz\/snv\/wp-json\/wp\/v2\/media\/7473"}],"wp:attachment":[{"href":"https:\/\/www.univ-sba.dz\/snv\/wp-json\/wp\/v2\/media?parent=7744"}],"curies":[{"name":"wp","href":"https:\/\/api.w.org\/{rel}","templated":true}]}}