{"id":7935,"date":"2025-10-08T00:42:30","date_gmt":"2025-10-07T22:42:30","guid":{"rendered":"https:\/\/www.univ-sba.dz\/snv\/?page_id=7935"},"modified":"2025-10-08T00:46:06","modified_gmt":"2025-10-07T22:46:06","slug":"dernieres-nouvelles-des-enseignants","status":"publish","type":"page","link":"https:\/\/www.univ-sba.dz\/snv\/fr\/dernieres-nouvelles-des-enseignants\/","title":{"rendered":"DERNI\u00c8RES NOUVELLES DES ENSEIGNANTS"},"content":{"rendered":"\t\t<div data-elementor-type=\"wp-page\" data-elementor-id=\"7935\" class=\"elementor elementor-7935\">\n\t\t\t\t<div class=\"elementor-element elementor-element-d6304a5 e-flex e-con-boxed e-con e-parent\" data-id=\"d6304a5\" data-element_type=\"container\">\n\t\t\t\t\t<div class=\"e-con-inner\">\n\t\t\t\t<div class=\"elementor-element elementor-element-7454b86 elementor-widget elementor-widget-image\" data-id=\"7454b86\" data-element_type=\"widget\" data-widget_type=\"image.default\">\n\t\t\t\t<div class=\"elementor-widget-container\">\n\t\t\t\t\t\t\t\t\t\t\t\t\t\t\t<img fetchpriority=\"high\" decoding=\"async\" width=\"609\" height=\"442\" src=\"https:\/\/www.univ-sba.dz\/snv\/wp-content\/uploads\/2025\/10\/22-1.png\" class=\"attachment-large size-large wp-image-7473\" alt=\"\" srcset=\"https:\/\/www.univ-sba.dz\/snv\/wp-content\/uploads\/2025\/10\/22-1.png 609w, https:\/\/www.univ-sba.dz\/snv\/wp-content\/uploads\/2025\/10\/22-1-300x218.png 300w, https:\/\/www.univ-sba.dz\/snv\/wp-content\/uploads\/2025\/10\/22-1-600x435.png 600w\" sizes=\"(max-width: 609px) 100vw, 609px\" \/>\t\t\t\t\t\t\t\t\t\t\t\t\t\t\t<\/div>\n\t\t\t\t<\/div>\n\t\t\t\t\t<\/div>\n\t\t\t\t<\/div>\n\t\t<div class=\"elementor-element elementor-element-a5b148b e-flex e-con-boxed e-con e-parent\" data-id=\"a5b148b\" data-element_type=\"container\">\n\t\t\t\t\t<div class=\"e-con-inner\">\n\t\t<div class=\"elementor-element elementor-element-36cd24b e-con-full e-flex e-con e-child\" data-id=\"36cd24b\" data-element_type=\"container\">\n\t\t\t\t<div class=\"elementor-element elementor-element-0a979c4 elementor-widget elementor-widget-elementskit-header-search\" data-id=\"0a979c4\" data-element_type=\"widget\" data-widget_type=\"elementskit-header-search.default\">\n\t\t\t\t<div class=\"elementor-widget-container\">\n\t\t\t\t\t<div class=\"ekit-wid-con\" >        <a href=\"#ekit_modal-popup-0a979c4\" class=\"ekit_navsearch-button ekit-modal-popup\" aria-label=\"navsearch-button\">\n            <i aria-hidden=\"true\" class=\"icon icon-search\"><\/i>        <\/a>\n        <!-- language switcher strart -->\n        <!-- xs modal -->\n        <div class=\"zoom-anim-dialog mfp-hide ekit_modal-searchPanel\" id=\"ekit_modal-popup-0a979c4\">\n            <div class=\"ekit-search-panel\">\n            <!-- Polylang search - thanks to Alain Melsens -->\n                <form role=\"search\" method=\"get\" class=\"ekit-search-group\" action=\"https:\/\/www.univ-sba.dz\/snv\/fr\">\n                    <input type=\"search\" class=\"ekit_search-field\" aria-label=\"search-form\" placeholder=\"Search...\" value=\"\" name=\"s\">\n\t\t\t\t\t<button type=\"submit\" class=\"ekit_search-button\" aria-label=\"search-button\">\n                        <i aria-hidden=\"true\" class=\"icon icon-search\"><\/i>                    <\/button>\n                <\/form>\n            <\/div>\n        <\/div><!-- End xs modal -->\n        <!-- end language switcher strart -->\n        <\/div>\t\t\t\t<\/div>\n\t\t\t\t<\/div>\n\t\t\t\t<\/div>\n\t\t<div class=\"elementor-element elementor-element-cfb984b e-con-full e-flex e-con e-child\" data-id=\"cfb984b\" data-element_type=\"container\">\n\t\t\t\t<div class=\"elementor-element elementor-element-879077c elementor-widget elementor-widget-shortcode\" data-id=\"879077c\" data-element_type=\"widget\" data-widget_type=\"shortcode.default\">\n\t\t\t\t<div class=\"elementor-widget-container\">\n\t\t\t\t\t\t\t<div class=\"elementor-shortcode\"><style type='text\/css' media='all'>#rt-tpg-container-3683895059 .rt-holder .rt-woo-info .price{color:#0367bf;}body .rt-tpg-container .rt-tpg-isotope-buttons .selected,\n\t\t\t\t\t#rt-tpg-container-3683895059 .layout12 .rt-holder:hover .rt-detail,\n\t\t\t\t\t#rt-tpg-container-3683895059 .isotope8 .rt-holder:hover .rt-detail,\n\t\t\t\t\t#rt-tpg-container-3683895059 .carousel8 .rt-holder:hover .rt-detail,\n\t\t\t\t\t#rt-tpg-container-3683895059 .layout13 .rt-holder .overlay .post-info,\n\t\t\t\t\t#rt-tpg-container-3683895059 .isotope9 .rt-holder .overlay .post-info,\n\t\t\t\t\t#rt-tpg-container-3683895059.rt-tpg-container .layout4 .rt-holder .rt-detail,\n\t\t\t\t\t.rt-modal-3683895059 .md-content,\n\t\t\t\t\t.rt-modal-3683895059 .md-content > .rt-md-content-holder .rt-md-content,\n\t\t\t\t\t.rt-popup-wrap-3683895059.rt-popup-wrap .rt-popup-navigation-wrap,\n\t\t\t\t\t#rt-tpg-container-3683895059 .carousel9 .rt-holder .overlay .post-info{background-color:#0367bf;}#rt-tpg-container-3683895059 .layout5 .rt-holder .overlay, #rt-tpg-container-3683895059 .isotope2 .rt-holder .overlay, #rt-tpg-container-3683895059 .carousel2 .rt-holder .overlay,#rt-tpg-container-3683895059 .layout15 .rt-holder h3, #rt-tpg-container-3683895059 .isotope11 .rt-holder h3, #rt-tpg-container-3683895059 .carousel11 .rt-holder h3, #rt-tpg-container-3683895059 .layout16 .rt-holder h3,\n\t\t\t\t\t#rt-tpg-container-3683895059 .isotope12 .rt-holder h3, #rt-tpg-container-3683895059 .carousel12 .rt-holder h3 {background-color:rgba(3,103,191,0.8);}#rt-tpg-container-3683895059 .read-more a{border-radius:px;}#rt-tpg-container-3683895059 .rt-img-holder img.rt-img-responsive,#rt-tpg-container-3683895059 .rt-img-holder,\n\t\t\t\t\t#rt-tpg-container-3683895059 .rt-post-overlay .post-img,\n\t\t\t\t\t#rt-tpg-container-3683895059 .post-sm .post-img,\n\t\t\t\t\t#rt-tpg-container-3683895059 .rt-post-grid .post-img,\n\t\t\t\t\t#rt-tpg-container-3683895059 .post-img img {border-radius:px;}<\/style><div class='rt-container-fluid rt-tpg-container tpg-shortcode-main-wrapper ' id='rt-tpg-container-3683895059'   data-layout='layout5' data-grid-style='even' data-desktop-col='3'  data-tab-col='2'  data-mobile-col='1' data-sc-id='7923'><div class=\"tpg-widget-heading-wrapper heading-style1 \"><span class=\"tpg-widget-heading-line line-left\"><\/span><h2 class=\"tpg-widget-heading\">DERNI\u00c8RES NOUVELLES DES ENSEIGNANTS<\/h2><span class=\"tpg-widget-heading-line\"><\/span><\/div><div data-title='Loading ...' class='rt-row rt-content-loader   layout5 tpg-even '><div class=\"rt-col-md-4 rt-col-sm-6 rt-col-xs-12 even-grid-item rt-grid-item\" data-id=\"11030\"><div class=\"rt-holder\"><div class=\"overlay\"><h3 class=\"entry-title\"><a data-id=\"11030\" class=\"\" href=\"https:\/\/www.univ-sba.dz\/snv\/fr\/appel-a-candidature-semaine-internationale-2026\/\">Appel \u00e0 Candidature \u2013 Semaine Internationale 2026<\/a><\/h3><span class='post-meta-user '><span class='date-meta'><i class='far fa-calendar-alt '><\/i>4 mars 2026<\/span><\/span><div class='rt-detail'><div class='tpg-excerpt'>Appel \u00e0 Candidature \u2013 Semaine Internationale 2026 Dans le cadre du programme Erasmus+ KA171, il...<\/div><div class='post-meta '><span class='read-more'><a data-id='11030' class='' href='https:\/\/www.univ-sba.dz\/snv\/fr\/appel-a-candidature-semaine-internationale-2026\/'>Read More<\/a><\/span><\/div><\/div><\/div> <a data-id='11030' class='' href='https:\/\/www.univ-sba.dz\/snv\/fr\/appel-a-candidature-semaine-internationale-2026\/'><img decoding=\"async\" width=\"609\" height=\"440\" src=\"https:\/\/www.univ-sba.dz\/snv\/wp-content\/uploads\/2026\/02\/489350974_648575834601613_7734033975794838764_n-1.jpg\" class=\"rt-img-responsive \" alt=\"\" \/><\/a><\/div><\/div><div class=\"rt-col-md-4 rt-col-sm-6 rt-col-xs-12 even-grid-item rt-grid-item\" data-id=\"10945\"><div class=\"rt-holder\"><div class=\"overlay\"><h3 class=\"entry-title\"><a data-id=\"10945\" class=\"\" href=\"https:\/\/www.univ-sba.dz\/snv\/fr\/%f0%9f%93%a2-annonce-importantetableaux-davancement-dechelon-annee-2026\/\">\ud83d\udce2 Annonce importante Tableaux d\u2019avancement d\u2019\u00e9chelon \u2013 Ann\u00e9e 2026<\/a><\/h3><span class='post-meta-user '><span class='date-meta'><i class='far fa-calendar-alt '><\/i>27 f\u00e9vrier 2026<\/span><\/span><div class='rt-detail'><div class='tpg-excerpt'>Tableaux d\u2019avancement d\u2019\u00e9chelon \u2013 Ann\u00e9e 2026 L\u2019Administration de la Facult\u00e9 informe l\u2019ensemble des enseignants que...<\/div><div class='post-meta '><span class='read-more'><a data-id='10945' class='' href='https:\/\/www.univ-sba.dz\/snv\/fr\/%f0%9f%93%a2-annonce-importantetableaux-davancement-dechelon-annee-2026\/'>Read More<\/a><\/span><\/div><\/div><\/div> <a data-id='10945' class='' href='https:\/\/www.univ-sba.dz\/snv\/fr\/%f0%9f%93%a2-annonce-importantetableaux-davancement-dechelon-annee-2026\/'><img decoding=\"async\" width=\"609\" height=\"440\" src=\"https:\/\/www.univ-sba.dz\/snv\/wp-content\/uploads\/2026\/02\/telechargement.png\" class=\"rt-img-responsive \" alt=\"\" \/><\/a><\/div><\/div><div class=\"rt-col-md-4 rt-col-sm-6 rt-col-xs-12 even-grid-item rt-grid-item\" data-id=\"10904\"><div class=\"rt-holder\"><div class=\"overlay\"><h3 class=\"entry-title\"><a data-id=\"10904\" class=\"\" href=\"https:\/\/www.univ-sba.dz\/snv\/fr\/lancement-de-lappel-a-candidatures-4e-edition-du-prix-international-unesco-russie-mendeleiev-en-sciences-fondamentales\/\">Lancement de l\u2019appel \u00e0 candidatures \u2013 4e \u00e9dition du Prix international UNESCO-Russie Mendele\u00efev en sciences fondamentales<\/a><\/h3><span class='post-meta-user '><span class='date-meta'><i class='far fa-calendar-alt '><\/i>24 f\u00e9vrier 2026<\/span><\/span><div class='rt-detail'><div class='tpg-excerpt'>Lancement de l\u2019appel \u00e0 candidatures \u2013 4e \u00e9dition du Prix international UNESCO-Russie Mendele\u00efev en sciences...<\/div><div class='post-meta '><span class='read-more'><a data-id='10904' class='' href='https:\/\/www.univ-sba.dz\/snv\/fr\/lancement-de-lappel-a-candidatures-4e-edition-du-prix-international-unesco-russie-mendeleiev-en-sciences-fondamentales\/'>Read More<\/a><\/span><\/div><\/div><\/div> <a data-id='10904' class='' href='https:\/\/www.univ-sba.dz\/snv\/fr\/lancement-de-lappel-a-candidatures-4e-edition-du-prix-international-unesco-russie-mendeleiev-en-sciences-fondamentales\/'><img loading=\"lazy\" decoding=\"async\" width=\"609\" height=\"440\" src=\"https:\/\/www.univ-sba.dz\/snv\/wp-content\/uploads\/2026\/02\/telechargement-2.png\" class=\"rt-img-responsive \" alt=\"\" \/><\/a><\/div><\/div><div class=\"rt-col-md-4 rt-col-sm-6 rt-col-xs-12 even-grid-item rt-grid-item\" data-id=\"10520\"><div class=\"rt-holder\"><div class=\"overlay\"><h3 class=\"entry-title\"><a data-id=\"10520\" class=\"\" href=\"https:\/\/www.univ-sba.dz\/snv\/fr\/avis-a-lattention-des-enseignants\/\">Avis \u00e0 l\u2019attention des enseignants<\/a><\/h3><span class='post-meta-user '><span class='date-meta'><i class='far fa-calendar-alt '><\/i>1 f\u00e9vrier 2026<\/span><\/span><div class='rt-detail'><div class='tpg-excerpt'>Avis \u00e0 l\u2019attention des enseignants Conform\u00e9ment aux dispositions de l\u2019article 22 du d\u00e9cret ex\u00e9cutif n\u00b003-279...<\/div><div class='post-meta '><span class='read-more'><a data-id='10520' class='' href='https:\/\/www.univ-sba.dz\/snv\/fr\/avis-a-lattention-des-enseignants\/'>Read More<\/a><\/span><\/div><\/div><\/div> <a data-id='10520' class='' href='https:\/\/www.univ-sba.dz\/snv\/fr\/avis-a-lattention-des-enseignants\/'><img loading=\"lazy\" decoding=\"async\" width=\"609\" height=\"440\" src=\"https:\/\/www.univ-sba.dz\/snv\/wp-content\/uploads\/2026\/02\/18.jpg\" class=\"rt-img-responsive \" alt=\"\" \/><\/a><\/div><\/div><div class=\"rt-col-md-4 rt-col-sm-6 rt-col-xs-12 even-grid-item rt-grid-item\" data-id=\"10339\"><div class=\"rt-holder\"><div class=\"overlay\"><h3 class=\"entry-title\"><a data-id=\"10339\" class=\"\" href=\"https:\/\/www.univ-sba.dz\/snv\/fr\/annonce\/\">Annonce<\/a><\/h3><span class='post-meta-user '><span class='date-meta'><i class='far fa-calendar-alt '><\/i>27 janvier 2026<\/span><\/span><div class='rt-detail'><div class='tpg-excerpt'>\u00c9lections du Conseil Scientifique de l\u2019Universit\u00e9 Dans le cadre du renouvellement des membres du Conseil...<\/div><div class='post-meta '><span class='read-more'><a data-id='10339' class='' href='https:\/\/www.univ-sba.dz\/snv\/fr\/annonce\/'>Read More<\/a><\/span><\/div><\/div><\/div> <a data-id='10339' class='' href='https:\/\/www.univ-sba.dz\/snv\/fr\/annonce\/'><img loading=\"lazy\" decoding=\"async\" width=\"609\" height=\"440\" src=\"https:\/\/www.univ-sba.dz\/snv\/wp-content\/uploads\/2026\/01\/CSU.jpeg\" class=\"rt-img-responsive \" alt=\"\" \/><\/a><\/div><\/div><div class=\"rt-col-md-4 rt-col-sm-6 rt-col-xs-12 even-grid-item rt-grid-item\" data-id=\"9551\"><div class=\"rt-holder\"><div class=\"overlay\"><h3 class=\"entry-title\"><a data-id=\"9551\" class=\"\" href=\"https:\/\/www.univ-sba.dz\/snv\/fr\/hommage-au-professeur-mouadhene-kada-lors-de-la-premiere-journee-scientifique-nationale\/\">HOMMAGE AU PROFESSEUR MOUADH\u00c8NE KADA LORS DE LA PREMI\u00c8RE JOURN\u00c9E SCIENTIFIQUE NATIONALE<\/a><\/h3><span class='post-meta-user '><span class='date-meta'><i class='far fa-calendar-alt '><\/i>22 novembre 2025<\/span><\/span><div class='rt-detail'><div class='tpg-excerpt'>HOMMAGE AU PROFESSEUR MOUADH\u00c8NE KADA LORS DE LA PREMI\u00c8RE JOURN\u00c9E SCIENTIFIQUE NATIONALE Dans le cadre...<\/div><div class='post-meta '><span class='read-more'><a data-id='9551' class='' href='https:\/\/www.univ-sba.dz\/snv\/fr\/hommage-au-professeur-mouadhene-kada-lors-de-la-premiere-journee-scientifique-nationale\/'>Read More<\/a><\/span><\/div><\/div><\/div> <a data-id='9551' class='' href='https:\/\/www.univ-sba.dz\/snv\/fr\/hommage-au-professeur-mouadhene-kada-lors-de-la-premiere-journee-scientifique-nationale\/'><img loading=\"lazy\" decoding=\"async\" width=\"609\" height=\"442\" src=\"https:\/\/www.univ-sba.dz\/snv\/wp-content\/uploads\/2025\/11\/586517306_859924579900108_5696687541002152683_n.png\" class=\"rt-img-responsive \" alt=\"\" \/><\/a><\/div><\/div><\/div><div class='rt-pagination-wrap' data-total-pages='2' data-posts-per-page='6' data-type='pagination'  ><div class=\"rt-pagination\" ><ul class=\"pagination-list\"><li class=\"active\"><span>1<\/span><\/li><li><a data-paged='2' href='https:\/\/www.univ-sba.dz\/snv\/wp-json\/wp\/v2\/pages\/7935\/page\/2\/'>2<\/a><\/li><\/ul><\/div><\/div><\/div><\/div>\n\t\t\t\t\t\t<\/div>\n\t\t\t\t<\/div>\n\t\t\t\t<\/div>\n\t\t\t\t\t<\/div>\n\t\t\t\t<\/div>\n\t\t\t\t<\/div>\n\t\t<div style=\"margin: 20px 0;\"><div class=\"qrcswholewtapper\" style=\"text-align:left;\"><div class=\"qrcprowrapper\"  id=\"qrcwraa8leds\"><div class=\"qrc_canvass\" id=\"qrc_cuttenpages_8\" style=\"display:inline-block\" data-text=\"https:\/\/www.univ-sba.dz\/snv\/fr\/hommage-au-professeur-mouadhene-kada-lors-de-la-premiere-journee-scientifique-nationale\/\"><\/div><div><a download=\"HOMMAGE AU PROFESSEUR MOUADH\u00c8NE KADA LORS DE LA PREMI\u00c8RE JOURN\u00c9E SCIENTIFIQUE NATIONALE.png\" class=\"qrcdownloads\" id=\"worign\">\r\n           <button type=\"button\" style=\"min-width:200px;background:#44d813;color:#000;font-weight: 600;border: 1px solid #44d813;border-radius:20px;font-size:12px;padding: 6px 0;\" class=\"uqr_code_btn\">Download QR \ud83e\udc7b<\/button>\r\n           <\/a><\/div><\/div><\/div><\/div>","protected":false},"excerpt":{"rendered":"<p>Download QR \ud83e\udc7b<\/p>\n","protected":false},"author":3,"featured_media":7473,"parent":0,"menu_order":0,"comment_status":"closed","ping_status":"closed","template":"","meta":{"_uag_custom_page_level_css":"","postBodyCss":"","postBodyMargin":[],"postBodyPadding":[],"postBodyBackground":{"backgroundType":"classic","gradient":""},"site-sidebar-layout":"no-sidebar","site-content-layout":"page-builder","ast-site-content-layout":"full-width-container","site-content-style":"default","site-sidebar-style":"default","ast-global-header-display":"","ast-banner-title-visibility":"","ast-main-header-display":"","ast-hfb-above-header-display":"","ast-hfb-below-header-display":"","ast-hfb-mobile-header-display":"","site-post-title":"disabled","ast-breadcrumbs-content":"","ast-featured-img":"disabled","footer-sml-layout":"","ast-disable-related-posts":"","theme-transparent-header-meta":"","adv-header-id-meta":"","stick-header-meta":"","header-above-stick-meta":"","header-main-stick-meta":"","header-below-stick-meta":"","astra-migrate-meta-layouts":"set","ast-page-background-enabled":"default","ast-page-background-meta":{"desktop":{"background-color":"var(--ast-global-color-4)","background-image":"","background-repeat":"repeat","background-position":"center center","background-size":"auto","background-attachment":"scroll","background-type":"","background-media":"","overlay-type":"","overlay-color":"","overlay-opacity":"","overlay-gradient":""},"tablet":{"background-color":"","background-image":"","background-repeat":"repeat","background-position":"center center","background-size":"auto","background-attachment":"scroll","background-type":"","background-media":"","overlay-type":"","overlay-color":"","overlay-opacity":"","overlay-gradient":""},"mobile":{"background-color":"","background-image":"","background-repeat":"repeat","background-position":"center center","background-size":"auto","background-attachment":"scroll","background-type":"","background-media":"","overlay-type":"","overlay-color":"","overlay-opacity":"","overlay-gradient":""}},"ast-content-background-meta":{"desktop":{"background-color":"var(--ast-global-color-5)","background-image":"","background-repeat":"repeat","background-position":"center center","background-size":"auto","background-attachment":"scroll","background-type":"","background-media":"","overlay-type":"","overlay-color":"","overlay-opacity":"","overlay-gradient":""},"tablet":{"background-color":"var(--ast-global-color-5)","background-image":"","background-repeat":"repeat","background-position":"center center","background-size":"auto","background-attachment":"scroll","background-type":"","background-media":"","overlay-type":"","overlay-color":"","overlay-opacity":"","overlay-gradient":""},"mobile":{"background-color":"var(--ast-global-color-5)","background-image":"","background-repeat":"repeat","background-position":"center center","background-size":"auto","background-attachment":"scroll","background-type":"","background-media":"","overlay-type":"","overlay-color":"","overlay-opacity":"","overlay-gradient":""}},"footnotes":""},"class_list":["post-7935","page","type-page","status-publish","has-post-thumbnail","hentry"],"uagb_featured_image_src":{"full":["https:\/\/www.univ-sba.dz\/snv\/wp-content\/uploads\/2025\/10\/22-1.png",609,442,false],"thumbnail":["https:\/\/www.univ-sba.dz\/snv\/wp-content\/uploads\/2025\/10\/22-1-200x300.png",200,300,true],"medium":["https:\/\/www.univ-sba.dz\/snv\/wp-content\/uploads\/2025\/10\/22-1-300x218.png",300,218,true],"medium_large":["https:\/\/www.univ-sba.dz\/snv\/wp-content\/uploads\/2025\/10\/22-1.png",609,442,false],"large":["https:\/\/www.univ-sba.dz\/snv\/wp-content\/uploads\/2025\/10\/22-1.png",609,442,false],"1536x1536":["https:\/\/www.univ-sba.dz\/snv\/wp-content\/uploads\/2025\/10\/22-1.png",609,442,false],"2048x2048":["https:\/\/www.univ-sba.dz\/snv\/wp-content\/uploads\/2025\/10\/22-1.png",609,442,false]},"uagb_author_info":{"display_name":"admfsnv","author_link":"https:\/\/www.univ-sba.dz\/snv\/author\/admfsnv\/"},"uagb_comment_info":0,"uagb_excerpt":"Download QR \ud83e\udc7b","rttpg_featured_image_url":{"full":["https:\/\/www.univ-sba.dz\/snv\/wp-content\/uploads\/2025\/10\/22-1.png",609,442,false],"landscape":["https:\/\/www.univ-sba.dz\/snv\/wp-content\/uploads\/2025\/10\/22-1.png",609,442,false],"portraits":["https:\/\/www.univ-sba.dz\/snv\/wp-content\/uploads\/2025\/10\/22-1.png",609,442,false],"thumbnail":["https:\/\/www.univ-sba.dz\/snv\/wp-content\/uploads\/2025\/10\/22-1-200x300.png",200,300,true],"medium":["https:\/\/www.univ-sba.dz\/snv\/wp-content\/uploads\/2025\/10\/22-1-300x218.png",300,218,true],"large":["https:\/\/www.univ-sba.dz\/snv\/wp-content\/uploads\/2025\/10\/22-1.png",609,442,false],"1536x1536":["https:\/\/www.univ-sba.dz\/snv\/wp-content\/uploads\/2025\/10\/22-1.png",609,442,false],"2048x2048":["https:\/\/www.univ-sba.dz\/snv\/wp-content\/uploads\/2025\/10\/22-1.png",609,442,false]},"rttpg_author":{"display_name":"admfsnv","author_link":"https:\/\/www.univ-sba.dz\/snv\/author\/admfsnv\/"},"rttpg_comment":0,"rttpg_category":"","rttpg_excerpt":"Download QR \ud83e\udc7b","_links":{"self":[{"href":"https:\/\/www.univ-sba.dz\/snv\/wp-json\/wp\/v2\/pages\/7935","targetHints":{"allow":["GET"]}}],"collection":[{"href":"https:\/\/www.univ-sba.dz\/snv\/wp-json\/wp\/v2\/pages"}],"about":[{"href":"https:\/\/www.univ-sba.dz\/snv\/wp-json\/wp\/v2\/types\/page"}],"author":[{"embeddable":true,"href":"https:\/\/www.univ-sba.dz\/snv\/wp-json\/wp\/v2\/users\/3"}],"replies":[{"embeddable":true,"href":"https:\/\/www.univ-sba.dz\/snv\/wp-json\/wp\/v2\/comments?post=7935"}],"version-history":[{"count":4,"href":"https:\/\/www.univ-sba.dz\/snv\/wp-json\/wp\/v2\/pages\/7935\/revisions"}],"predecessor-version":[{"id":7939,"href":"https:\/\/www.univ-sba.dz\/snv\/wp-json\/wp\/v2\/pages\/7935\/revisions\/7939"}],"wp:featuredmedia":[{"embeddable":true,"href":"https:\/\/www.univ-sba.dz\/snv\/wp-json\/wp\/v2\/media\/7473"}],"wp:attachment":[{"href":"https:\/\/www.univ-sba.dz\/snv\/wp-json\/wp\/v2\/media?parent=7935"}],"curies":[{"name":"wp","href":"https:\/\/api.w.org\/{rel}","templated":true}]}}