{"id":7969,"date":"2025-10-08T11:44:46","date_gmt":"2025-10-08T09:44:46","guid":{"rendered":"https:\/\/www.univ-sba.dz\/snv\/?page_id=7969"},"modified":"2025-10-08T11:49:17","modified_gmt":"2025-10-08T09:49:17","slug":"toutes-les-bourses-detudes","status":"publish","type":"page","link":"https:\/\/www.univ-sba.dz\/snv\/fr\/toutes-les-bourses-detudes\/","title":{"rendered":"TOUTES LES BOURSES D\u2019\u00c9TUDES"},"content":{"rendered":"\t\t<div data-elementor-type=\"wp-page\" data-elementor-id=\"7969\" class=\"elementor elementor-7969\">\n\t\t\t\t<div class=\"elementor-element elementor-element-0ceb9fe e-flex e-con-boxed e-con e-parent\" data-id=\"0ceb9fe\" data-element_type=\"container\">\n\t\t\t\t\t<div class=\"e-con-inner\">\n\t\t\t\t<div class=\"elementor-element elementor-element-596e0f9 elementor-widget elementor-widget-image\" data-id=\"596e0f9\" data-element_type=\"widget\" data-widget_type=\"image.default\">\n\t\t\t\t<div class=\"elementor-widget-container\">\n\t\t\t\t\t\t\t\t\t\t\t\t\t\t\t<img fetchpriority=\"high\" decoding=\"async\" width=\"609\" height=\"442\" src=\"https:\/\/www.univ-sba.dz\/snv\/wp-content\/uploads\/2025\/10\/22-1.png\" class=\"attachment-large size-large wp-image-7473\" alt=\"\" srcset=\"https:\/\/www.univ-sba.dz\/snv\/wp-content\/uploads\/2025\/10\/22-1.png 609w, https:\/\/www.univ-sba.dz\/snv\/wp-content\/uploads\/2025\/10\/22-1-300x218.png 300w, https:\/\/www.univ-sba.dz\/snv\/wp-content\/uploads\/2025\/10\/22-1-600x435.png 600w\" sizes=\"(max-width: 609px) 100vw, 609px\" \/>\t\t\t\t\t\t\t\t\t\t\t\t\t\t\t<\/div>\n\t\t\t\t<\/div>\n\t\t\t\t\t<\/div>\n\t\t\t\t<\/div>\n\t\t<div class=\"elementor-element elementor-element-08fa71f e-flex e-con-boxed e-con e-parent\" data-id=\"08fa71f\" data-element_type=\"container\">\n\t\t\t\t\t<div class=\"e-con-inner\">\n\t\t<div class=\"elementor-element elementor-element-19946c9 e-con-full e-flex e-con e-child\" data-id=\"19946c9\" data-element_type=\"container\">\n\t\t\t\t<div class=\"elementor-element elementor-element-424517c elementor-widget elementor-widget-elementskit-header-search\" data-id=\"424517c\" data-element_type=\"widget\" data-widget_type=\"elementskit-header-search.default\">\n\t\t\t\t<div class=\"elementor-widget-container\">\n\t\t\t\t\t<div class=\"ekit-wid-con\" >        <a href=\"#ekit_modal-popup-424517c\" class=\"ekit_navsearch-button ekit-modal-popup\" aria-label=\"navsearch-button\">\n            <i aria-hidden=\"true\" class=\"icon icon-search\"><\/i>        <\/a>\n        <!-- language switcher strart -->\n        <!-- xs modal -->\n        <div class=\"zoom-anim-dialog mfp-hide ekit_modal-searchPanel\" id=\"ekit_modal-popup-424517c\">\n            <div class=\"ekit-search-panel\">\n            <!-- Polylang search - thanks to Alain Melsens -->\n                <form role=\"search\" method=\"get\" class=\"ekit-search-group\" action=\"https:\/\/www.univ-sba.dz\/snv\/fr\">\n                    <input type=\"search\" class=\"ekit_search-field\" aria-label=\"search-form\" placeholder=\"Search...\" value=\"\" name=\"s\">\n\t\t\t\t\t<button type=\"submit\" class=\"ekit_search-button\" aria-label=\"search-button\">\n                        <i aria-hidden=\"true\" class=\"icon icon-search\"><\/i>                    <\/button>\n                <\/form>\n            <\/div>\n        <\/div><!-- End xs modal -->\n        <!-- end language switcher strart -->\n        <\/div>\t\t\t\t<\/div>\n\t\t\t\t<\/div>\n\t\t\t\t<\/div>\n\t\t\t\t\t<\/div>\n\t\t\t\t<\/div>\n\t\t<div class=\"elementor-element elementor-element-e1c3478 e-flex e-con-boxed e-con e-parent\" data-id=\"e1c3478\" data-element_type=\"container\">\n\t\t\t\t\t<div class=\"e-con-inner\">\n\t\t\t\t<div class=\"elementor-element elementor-element-26e5e3b elementor-widget elementor-widget-shortcode\" data-id=\"26e5e3b\" data-element_type=\"widget\" data-widget_type=\"shortcode.default\">\n\t\t\t\t<div class=\"elementor-widget-container\">\n\t\t\t\t\t\t\t<div class=\"elementor-shortcode\"><style type='text\/css' media='all'>#rt-tpg-container-1160294369 .rt-holder .rt-woo-info .price{color:#0367bf;}body .rt-tpg-container .rt-tpg-isotope-buttons .selected,\n\t\t\t\t\t#rt-tpg-container-1160294369 .layout12 .rt-holder:hover .rt-detail,\n\t\t\t\t\t#rt-tpg-container-1160294369 .isotope8 .rt-holder:hover .rt-detail,\n\t\t\t\t\t#rt-tpg-container-1160294369 .carousel8 .rt-holder:hover .rt-detail,\n\t\t\t\t\t#rt-tpg-container-1160294369 .layout13 .rt-holder .overlay .post-info,\n\t\t\t\t\t#rt-tpg-container-1160294369 .isotope9 .rt-holder .overlay .post-info,\n\t\t\t\t\t#rt-tpg-container-1160294369.rt-tpg-container .layout4 .rt-holder .rt-detail,\n\t\t\t\t\t.rt-modal-1160294369 .md-content,\n\t\t\t\t\t.rt-modal-1160294369 .md-content > .rt-md-content-holder .rt-md-content,\n\t\t\t\t\t.rt-popup-wrap-1160294369.rt-popup-wrap .rt-popup-navigation-wrap,\n\t\t\t\t\t#rt-tpg-container-1160294369 .carousel9 .rt-holder .overlay .post-info{background-color:#0367bf;}#rt-tpg-container-1160294369 .layout5 .rt-holder .overlay, #rt-tpg-container-1160294369 .isotope2 .rt-holder .overlay, #rt-tpg-container-1160294369 .carousel2 .rt-holder .overlay,#rt-tpg-container-1160294369 .layout15 .rt-holder h3, #rt-tpg-container-1160294369 .isotope11 .rt-holder h3, #rt-tpg-container-1160294369 .carousel11 .rt-holder h3, #rt-tpg-container-1160294369 .layout16 .rt-holder h3,\n\t\t\t\t\t#rt-tpg-container-1160294369 .isotope12 .rt-holder h3, #rt-tpg-container-1160294369 .carousel12 .rt-holder h3 {background-color:rgba(3,103,191,0.8);}#rt-tpg-container-1160294369 .read-more a{border-radius:px;}#rt-tpg-container-1160294369 .rt-img-holder img.rt-img-responsive,#rt-tpg-container-1160294369 .rt-img-holder,\n\t\t\t\t\t#rt-tpg-container-1160294369 .rt-post-overlay .post-img,\n\t\t\t\t\t#rt-tpg-container-1160294369 .post-sm .post-img,\n\t\t\t\t\t#rt-tpg-container-1160294369 .rt-post-grid .post-img,\n\t\t\t\t\t#rt-tpg-container-1160294369 .post-img img {border-radius:px;}<\/style><div class='rt-container-fluid rt-tpg-container tpg-shortcode-main-wrapper ' id='rt-tpg-container-1160294369'   data-layout='layout5' data-grid-style='even' data-desktop-col='3'  data-tab-col='2'  data-mobile-col='1' data-sc-id='7957'><div class=\"tpg-widget-heading-wrapper heading-style1 \"><span class=\"tpg-widget-heading-line line-left\"><\/span><h2 class=\"tpg-widget-heading\">TOUTES LES BOURSES D\u2019\u00c9TUDES<\/h2><span class=\"tpg-widget-heading-line\"><\/span><\/div><div data-title='Loading ...' class='rt-row rt-content-loader   layout5 tpg-even '><div class=\"rt-col-md-4 rt-col-sm-6 rt-col-xs-12 even-grid-item rt-grid-item\" data-id=\"11264\"><div class=\"rt-holder\"><div class=\"overlay\"><h3 class=\"entry-title\"><a data-id=\"11264\" class=\"\" href=\"https:\/\/www.univ-sba.dz\/snv\/fr\/louverture-de-mobilite-a-letranger\/\">\u00a0l&#8217;ouverture de Mobilit\u00e9 \u00e0 l&#8217;etranger<\/a><\/h3><span class='post-meta-user '><span class='date-meta'><i class='far fa-calendar-alt '><\/i>13 avril 2026<\/span><\/span><div class='rt-detail'><div class='tpg-excerpt'>Ouverture de Mobilit\u00e9 \u00e0 l&#8217;universit\u00e9 de Cadix dans le cadre du programme Erasmus+ Dans le...<\/div><div class='post-meta '><span class='read-more'><a data-id='11264' class='' href='https:\/\/www.univ-sba.dz\/snv\/fr\/louverture-de-mobilite-a-letranger\/'>Read More<\/a><\/span><\/div><\/div><\/div> <a data-id='11264' class='' href='https:\/\/www.univ-sba.dz\/snv\/fr\/louverture-de-mobilite-a-letranger\/'><img decoding=\"async\" width=\"609\" height=\"440\" src=\"https:\/\/www.univ-sba.dz\/snv\/wp-content\/uploads\/2026\/04\/577805768_122220129962045678_3121946615857642755_n.png\" class=\"rt-img-responsive \" alt=\"\" \/><\/a><\/div><\/div><div class=\"rt-col-md-4 rt-col-sm-6 rt-col-xs-12 even-grid-item rt-grid-item\" data-id=\"11236\"><div class=\"rt-holder\"><div class=\"overlay\"><h3 class=\"entry-title\"><a data-id=\"11236\" class=\"\" href=\"https:\/\/www.univ-sba.dz\/snv\/fr\/appel-a-candidatures\/\">Appel \u00e0 candidatures<\/a><\/h3><span class='post-meta-user '><span class='date-meta'><i class='far fa-calendar-alt '><\/i>9 avril 2026<\/span><\/span><div class='rt-detail'><div class='tpg-excerpt'>Appel \u00e0 candidatures \u2013 Bourse de Master en Russie 2026-2027 Dans le cadre des programmes...<\/div><div class='post-meta '><span class='read-more'><a data-id='11236' class='' href='https:\/\/www.univ-sba.dz\/snv\/fr\/appel-a-candidatures\/'>Read More<\/a><\/span><\/div><\/div><\/div> <a data-id='11236' class='' href='https:\/\/www.univ-sba.dz\/snv\/fr\/appel-a-candidatures\/'><img decoding=\"async\" width=\"609\" height=\"440\" src=\"https:\/\/www.univ-sba.dz\/snv\/wp-content\/uploads\/2026\/04\/22.png\" class=\"rt-img-responsive \" alt=\"\" \/><\/a><\/div><\/div><div class=\"rt-col-md-4 rt-col-sm-6 rt-col-xs-12 even-grid-item rt-grid-item\" data-id=\"11157\"><div class=\"rt-holder\"><div class=\"overlay\"><h3 class=\"entry-title\"><a data-id=\"11157\" class=\"\" href=\"https:\/\/www.univ-sba.dz\/snv\/fr\/bourse-detudes-en-azerbaidjan-2026-2027\/\">Bourse d\u2019\u00e9tudes en Azerba\u00efdjan 2026\u20132027<\/a><\/h3><span class='post-meta-user '><span class='date-meta'><i class='far fa-calendar-alt '><\/i>26 mars 2026<\/span><\/span><div class='rt-detail'><div class='tpg-excerpt'>Bourse d\u2019\u00e9tudes en Azerba\u00efdjan 2026\u20132027 La Facult\u00e9 des Sciences de la Nature et de la...<\/div><div class='post-meta '><span class='read-more'><a data-id='11157' class='' href='https:\/\/www.univ-sba.dz\/snv\/fr\/bourse-detudes-en-azerbaidjan-2026-2027\/'>Read More<\/a><\/span><\/div><\/div><\/div> <a data-id='11157' class='' href='https:\/\/www.univ-sba.dz\/snv\/fr\/bourse-detudes-en-azerbaidjan-2026-2027\/'><img loading=\"lazy\" decoding=\"async\" width=\"609\" height=\"440\" src=\"https:\/\/www.univ-sba.dz\/snv\/wp-content\/uploads\/2026\/03\/231.jpg\" class=\"rt-img-responsive \" alt=\"\" \/><\/a><\/div><\/div><div class=\"rt-col-md-4 rt-col-sm-6 rt-col-xs-12 even-grid-item rt-grid-item\" data-id=\"11134\"><div class=\"rt-holder\"><div class=\"overlay\"><h3 class=\"entry-title\"><a data-id=\"11134\" class=\"\" href=\"https:\/\/www.univ-sba.dz\/snv\/fr\/appel-a-candidatures-programme-international-indonesie\/\">Appel \u00e0 candidatures : Programme international \u2013 Indon\u00e9sie<\/a><\/h3><span class='post-meta-user '><span class='date-meta'><i class='far fa-calendar-alt '><\/i>24 mars 2026<\/span><\/span><div class='rt-detail'><div class='tpg-excerpt'>Appel \u00e0 candidatures : Programme international \u2013 Indon\u00e9sie La facult\u00e9 des Sciences de la Nature...<\/div><div class='post-meta '><span class='read-more'><a data-id='11134' class='' href='https:\/\/www.univ-sba.dz\/snv\/fr\/appel-a-candidatures-programme-international-indonesie\/'>Read More<\/a><\/span><\/div><\/div><\/div> <a data-id='11134' class='' href='https:\/\/www.univ-sba.dz\/snv\/fr\/appel-a-candidatures-programme-international-indonesie\/'><img loading=\"lazy\" decoding=\"async\" width=\"609\" height=\"440\" src=\"https:\/\/www.univ-sba.dz\/snv\/wp-content\/uploads\/2026\/03\/Capture.png\" class=\"rt-img-responsive \" alt=\"\" \/><\/a><\/div><\/div><div class=\"rt-col-md-4 rt-col-sm-6 rt-col-xs-12 even-grid-item rt-grid-item\" data-id=\"11123\"><div class=\"rt-holder\"><div class=\"overlay\"><h3 class=\"entry-title\"><a data-id=\"11123\" class=\"\" href=\"https:\/\/www.univ-sba.dz\/snv\/fr\/appel-a-candidature-bourse-erasmus\/\">Appel \u00e0 candidature \u2013 Bourse Erasmus+<\/a><\/h3><span class='post-meta-user '><span class='date-meta'><i class='far fa-calendar-alt '><\/i>24 mars 2026<\/span><\/span><div class='rt-detail'><div class='tpg-excerpt'>Appel \u00e0 candidature \u2013 Bourse Erasmus+ La Direction de la Coop\u00e9ration et des \u00c9changes Universitaires...<\/div><div class='post-meta '><span class='read-more'><a data-id='11123' class='' href='https:\/\/www.univ-sba.dz\/snv\/fr\/appel-a-candidature-bourse-erasmus\/'>Read More<\/a><\/span><\/div><\/div><\/div> <a data-id='11123' class='' href='https:\/\/www.univ-sba.dz\/snv\/fr\/appel-a-candidature-bourse-erasmus\/'><img loading=\"lazy\" decoding=\"async\" width=\"302\" height=\"167\" src=\"https:\/\/www.univ-sba.dz\/snv\/wp-content\/uploads\/2025\/04\/boursee-2.jpg\" class=\"rt-img-responsive \" alt=\"\" \/><\/a><\/div><\/div><div class=\"rt-col-md-4 rt-col-sm-6 rt-col-xs-12 even-grid-item rt-grid-item\" data-id=\"10603\"><div class=\"rt-holder\"><div class=\"overlay\"><h3 class=\"entry-title\"><a data-id=\"10603\" class=\"\" href=\"https:\/\/www.univ-sba.dz\/snv\/fr\/%f0%9f%93%a2-appel-a-candidature-bourses-detudes-en-indonesie-master-phd-annee-2026-2027-2\/\">\ud83d\udce2 Appel \u00e0 candidature : Bourses d\u2019\u00e9tudes en Indon\u00e9sie (Master &amp; PhD) \u2013 Ann\u00e9e 2026\/2027<\/a><\/h3><span class='post-meta-user '><span class='date-meta'><i class='far fa-calendar-alt '><\/i>9 f\u00e9vrier 2026<\/span><\/span><div class='rt-detail'><div class='tpg-excerpt'>\ud83d\udce2 Appel \u00e0 candidature : Bourses d\u2019\u00e9tudes en Indon\u00e9sie (Master &amp; PhD) \u2013 Ann\u00e9e 2026\/2027...<\/div><div class='post-meta '><span class='read-more'><a data-id='10603' class='' href='https:\/\/www.univ-sba.dz\/snv\/fr\/%f0%9f%93%a2-appel-a-candidature-bourses-detudes-en-indonesie-master-phd-annee-2026-2027-2\/'>Read More<\/a><\/span><\/div><\/div><\/div> <a data-id='10603' class='' href='https:\/\/www.univ-sba.dz\/snv\/fr\/%f0%9f%93%a2-appel-a-candidature-bourses-detudes-en-indonesie-master-phd-annee-2026-2027-2\/'><img loading=\"lazy\" decoding=\"async\" width=\"609\" height=\"440\" src=\"https:\/\/www.univ-sba.dz\/snv\/wp-content\/uploads\/2026\/02\/628067064_880612224731305_2798250287649231951_n.jpg\" class=\"rt-img-responsive \" alt=\"\" \/><\/a><\/div><\/div><\/div><div class='rt-pagination-wrap' data-total-pages='2' data-posts-per-page='6' data-type='pagination'  ><div class=\"rt-pagination\" ><ul class=\"pagination-list\"><li class=\"active\"><span>1<\/span><\/li><li><a data-paged='2' href='https:\/\/www.univ-sba.dz\/snv\/wp-json\/wp\/v2\/pages\/7969\/page\/2\/'>2<\/a><\/li><\/ul><\/div><\/div><\/div><\/div>\n\t\t\t\t\t\t<\/div>\n\t\t\t\t<\/div>\n\t\t\t\t\t<\/div>\n\t\t\t\t<\/div>\n\t\t\t\t<\/div>\n\t\t<div style=\"margin: 20px 0;\"><div class=\"qrcswholewtapper\" style=\"text-align:left;\"><div class=\"qrcprowrapper\"  id=\"qrcwraa8leds\"><div class=\"qrc_canvass\" id=\"qrc_cuttenpages_8\" style=\"display:inline-block\" data-text=\"https:\/\/www.univ-sba.dz\/snv\/fr\/%f0%9f%93%a2-appel-a-candidature-bourses-detudes-en-indonesie-master-phd-annee-2026-2027-2\/\"><\/div><div><a download=\"\ud83d\udce2 Appel \u00e0 candidature : Bourses d\u2019\u00e9tudes en Indon\u00e9sie (Master &amp; PhD) \u2013 Ann\u00e9e 2026\/2027.png\" class=\"qrcdownloads\" id=\"worign\">\r\n           <button type=\"button\" style=\"min-width:200px;background:#44d813;color:#000;font-weight: 600;border: 1px solid #44d813;border-radius:20px;font-size:12px;padding: 6px 0;\" class=\"uqr_code_btn\">Download QR \ud83e\udc7b<\/button>\r\n           <\/a><\/div><\/div><\/div><\/div>","protected":false},"excerpt":{"rendered":"<p>Download QR \ud83e\udc7b<\/p>\n","protected":false},"author":3,"featured_media":7473,"parent":0,"menu_order":0,"comment_status":"closed","ping_status":"closed","template":"","meta":{"_uag_custom_page_level_css":"","postBodyCss":"","postBodyMargin":[],"postBodyPadding":[],"postBodyBackground":{"backgroundType":"classic","gradient":""},"site-sidebar-layout":"no-sidebar","site-content-layout":"page-builder","ast-site-content-layout":"full-width-container","site-content-style":"default","site-sidebar-style":"default","ast-global-header-display":"","ast-banner-title-visibility":"","ast-main-header-display":"","ast-hfb-above-header-display":"","ast-hfb-below-header-display":"","ast-hfb-mobile-header-display":"","site-post-title":"disabled","ast-breadcrumbs-content":"","ast-featured-img":"disabled","footer-sml-layout":"","ast-disable-related-posts":"","theme-transparent-header-meta":"","adv-header-id-meta":"","stick-header-meta":"","header-above-stick-meta":"","header-main-stick-meta":"","header-below-stick-meta":"","astra-migrate-meta-layouts":"set","ast-page-background-enabled":"default","ast-page-background-meta":{"desktop":{"background-color":"var(--ast-global-color-4)","background-image":"","background-repeat":"repeat","background-position":"center center","background-size":"auto","background-attachment":"scroll","background-type":"","background-media":"","overlay-type":"","overlay-color":"","overlay-opacity":"","overlay-gradient":""},"tablet":{"background-color":"","background-image":"","background-repeat":"repeat","background-position":"center center","background-size":"auto","background-attachment":"scroll","background-type":"","background-media":"","overlay-type":"","overlay-color":"","overlay-opacity":"","overlay-gradient":""},"mobile":{"background-color":"","background-image":"","background-repeat":"repeat","background-position":"center center","background-size":"auto","background-attachment":"scroll","background-type":"","background-media":"","overlay-type":"","overlay-color":"","overlay-opacity":"","overlay-gradient":""}},"ast-content-background-meta":{"desktop":{"background-color":"var(--ast-global-color-5)","background-image":"","background-repeat":"repeat","background-position":"center center","background-size":"auto","background-attachment":"scroll","background-type":"","background-media":"","overlay-type":"","overlay-color":"","overlay-opacity":"","overlay-gradient":""},"tablet":{"background-color":"var(--ast-global-color-5)","background-image":"","background-repeat":"repeat","background-position":"center center","background-size":"auto","background-attachment":"scroll","background-type":"","background-media":"","overlay-type":"","overlay-color":"","overlay-opacity":"","overlay-gradient":""},"mobile":{"background-color":"var(--ast-global-color-5)","background-image":"","background-repeat":"repeat","background-position":"center center","background-size":"auto","background-attachment":"scroll","background-type":"","background-media":"","overlay-type":"","overlay-color":"","overlay-opacity":"","overlay-gradient":""}},"footnotes":""},"class_list":["post-7969","page","type-page","status-publish","has-post-thumbnail","hentry"],"uagb_featured_image_src":{"full":["https:\/\/www.univ-sba.dz\/snv\/wp-content\/uploads\/2025\/10\/22-1.png",609,442,false],"thumbnail":["https:\/\/www.univ-sba.dz\/snv\/wp-content\/uploads\/2025\/10\/22-1-200x300.png",200,300,true],"medium":["https:\/\/www.univ-sba.dz\/snv\/wp-content\/uploads\/2025\/10\/22-1-300x218.png",300,218,true],"medium_large":["https:\/\/www.univ-sba.dz\/snv\/wp-content\/uploads\/2025\/10\/22-1.png",609,442,false],"large":["https:\/\/www.univ-sba.dz\/snv\/wp-content\/uploads\/2025\/10\/22-1.png",609,442,false],"1536x1536":["https:\/\/www.univ-sba.dz\/snv\/wp-content\/uploads\/2025\/10\/22-1.png",609,442,false],"2048x2048":["https:\/\/www.univ-sba.dz\/snv\/wp-content\/uploads\/2025\/10\/22-1.png",609,442,false]},"uagb_author_info":{"display_name":"admfsnv","author_link":"https:\/\/www.univ-sba.dz\/snv\/author\/admfsnv\/"},"uagb_comment_info":0,"uagb_excerpt":"Download QR \ud83e\udc7b","rttpg_featured_image_url":{"full":["https:\/\/www.univ-sba.dz\/snv\/wp-content\/uploads\/2025\/10\/22-1.png",609,442,false],"landscape":["https:\/\/www.univ-sba.dz\/snv\/wp-content\/uploads\/2025\/10\/22-1.png",609,442,false],"portraits":["https:\/\/www.univ-sba.dz\/snv\/wp-content\/uploads\/2025\/10\/22-1.png",609,442,false],"thumbnail":["https:\/\/www.univ-sba.dz\/snv\/wp-content\/uploads\/2025\/10\/22-1-200x300.png",200,300,true],"medium":["https:\/\/www.univ-sba.dz\/snv\/wp-content\/uploads\/2025\/10\/22-1-300x218.png",300,218,true],"large":["https:\/\/www.univ-sba.dz\/snv\/wp-content\/uploads\/2025\/10\/22-1.png",609,442,false],"1536x1536":["https:\/\/www.univ-sba.dz\/snv\/wp-content\/uploads\/2025\/10\/22-1.png",609,442,false],"2048x2048":["https:\/\/www.univ-sba.dz\/snv\/wp-content\/uploads\/2025\/10\/22-1.png",609,442,false]},"rttpg_author":{"display_name":"admfsnv","author_link":"https:\/\/www.univ-sba.dz\/snv\/author\/admfsnv\/"},"rttpg_comment":0,"rttpg_category":"","rttpg_excerpt":"Download QR \ud83e\udc7b","_links":{"self":[{"href":"https:\/\/www.univ-sba.dz\/snv\/wp-json\/wp\/v2\/pages\/7969","targetHints":{"allow":["GET"]}}],"collection":[{"href":"https:\/\/www.univ-sba.dz\/snv\/wp-json\/wp\/v2\/pages"}],"about":[{"href":"https:\/\/www.univ-sba.dz\/snv\/wp-json\/wp\/v2\/types\/page"}],"author":[{"embeddable":true,"href":"https:\/\/www.univ-sba.dz\/snv\/wp-json\/wp\/v2\/users\/3"}],"replies":[{"embeddable":true,"href":"https:\/\/www.univ-sba.dz\/snv\/wp-json\/wp\/v2\/comments?post=7969"}],"version-history":[{"count":4,"href":"https:\/\/www.univ-sba.dz\/snv\/wp-json\/wp\/v2\/pages\/7969\/revisions"}],"predecessor-version":[{"id":7973,"href":"https:\/\/www.univ-sba.dz\/snv\/wp-json\/wp\/v2\/pages\/7969\/revisions\/7973"}],"wp:featuredmedia":[{"embeddable":true,"href":"https:\/\/www.univ-sba.dz\/snv\/wp-json\/wp\/v2\/media\/7473"}],"wp:attachment":[{"href":"https:\/\/www.univ-sba.dz\/snv\/wp-json\/wp\/v2\/media?parent=7969"}],"curies":[{"name":"wp","href":"https:\/\/api.w.org\/{rel}","templated":true}]}}