{"id":8375,"date":"2025-10-15T11:22:21","date_gmt":"2025-10-15T09:22:21","guid":{"rendered":"https:\/\/www.univ-sba.dz\/snv\/?page_id=8375"},"modified":"2026-02-26T11:58:22","modified_gmt":"2026-02-26T10:58:22","slug":"proces-verbal-de-deliberation-departement-de-environnement","status":"publish","type":"page","link":"https:\/\/www.univ-sba.dz\/snv\/fr\/proces-verbal-de-deliberation-departement-de-environnement\/","title":{"rendered":"PROC\u00c8S-VERBAL DE D\u00c9LIB\u00c9RATION \u2013 D\u00c9PARTEMENT DE L&#8217;ENVIRONNEMENT"},"content":{"rendered":"\t\t<div data-elementor-type=\"wp-page\" data-elementor-id=\"8375\" class=\"elementor elementor-8375\">\n\t\t\t\t<div class=\"elementor-element elementor-element-6cd38f3 e-flex e-con-boxed e-con e-parent\" data-id=\"6cd38f3\" data-element_type=\"container\">\n\t\t\t\t\t<div class=\"e-con-inner\">\n\t\t\t\t<div class=\"elementor-element elementor-element-2be5e2f elementor-widget elementor-widget-image\" data-id=\"2be5e2f\" data-element_type=\"widget\" data-widget_type=\"image.default\">\n\t\t\t\t<div class=\"elementor-widget-container\">\n\t\t\t\t\t\t\t\t\t\t\t\t\t\t\t<img fetchpriority=\"high\" decoding=\"async\" width=\"1024\" height=\"685\" src=\"https:\/\/www.univ-sba.dz\/snv\/wp-content\/uploads\/2025\/06\/c007f02f-5500-45a9-a596-e53b541050b7_1_hFdyMXjoej56rZ66GOlfmw-1024x685.jpeg\" class=\"attachment-large size-large wp-image-5340\" alt=\"\" srcset=\"https:\/\/www.univ-sba.dz\/snv\/wp-content\/uploads\/2025\/06\/c007f02f-5500-45a9-a596-e53b541050b7_1_hFdyMXjoej56rZ66GOlfmw-1024x685.jpeg 1024w, https:\/\/www.univ-sba.dz\/snv\/wp-content\/uploads\/2025\/06\/c007f02f-5500-45a9-a596-e53b541050b7_1_hFdyMXjoej56rZ66GOlfmw-300x201.jpeg 300w, https:\/\/www.univ-sba.dz\/snv\/wp-content\/uploads\/2025\/06\/c007f02f-5500-45a9-a596-e53b541050b7_1_hFdyMXjoej56rZ66GOlfmw-768x514.jpeg 768w, https:\/\/www.univ-sba.dz\/snv\/wp-content\/uploads\/2025\/06\/c007f02f-5500-45a9-a596-e53b541050b7_1_hFdyMXjoej56rZ66GOlfmw-1536x1028.jpeg 1536w, https:\/\/www.univ-sba.dz\/snv\/wp-content\/uploads\/2025\/06\/c007f02f-5500-45a9-a596-e53b541050b7_1_hFdyMXjoej56rZ66GOlfmw.jpeg 1600w\" sizes=\"(max-width: 1024px) 100vw, 1024px\" \/>\t\t\t\t\t\t\t\t\t\t\t\t\t\t\t<\/div>\n\t\t\t\t<\/div>\n\t\t\t\t\t<\/div>\n\t\t\t\t<\/div>\n\t\t<div class=\"elementor-element elementor-element-47a58d6 e-flex e-con-boxed e-con e-parent\" data-id=\"47a58d6\" data-element_type=\"container\">\n\t\t\t\t\t<div class=\"e-con-inner\">\n\t\t<div class=\"elementor-element elementor-element-9213920 e-con-full e-flex e-con e-child\" data-id=\"9213920\" data-element_type=\"container\">\n\t\t\t\t<div class=\"elementor-element elementor-element-b2b6cd3 section-title-align-center section-title-style-style1 elementor-widget elementor-widget-tpg-section-title\" data-id=\"b2b6cd3\" data-element_type=\"widget\" data-widget_type=\"tpg-section-title.default\">\n\t\t\t\t<div class=\"elementor-widget-container\">\n\t\t\t\t\t\t\t<div class=\"rt-container-fluid rt-tpg-container tpg-el-main-wrapper clearfix  section-title-style-style1 section-title-align-center\">\n\t\t\t<div class='tpg-header-wrapper'>\n        <div class=\"tpg-widget-heading-wrapper rt-clear heading-style1 \">\n            <span class=\"tpg-widget-heading-line line-left\"><\/span>\n\t\t\t<h3 class='tpg-widget-heading'>\n\t\t\t\n\t\t\t\t                    <span>\n\t\t\t\t\t\tSEMESTRE 01\t\t\t\t\t<\/span>\n\t\t\t\t\t\n\t\t\t\t\t\t\t<\/h3>            <span class=\"tpg-widget-heading-line line-right\"><\/span>\n\n\t\t\t\n        <\/div>\n\n\t\t\n\t\t<\/div>\t\t<\/div>\n\t\t\t\t\t\t<\/div>\n\t\t\t\t<\/div>\n\t\t\t\t<\/div>\n\t\t<div class=\"elementor-element elementor-element-488d543 e-con-full e-flex e-con e-child\" data-id=\"488d543\" data-element_type=\"container\">\n\t\t\t\t<div class=\"elementor-element elementor-element-4bdde16 section-title-align-center section-title-style-style1 elementor-widget elementor-widget-tpg-section-title\" data-id=\"4bdde16\" data-element_type=\"widget\" data-widget_type=\"tpg-section-title.default\">\n\t\t\t\t<div class=\"elementor-widget-container\">\n\t\t\t\t\t\t\t<div class=\"rt-container-fluid rt-tpg-container tpg-el-main-wrapper clearfix  section-title-style-style1 section-title-align-center\">\n\t\t\t<div class='tpg-header-wrapper'>\n        <div class=\"tpg-widget-heading-wrapper rt-clear heading-style1 \">\n            <span class=\"tpg-widget-heading-line line-left\"><\/span>\n\t\t\t<h3 class='tpg-widget-heading'>\n\t\t\t\n\t\t\t\t                    <span>\n\t\t\t\t\t\tSEMESTRE 02\t\t\t\t\t<\/span>\n\t\t\t\t\t\n\t\t\t\t\t\t\t<\/h3>            <span class=\"tpg-widget-heading-line line-right\"><\/span>\n\n\t\t\t\n        <\/div>\n\n\t\t\n\t\t<\/div>\t\t<\/div>\n\t\t\t\t\t\t<\/div>\n\t\t\t\t<\/div>\n\t\t\t\t<\/div>\n\t\t\t\t\t<\/div>\n\t\t\t\t<\/div>\n\t\t<div class=\"elementor-element elementor-element-7fa3faa e-flex e-con-boxed e-con e-parent\" data-id=\"7fa3faa\" data-element_type=\"container\">\n\t\t\t\t\t<div class=\"e-con-inner\">\n\t\t<div class=\"elementor-element elementor-element-2cca94a e-con-full e-flex e-con e-child\" data-id=\"2cca94a\" data-element_type=\"container\">\n\t\t\t\t<div class=\"elementor-element elementor-element-ca71253 elementor-widget elementor-widget-elementskit-tablepress\" data-id=\"ca71253\" data-element_type=\"widget\" data-widget_type=\"elementskit-tablepress.default\">\n\t\t\t\t<div class=\"elementor-widget-container\">\n\t\t\t\t\t<div class=\"elemenetskit-tablepress ekit-wid-con\" id=\"ekit_tablepress_ca71253\">\n<table id=\"tablepress-22\" class=\"tablepress tablepress-id-22\">\n<thead>\n<tr class=\"row-1\">\n\t<th class=\"column-1\">NUMERO<\/th><th class=\"column-2\">NIVEAU <\/th><th class=\"column-3\">PV<\/th>\n<\/tr>\n<\/thead>\n<tbody class=\"row-striping row-hover\">\n<tr class=\"row-2\">\n\t<td class=\"column-1\">01<\/td><td class=\"column-2\">L1<\/td><td class=\"column-3\"><\/td>\n<\/tr>\n<tr class=\"row-3\">\n\t<td class=\"column-1\">02<\/td><td class=\"column-2\">L2 ECOLOGIE ET ENVIRONNEMENT <\/td><td class=\"column-3\"><a href=\"https:\/\/www.univ-sba.dz\/snv\/wp-content\/uploads\/2026\/02\/DELIBERATION-L-02-ECOLOGIE-ENVIRONNEMENT.pdf\" target=\"_blank\">CLIQUER ICI<\/a><\/td>\n<\/tr>\n<tr class=\"row-4\">\n\t<td class=\"column-1\">03<\/td><td class=\"column-2\">L2 BIOTECHNOLOGIE <\/td><td class=\"column-3\"><a href=\"https:\/\/www.univ-sba.dz\/snv\/wp-content\/uploads\/2026\/02\/DELIBERATION-S-01-L-02-BIOTECHNOLOGIE-1.pdf\" target=\"_blank\">CLIQUER ICI<\/a><\/td>\n<\/tr>\n<tr class=\"row-5\">\n\t<td class=\"column-1\">04<\/td><td class=\"column-2\">L3 BIOTECHNOLOGIE et SANTE<\/td><td class=\"column-3\"><a href=\"https:\/\/www.univ-sba.dz\/snv\/wp-content\/uploads\/2026\/02\/DELIBERATION-S-01-L-03-BIOTECH-SANTE.pdf\" target=\"_blank\">CLIQUER ICI<\/a><\/td>\n<\/tr>\n<tr class=\"row-6\">\n\t<td class=\"column-1\">05<\/td><td class=\"column-2\">L3 ECOLOGIE ET ENVIRONNEMENT<\/td><td class=\"column-3\"><a href=\"https:\/\/www.univ-sba.dz\/snv\/wp-content\/uploads\/2026\/02\/DELIBERATION-L-03-E.E.pdf\" target=\"_blank\">CLIQUER ICI<\/a><\/td>\n<\/tr>\n<tr class=\"row-7\">\n\t<td class=\"column-1\">06<\/td><td class=\"column-2\">L3 BIOLOGIE ET PHYSIOLOGIE VEGETALE<\/td><td class=\"column-3\"><a href=\"https:\/\/www.univ-sba.dz\/snv\/wp-content\/uploads\/2026\/02\/DELIBERATION-L-03-B.P.V.pdf\" target=\"_blank\">CLIQUER ICI<\/a><\/td>\n<\/tr>\n<tr class=\"row-8\">\n\t<td class=\"column-1\">07<\/td><td class=\"column-2\">M1 BIOTECHNOLOGIE ET VALORISATION DES PLANTES<\/td><td class=\"column-3\"><\/td>\n<\/tr>\n<tr class=\"row-9\">\n\t<td class=\"column-1\">08<\/td><td class=\"column-2\">M1 BIOTECHNOGIE VEGETALE<\/td><td class=\"column-3\"><\/td>\n<\/tr>\n<tr class=\"row-10\">\n\t<td class=\"column-1\">09<\/td><td class=\"column-2\">M1 BIODIVERSITE ET ECOLOGIE VEGETALE<\/td><td class=\"column-3\"><\/td>\n<\/tr>\n<tr class=\"row-11\">\n\t<td class=\"column-1\">10<\/td><td class=\"column-2\">M1 ECOLOGIE VEGETALE ET ENVIRONNEMENT<\/td><td class=\"column-3\"><\/td>\n<\/tr>\n<tr class=\"row-12\">\n\t<td class=\"column-1\">11<\/td><td class=\"column-2\">M1 ECOLOGIE DES MILIEUX NATURELS<\/td><td class=\"column-3\"><\/td>\n<\/tr>\n<tr class=\"row-13\">\n\t<td class=\"column-1\">12<\/td><td class=\"column-2\">M1 BIOLOGIE DE LA CONSERVATION <\/td><td class=\"column-3\"><\/td>\n<\/tr>\n<tr class=\"row-14\">\n\t<td class=\"column-1\">13<\/td><td class=\"column-2\">M2 BIOTECHNOLOGIE ET VALORISATION DES PLANTES<\/td><td class=\"column-3\"><a href=\"https:\/\/www.univ-sba.dz\/snv\/wp-content\/uploads\/2026\/02\/DELIBERATION-S-01-MASTER-02-B.V.P.pdf\" target=\"_blank\">CLIQUER ICI<\/a><\/td>\n<\/tr>\n<tr class=\"row-15\">\n\t<td class=\"column-1\">14<\/td><td class=\"column-2\">M2 BIOTECHNOGIE VEGETALE<\/td><td class=\"column-3\"><a href=\"https:\/\/www.univ-sba.dz\/snv\/wp-content\/uploads\/2026\/02\/DELIBERATION-S-01-MASTER-02-B.V.pdf\" target=\"_blank\">CLIQUER ICI<\/a><\/td>\n<\/tr>\n<tr class=\"row-16\">\n\t<td class=\"column-1\">15<\/td><td class=\"column-2\">M2 BIODIVERSITE ET ECOLOGIE VEGETALE<\/td><td class=\"column-3\"><\/td>\n<\/tr>\n<tr class=\"row-17\">\n\t<td class=\"column-1\">16<\/td><td class=\"column-2\">M2 ECOLOGIE VEGETALE ET ENVIRONNEMENT<\/td><td class=\"column-3\"><\/td>\n<\/tr>\n<tr class=\"row-18\">\n\t<td class=\"column-1\">17<\/td><td class=\"column-2\">M2 ECOLOGIE DES MILIEUX NATURELS<\/td><td class=\"column-3\"><a href=\"https:\/\/www.univ-sba.dz\/snv\/wp-content\/uploads\/2026\/02\/DELIBERATION-S-01-MASTER-02-E.M.N.pdf\" target=\"_blank\">CLIQUER ICI<\/a><\/td>\n<\/tr>\n<tr class=\"row-19\">\n\t<td class=\"column-1\">18<\/td><td class=\"column-2\">M2 BIOLOGIE DE LA CONSERVATION<\/td><td class=\"column-3\"><a href=\"https:\/\/www.univ-sba.dz\/snv\/wp-content\/uploads\/2026\/02\/DELIBERATION-S-01-MASTER-02-B.C.pdf\" target=\"_blank\">CLIQUER ICI<\/a><\/td>\n<\/tr>\n<\/tbody>\n<\/table>\n<\/div>\t\t\t\t<\/div>\n\t\t\t\t<\/div>\n\t\t\t\t<\/div>\n\t\t<div class=\"elementor-element elementor-element-5d5e0d7 e-con-full e-flex e-con e-child\" data-id=\"5d5e0d7\" data-element_type=\"container\">\n\t\t\t\t<div class=\"elementor-element elementor-element-83217e2 elementor-widget elementor-widget-elementskit-tablepress\" data-id=\"83217e2\" data-element_type=\"widget\" data-widget_type=\"elementskit-tablepress.default\">\n\t\t\t\t<div class=\"elementor-widget-container\">\n\t\t\t\t\t<div class=\"elemenetskit-tablepress ekit-wid-con\" id=\"ekit_tablepress_83217e2\">\n<table id=\"tablepress-23\" class=\"tablepress tablepress-id-23\">\n<thead>\n<tr class=\"row-1\">\n\t<th class=\"column-1\">NUMERO<\/th><th class=\"column-2\">NIVEAU <\/th><th class=\"column-3\">GROUPES<\/th>\n<\/tr>\n<\/thead>\n<tbody class=\"row-striping row-hover\">\n<tr class=\"row-2\">\n\t<td class=\"column-1\">01<\/td><td class=\"column-2\">L1<\/td><td class=\"column-3\"><\/td>\n<\/tr>\n<tr class=\"row-3\">\n\t<td class=\"column-1\">02<\/td><td class=\"column-2\">L2 ECOLOGIE ET ENVIRONNEMENT <\/td><td class=\"column-3\"><\/td>\n<\/tr>\n<tr class=\"row-4\">\n\t<td class=\"column-1\">03<\/td><td class=\"column-2\">L2 BITECHNOLOGIE <\/td><td class=\"column-3\"><\/td>\n<\/tr>\n<tr class=\"row-5\">\n\t<td class=\"column-1\">04<\/td><td class=\"column-2\">L3 BITECHNOLOGIE <\/td><td class=\"column-3\"><\/td>\n<\/tr>\n<tr class=\"row-6\">\n\t<td class=\"column-1\">05<\/td><td class=\"column-2\">L3 ECOLOGIE ET ENVIRONNEMENT<\/td><td class=\"column-3\"><\/td>\n<\/tr>\n<tr class=\"row-7\">\n\t<td class=\"column-1\">06<\/td><td class=\"column-2\">L3 BIOLOGIE ET PHYSIOLOGIE VEGETALE<\/td><td class=\"column-3\"><\/td>\n<\/tr>\n<tr class=\"row-8\">\n\t<td class=\"column-1\">07<\/td><td class=\"column-2\">M1 BIOTECHNOLOGIE ET VALORISATION DES PLANTES<\/td><td class=\"column-3\"><\/td>\n<\/tr>\n<tr class=\"row-9\">\n\t<td class=\"column-1\">08<\/td><td class=\"column-2\">M1 BIOTECHNOGIE VEGETALE<\/td><td class=\"column-3\"><\/td>\n<\/tr>\n<tr class=\"row-10\">\n\t<td class=\"column-1\">09<\/td><td class=\"column-2\">M1 BIODIVERSITE ET ECOLOGIE VEGETALE<\/td><td class=\"column-3\"><\/td>\n<\/tr>\n<tr class=\"row-11\">\n\t<td class=\"column-1\">10<\/td><td class=\"column-2\">M1 ECOLOGIE VEGETALE ET ENVIRONNEMENT<\/td><td class=\"column-3\"><\/td>\n<\/tr>\n<tr class=\"row-12\">\n\t<td class=\"column-1\">11<\/td><td class=\"column-2\">M1 ECOLOGIE DES MILIEUX NATURELS<\/td><td class=\"column-3\"><\/td>\n<\/tr>\n<tr class=\"row-13\">\n\t<td class=\"column-1\">12<\/td><td class=\"column-2\">M1 BIOLOGIE DE LA CONSERVATION <\/td><td class=\"column-3\"><\/td>\n<\/tr>\n<tr class=\"row-14\">\n\t<td class=\"column-1\">13<\/td><td class=\"column-2\">M2 BIOTECHNOLOGIE ET VALORISATION DES PLANTES<\/td><td class=\"column-3\"><\/td>\n<\/tr>\n<tr class=\"row-15\">\n\t<td class=\"column-1\">14<\/td><td class=\"column-2\">M2 BIOTECHNOGIE VEGETALE<\/td><td class=\"column-3\"><\/td>\n<\/tr>\n<tr class=\"row-16\">\n\t<td class=\"column-1\">15<\/td><td class=\"column-2\">M2 BIODIVERSITE ET ECOLOGIE VEGETALE<\/td><td class=\"column-3\"><\/td>\n<\/tr>\n<tr class=\"row-17\">\n\t<td class=\"column-1\">16<\/td><td class=\"column-2\">M2 ECOLOGIE VEGETALE ET ENVIRONNEMENT<\/td><td class=\"column-3\"><\/td>\n<\/tr>\n<tr class=\"row-18\">\n\t<td class=\"column-1\">17<\/td><td class=\"column-2\">M2 ECOLOGIE DES MILIEUX NATURELS<\/td><td class=\"column-3\"><\/td>\n<\/tr>\n<tr class=\"row-19\">\n\t<td class=\"column-1\">18<\/td><td class=\"column-2\">M2 BIOLOGIE DE LA CONSERVATION<\/td><td class=\"column-3\"><\/td>\n<\/tr>\n<\/tbody>\n<\/table>\n<\/div>\t\t\t\t<\/div>\n\t\t\t\t<\/div>\n\t\t\t\t<\/div>\n\t\t\t\t\t<\/div>\n\t\t\t\t<\/div>\n\t\t\t\t<\/div>\n\t\t<div style=\"margin: 20px 0;\"><div class=\"qrcswholewtapper\" style=\"text-align:left;\"><div class=\"qrcprowrapper\"  id=\"qrcwraa2leds\"><div class=\"qrc_canvass\" id=\"qrc_cuttenpages_2\" style=\"display:inline-block\" data-text=\"https:\/\/www.univ-sba.dz\/snv\/fr\/proces-verbal-de-deliberation-departement-de-environnement\/\"><\/div><div><a download=\"PROC\u00c8S-VERBAL DE D\u00c9LIB\u00c9RATION \u2013 D\u00c9PARTEMENT DE L&#8217;ENVIRONNEMENT.png\" class=\"qrcdownloads\" id=\"worign\">\r\n           <button type=\"button\" style=\"min-width:200px;background:#44d813;color:#000;font-weight: 600;border: 1px solid #44d813;border-radius:20px;font-size:12px;padding: 6px 0;\" class=\"uqr_code_btn\">Download QR \ud83e\udc7b<\/button>\r\n           <\/a><\/div><\/div><\/div><\/div>","protected":false},"excerpt":{"rendered":"<p>SEMESTRE 01 SEMESTRE 02 Modifier NUMERO NIVEAU PV 01 L1 02 L2 ECOLOGIE ET ENVIRONNEMENT CLIQUER ICI 03 L2 BIOTECHNOLOGIE CLIQUER ICI 04 L3 BIOTECHNOLOGIE et SANTE CLIQUER ICI 05 L3 ECOLOGIE ET ENVIRONNEMENT CLIQUER ICI 06 L3 BIOLOGIE ET PHYSIOLOGIE VEGETALE CLIQUER ICI 07 M1 BIOTECHNOLOGIE ET VALORISATION DES PLANTES 08 M1 BIOTECHNOGIE VEGETALE [&hellip;]<\/p>\n","protected":false},"author":3,"featured_media":8302,"parent":0,"menu_order":0,"comment_status":"closed","ping_status":"closed","template":"","meta":{"_uag_custom_page_level_css":"","postBodyCss":"","postBodyMargin":[],"postBodyPadding":[],"postBodyBackground":{"backgroundType":"classic","gradient":""},"site-sidebar-layout":"no-sidebar","site-content-layout":"page-builder","ast-site-content-layout":"full-width-container","site-content-style":"default","site-sidebar-style":"default","ast-global-header-display":"","ast-banner-title-visibility":"","ast-main-header-display":"","ast-hfb-above-header-display":"","ast-hfb-below-header-display":"","ast-hfb-mobile-header-display":"","site-post-title":"disabled","ast-breadcrumbs-content":"","ast-featured-img":"disabled","footer-sml-layout":"","ast-disable-related-posts":"","theme-transparent-header-meta":"","adv-header-id-meta":"","stick-header-meta":"","header-above-stick-meta":"","header-main-stick-meta":"","header-below-stick-meta":"","astra-migrate-meta-layouts":"set","ast-page-background-enabled":"default","ast-page-background-meta":{"desktop":{"background-color":"var(--ast-global-color-4)","background-image":"","background-repeat":"repeat","background-position":"center center","background-size":"auto","background-attachment":"scroll","background-type":"","background-media":"","overlay-type":"","overlay-color":"","overlay-opacity":"","overlay-gradient":""},"tablet":{"background-color":"","background-image":"","background-repeat":"repeat","background-position":"center center","background-size":"auto","background-attachment":"scroll","background-type":"","background-media":"","overlay-type":"","overlay-color":"","overlay-opacity":"","overlay-gradient":""},"mobile":{"background-color":"","background-image":"","background-repeat":"repeat","background-position":"center center","background-size":"auto","background-attachment":"scroll","background-type":"","background-media":"","overlay-type":"","overlay-color":"","overlay-opacity":"","overlay-gradient":""}},"ast-content-background-meta":{"desktop":{"background-color":"var(--ast-global-color-5)","background-image":"","background-repeat":"repeat","background-position":"center center","background-size":"auto","background-attachment":"scroll","background-type":"","background-media":"","overlay-type":"","overlay-color":"","overlay-opacity":"","overlay-gradient":""},"tablet":{"background-color":"var(--ast-global-color-5)","background-image":"","background-repeat":"repeat","background-position":"center center","background-size":"auto","background-attachment":"scroll","background-type":"","background-media":"","overlay-type":"","overlay-color":"","overlay-opacity":"","overlay-gradient":""},"mobile":{"background-color":"var(--ast-global-color-5)","background-image":"","background-repeat":"repeat","background-position":"center center","background-size":"auto","background-attachment":"scroll","background-type":"","background-media":"","overlay-type":"","overlay-color":"","overlay-opacity":"","overlay-gradient":""}},"footnotes":""},"class_list":["post-8375","page","type-page","status-publish","has-post-thumbnail","hentry"],"uagb_featured_image_src":{"full":["https:\/\/www.univ-sba.dz\/snv\/wp-content\/uploads\/2025\/10\/bdb95288-773c-4ea4-ab04-587e4e9c7c10.png",1024,1024,false],"thumbnail":["https:\/\/www.univ-sba.dz\/snv\/wp-content\/uploads\/2025\/10\/bdb95288-773c-4ea4-ab04-587e4e9c7c10-200x300.png",200,300,true],"medium":["https:\/\/www.univ-sba.dz\/snv\/wp-content\/uploads\/2025\/10\/bdb95288-773c-4ea4-ab04-587e4e9c7c10-300x300.png",300,300,true],"medium_large":["https:\/\/www.univ-sba.dz\/snv\/wp-content\/uploads\/2025\/10\/bdb95288-773c-4ea4-ab04-587e4e9c7c10-768x768.png",768,768,true],"large":["https:\/\/www.univ-sba.dz\/snv\/wp-content\/uploads\/2025\/10\/bdb95288-773c-4ea4-ab04-587e4e9c7c10.png",1024,1024,false],"1536x1536":["https:\/\/www.univ-sba.dz\/snv\/wp-content\/uploads\/2025\/10\/bdb95288-773c-4ea4-ab04-587e4e9c7c10.png",1024,1024,false],"2048x2048":["https:\/\/www.univ-sba.dz\/snv\/wp-content\/uploads\/2025\/10\/bdb95288-773c-4ea4-ab04-587e4e9c7c10.png",1024,1024,false]},"uagb_author_info":{"display_name":"admfsnv","author_link":"https:\/\/www.univ-sba.dz\/snv\/author\/admfsnv\/"},"uagb_comment_info":0,"uagb_excerpt":"SEMESTRE 01 SEMESTRE 02 Modifier NUMERO NIVEAU PV 01 L1 02 L2 ECOLOGIE ET ENVIRONNEMENT CLIQUER ICI 03 L2 BIOTECHNOLOGIE CLIQUER ICI 04 L3 BIOTECHNOLOGIE et SANTE CLIQUER ICI 05 L3 ECOLOGIE ET ENVIRONNEMENT CLIQUER ICI 06 L3 BIOLOGIE ET PHYSIOLOGIE VEGETALE CLIQUER ICI 07 M1 BIOTECHNOLOGIE ET VALORISATION DES PLANTES 08 M1 BIOTECHNOGIE VEGETALE\u2026","rttpg_featured_image_url":{"full":["https:\/\/www.univ-sba.dz\/snv\/wp-content\/uploads\/2025\/10\/bdb95288-773c-4ea4-ab04-587e4e9c7c10.png",1024,1024,false],"landscape":["https:\/\/www.univ-sba.dz\/snv\/wp-content\/uploads\/2025\/10\/bdb95288-773c-4ea4-ab04-587e4e9c7c10.png",1024,1024,false],"portraits":["https:\/\/www.univ-sba.dz\/snv\/wp-content\/uploads\/2025\/10\/bdb95288-773c-4ea4-ab04-587e4e9c7c10.png",1024,1024,false],"thumbnail":["https:\/\/www.univ-sba.dz\/snv\/wp-content\/uploads\/2025\/10\/bdb95288-773c-4ea4-ab04-587e4e9c7c10-200x300.png",200,300,true],"medium":["https:\/\/www.univ-sba.dz\/snv\/wp-content\/uploads\/2025\/10\/bdb95288-773c-4ea4-ab04-587e4e9c7c10-300x300.png",300,300,true],"large":["https:\/\/www.univ-sba.dz\/snv\/wp-content\/uploads\/2025\/10\/bdb95288-773c-4ea4-ab04-587e4e9c7c10.png",1024,1024,false],"1536x1536":["https:\/\/www.univ-sba.dz\/snv\/wp-content\/uploads\/2025\/10\/bdb95288-773c-4ea4-ab04-587e4e9c7c10.png",1024,1024,false],"2048x2048":["https:\/\/www.univ-sba.dz\/snv\/wp-content\/uploads\/2025\/10\/bdb95288-773c-4ea4-ab04-587e4e9c7c10.png",1024,1024,false]},"rttpg_author":{"display_name":"admfsnv","author_link":"https:\/\/www.univ-sba.dz\/snv\/author\/admfsnv\/"},"rttpg_comment":0,"rttpg_category":" <a href=\"https:\/\/www.univ-sba.dz\/snv\/fr\/\" rel=\"tag\">Fran\u00e7ais<\/a>","rttpg_excerpt":"SEMESTRE 01 SEMESTRE 02 Modifier NUMERO NIVEAU PV 01 L1 02 L2 ECOLOGIE ET ENVIRONNEMENT CLIQUER ICI 03 L2 BIOTECHNOLOGIE CLIQUER ICI 04 L3 BIOTECHNOLOGIE et SANTE CLIQUER ICI 05 L3 ECOLOGIE ET ENVIRONNEMENT CLIQUER ICI 06 L3 BIOLOGIE ET PHYSIOLOGIE VEGETALE CLIQUER ICI 07 M1 BIOTECHNOLOGIE ET VALORISATION DES PLANTES 08 M1 BIOTECHNOGIE VEGETALE\u2026","_links":{"self":[{"href":"https:\/\/www.univ-sba.dz\/snv\/wp-json\/wp\/v2\/pages\/8375","targetHints":{"allow":["GET"]}}],"collection":[{"href":"https:\/\/www.univ-sba.dz\/snv\/wp-json\/wp\/v2\/pages"}],"about":[{"href":"https:\/\/www.univ-sba.dz\/snv\/wp-json\/wp\/v2\/types\/page"}],"author":[{"embeddable":true,"href":"https:\/\/www.univ-sba.dz\/snv\/wp-json\/wp\/v2\/users\/3"}],"replies":[{"embeddable":true,"href":"https:\/\/www.univ-sba.dz\/snv\/wp-json\/wp\/v2\/comments?post=8375"}],"version-history":[{"count":8,"href":"https:\/\/www.univ-sba.dz\/snv\/wp-json\/wp\/v2\/pages\/8375\/revisions"}],"predecessor-version":[{"id":10932,"href":"https:\/\/www.univ-sba.dz\/snv\/wp-json\/wp\/v2\/pages\/8375\/revisions\/10932"}],"wp:featuredmedia":[{"embeddable":true,"href":"https:\/\/www.univ-sba.dz\/snv\/wp-json\/wp\/v2\/media\/8302"}],"wp:attachment":[{"href":"https:\/\/www.univ-sba.dz\/snv\/wp-json\/wp\/v2\/media?parent=8375"}],"curies":[{"name":"wp","href":"https:\/\/api.w.org\/{rel}","templated":true}]}}