{"id":8584,"date":"2025-10-22T13:31:33","date_gmt":"2025-10-22T11:31:33","guid":{"rendered":"https:\/\/www.univ-sba.dz\/snv\/?page_id=8584"},"modified":"2025-11-04T12:37:09","modified_gmt":"2025-11-04T11:37:09","slug":"liste-des-filieres-et-specialites-departement-de-biologie","status":"publish","type":"page","link":"https:\/\/www.univ-sba.dz\/snv\/fr\/liste-des-filieres-et-specialites-departement-de-biologie\/","title":{"rendered":"LISTE DES FILI\u00c8RES ET SP\u00c9CIALIT\u00c9S \u2013 D\u00c9PARTEMENT DE BIOLOGIE"},"content":{"rendered":"\t\t<div data-elementor-type=\"wp-page\" data-elementor-id=\"8584\" class=\"elementor elementor-8584\">\n\t\t\t\t<div class=\"elementor-element elementor-element-0638c40 e-grid e-con-boxed e-con e-parent\" data-id=\"0638c40\" data-element_type=\"container\">\n\t\t\t\t\t<div class=\"e-con-inner\">\n\t\t\t\t<div class=\"elementor-element elementor-element-c4d9240 e-transform elementor-widget elementor-widget-image\" data-id=\"c4d9240\" data-element_type=\"widget\" data-settings=\"{&quot;_transform_scale_effect&quot;:{&quot;unit&quot;:&quot;px&quot;,&quot;size&quot;:&quot;&quot;,&quot;sizes&quot;:[]},&quot;_transform_scale_effect_tablet&quot;:{&quot;unit&quot;:&quot;px&quot;,&quot;size&quot;:&quot;&quot;,&quot;sizes&quot;:[]},&quot;_transform_scale_effect_mobile&quot;:{&quot;unit&quot;:&quot;px&quot;,&quot;size&quot;:&quot;&quot;,&quot;sizes&quot;:[]}}\" data-widget_type=\"image.default\">\n\t\t\t\t<div class=\"elementor-widget-container\">\n\t\t\t\t\t\t\t\t\t\t\t\t\t\t\t<img fetchpriority=\"high\" decoding=\"async\" width=\"609\" height=\"442\" src=\"https:\/\/www.univ-sba.dz\/snv\/wp-content\/uploads\/2025\/11\/BIO-FR.png\" class=\"attachment-large size-large wp-image-8895\" alt=\"\" srcset=\"https:\/\/www.univ-sba.dz\/snv\/wp-content\/uploads\/2025\/11\/BIO-FR.png 609w, https:\/\/www.univ-sba.dz\/snv\/wp-content\/uploads\/2025\/11\/BIO-FR-300x218.png 300w\" sizes=\"(max-width: 609px) 100vw, 609px\" \/>\t\t\t\t\t\t\t\t\t\t\t\t\t\t\t<\/div>\n\t\t\t\t<\/div>\n\t\t\t\t<div class=\"elementor-element elementor-element-0939320 elementor-widget elementor-widget-elementskit-tablepress\" data-id=\"0939320\" data-element_type=\"widget\" data-widget_type=\"elementskit-tablepress.default\">\n\t\t\t\t<div class=\"elementor-widget-container\">\n\t\t\t\t\t<div class=\"elemenetskit-tablepress ekit-wid-con\" id=\"ekit_tablepress_0939320\"><h2 id=\"tablepress-30-name\" class=\"tablepress-table-name tablepress-table-name-id-30\">LISTE DES SPECIALITES DEP BIOLOGIE<\/h2>\n\n<table id=\"tablepress-30\" class=\"tablepress tablepress-id-30\" aria-labelledby=\"tablepress-30-name\">\n<thead>\n<tr class=\"row-1\">\n\t<th class=\"column-1\">NUMERO<\/th><th class=\"column-2\">NIVEAU <\/th><th class=\"column-3\">FILIERE<\/th><th class=\"column-4\">SPECIALITE<\/th><th class=\"column-5\">TYPE<\/th><th class=\"column-6\">ARRETE D ABILITATION<\/th>\n<\/tr>\n<\/thead>\n<tbody class=\"row-striping row-hover\">\n<tr class=\"row-2\">\n\t<td class=\"column-1\">01<\/td><td class=\"column-2\">LICENCE<\/td><td class=\"column-3\">sciences biologiques<\/td><td class=\"column-4\">biologie de la conservation<\/td><td class=\"column-5\">A<\/td><td class=\"column-6\">Arr\u00eat\u00e9 n\u00b01303du 09 Aout 2016<\/td>\n<\/tr>\n<tr class=\"row-3\">\n\t<td class=\"column-1\">02<\/td><td class=\"column-2\">LICENCE<\/td><td class=\"column-3\">sciences biologiques<\/td><td class=\"column-4\">biochimie appliqu\u00e9e<\/td><td class=\"column-5\">A<\/td><td class=\"column-6\">Arr\u00eat\u00e9 n\u00b01303du 09 Aout 2016<\/td>\n<\/tr>\n<tr class=\"row-4\">\n\t<td class=\"column-1\">03<\/td><td class=\"column-2\">LICENCE<\/td><td class=\"column-3\">sciences biologiques<\/td><td class=\"column-4\">microbiologie appliqu\u00e9e<\/td><td class=\"column-5\">A<\/td><td class=\"column-6\">Arr\u00eat\u00e9 n\u00b01303du 09 Aout 2016<\/td>\n<\/tr>\n<tr class=\"row-5\">\n\t<td class=\"column-1\">04<\/td><td class=\"column-2\">LICENCE<\/td><td class=\"column-3\">sciences biologiques<\/td><td class=\"column-4\">biologie et physiologie de la reproduction<\/td><td class=\"column-5\">A<\/td><td class=\"column-6\">Arr\u00eat\u00e9 n\u00b01303du 09 Aout 2016<\/td>\n<\/tr>\n<tr class=\"row-6\">\n\t<td class=\"column-1\">05<\/td><td class=\"column-2\">LICENCE<\/td><td class=\"column-3\">sciences biologiques<\/td><td class=\"column-4\">biochimie-immunologie<\/td><td class=\"column-5\">A<\/td><td class=\"column-6\">Arr\u00eat\u00e9 n\u00b01303du 09 Aout 2016<\/td>\n<\/tr>\n<tr class=\"row-7\">\n\t<td class=\"column-1\">06<\/td><td class=\"column-2\">LICENCE<\/td><td class=\"column-3\">sciences biologiques<\/td><td class=\"column-4\">biologie et pathologie cellulaire<\/td><td class=\"column-5\">A<\/td><td class=\"column-6\">Arr\u00eat\u00e9 n\u00b01303du 09 Aout 2016<\/td>\n<\/tr>\n<tr class=\"row-8\">\n\t<td class=\"column-1\">07<\/td><td class=\"column-2\">LICENCE<\/td><td class=\"column-3\">sciences biologiques<\/td><td class=\"column-4\">biologie mol\u00e9culaire et cellulaire<\/td><td class=\"column-5\">A<\/td><td class=\"column-6\"><\/td>\n<\/tr>\n<tr class=\"row-9\">\n\t<td class=\"column-1\">08<\/td><td class=\"column-2\">MASTER<\/td><td class=\"column-3\">sciences biologiques<\/td><td class=\"column-4\">biologie de la conservation<\/td><td class=\"column-5\">A<\/td><td class=\"column-6\">Arr\u00eat\u00e9 n\u00b01303du 09 Aout 2016<\/td>\n<\/tr>\n<tr class=\"row-10\">\n\t<td class=\"column-1\">09<\/td><td class=\"column-2\">MASTER<\/td><td class=\"column-3\">sciences biologiques<\/td><td class=\"column-4\">biochimie appliqu\u00e9e<\/td><td class=\"column-5\">A<\/td><td class=\"column-6\">Arr\u00eat\u00e9 n\u00b01303du 09 Aout 2016<\/td>\n<\/tr>\n<tr class=\"row-11\">\n\t<td class=\"column-1\">10<\/td><td class=\"column-2\">MASTER<\/td><td class=\"column-3\">sciences biologiques<\/td><td class=\"column-4\">microbiologie appliqu\u00e9e<\/td><td class=\"column-5\">A<\/td><td class=\"column-6\">Arr\u00eat\u00e9 n\u00b01303du 09 Aout 2016<\/td>\n<\/tr>\n<tr class=\"row-12\">\n\t<td class=\"column-1\">11<\/td><td class=\"column-2\">MASTER<\/td><td class=\"column-3\">sciences biologiques<\/td><td class=\"column-4\">biologie et physiologie de la reproduction<\/td><td class=\"column-5\">A<\/td><td class=\"column-6\">Arr\u00eat\u00e9 n\u00b01303du 09 Aout 2016<\/td>\n<\/tr>\n<tr class=\"row-13\">\n\t<td class=\"column-1\">12<\/td><td class=\"column-2\">MASTER<\/td><td class=\"column-3\">sciences biologiques<\/td><td class=\"column-4\">biochimie-immunologie<\/td><td class=\"column-5\">A<\/td><td class=\"column-6\">Arr\u00eat\u00e9 n\u00b01303du 09 Aout 2016<\/td>\n<\/tr>\n<tr class=\"row-14\">\n\t<td class=\"column-1\">13<\/td><td class=\"column-2\">MASTER<\/td><td class=\"column-3\">sciences biologiques<\/td><td class=\"column-4\">biologie et pathologie cellulaire<\/td><td class=\"column-5\">A<\/td><td class=\"column-6\">Arr\u00eat\u00e9 n\u00b01303du 09 Aout 2016<\/td>\n<\/tr>\n<tr class=\"row-15\">\n\t<td class=\"column-1\">14<\/td><td class=\"column-2\">MASTER<\/td><td class=\"column-3\">sciences biologiques<\/td><td class=\"column-4\">biologie mol\u00e9culaire et cellulaire<\/td><td class=\"column-5\">A<\/td><td class=\"column-6\"><\/td>\n<\/tr>\n<tr class=\"row-16\">\n\t<td class=\"column-1\">15<\/td><td class=\"column-2\">MASTER<\/td><td class=\"column-3\">sciences alimentaires<\/td><td class=\"column-4\">Nutrition et Pathologie<\/td><td class=\"column-5\"><\/td><td class=\"column-6\"><\/td>\n<\/tr>\n<tr class=\"row-17\">\n\t<td class=\"column-1\">16<\/td><td class=\"column-2\">MASTER<\/td><td class=\"column-3\">sciences alimentaires<\/td><td class=\"column-4\">biochimie de la nutrition<\/td><td class=\"column-5\">A<\/td><td class=\"column-6\">Arr\u00eat\u00e9 n\u00b01303du 09 Aout 2016<\/td>\n<\/tr>\n<tr class=\"row-18\">\n\t<td class=\"column-1\">17<\/td><td class=\"column-2\">MASTER<\/td><td class=\"column-3\">sciences alimentaires<\/td><td class=\"column-4\">Qualit\u00e9 des produits et S\u00e9curit\u00e9 alimentaire<\/td><td class=\"column-5\">A<\/td><td class=\"column-6\"><\/td>\n<\/tr>\n<\/tbody>\n<\/table>\n<!-- #tablepress-30 from cache --><\/div>\t\t\t\t<\/div>\n\t\t\t\t<\/div>\n\t\t\t\t\t<\/div>\n\t\t\t\t<\/div>\n\t\t\t\t<\/div>\n\t\t<div style=\"margin: 20px 0;\"><div class=\"qrcswholewtapper\" style=\"text-align:left;\"><div class=\"qrcprowrapper\"  id=\"qrcwraa2leds\"><div class=\"qrc_canvass\" id=\"qrc_cuttenpages_2\" style=\"display:inline-block\" data-text=\"https:\/\/www.univ-sba.dz\/snv\/fr\/liste-des-filieres-et-specialites-departement-de-biologie\/\"><\/div><div><a download=\"LISTE DES FILI\u00c8RES ET SP\u00c9CIALIT\u00c9S \u2013 D\u00c9PARTEMENT DE BIOLOGIE.png\" class=\"qrcdownloads\" id=\"worign\">\r\n           <button type=\"button\" style=\"min-width:200px;background:#44d813;color:#000;font-weight: 600;border: 1px solid #44d813;border-radius:20px;font-size:12px;padding: 6px 0;\" class=\"uqr_code_btn\">Download QR \ud83e\udc7b<\/button>\r\n           <\/a><\/div><\/div><\/div><\/div>","protected":false},"excerpt":{"rendered":"<p>LISTE DES SPECIALITES DEP BIOLOGIE Modifier NUMERO NIVEAU FILIERE SPECIALITE TYPE ARRETE D ABILITATION 01 LICENCE sciences biologiques biologie de la conservation A Arr\u00eat\u00e9 n\u00b01303du 09 Aout 2016 02 LICENCE sciences biologiques biochimie appliqu\u00e9e A Arr\u00eat\u00e9 n\u00b01303du 09 Aout 2016 03 LICENCE sciences biologiques microbiologie appliqu\u00e9e A Arr\u00eat\u00e9 n\u00b01303du 09 Aout 2016 04 LICENCE sciences [&hellip;]<\/p>\n","protected":false},"author":3,"featured_media":8594,"parent":0,"menu_order":0,"comment_status":"closed","ping_status":"closed","template":"","meta":{"_uag_custom_page_level_css":"","postBodyCss":"","postBodyMargin":[],"postBodyPadding":[],"postBodyBackground":{"backgroundType":"classic","gradient":""},"site-sidebar-layout":"no-sidebar","site-content-layout":"page-builder","ast-site-content-layout":"full-width-container","site-content-style":"default","site-sidebar-style":"default","ast-global-header-display":"","ast-banner-title-visibility":"","ast-main-header-display":"","ast-hfb-above-header-display":"","ast-hfb-below-header-display":"","ast-hfb-mobile-header-display":"","site-post-title":"disabled","ast-breadcrumbs-content":"","ast-featured-img":"disabled","footer-sml-layout":"","ast-disable-related-posts":"","theme-transparent-header-meta":"","adv-header-id-meta":"","stick-header-meta":"","header-above-stick-meta":"","header-main-stick-meta":"","header-below-stick-meta":"","astra-migrate-meta-layouts":"set","ast-page-background-enabled":"default","ast-page-background-meta":{"desktop":{"background-color":"var(--ast-global-color-4)","background-image":"","background-repeat":"repeat","background-position":"center center","background-size":"auto","background-attachment":"scroll","background-type":"","background-media":"","overlay-type":"","overlay-color":"","overlay-opacity":"","overlay-gradient":""},"tablet":{"background-color":"","background-image":"","background-repeat":"repeat","background-position":"center center","background-size":"auto","background-attachment":"scroll","background-type":"","background-media":"","overlay-type":"","overlay-color":"","overlay-opacity":"","overlay-gradient":""},"mobile":{"background-color":"","background-image":"","background-repeat":"repeat","background-position":"center center","background-size":"auto","background-attachment":"scroll","background-type":"","background-media":"","overlay-type":"","overlay-color":"","overlay-opacity":"","overlay-gradient":""}},"ast-content-background-meta":{"desktop":{"background-color":"var(--ast-global-color-5)","background-image":"","background-repeat":"repeat","background-position":"center center","background-size":"auto","background-attachment":"scroll","background-type":"","background-media":"","overlay-type":"","overlay-color":"","overlay-opacity":"","overlay-gradient":""},"tablet":{"background-color":"var(--ast-global-color-5)","background-image":"","background-repeat":"repeat","background-position":"center center","background-size":"auto","background-attachment":"scroll","background-type":"","background-media":"","overlay-type":"","overlay-color":"","overlay-opacity":"","overlay-gradient":""},"mobile":{"background-color":"var(--ast-global-color-5)","background-image":"","background-repeat":"repeat","background-position":"center center","background-size":"auto","background-attachment":"scroll","background-type":"","background-media":"","overlay-type":"","overlay-color":"","overlay-opacity":"","overlay-gradient":""}},"footnotes":""},"class_list":["post-8584","page","type-page","status-publish","has-post-thumbnail","hentry"],"uagb_featured_image_src":{"full":["https:\/\/www.univ-sba.dz\/snv\/wp-content\/uploads\/2025\/10\/LISTE-FR.png",609,442,false],"thumbnail":["https:\/\/www.univ-sba.dz\/snv\/wp-content\/uploads\/2025\/10\/LISTE-FR-200x300.png",200,300,true],"medium":["https:\/\/www.univ-sba.dz\/snv\/wp-content\/uploads\/2025\/10\/LISTE-FR-300x218.png",300,218,true],"medium_large":["https:\/\/www.univ-sba.dz\/snv\/wp-content\/uploads\/2025\/10\/LISTE-FR.png",609,442,false],"large":["https:\/\/www.univ-sba.dz\/snv\/wp-content\/uploads\/2025\/10\/LISTE-FR.png",609,442,false],"1536x1536":["https:\/\/www.univ-sba.dz\/snv\/wp-content\/uploads\/2025\/10\/LISTE-FR.png",609,442,false],"2048x2048":["https:\/\/www.univ-sba.dz\/snv\/wp-content\/uploads\/2025\/10\/LISTE-FR.png",609,442,false]},"uagb_author_info":{"display_name":"admfsnv","author_link":"https:\/\/www.univ-sba.dz\/snv\/author\/admfsnv\/"},"uagb_comment_info":0,"uagb_excerpt":"LISTE DES SPECIALITES DEP BIOLOGIE Modifier NUMERO NIVEAU FILIERE SPECIALITE TYPE ARRETE D ABILITATION 01 LICENCE sciences biologiques biologie de la conservation A Arr\u00eat\u00e9 n\u00b01303du 09 Aout 2016 02 LICENCE sciences biologiques biochimie appliqu\u00e9e A Arr\u00eat\u00e9 n\u00b01303du 09 Aout 2016 03 LICENCE sciences biologiques microbiologie appliqu\u00e9e A Arr\u00eat\u00e9 n\u00b01303du 09 Aout 2016 04 LICENCE sciences\u2026","rttpg_featured_image_url":{"full":["https:\/\/www.univ-sba.dz\/snv\/wp-content\/uploads\/2025\/10\/LISTE-FR.png",609,442,false],"landscape":["https:\/\/www.univ-sba.dz\/snv\/wp-content\/uploads\/2025\/10\/LISTE-FR.png",609,442,false],"portraits":["https:\/\/www.univ-sba.dz\/snv\/wp-content\/uploads\/2025\/10\/LISTE-FR.png",609,442,false],"thumbnail":["https:\/\/www.univ-sba.dz\/snv\/wp-content\/uploads\/2025\/10\/LISTE-FR-200x300.png",200,300,true],"medium":["https:\/\/www.univ-sba.dz\/snv\/wp-content\/uploads\/2025\/10\/LISTE-FR-300x218.png",300,218,true],"large":["https:\/\/www.univ-sba.dz\/snv\/wp-content\/uploads\/2025\/10\/LISTE-FR.png",609,442,false],"1536x1536":["https:\/\/www.univ-sba.dz\/snv\/wp-content\/uploads\/2025\/10\/LISTE-FR.png",609,442,false],"2048x2048":["https:\/\/www.univ-sba.dz\/snv\/wp-content\/uploads\/2025\/10\/LISTE-FR.png",609,442,false]},"rttpg_author":{"display_name":"admfsnv","author_link":"https:\/\/www.univ-sba.dz\/snv\/author\/admfsnv\/"},"rttpg_comment":0,"rttpg_category":" <a href=\"https:\/\/www.univ-sba.dz\/snv\/fr\/\" rel=\"tag\">Fran\u00e7ais<\/a>","rttpg_excerpt":"LISTE DES SPECIALITES DEP BIOLOGIE Modifier NUMERO NIVEAU FILIERE SPECIALITE TYPE ARRETE D ABILITATION 01 LICENCE sciences biologiques biologie de la conservation A Arr\u00eat\u00e9 n\u00b01303du 09 Aout 2016 02 LICENCE sciences biologiques biochimie appliqu\u00e9e A Arr\u00eat\u00e9 n\u00b01303du 09 Aout 2016 03 LICENCE sciences biologiques microbiologie appliqu\u00e9e A Arr\u00eat\u00e9 n\u00b01303du 09 Aout 2016 04 LICENCE sciences\u2026","_links":{"self":[{"href":"https:\/\/www.univ-sba.dz\/snv\/wp-json\/wp\/v2\/pages\/8584","targetHints":{"allow":["GET"]}}],"collection":[{"href":"https:\/\/www.univ-sba.dz\/snv\/wp-json\/wp\/v2\/pages"}],"about":[{"href":"https:\/\/www.univ-sba.dz\/snv\/wp-json\/wp\/v2\/types\/page"}],"author":[{"embeddable":true,"href":"https:\/\/www.univ-sba.dz\/snv\/wp-json\/wp\/v2\/users\/3"}],"replies":[{"embeddable":true,"href":"https:\/\/www.univ-sba.dz\/snv\/wp-json\/wp\/v2\/comments?post=8584"}],"version-history":[{"count":13,"href":"https:\/\/www.univ-sba.dz\/snv\/wp-json\/wp\/v2\/pages\/8584\/revisions"}],"predecessor-version":[{"id":8993,"href":"https:\/\/www.univ-sba.dz\/snv\/wp-json\/wp\/v2\/pages\/8584\/revisions\/8993"}],"wp:featuredmedia":[{"embeddable":true,"href":"https:\/\/www.univ-sba.dz\/snv\/wp-json\/wp\/v2\/media\/8594"}],"wp:attachment":[{"href":"https:\/\/www.univ-sba.dz\/snv\/wp-json\/wp\/v2\/media?parent=8584"}],"curies":[{"name":"wp","href":"https:\/\/api.w.org\/{rel}","templated":true}]}}