{"id":8670,"date":"2025-10-23T00:18:14","date_gmt":"2025-10-22T22:18:14","guid":{"rendered":"https:\/\/www.univ-sba.dz\/snv\/?page_id=8670"},"modified":"2025-10-29T11:28:12","modified_gmt":"2025-10-29T10:28:12","slug":"liste-des-filieres-et-specialites-en-sciences-de-lenvironnement","status":"publish","type":"page","link":"https:\/\/www.univ-sba.dz\/snv\/fr\/liste-des-filieres-et-specialites-en-sciences-de-lenvironnement\/","title":{"rendered":"LISTE DES FILI\u00c8RES ET SP\u00c9CIALIT\u00c9S EN SCIENCES DE L\u2019ENVIRONNEMENT"},"content":{"rendered":"\t\t<div data-elementor-type=\"wp-page\" data-elementor-id=\"8670\" class=\"elementor elementor-8670\">\n\t\t\t\t<div class=\"elementor-element elementor-element-720801f e-flex e-con-boxed e-con e-parent\" data-id=\"720801f\" data-element_type=\"container\">\n\t\t\t\t\t<div class=\"e-con-inner\">\n\t\t\t\t<div class=\"elementor-element elementor-element-c3a0a13 elementor-widget elementor-widget-image\" data-id=\"c3a0a13\" data-element_type=\"widget\" data-widget_type=\"image.default\">\n\t\t\t\t<div class=\"elementor-widget-container\">\n\t\t\t\t\t\t\t\t\t\t\t\t\t\t\t<img fetchpriority=\"high\" decoding=\"async\" width=\"609\" height=\"442\" src=\"https:\/\/www.univ-sba.dz\/snv\/wp-content\/uploads\/2025\/10\/ENV-FR.png\" class=\"attachment-large size-large wp-image-8798\" alt=\"\" srcset=\"https:\/\/www.univ-sba.dz\/snv\/wp-content\/uploads\/2025\/10\/ENV-FR.png 609w, https:\/\/www.univ-sba.dz\/snv\/wp-content\/uploads\/2025\/10\/ENV-FR-300x218.png 300w\" sizes=\"(max-width: 609px) 100vw, 609px\" \/>\t\t\t\t\t\t\t\t\t\t\t\t\t\t\t<\/div>\n\t\t\t\t<\/div>\n\t\t\t\t\t<\/div>\n\t\t\t\t<\/div>\n\t\t<div class=\"elementor-element elementor-element-a83ec9c e-flex e-con-boxed e-con e-parent\" data-id=\"a83ec9c\" data-element_type=\"container\">\n\t\t\t\t\t<div class=\"e-con-inner\">\n\t\t\t\t<div class=\"elementor-element elementor-element-6d25a80 e-transform elementor-widget elementor-widget-elementskit-tablepress\" data-id=\"6d25a80\" data-element_type=\"widget\" data-settings=\"{&quot;_transform_scale_effect&quot;:{&quot;unit&quot;:&quot;px&quot;,&quot;size&quot;:0.9,&quot;sizes&quot;:[]},&quot;_transform_scale_effect_tablet&quot;:{&quot;unit&quot;:&quot;px&quot;,&quot;size&quot;:&quot;&quot;,&quot;sizes&quot;:[]},&quot;_transform_scale_effect_mobile&quot;:{&quot;unit&quot;:&quot;px&quot;,&quot;size&quot;:&quot;&quot;,&quot;sizes&quot;:[]}}\" data-widget_type=\"elementskit-tablepress.default\">\n\t\t\t\t<div class=\"elementor-widget-container\">\n\t\t\t\t\t<div class=\"elemenetskit-tablepress ekit-wid-con\" id=\"ekit_tablepress_6d25a80\"><h2 id=\"tablepress-33-name\" class=\"tablepress-table-name tablepress-table-name-id-33\">LISTE DES SPECIALITES  DE L'ENVIRONNEMENT<\/h2>\n\n<table id=\"tablepress-33\" class=\"tablepress tablepress-id-33\" aria-labelledby=\"tablepress-33-name\">\n<thead>\n<tr class=\"row-1\">\n\t<th class=\"column-1\">NUMERO<\/th><th class=\"column-2\">NIVEAU<\/th><th class=\"column-3\">FILIERE<\/th><th class=\"column-4\">SPECIALITE<\/th><th class=\"column-5\">TYPE<\/th><th class=\"column-6\">ARRETE D ABILITATION<\/th>\n<\/tr>\n<\/thead>\n<tbody class=\"row-striping row-hover\">\n<tr class=\"row-2\">\n\t<td class=\"column-1\">01<\/td><td class=\"column-2\">LICENCE<\/td><td class=\"column-3\">biothechnologie<\/td><td class=\"column-4\">Biotechnologie et sant\u00e9<\/td><td class=\"column-5\">A<\/td><td class=\"column-6\">Arr\u00eat\u00e9 n\u00b01570du 06 Octobre 2016<\/td>\n<\/tr>\n<tr class=\"row-3\">\n\t<td class=\"column-1\">02<\/td><td class=\"column-2\">LICENCE<\/td><td class=\"column-3\">biothechnologie<\/td><td class=\"column-4\">BiotechnologieAlimentaire<\/td><td class=\"column-5\">A<\/td><td class=\"column-6\"><\/td>\n<\/tr>\n<tr class=\"row-4\">\n\t<td class=\"column-1\">03<\/td><td class=\"column-2\">LICENCE<\/td><td class=\"column-3\">\u00e9cologie et environnement<\/td><td class=\"column-4\">Ecologie et environnement<\/td><td class=\"column-5\">A<\/td><td class=\"column-6\">Arr\u00eat\u00e9 n\u00b01570du 06 Octobre 2016<\/td>\n<\/tr>\n<tr class=\"row-5\">\n\t<td class=\"column-1\">04<\/td><td class=\"column-2\">MASTER<\/td><td class=\"column-3\">biothechnologie<\/td><td class=\"column-4\">biotechnologie microbienne<\/td><td class=\"column-5\">A<\/td><td class=\"column-6\">Arr\u00eat\u00e9 n\u00b01303du 09 Aout 2016<\/td>\n<\/tr>\n<tr class=\"row-6\">\n\t<td class=\"column-1\">05<\/td><td class=\"column-2\">MASTER<\/td><td class=\"column-3\">ecologie et environnement<\/td><td class=\"column-4\">ecologie des milieux naturels<\/td><td class=\"column-5\">A<\/td><td class=\"column-6\">Arr\u00eat\u00e9 n\u00b01303du 09 Aout 2016<\/td>\n<\/tr>\n<tr class=\"row-7\">\n\t<td class=\"column-1\">06<\/td><td class=\"column-2\">MASTER<\/td><td class=\"column-3\">ecologie et environnement<\/td><td class=\"column-4\">ecologie v\u00e9g\u00e9tale et environnement<\/td><td class=\"column-5\">A<\/td><td class=\"column-6\">Arr\u00eat\u00e9 n\u00b01303du 09 Aout 2016<\/td>\n<\/tr>\n<tr class=\"row-8\">\n\t<td class=\"column-1\">07<\/td><td class=\"column-2\">MASTER<\/td><td class=\"column-3\">ecologie et environnement<\/td><td class=\"column-4\">biodiversit\u00e9 et \u00e9cologie v\u00e9g\u00e9tale<\/td><td class=\"column-5\">A<\/td><td class=\"column-6\">Arr\u00eat\u00e9 n\u00b01303 du 09 Aout 2016<\/td>\n<\/tr>\n<tr class=\"row-9\">\n\t<td class=\"column-1\">08<\/td><td class=\"column-2\">MASTER<\/td><td class=\"column-3\">biothechnologie<\/td><td class=\"column-4\">biotechnologie et valorisation des plantes<\/td><td class=\"column-5\">A<\/td><td class=\"column-6\">Arr\u00eat\u00e9 n\u00b01303du 09 Aout 2016<\/td>\n<\/tr>\n<tr class=\"row-10\">\n\t<td class=\"column-1\">09<\/td><td class=\"column-2\">MASTER<\/td><td class=\"column-3\">biothechnologie<\/td><td class=\"column-4\">Biotechnologie v\u00e9g\u00e9tale<\/td><td class=\"column-5\"><\/td><td class=\"column-6\"><\/td>\n<\/tr>\n<\/tbody>\n<\/table>\n<\/div>\t\t\t\t<\/div>\n\t\t\t\t<\/div>\n\t\t\t\t\t<\/div>\n\t\t\t\t<\/div>\n\t\t\t\t<\/div>\n\t\t<div style=\"margin: 20px 0;\"><div class=\"qrcswholewtapper\" style=\"text-align:left;\"><div class=\"qrcprowrapper\"  id=\"qrcwraa2leds\"><div class=\"qrc_canvass\" id=\"qrc_cuttenpages_2\" style=\"display:inline-block\" data-text=\"https:\/\/www.univ-sba.dz\/snv\/fr\/liste-des-filieres-et-specialites-en-sciences-de-lenvironnement\/\"><\/div><div><a download=\"LISTE DES FILI\u00c8RES ET SP\u00c9CIALIT\u00c9S EN SCIENCES DE L\u2019ENVIRONNEMENT.png\" class=\"qrcdownloads\" id=\"worign\">\r\n           <button type=\"button\" style=\"min-width:200px;background:#44d813;color:#000;font-weight: 600;border: 1px solid #44d813;border-radius:20px;font-size:12px;padding: 6px 0;\" class=\"uqr_code_btn\">Download QR \ud83e\udc7b<\/button>\r\n           <\/a><\/div><\/div><\/div><\/div>","protected":false},"excerpt":{"rendered":"<p>LISTE DES SPECIALITES DE L&#8217;ENVIRONNEMENT Modifier NUMERO NIVEAU FILIERE SPECIALITE TYPE ARRETE D ABILITATION 01 LICENCE biothechnologie Biotechnologie et sant\u00e9 A Arr\u00eat\u00e9 n\u00b01570du 06 Octobre 2016 02 LICENCE biothechnologie BiotechnologieAlimentaire A 03 LICENCE \u00e9cologie et environnement Ecologie et environnement A Arr\u00eat\u00e9 n\u00b01570du 06 Octobre 2016 04 MASTER biothechnologie biotechnologie microbienne A Arr\u00eat\u00e9 n\u00b01303du 09 Aout [&hellip;]<\/p>\n","protected":false},"author":3,"featured_media":8698,"parent":0,"menu_order":0,"comment_status":"closed","ping_status":"closed","template":"","meta":{"_uag_custom_page_level_css":"","postBodyCss":"","postBodyMargin":[],"postBodyPadding":[],"postBodyBackground":{"backgroundType":"classic","gradient":""},"site-sidebar-layout":"no-sidebar","site-content-layout":"page-builder","ast-site-content-layout":"full-width-container","site-content-style":"default","site-sidebar-style":"default","ast-global-header-display":"","ast-banner-title-visibility":"","ast-main-header-display":"","ast-hfb-above-header-display":"","ast-hfb-below-header-display":"","ast-hfb-mobile-header-display":"","site-post-title":"disabled","ast-breadcrumbs-content":"","ast-featured-img":"disabled","footer-sml-layout":"","ast-disable-related-posts":"","theme-transparent-header-meta":"","adv-header-id-meta":"","stick-header-meta":"","header-above-stick-meta":"","header-main-stick-meta":"","header-below-stick-meta":"","astra-migrate-meta-layouts":"set","ast-page-background-enabled":"default","ast-page-background-meta":{"desktop":{"background-color":"var(--ast-global-color-4)","background-image":"","background-repeat":"repeat","background-position":"center center","background-size":"auto","background-attachment":"scroll","background-type":"","background-media":"","overlay-type":"","overlay-color":"","overlay-opacity":"","overlay-gradient":""},"tablet":{"background-color":"","background-image":"","background-repeat":"repeat","background-position":"center center","background-size":"auto","background-attachment":"scroll","background-type":"","background-media":"","overlay-type":"","overlay-color":"","overlay-opacity":"","overlay-gradient":""},"mobile":{"background-color":"","background-image":"","background-repeat":"repeat","background-position":"center center","background-size":"auto","background-attachment":"scroll","background-type":"","background-media":"","overlay-type":"","overlay-color":"","overlay-opacity":"","overlay-gradient":""}},"ast-content-background-meta":{"desktop":{"background-color":"var(--ast-global-color-5)","background-image":"","background-repeat":"repeat","background-position":"center center","background-size":"auto","background-attachment":"scroll","background-type":"","background-media":"","overlay-type":"","overlay-color":"","overlay-opacity":"","overlay-gradient":""},"tablet":{"background-color":"var(--ast-global-color-5)","background-image":"","background-repeat":"repeat","background-position":"center center","background-size":"auto","background-attachment":"scroll","background-type":"","background-media":"","overlay-type":"","overlay-color":"","overlay-opacity":"","overlay-gradient":""},"mobile":{"background-color":"var(--ast-global-color-5)","background-image":"","background-repeat":"repeat","background-position":"center center","background-size":"auto","background-attachment":"scroll","background-type":"","background-media":"","overlay-type":"","overlay-color":"","overlay-opacity":"","overlay-gradient":""}},"footnotes":""},"class_list":["post-8670","page","type-page","status-publish","has-post-thumbnail","hentry"],"uagb_featured_image_src":{"full":["https:\/\/www.univ-sba.dz\/snv\/wp-content\/uploads\/2025\/10\/LISTE-FR2.png",609,442,false],"thumbnail":["https:\/\/www.univ-sba.dz\/snv\/wp-content\/uploads\/2025\/10\/LISTE-FR2-200x300.png",200,300,true],"medium":["https:\/\/www.univ-sba.dz\/snv\/wp-content\/uploads\/2025\/10\/LISTE-FR2-300x218.png",300,218,true],"medium_large":["https:\/\/www.univ-sba.dz\/snv\/wp-content\/uploads\/2025\/10\/LISTE-FR2.png",609,442,false],"large":["https:\/\/www.univ-sba.dz\/snv\/wp-content\/uploads\/2025\/10\/LISTE-FR2.png",609,442,false],"1536x1536":["https:\/\/www.univ-sba.dz\/snv\/wp-content\/uploads\/2025\/10\/LISTE-FR2.png",609,442,false],"2048x2048":["https:\/\/www.univ-sba.dz\/snv\/wp-content\/uploads\/2025\/10\/LISTE-FR2.png",609,442,false]},"uagb_author_info":{"display_name":"admfsnv","author_link":"https:\/\/www.univ-sba.dz\/snv\/author\/admfsnv\/"},"uagb_comment_info":0,"uagb_excerpt":"LISTE DES SPECIALITES DE L&#8217;ENVIRONNEMENT Modifier NUMERO NIVEAU FILIERE SPECIALITE TYPE ARRETE D ABILITATION 01 LICENCE biothechnologie Biotechnologie et sant\u00e9 A Arr\u00eat\u00e9 n\u00b01570du 06 Octobre 2016 02 LICENCE biothechnologie BiotechnologieAlimentaire A 03 LICENCE \u00e9cologie et environnement Ecologie et environnement A Arr\u00eat\u00e9 n\u00b01570du 06 Octobre 2016 04 MASTER biothechnologie biotechnologie microbienne A Arr\u00eat\u00e9 n\u00b01303du 09 Aout\u2026","rttpg_featured_image_url":{"full":["https:\/\/www.univ-sba.dz\/snv\/wp-content\/uploads\/2025\/10\/LISTE-FR2.png",609,442,false],"landscape":["https:\/\/www.univ-sba.dz\/snv\/wp-content\/uploads\/2025\/10\/LISTE-FR2.png",609,442,false],"portraits":["https:\/\/www.univ-sba.dz\/snv\/wp-content\/uploads\/2025\/10\/LISTE-FR2.png",609,442,false],"thumbnail":["https:\/\/www.univ-sba.dz\/snv\/wp-content\/uploads\/2025\/10\/LISTE-FR2-200x300.png",200,300,true],"medium":["https:\/\/www.univ-sba.dz\/snv\/wp-content\/uploads\/2025\/10\/LISTE-FR2-300x218.png",300,218,true],"large":["https:\/\/www.univ-sba.dz\/snv\/wp-content\/uploads\/2025\/10\/LISTE-FR2.png",609,442,false],"1536x1536":["https:\/\/www.univ-sba.dz\/snv\/wp-content\/uploads\/2025\/10\/LISTE-FR2.png",609,442,false],"2048x2048":["https:\/\/www.univ-sba.dz\/snv\/wp-content\/uploads\/2025\/10\/LISTE-FR2.png",609,442,false]},"rttpg_author":{"display_name":"admfsnv","author_link":"https:\/\/www.univ-sba.dz\/snv\/author\/admfsnv\/"},"rttpg_comment":0,"rttpg_category":" <a href=\"https:\/\/www.univ-sba.dz\/snv\/fr\/\" rel=\"tag\">Fran\u00e7ais<\/a>","rttpg_excerpt":"LISTE DES SPECIALITES DE L&#8217;ENVIRONNEMENT Modifier NUMERO NIVEAU FILIERE SPECIALITE TYPE ARRETE D ABILITATION 01 LICENCE biothechnologie Biotechnologie et sant\u00e9 A Arr\u00eat\u00e9 n\u00b01570du 06 Octobre 2016 02 LICENCE biothechnologie BiotechnologieAlimentaire A 03 LICENCE \u00e9cologie et environnement Ecologie et environnement A Arr\u00eat\u00e9 n\u00b01570du 06 Octobre 2016 04 MASTER biothechnologie biotechnologie microbienne A Arr\u00eat\u00e9 n\u00b01303du 09 Aout\u2026","_links":{"self":[{"href":"https:\/\/www.univ-sba.dz\/snv\/wp-json\/wp\/v2\/pages\/8670","targetHints":{"allow":["GET"]}}],"collection":[{"href":"https:\/\/www.univ-sba.dz\/snv\/wp-json\/wp\/v2\/pages"}],"about":[{"href":"https:\/\/www.univ-sba.dz\/snv\/wp-json\/wp\/v2\/types\/page"}],"author":[{"embeddable":true,"href":"https:\/\/www.univ-sba.dz\/snv\/wp-json\/wp\/v2\/users\/3"}],"replies":[{"embeddable":true,"href":"https:\/\/www.univ-sba.dz\/snv\/wp-json\/wp\/v2\/comments?post=8670"}],"version-history":[{"count":16,"href":"https:\/\/www.univ-sba.dz\/snv\/wp-json\/wp\/v2\/pages\/8670\/revisions"}],"predecessor-version":[{"id":8808,"href":"https:\/\/www.univ-sba.dz\/snv\/wp-json\/wp\/v2\/pages\/8670\/revisions\/8808"}],"wp:featuredmedia":[{"embeddable":true,"href":"https:\/\/www.univ-sba.dz\/snv\/wp-json\/wp\/v2\/media\/8698"}],"wp:attachment":[{"href":"https:\/\/www.univ-sba.dz\/snv\/wp-json\/wp\/v2\/media?parent=8670"}],"curies":[{"name":"wp","href":"https:\/\/api.w.org\/{rel}","templated":true}]}}