{"id":9031,"date":"2025-11-05T17:29:51","date_gmt":"2025-11-05T16:29:51","guid":{"rendered":"https:\/\/www.univ-sba.dz\/snv\/?page_id=9031"},"modified":"2025-11-05T17:31:46","modified_gmt":"2025-11-05T16:31:46","slug":"les-responsables-des-domaines-filieres-et-parcours-departement-des-sciences-de-lenvironnement","status":"publish","type":"page","link":"https:\/\/www.univ-sba.dz\/snv\/fr\/les-responsables-des-domaines-filieres-et-parcours-departement-des-sciences-de-lenvironnement\/","title":{"rendered":"LES RESPONSABLES DES DOMAINES, FILI\u00c8RES ET PARCOURS \u2013 D\u00c9PARTEMENT DES SCIENCES DE L\u2019ENVIRONNEMENT"},"content":{"rendered":"\t\t<div data-elementor-type=\"wp-page\" data-elementor-id=\"9031\" class=\"elementor elementor-9031\">\n\t\t\t\t<div class=\"elementor-element elementor-element-9eeaa25 e-flex e-con-boxed e-con e-parent\" data-id=\"9eeaa25\" data-element_type=\"container\">\n\t\t\t\t\t<div class=\"e-con-inner\">\n\t\t<div class=\"elementor-element elementor-element-509885b e-con-full e-flex e-con e-child\" data-id=\"509885b\" data-element_type=\"container\">\n\t\t\t\t<div class=\"elementor-element elementor-element-b13628c elementor-widget elementor-widget-image\" data-id=\"b13628c\" data-element_type=\"widget\" data-widget_type=\"image.default\">\n\t\t\t\t<div class=\"elementor-widget-container\">\n\t\t\t\t\t\t\t\t\t\t\t\t\t\t\t<img fetchpriority=\"high\" decoding=\"async\" width=\"609\" height=\"442\" src=\"https:\/\/www.univ-sba.dz\/snv\/wp-content\/uploads\/2025\/11\/RESPONSABLR.png\" class=\"attachment-large size-large wp-image-8938\" alt=\"\" srcset=\"https:\/\/www.univ-sba.dz\/snv\/wp-content\/uploads\/2025\/11\/RESPONSABLR.png 609w, https:\/\/www.univ-sba.dz\/snv\/wp-content\/uploads\/2025\/11\/RESPONSABLR-300x218.png 300w, https:\/\/www.univ-sba.dz\/snv\/wp-content\/uploads\/2025\/11\/RESPONSABLR-600x435.png 600w\" sizes=\"(max-width: 609px) 100vw, 609px\" \/>\t\t\t\t\t\t\t\t\t\t\t\t\t\t\t<\/div>\n\t\t\t\t<\/div>\n\t\t\t\t<\/div>\n\t\t<div class=\"elementor-element elementor-element-8125c49 e-con-full e-flex e-con e-child\" data-id=\"8125c49\" data-element_type=\"container\">\n\t\t\t\t<div class=\"elementor-element elementor-element-04a9ddb elementor-widget elementor-widget-elementskit-tablepress\" data-id=\"04a9ddb\" data-element_type=\"widget\" data-widget_type=\"elementskit-tablepress.default\">\n\t\t\t\t<div class=\"elementor-widget-container\">\n\t\t\t\t\t<div class=\"elemenetskit-tablepress ekit-wid-con\" id=\"ekit_tablepress_04a9ddb\"><h2 id=\"tablepress-39-name\" class=\"tablepress-table-name tablepress-table-name-id-39\">LES RESPONSABLES DES DOMAINES, FILI\u00c8RES ET PARCOURS \u2013 D\u00c9PARTEMENT DES SCIENCES DE L\u2019ENVIRONNEMENT<\/h2>\n\n<table id=\"tablepress-39\" class=\"tablepress tablepress-id-39\" aria-labelledby=\"tablepress-39-name\">\n<thead>\n<tr class=\"row-1\">\n\t<th class=\"column-1\">N<\/th><th class=\"column-2\">LES RESPONSABLES<\/th><th class=\"column-3\">DOMAINE<\/th><th class=\"column-4\">FILIERE &amp; PARCOURS<\/th><th class=\"column-5\">GRADES<\/th>\n<\/tr>\n<\/thead>\n<tbody class=\"row-striping row-hover\">\n<tr class=\"row-2\">\n\t<td class=\"column-1\">01<\/td><td class=\"column-2\">M. BENABDERRAHMANE M.<\/td><td class=\"column-3\">DOMAINE<\/td><td class=\"column-4\">1\u00e8re ann\u00e9e S.N.V.<\/td><td class=\"column-5\">MCA<\/td>\n<\/tr>\n<tr class=\"row-3\">\n\t<td class=\"column-1\">02<\/td><td class=\"column-2\">M. M\u2019HAMDIA C.<\/td><td class=\"column-3\">FILIERE<\/td><td class=\"column-4\">2\u00e8me ann\u00e9e  Ecologie et Environnement (E.E.)<\/td><td class=\"column-5\">MCA<\/td>\n<\/tr>\n<tr class=\"row-4\">\n\t<td class=\"column-1\">03<\/td><td class=\"column-2\">M. MEHTOUGUI<\/td><td class=\"column-3\">FILIERE<\/td><td class=\"column-4\">2\u00e8me ann\u00e9e  Biotechnologies<\/td><td class=\"column-5\">MCA<\/td>\n<\/tr>\n<tr class=\"row-5\">\n\t<td class=\"column-1\">04<\/td><td class=\"column-2\">M. CHERIFI K.<\/td><td class=\"column-3\">PARCOURS<\/td><td class=\"column-4\">3\u00e8me ann\u00e9e Ecologie et Environnement (E.E.)<\/td><td class=\"column-5\">Professeur<\/td>\n<\/tr>\n<tr class=\"row-6\">\n\t<td class=\"column-1\">05<\/td><td class=\"column-2\">M. MEHDADI Z<\/td><td class=\"column-3\">PARCOURS<\/td><td class=\"column-4\">3\u00e8me ann\u00e9e Biologie et Physiologie V\u00e9g\u00e9tale (BPV)<\/td><td class=\"column-5\">Professeur<\/td>\n<\/tr>\n<tr class=\"row-7\">\n\t<td class=\"column-1\">06<\/td><td class=\"column-2\">Mme BELABBAS M.<\/td><td class=\"column-3\">PARCOURS<\/td><td class=\"column-4\">3\u00e8me ann\u00e9e  . Biotechnologie et Sant\u00e9 (B.S.)<\/td><td class=\"column-5\">MCA<\/td>\n<\/tr>\n<tr class=\"row-8\">\n\t<td class=\"column-1\">07<\/td><td class=\"column-2\">Mme FERTOUT N.<\/td><td class=\"column-3\">PARCOURS<\/td><td class=\"column-4\">Master (I &amp; II) Biodiversit\u00e9 et Ecologie V\u00e9g\u00e9tale (B.E.V.)<\/td><td class=\"column-5\">Professeur<\/td>\n<\/tr>\n<tr class=\"row-9\">\n\t<td class=\"column-1\">08<\/td><td class=\"column-2\">M. LATRECHE A<\/td><td class=\"column-3\">PARCOURS<\/td><td class=\"column-4\">Master (I &amp; II) Biologie de la Conservation (B. C.)<\/td><td class=\"column-5\">Professeur<\/td>\n<\/tr>\n<tr class=\"row-10\">\n\t<td class=\"column-1\">09<\/td><td class=\"column-2\">Mme AYACHE A.<\/td><td class=\"column-3\">PARCOURS<\/td><td class=\"column-4\">Master (I &amp; II) Ecologie V\u00e9g\u00e9tale et Environnement (E.V.E.)<\/td><td class=\"column-5\">Professeur<\/td>\n<\/tr>\n<tr class=\"row-11\">\n\t<td class=\"column-1\">10<\/td><td class=\"column-2\">Mme TOUMI F.<\/td><td class=\"column-3\">PARCOURS<\/td><td class=\"column-4\">Master (I &amp; II) Biotechnologie V\u00e9g\u00e9tale (B.V.)<\/td><td class=\"column-5\">Professeur<\/td>\n<\/tr>\n<tr class=\"row-12\">\n\t<td class=\"column-1\">11<\/td><td class=\"column-2\">Mme MEGHERBI A<\/td><td class=\"column-3\">PARCOURS<\/td><td class=\"column-4\">Master (I &amp; II) Biotechnologie et Valorisation des Plantes (B.V.P.)<\/td><td class=\"column-5\">Professeur<\/td>\n<\/tr>\n<tr class=\"row-13\">\n\t<td class=\"column-1\">13<\/td><td class=\"column-2\">M. KERFOUF A.<\/td><td class=\"column-3\">PARCOURS<\/td><td class=\"column-4\">Master (I &amp; II) Ecologie des Milieux Naturels (E.M.N.)<\/td><td class=\"column-5\">Professeur<\/td>\n<\/tr>\n<\/tbody>\n<\/table>\n<!-- #tablepress-39 from cache --><\/div>\t\t\t\t<\/div>\n\t\t\t\t<\/div>\n\t\t\t\t<\/div>\n\t\t\t\t\t<\/div>\n\t\t\t\t<\/div>\n\t\t\t\t<\/div>\n\t\t<div style=\"margin: 20px 0;\"><div class=\"qrcswholewtapper\" style=\"text-align:left;\"><div class=\"qrcprowrapper\"  id=\"qrcwraa2leds\"><div class=\"qrc_canvass\" id=\"qrc_cuttenpages_2\" style=\"display:inline-block\" data-text=\"https:\/\/www.univ-sba.dz\/snv\/fr\/les-responsables-des-domaines-filieres-et-parcours-departement-des-sciences-de-lenvironnement\/\"><\/div><div><a download=\"LES RESPONSABLES DES DOMAINES, FILI\u00c8RES ET PARCOURS \u2013 D\u00c9PARTEMENT DES SCIENCES DE L\u2019ENVIRONNEMENT.png\" class=\"qrcdownloads\" id=\"worign\">\r\n           <button type=\"button\" style=\"min-width:200px;background:#44d813;color:#000;font-weight: 600;border: 1px solid #44d813;border-radius:20px;font-size:12px;padding: 6px 0;\" class=\"uqr_code_btn\">Download QR \ud83e\udc7b<\/button>\r\n           <\/a><\/div><\/div><\/div><\/div>","protected":false},"excerpt":{"rendered":"<p>LES RESPONSABLES DES DOMAINES, FILI\u00c8RES ET PARCOURS \u2013 D\u00c9PARTEMENT DES SCIENCES DE L\u2019ENVIRONNEMENT Modifier N LES RESPONSABLES DOMAINE, FILIERE &amp; PARCOURS GRADES 01 M. BENABDERRAHMANE M. DOMAINE 1\u00e8re ann\u00e9e S.N.V. MCA 02 M. M\u2019HAMDIA C. FILIERE 2\u00e8me ann\u00e9e Ecologie et Environnement (E.E.) MCA 03 M. MEHTOUGUI FILIERE 2\u00e8me ann\u00e9e Biotechnologies MCA 04 M. CHERIFI K. [&hellip;]<\/p>\n","protected":false},"author":3,"featured_media":8938,"parent":0,"menu_order":0,"comment_status":"closed","ping_status":"closed","template":"","meta":{"_uag_custom_page_level_css":"","postBodyCss":"","postBodyMargin":[],"postBodyPadding":[],"postBodyBackground":{"backgroundType":"classic","gradient":""},"site-sidebar-layout":"no-sidebar","site-content-layout":"page-builder","ast-site-content-layout":"full-width-container","site-content-style":"unboxed","site-sidebar-style":"unboxed","ast-global-header-display":"","ast-banner-title-visibility":"","ast-main-header-display":"","ast-hfb-above-header-display":"","ast-hfb-below-header-display":"","ast-hfb-mobile-header-display":"","site-post-title":"disabled","ast-breadcrumbs-content":"","ast-featured-img":"disabled","footer-sml-layout":"","ast-disable-related-posts":"","theme-transparent-header-meta":"","adv-header-id-meta":"","stick-header-meta":"","header-above-stick-meta":"","header-main-stick-meta":"","header-below-stick-meta":"","astra-migrate-meta-layouts":"set","ast-page-background-enabled":"default","ast-page-background-meta":{"desktop":{"background-color":"var(--ast-global-color-4)","background-image":"","background-repeat":"repeat","background-position":"center center","background-size":"auto","background-attachment":"scroll","background-type":"","background-media":"","overlay-type":"","overlay-color":"","overlay-opacity":"","overlay-gradient":""},"tablet":{"background-color":"","background-image":"","background-repeat":"repeat","background-position":"center center","background-size":"auto","background-attachment":"scroll","background-type":"","background-media":"","overlay-type":"","overlay-color":"","overlay-opacity":"","overlay-gradient":""},"mobile":{"background-color":"","background-image":"","background-repeat":"repeat","background-position":"center center","background-size":"auto","background-attachment":"scroll","background-type":"","background-media":"","overlay-type":"","overlay-color":"","overlay-opacity":"","overlay-gradient":""}},"ast-content-background-meta":{"desktop":{"background-color":"var(--ast-global-color-5)","background-image":"","background-repeat":"repeat","background-position":"center center","background-size":"auto","background-attachment":"scroll","background-type":"","background-media":"","overlay-type":"","overlay-color":"","overlay-opacity":"","overlay-gradient":""},"tablet":{"background-color":"var(--ast-global-color-5)","background-image":"","background-repeat":"repeat","background-position":"center center","background-size":"auto","background-attachment":"scroll","background-type":"","background-media":"","overlay-type":"","overlay-color":"","overlay-opacity":"","overlay-gradient":""},"mobile":{"background-color":"var(--ast-global-color-5)","background-image":"","background-repeat":"repeat","background-position":"center center","background-size":"auto","background-attachment":"scroll","background-type":"","background-media":"","overlay-type":"","overlay-color":"","overlay-opacity":"","overlay-gradient":""}},"footnotes":""},"class_list":["post-9031","page","type-page","status-publish","has-post-thumbnail","hentry"],"uagb_featured_image_src":{"full":["https:\/\/www.univ-sba.dz\/snv\/wp-content\/uploads\/2025\/11\/RESPONSABLR.png",609,442,false],"thumbnail":["https:\/\/www.univ-sba.dz\/snv\/wp-content\/uploads\/2025\/11\/RESPONSABLR-200x300.png",200,300,true],"medium":["https:\/\/www.univ-sba.dz\/snv\/wp-content\/uploads\/2025\/11\/RESPONSABLR-300x218.png",300,218,true],"medium_large":["https:\/\/www.univ-sba.dz\/snv\/wp-content\/uploads\/2025\/11\/RESPONSABLR.png",609,442,false],"large":["https:\/\/www.univ-sba.dz\/snv\/wp-content\/uploads\/2025\/11\/RESPONSABLR.png",609,442,false],"1536x1536":["https:\/\/www.univ-sba.dz\/snv\/wp-content\/uploads\/2025\/11\/RESPONSABLR.png",609,442,false],"2048x2048":["https:\/\/www.univ-sba.dz\/snv\/wp-content\/uploads\/2025\/11\/RESPONSABLR.png",609,442,false]},"uagb_author_info":{"display_name":"admfsnv","author_link":"https:\/\/www.univ-sba.dz\/snv\/author\/admfsnv\/"},"uagb_comment_info":0,"uagb_excerpt":"LES RESPONSABLES DES DOMAINES, FILI\u00c8RES ET PARCOURS \u2013 D\u00c9PARTEMENT DES SCIENCES DE L\u2019ENVIRONNEMENT Modifier N LES RESPONSABLES DOMAINE, FILIERE &amp; PARCOURS GRADES 01 M. BENABDERRAHMANE M. DOMAINE 1\u00e8re ann\u00e9e S.N.V. MCA 02 M. M\u2019HAMDIA C. FILIERE 2\u00e8me ann\u00e9e Ecologie et Environnement (E.E.) MCA 03 M. MEHTOUGUI FILIERE 2\u00e8me ann\u00e9e Biotechnologies MCA 04 M. CHERIFI K.\u2026","rttpg_featured_image_url":{"full":["https:\/\/www.univ-sba.dz\/snv\/wp-content\/uploads\/2025\/11\/RESPONSABLR.png",609,442,false],"landscape":["https:\/\/www.univ-sba.dz\/snv\/wp-content\/uploads\/2025\/11\/RESPONSABLR.png",609,442,false],"portraits":["https:\/\/www.univ-sba.dz\/snv\/wp-content\/uploads\/2025\/11\/RESPONSABLR.png",609,442,false],"thumbnail":["https:\/\/www.univ-sba.dz\/snv\/wp-content\/uploads\/2025\/11\/RESPONSABLR-200x300.png",200,300,true],"medium":["https:\/\/www.univ-sba.dz\/snv\/wp-content\/uploads\/2025\/11\/RESPONSABLR-300x218.png",300,218,true],"large":["https:\/\/www.univ-sba.dz\/snv\/wp-content\/uploads\/2025\/11\/RESPONSABLR.png",609,442,false],"1536x1536":["https:\/\/www.univ-sba.dz\/snv\/wp-content\/uploads\/2025\/11\/RESPONSABLR.png",609,442,false],"2048x2048":["https:\/\/www.univ-sba.dz\/snv\/wp-content\/uploads\/2025\/11\/RESPONSABLR.png",609,442,false]},"rttpg_author":{"display_name":"admfsnv","author_link":"https:\/\/www.univ-sba.dz\/snv\/author\/admfsnv\/"},"rttpg_comment":0,"rttpg_category":" <a href=\"https:\/\/www.univ-sba.dz\/snv\/fr\/\" rel=\"tag\">Fran\u00e7ais<\/a>","rttpg_excerpt":"LES RESPONSABLES DES DOMAINES, FILI\u00c8RES ET PARCOURS \u2013 D\u00c9PARTEMENT DES SCIENCES DE L\u2019ENVIRONNEMENT Modifier N LES RESPONSABLES DOMAINE, FILIERE &amp; PARCOURS GRADES 01 M. BENABDERRAHMANE M. DOMAINE 1\u00e8re ann\u00e9e S.N.V. MCA 02 M. M\u2019HAMDIA C. FILIERE 2\u00e8me ann\u00e9e Ecologie et Environnement (E.E.) MCA 03 M. MEHTOUGUI FILIERE 2\u00e8me ann\u00e9e Biotechnologies MCA 04 M. CHERIFI K.\u2026","_links":{"self":[{"href":"https:\/\/www.univ-sba.dz\/snv\/wp-json\/wp\/v2\/pages\/9031","targetHints":{"allow":["GET"]}}],"collection":[{"href":"https:\/\/www.univ-sba.dz\/snv\/wp-json\/wp\/v2\/pages"}],"about":[{"href":"https:\/\/www.univ-sba.dz\/snv\/wp-json\/wp\/v2\/types\/page"}],"author":[{"embeddable":true,"href":"https:\/\/www.univ-sba.dz\/snv\/wp-json\/wp\/v2\/users\/3"}],"replies":[{"embeddable":true,"href":"https:\/\/www.univ-sba.dz\/snv\/wp-json\/wp\/v2\/comments?post=9031"}],"version-history":[{"count":4,"href":"https:\/\/www.univ-sba.dz\/snv\/wp-json\/wp\/v2\/pages\/9031\/revisions"}],"predecessor-version":[{"id":9035,"href":"https:\/\/www.univ-sba.dz\/snv\/wp-json\/wp\/v2\/pages\/9031\/revisions\/9035"}],"wp:featuredmedia":[{"embeddable":true,"href":"https:\/\/www.univ-sba.dz\/snv\/wp-json\/wp\/v2\/media\/8938"}],"wp:attachment":[{"href":"https:\/\/www.univ-sba.dz\/snv\/wp-json\/wp\/v2\/media?parent=9031"}],"curies":[{"name":"wp","href":"https:\/\/api.w.org\/{rel}","templated":true}]}}