{"id":4278,"date":"2025-03-13T11:49:06","date_gmt":"2025-03-13T10:49:06","guid":{"rendered":"https:\/\/www.univ-sba.dz\/ssh\/?page_id=4278"},"modified":"2025-04-17T11:33:54","modified_gmt":"2025-04-17T09:33:54","slug":"%d8%a7%d9%84%d8%aa%d8%b9%d8%b1%d9%8a%d9%81-%d8%a8%d8%a7%d9%84%d9%83%d9%84%d9%8a%d8%a9-fr","status":"publish","type":"page","link":"https:\/\/www.univ-sba.dz\/ssh\/fr\/%d8%a7%d9%84%d8%aa%d8%b9%d8%b1%d9%8a%d9%81-%d8%a8%d8%a7%d9%84%d9%83%d9%84%d9%8a%d8%a9-fr\/","title":{"rendered":"\u0627\u0644\u062a\u0639\u0631\u064a\u0641 \u0628\u0627\u0644\u0643\u0644\u064a\u0629 -fr"},"content":{"rendered":"\t\t<div data-elementor-type=\"wp-page\" data-elementor-id=\"4278\" class=\"elementor elementor-4278\">\n\t\t\t\t<div class=\"elementor-element elementor-element-19b8c8c e-flex e-con-boxed e-con e-parent\" data-id=\"19b8c8c\" data-element_type=\"container\" data-settings=\"{&quot;background_background&quot;:&quot;classic&quot;}\">\n\t\t\t\t\t<div class=\"e-con-inner\">\n\t\t<div class=\"elementor-element elementor-element-372848a e-con-full e-flex e-con e-child\" data-id=\"372848a\" data-element_type=\"container\">\n\t\t\t\t<div class=\"elementor-element elementor-element-0ccf104 elementor-widget elementor-widget-heading\" data-id=\"0ccf104\" data-element_type=\"widget\" data-widget_type=\"heading.default\">\n\t\t\t\t<div class=\"elementor-widget-container\">\n\t\t\t\t\t<h1 class=\"elementor-heading-title elementor-size-default\">Pr\u00e9sentation de la Facult\u00e9<\/h1>\t\t\t\t<\/div>\n\t\t\t\t<\/div>\n\t\t\t\t<\/div>\n\t\t\t\t\t<\/div>\n\t\t\t\t<\/div>\n\t\t\t\t<section class=\"elementor-section elementor-top-section elementor-element elementor-element-830f435 elementor-section-boxed elementor-section-height-default elementor-section-height-default\" data-id=\"830f435\" data-element_type=\"section\">\n\t\t\t\t\t\t<div class=\"elementor-container elementor-column-gap-default\">\n\t\t\t\t\t<div class=\"elementor-column elementor-col-100 elementor-top-column elementor-element elementor-element-40257e0\" data-id=\"40257e0\" data-element_type=\"column\">\n\t\t\t<div class=\"elementor-widget-wrap elementor-element-populated\">\n\t\t\t\t\t\t<div class=\"elementor-element elementor-element-cf823e1 elementor-arrows-position-inside elementor-pagination-position-outside elementor-widget elementor-widget-image-carousel\" data-id=\"cf823e1\" data-element_type=\"widget\" data-settings=\"{&quot;slides_to_show&quot;:&quot;4&quot;,&quot;navigation&quot;:&quot;both&quot;,&quot;autoplay&quot;:&quot;yes&quot;,&quot;pause_on_hover&quot;:&quot;yes&quot;,&quot;pause_on_interaction&quot;:&quot;yes&quot;,&quot;autoplay_speed&quot;:5000,&quot;infinite&quot;:&quot;yes&quot;,&quot;speed&quot;:500}\" data-widget_type=\"image-carousel.default\">\n\t\t\t\t<div class=\"elementor-widget-container\">\n\t\t\t\t\t\t\t<div class=\"elementor-image-carousel-wrapper swiper\" role=\"region\" aria-roledescription=\"carousel\" aria-label=\"Carrousel d\u2019images\" dir=\"ltr\">\n\t\t\t<div class=\"elementor-image-carousel swiper-wrapper\" aria-live=\"off\">\n\t\t\t\t\t\t\t\t<div class=\"swiper-slide\" role=\"group\" aria-roledescription=\"slide\" aria-label=\"1 sur 9\"><figure class=\"swiper-slide-inner\"><img decoding=\"async\" class=\"swiper-slide-image\" src=\"https:\/\/www.univ-sba.dz\/ssh\/wp-content\/uploads\/2025\/01\/10-300x300.jpg\" alt=\"10\" \/><\/figure><\/div><div class=\"swiper-slide\" role=\"group\" aria-roledescription=\"slide\" aria-label=\"2 sur 9\"><figure class=\"swiper-slide-inner\"><img decoding=\"async\" class=\"swiper-slide-image\" src=\"https:\/\/www.univ-sba.dz\/ssh\/wp-content\/uploads\/2025\/01\/9-300x300.jpg\" alt=\"9\" \/><\/figure><\/div><div class=\"swiper-slide\" role=\"group\" aria-roledescription=\"slide\" aria-label=\"3 sur 9\"><figure class=\"swiper-slide-inner\"><img decoding=\"async\" class=\"swiper-slide-image\" src=\"https:\/\/www.univ-sba.dz\/ssh\/wp-content\/uploads\/2025\/01\/8-300x300.jpg\" alt=\"8\" \/><\/figure><\/div><div class=\"swiper-slide\" role=\"group\" aria-roledescription=\"slide\" aria-label=\"4 sur 9\"><figure class=\"swiper-slide-inner\"><img decoding=\"async\" class=\"swiper-slide-image\" src=\"https:\/\/www.univ-sba.dz\/ssh\/wp-content\/uploads\/2025\/01\/6-300x300.jpg\" alt=\"6\" \/><\/figure><\/div><div class=\"swiper-slide\" role=\"group\" aria-roledescription=\"slide\" aria-label=\"5 sur 9\"><figure class=\"swiper-slide-inner\"><img decoding=\"async\" class=\"swiper-slide-image\" src=\"https:\/\/www.univ-sba.dz\/ssh\/wp-content\/uploads\/2025\/01\/5-300x300.jpg\" alt=\"5\" \/><\/figure><\/div><div class=\"swiper-slide\" role=\"group\" aria-roledescription=\"slide\" aria-label=\"6 sur 9\"><figure class=\"swiper-slide-inner\"><img decoding=\"async\" class=\"swiper-slide-image\" src=\"https:\/\/www.univ-sba.dz\/ssh\/wp-content\/uploads\/2025\/01\/4-300x300.jpg\" alt=\"4\" \/><\/figure><\/div><div class=\"swiper-slide\" role=\"group\" aria-roledescription=\"slide\" aria-label=\"7 sur 9\"><figure class=\"swiper-slide-inner\"><img decoding=\"async\" class=\"swiper-slide-image\" src=\"https:\/\/www.univ-sba.dz\/ssh\/wp-content\/uploads\/2025\/01\/3-300x300.jpg\" alt=\"3\" \/><\/figure><\/div><div class=\"swiper-slide\" role=\"group\" aria-roledescription=\"slide\" aria-label=\"8 sur 9\"><figure class=\"swiper-slide-inner\"><img decoding=\"async\" class=\"swiper-slide-image\" src=\"https:\/\/www.univ-sba.dz\/ssh\/wp-content\/uploads\/2025\/01\/2-300x300.jpg\" alt=\"2\" \/><\/figure><\/div><div class=\"swiper-slide\" role=\"group\" aria-roledescription=\"slide\" aria-label=\"9 sur 9\"><figure class=\"swiper-slide-inner\"><img decoding=\"async\" class=\"swiper-slide-image\" src=\"https:\/\/www.univ-sba.dz\/ssh\/wp-content\/uploads\/2025\/01\/1-300x300.jpg\" alt=\"1\" \/><\/figure><\/div>\t\t\t<\/div>\n\t\t\t\t\t\t\t\t\t\t\t\t<div class=\"elementor-swiper-button elementor-swiper-button-prev\" role=\"button\" tabindex=\"0\">\n\t\t\t\t\t\t<svg aria-hidden=\"true\" class=\"e-font-icon-svg e-eicon-chevron-left\" viewBox=\"0 0 1000 1000\" xmlns=\"http:\/\/www.w3.org\/2000\/svg\"><path d=\"M646 125C629 125 613 133 604 142L308 442C296 454 292 471 292 487 292 504 296 521 308 533L604 854C617 867 629 875 646 875 663 875 679 871 692 858 704 846 713 829 713 812 713 796 708 779 692 767L438 487 692 225C700 217 708 204 708 187 708 171 704 154 692 142 675 129 663 125 646 125Z\"><\/path><\/svg>\t\t\t\t\t<\/div>\n\t\t\t\t\t<div class=\"elementor-swiper-button elementor-swiper-button-next\" role=\"button\" tabindex=\"0\">\n\t\t\t\t\t\t<svg aria-hidden=\"true\" class=\"e-font-icon-svg e-eicon-chevron-right\" viewBox=\"0 0 1000 1000\" xmlns=\"http:\/\/www.w3.org\/2000\/svg\"><path d=\"M696 533C708 521 713 504 713 487 713 471 708 454 696 446L400 146C388 133 375 125 354 125 338 125 325 129 313 142 300 154 292 171 292 187 292 204 296 221 308 233L563 492 304 771C292 783 288 800 288 817 288 833 296 850 308 863 321 871 338 875 354 875 371 875 388 867 400 854L696 533Z\"><\/path><\/svg>\t\t\t\t\t<\/div>\n\t\t\t\t\n\t\t\t\t\t\t\t\t\t<div class=\"swiper-pagination\"><\/div>\n\t\t\t\t\t\t\t\t\t<\/div>\n\t\t\t\t\t\t<\/div>\n\t\t\t\t<\/div>\n\t\t\t\t\t<\/div>\n\t\t<\/div>\n\t\t\t\t\t<\/div>\n\t\t<\/section>\n\t\t\t\t<section class=\"elementor-section elementor-top-section elementor-element elementor-element-acc5c57 elementor-section-boxed elementor-section-height-default elementor-section-height-default\" data-id=\"acc5c57\" data-element_type=\"section\">\n\t\t\t\t\t\t<div class=\"elementor-container elementor-column-gap-default\">\n\t\t\t\t\t<div class=\"elementor-column elementor-col-33 elementor-top-column elementor-element elementor-element-160d1c0\" data-id=\"160d1c0\" data-element_type=\"column\">\n\t\t\t<div class=\"elementor-widget-wrap elementor-element-populated\">\n\t\t\t\t\t\t<div class=\"elementor-element elementor-element-b4f5e57 elementor-widget elementor-widget-heading\" data-id=\"b4f5e57\" data-element_type=\"widget\" data-widget_type=\"heading.default\">\n\t\t\t\t<div class=\"elementor-widget-container\">\n\t\t\t\t\t<h2 class=\"elementor-heading-title elementor-size-default\">Pr\u00e9sentation de la facult\u00e9<\/h2>\t\t\t\t<\/div>\n\t\t\t\t<\/div>\n\t\t\t\t<div class=\"elementor-element elementor-element-605329c elementor-widget elementor-widget-text-editor\" data-id=\"605329c\" data-element_type=\"widget\" data-widget_type=\"text-editor.default\">\n\t\t\t\t<div class=\"elementor-widget-container\">\n\t\t\t\t\t\t\t\t\t<p data-start=\"0\" data-end=\"134\">La Facult\u00e9 des Sciences Humaines et Sociales est l&#8217;une des neuf facult\u00e9s relevant de l&#8217;Universit\u00e9 Djillali Liab\u00e8s de Sidi Bel Abb\u00e8s.<\/p><p data-start=\"136\" data-end=\"278\" data-is-last-node=\"\" data-is-only-node=\"\">Elle a \u00e9t\u00e9 cr\u00e9\u00e9e en vertu du d\u00e9cret ex\u00e9cutif n\u00b0 272\/12 du 28 juin 2012, modifiant et compl\u00e9tant le d\u00e9cret ex\u00e9cutif n\u00b0 141\/89 du 1er ao\u00fbt 1989.<\/p>\t\t\t\t\t\t\t\t<\/div>\n\t\t\t\t<\/div>\n\t\t\t\t\t<\/div>\n\t\t<\/div>\n\t\t\t\t<div class=\"elementor-column elementor-col-33 elementor-top-column elementor-element elementor-element-20dd65a\" data-id=\"20dd65a\" data-element_type=\"column\">\n\t\t\t<div class=\"elementor-widget-wrap elementor-element-populated\">\n\t\t\t\t\t\t<div class=\"elementor-element elementor-element-055b6e2 elementor-widget elementor-widget-heading\" data-id=\"055b6e2\" data-element_type=\"widget\" data-widget_type=\"heading.default\">\n\t\t\t\t<div class=\"elementor-widget-container\">\n\t\t\t\t\t<h2 class=\"elementor-heading-title elementor-size-default\">La division p\u00e9dagogique de la facult\u00e9<\/h2>\t\t\t\t<\/div>\n\t\t\t\t<\/div>\n\t\t\t\t<div class=\"elementor-element elementor-element-2a7ac7d elementor-widget elementor-widget-text-editor\" data-id=\"2a7ac7d\" data-element_type=\"widget\" data-widget_type=\"text-editor.default\">\n\t\t\t\t<div class=\"elementor-widget-container\">\n\t\t\t\t\t\t\t\t\t<p dir=\"RTL\" style=\"margin: 0cm 0cm 0.0001pt; text-align: center; line-height: 19.2pt; background-image: initial; background-position: initial; background-size: initial; background-repeat: initial; background-attachment: initial; background-origin: initial; background-clip: initial; direction: rtl; unicode-bidi: embed;\" align=\"center\">\u00a0<\/p><p data-start=\"0\" data-end=\"234\">La facult\u00e9 accueille chaque ann\u00e9e l\u2019ensemble des \u00e9tudiants inscrits qui lui sont orient\u00e9s, et ils sont r\u00e9partis selon leur choix entre cinq d\u00e9partements affili\u00e9s, assurant la formation en graduation et en post-graduation, \u00e0 savoir :<\/p><ul data-start=\"236\" data-end=\"534\"><li data-start=\"236\" data-end=\"304\">D\u00e9partement des Sciences Humaines (D\u00e9cret n\u00b0 357 du 15 mai 2014)<\/li><li data-start=\"305\" data-end=\"373\">D\u00e9partement des Sciences Sociales (D\u00e9cret n\u00b0 357 du 15 mai 2014)<\/li><li data-start=\"374\" data-end=\"442\">D\u00e9partement des Sciences de l&#8217;Information et de la Communication<\/li><li data-start=\"443\" data-end=\"472\">D\u00e9partement de Sociologie<\/li><li data-start=\"473\" data-end=\"534\">D\u00e9partement de Psychologie et des Sciences de l&#8217;\u00c9ducation<\/li><\/ul><p data-start=\"536\" data-end=\"689\" data-is-last-node=\"\" data-is-only-node=\"\"><strong>La formation en graduation \u00e0 la facult\u00e9 couvre le domaine des sciences humaines et sociales, chacune se ramifiant en plusieurs fili\u00e8res et sp\u00e9cialit\u00e9s.<\/strong><\/p>\t\t\t\t\t\t\t\t<\/div>\n\t\t\t\t<\/div>\n\t\t\t\t\t<\/div>\n\t\t<\/div>\n\t\t\t\t<div class=\"elementor-column elementor-col-33 elementor-top-column elementor-element elementor-element-96b4373\" data-id=\"96b4373\" data-element_type=\"column\">\n\t\t\t<div class=\"elementor-widget-wrap elementor-element-populated\">\n\t\t\t\t\t\t<div class=\"elementor-element elementor-element-e44f53d elementor-widget elementor-widget-heading\" data-id=\"e44f53d\" data-element_type=\"widget\" data-widget_type=\"heading.default\">\n\t\t\t\t<div class=\"elementor-widget-container\">\n\t\t\t\t\t<h2 class=\"elementor-heading-title elementor-size-default\">Les structures administratives de la facult\u00e9<\/h2>\t\t\t\t<\/div>\n\t\t\t\t<\/div>\n\t\t\t\t<div class=\"elementor-element elementor-element-33fdcb1 elementor-widget elementor-widget-text-editor\" data-id=\"33fdcb1\" data-element_type=\"widget\" data-widget_type=\"text-editor.default\">\n\t\t\t\t<div class=\"elementor-widget-container\">\n\t\t\t\t\t\t\t\t\t<p data-start=\"0\" data-end=\"138\">Les structures administratives de la facult\u00e9 reposent sur deux modes de gestion compl\u00e9mentaires, supervis\u00e9s par le Doyen de la facult\u00e9 :<\/p><ol data-start=\"140\" data-end=\"861\" data-is-only-node=\"\" data-is-last-node=\"\"><li data-start=\"140\" data-end=\"193\"><p data-start=\"143\" data-end=\"193\"><strong data-start=\"143\" data-end=\"172\">La gestion administrative<\/strong> (5e et 6e \u00e9tages).<\/p><\/li><li data-start=\"195\" data-end=\"861\" data-is-last-node=\"\"><p data-start=\"198\" data-end=\"242\"><strong data-start=\"198\" data-end=\"224\">La gestion p\u00e9dagogique<\/strong>, assist\u00e9e par :<\/p><ul data-start=\"246\" data-end=\"861\" data-is-last-node=\"\"><li data-start=\"246\" data-end=\"314\">Le vice-doyen charg\u00e9 de la p\u00e9dagogie et des affaires \u00e9tudiantes.<\/li><li data-start=\"318\" data-end=\"424\">Le vice-doyen charg\u00e9 de la post-graduation, de la recherche scientifique et des relations ext\u00e9rieures.<\/li><li data-start=\"428\" data-end=\"476\">Les chefs de d\u00e9partements et leurs adjoints.<\/li><li data-start=\"480\" data-end=\"525\">Les pr\u00e9sidents des comit\u00e9s scientifiques.<\/li><li data-start=\"529\" data-end=\"570\">Le pr\u00e9sident du conseil scientifique.<\/li><li data-start=\"574\" data-end=\"861\" data-is-last-node=\"\">Le secr\u00e9taire g\u00e9n\u00e9ral charg\u00e9 de la gestion de :<br \/><ul data-start=\"631\" data-end=\"861\" data-is-only-node=\"\" data-is-last-node=\"\"><li data-start=\"631\" data-end=\"659\">Le service du personnel.<\/li><li data-start=\"665\" data-end=\"712\">Le service du budget et de la comptabilit\u00e9.<\/li><li data-start=\"718\" data-end=\"765\">Le service des moyens et de la maintenance.<\/li><li data-start=\"771\" data-end=\"825\">Le service des activit\u00e9s culturelles et sportives.<\/li><li data-start=\"831\" data-end=\"861\" data-is-last-node=\"\">Le service de la s\u00e9curit\u00e9.<\/li><\/ul><\/li><\/ul><\/li><\/ol><p dir=\"RTL\" style=\"margin: 0cm 0cm 0.0001pt; line-height: 19.2pt; background-image: initial; background-position: initial; background-size: initial; background-repeat: initial; background-attachment: initial; background-origin: initial; background-clip: initial; direction: rtl; unicode-bidi: embed;\"><span lang=\"AR-SA\" style=\"font-size: 18px; color: #777777;\"> \u00a0<\/span><\/p>\t\t\t\t\t\t\t\t<\/div>\n\t\t\t\t<\/div>\n\t\t\t\t\t<\/div>\n\t\t<\/div>\n\t\t\t\t\t<\/div>\n\t\t<\/section>\n\t\t<div class=\"elementor-element elementor-element-8b9077d e-flex e-con-boxed e-con e-parent\" data-id=\"8b9077d\" data-element_type=\"container\">\n\t\t\t\t\t<div class=\"e-con-inner\">\n\t\t\t\t<div class=\"elementor-element elementor-element-f561887 elementor-widget elementor-widget-video\" data-id=\"f561887\" data-element_type=\"widget\" data-settings=\"{&quot;youtube_url&quot;:&quot;https:\\\/\\\/www.youtube.com\\\/watch?v=w-hKmnkryaE&quot;,&quot;video_type&quot;:&quot;youtube&quot;,&quot;controls&quot;:&quot;yes&quot;}\" data-widget_type=\"video.default\">\n\t\t\t\t<div class=\"elementor-widget-container\">\n\t\t\t\t\t\t\t<div class=\"elementor-wrapper elementor-open-inline\">\n\t\t\t<div class=\"elementor-video\"><\/div>\t\t<\/div>\n\t\t\t\t\t\t<\/div>\n\t\t\t\t<\/div>\n\t\t\t\t\t<\/div>\n\t\t\t\t<\/div>\n\t\t\t\t<\/div>\n\t\t","protected":false},"excerpt":{"rendered":"<p>Pr\u00e9sentation de la Facult\u00e9 Pr\u00e9sentation de la facult\u00e9 La Facult\u00e9 des Sciences Humaines et Sociales est l&#8217;une des neuf facult\u00e9s relevant de l&#8217;Universit\u00e9 Djillali Liab\u00e8s de Sidi Bel Abb\u00e8s. Elle a \u00e9t\u00e9 cr\u00e9\u00e9e en vertu du d\u00e9cret ex\u00e9cutif n\u00b0 272\/12 du 28 juin 2012, modifiant et compl\u00e9tant le d\u00e9cret ex\u00e9cutif n\u00b0 141\/89 du 1er ao\u00fbt [&hellip;]<\/p>\n","protected":false},"author":3,"featured_media":0,"parent":0,"menu_order":0,"comment_status":"closed","ping_status":"closed","template":"","meta":{"_uag_custom_page_level_css":"","postBodyCss":"","postBodyMargin":[],"postBodyPadding":[],"postBodyBackground":{"backgroundType":"classic","gradient":""},"site-sidebar-layout":"no-sidebar","site-content-layout":"page-builder","ast-site-content-layout":"full-width-container","site-content-style":"unboxed","site-sidebar-style":"unboxed","ast-global-header-display":"","ast-banner-title-visibility":"","ast-main-header-display":"","ast-hfb-above-header-display":"","ast-hfb-below-header-display":"","ast-hfb-mobile-header-display":"","site-post-title":"disabled","ast-breadcrumbs-content":"disabled","ast-featured-img":"disabled","footer-sml-layout":"","theme-transparent-header-meta":"enabled","adv-header-id-meta":"","stick-header-meta":"","header-above-stick-meta":"","header-main-stick-meta":"","header-below-stick-meta":"","astra-migrate-meta-layouts":"set","ast-page-background-enabled":"default","ast-page-background-meta":{"desktop":{"background-color":"var(--ast-global-color-4)","background-image":"","background-repeat":"repeat","background-position":"center center","background-size":"auto","background-attachment":"scroll","background-type":"","background-media":"","overlay-type":"","overlay-color":"","overlay-opacity":"","overlay-gradient":""},"tablet":{"background-color":"","background-image":"","background-repeat":"repeat","background-position":"center center","background-size":"auto","background-attachment":"scroll","background-type":"","background-media":"","overlay-type":"","overlay-color":"","overlay-opacity":"","overlay-gradient":""},"mobile":{"background-color":"","background-image":"","background-repeat":"repeat","background-position":"center center","background-size":"auto","background-attachment":"scroll","background-type":"","background-media":"","overlay-type":"","overlay-color":"","overlay-opacity":"","overlay-gradient":""}},"ast-content-background-meta":{"desktop":{"background-color":"var(--ast-global-color-5)","background-image":"","background-repeat":"repeat","background-position":"center center","background-size":"auto","background-attachment":"scroll","background-type":"","background-media":"","overlay-type":"","overlay-color":"","overlay-opacity":"","overlay-gradient":""},"tablet":{"background-color":"var(--ast-global-color-5)","background-image":"","background-repeat":"repeat","background-position":"center center","background-size":"auto","background-attachment":"scroll","background-type":"","background-media":"","overlay-type":"","overlay-color":"","overlay-opacity":"","overlay-gradient":""},"mobile":{"background-color":"var(--ast-global-color-5)","background-image":"","background-repeat":"repeat","background-position":"center center","background-size":"auto","background-attachment":"scroll","background-type":"","background-media":"","overlay-type":"","overlay-color":"","overlay-opacity":"","overlay-gradient":""}},"footnotes":""},"folder":[121],"class_list":["post-4278","page","type-page","status-publish","hentry"],"uagb_featured_image_src":{"full":false,"thumbnail":false,"medium":false,"medium_large":false,"large":false,"1536x1536":false,"2048x2048":false},"uagb_author_info":{"display_name":"admfssh","author_link":"https:\/\/www.univ-sba.dz\/ssh\/author\/admfssh\/"},"uagb_comment_info":0,"uagb_excerpt":"Pr\u00e9sentation de la Facult\u00e9 Pr\u00e9sentation de la facult\u00e9 La Facult\u00e9 des Sciences Humaines et Sociales est l&#8217;une des neuf facult\u00e9s relevant de l&#8217;Universit\u00e9 Djillali Liab\u00e8s de Sidi Bel Abb\u00e8s. Elle a \u00e9t\u00e9 cr\u00e9\u00e9e en vertu du d\u00e9cret ex\u00e9cutif n\u00b0 272\/12 du 28 juin 2012, modifiant et compl\u00e9tant le d\u00e9cret ex\u00e9cutif n\u00b0 141\/89 du 1er ao\u00fbt\u2026","rttpg_featured_image_url":null,"rttpg_author":{"display_name":"admfssh","author_link":"https:\/\/www.univ-sba.dz\/ssh\/author\/admfssh\/"},"rttpg_comment":0,"rttpg_category":" <a href=\"https:\/\/www.univ-sba.dz\/ssh\/fr\/\" rel=\"tag\">Fran\u00e7ais<\/a>","rttpg_excerpt":"Pr\u00e9sentation de la Facult\u00e9 Pr\u00e9sentation de la facult\u00e9 La Facult\u00e9 des Sciences Humaines et Sociales est l&#8217;une des neuf facult\u00e9s relevant de l&#8217;Universit\u00e9 Djillali Liab\u00e8s de Sidi Bel Abb\u00e8s. Elle a \u00e9t\u00e9 cr\u00e9\u00e9e en vertu du d\u00e9cret ex\u00e9cutif n\u00b0 272\/12 du 28 juin 2012, modifiant et compl\u00e9tant le d\u00e9cret ex\u00e9cutif n\u00b0 141\/89 du 1er ao\u00fbt\u2026","_links":{"self":[{"href":"https:\/\/www.univ-sba.dz\/ssh\/wp-json\/wp\/v2\/pages\/4278","targetHints":{"allow":["GET"]}}],"collection":[{"href":"https:\/\/www.univ-sba.dz\/ssh\/wp-json\/wp\/v2\/pages"}],"about":[{"href":"https:\/\/www.univ-sba.dz\/ssh\/wp-json\/wp\/v2\/types\/page"}],"author":[{"embeddable":true,"href":"https:\/\/www.univ-sba.dz\/ssh\/wp-json\/wp\/v2\/users\/3"}],"replies":[{"embeddable":true,"href":"https:\/\/www.univ-sba.dz\/ssh\/wp-json\/wp\/v2\/comments?post=4278"}],"version-history":[{"count":4,"href":"https:\/\/www.univ-sba.dz\/ssh\/wp-json\/wp\/v2\/pages\/4278\/revisions"}],"predecessor-version":[{"id":4283,"href":"https:\/\/www.univ-sba.dz\/ssh\/wp-json\/wp\/v2\/pages\/4278\/revisions\/4283"}],"wp:attachment":[{"href":"https:\/\/www.univ-sba.dz\/ssh\/wp-json\/wp\/v2\/media?parent=4278"}],"wp:term":[{"taxonomy":"folder","embeddable":true,"href":"https:\/\/www.univ-sba.dz\/ssh\/wp-json\/wp\/v2\/folder?post=4278"}],"curies":[{"name":"wp","href":"https:\/\/api.w.org\/{rel}","templated":true}]}}