{"id":4585,"date":"2025-04-10T13:56:30","date_gmt":"2025-04-10T11:56:30","guid":{"rendered":"https:\/\/www.univ-sba.dz\/ssh\/?page_id=4585"},"modified":"2025-04-10T13:59:50","modified_gmt":"2025-04-10T11:59:50","slug":"%d9%85%d8%ae%d8%a7%d8%a8%d8%b1-%d8%a7%d9%84%d8%a8%d8%ad%d8%ab-%d8%a7%d9%84%d8%b9%d9%84%d9%85%d9%8a-fr","status":"publish","type":"page","link":"https:\/\/www.univ-sba.dz\/ssh\/fr\/%d9%85%d8%ae%d8%a7%d8%a8%d8%b1-%d8%a7%d9%84%d8%a8%d8%ad%d8%ab-%d8%a7%d9%84%d8%b9%d9%84%d9%85%d9%8a-fr\/","title":{"rendered":"\u0645\u062e\u0627\u0628\u0631 \u0627\u0644\u0628\u062d\u062b \u0627\u0644\u0639\u0644\u0645\u064a-fr"},"content":{"rendered":"\t\t<div data-elementor-type=\"wp-page\" data-elementor-id=\"4585\" class=\"elementor elementor-4585\">\n\t\t\t\t<div class=\"elementor-element elementor-element-19b8c8c e-flex e-con-boxed e-con e-parent\" data-id=\"19b8c8c\" data-element_type=\"container\" data-settings=\"{&quot;background_background&quot;:&quot;classic&quot;}\">\n\t\t\t\t\t<div class=\"e-con-inner\">\n\t\t<div class=\"elementor-element elementor-element-372848a e-con-full e-flex e-con e-child\" data-id=\"372848a\" data-element_type=\"container\">\n\t\t\t\t<div class=\"elementor-element elementor-element-0ccf104 elementor-widget elementor-widget-heading\" data-id=\"0ccf104\" data-element_type=\"widget\" data-widget_type=\"heading.default\">\n\t\t\t\t<div class=\"elementor-widget-container\">\n\t\t\t\t\t<h1 class=\"elementor-heading-title elementor-size-default\">Laboratoires de recherche scientifique<\/h1>\t\t\t\t<\/div>\n\t\t\t\t<\/div>\n\t\t\t\t<\/div>\n\t\t\t\t\t<\/div>\n\t\t\t\t<\/div>\n\t\t<div class=\"elementor-element elementor-element-eff0371 e-flex e-con-boxed e-con e-parent\" data-id=\"eff0371\" data-element_type=\"container\">\n\t\t\t\t\t<div class=\"e-con-inner\">\n\t\t\t\t\t<\/div>\n\t\t\t\t<\/div>\n\t\t<div class=\"elementor-element elementor-element-47ca721 e-flex e-con-boxed e-con e-parent\" data-id=\"47ca721\" data-element_type=\"container\">\n\t\t\t\t\t<div class=\"e-con-inner\">\n\t\t\t\t<div class=\"elementor-element elementor-element-46ed5aa elementor-widget elementor-widget-heading\" data-id=\"46ed5aa\" data-element_type=\"widget\" data-widget_type=\"heading.default\">\n\t\t\t\t<div class=\"elementor-widget-container\">\n\t\t\t\t\t<h2 class=\"elementor-heading-title elementor-size-default\">Laboratoires de recherche<\/h2>\t\t\t\t<\/div>\n\t\t\t\t<\/div>\n\t\t\t\t<div class=\"elementor-element elementor-element-6365e3a elementor-widget elementor-widget-text-editor\" data-id=\"6365e3a\" data-element_type=\"widget\" data-widget_type=\"text-editor.default\">\n\t\t\t\t<div class=\"elementor-widget-container\">\n\t\t\t\t\t\t\t\t\t<p><strong>La facult\u00e9 dispose de sept laboratoires accr\u00e9dit\u00e9s, en attendant d\u2019autres, sp\u00e9cialis\u00e9s dans l\u2019encadrement des \u00e9tudiants et la promotion de la recherche scientifique par la publication d\u2019articles scientifiques.<\/strong><\/p><p>\u00a01-L\u2019Alg\u00e9rie moderne et contemporaine : histoire et soci\u00e9t\u00e9 \u2013 depuis <strong>2007<\/strong> <strong>\u2013Prof.Karim Oueldennebia.<\/strong><\/p><p>2-Pens\u00e9e islamique en Alg\u00e9rie depuis <strong>2012<\/strong> \u2013 <strong>Prof.Mekahli Mohamed.<\/strong><\/p><p>3-Recherche sur les \u00e9tudes orientales de civilisation de l\u2019occident musulman \u2013 depuis <strong>2007<\/strong>&#8211; \u00a0<strong>Prof.Sahraoui.<\/strong><\/p><p>4-L\u2019Alg\u00e9rie et le Bassin Occidental de la Mediterran\u00e9\u00a0\u2013depuis <strong>2014<\/strong>&#8211; <strong>Prof. Bouchenefi Mohammed<\/strong>.<\/p><p>5-Recherche Psychologique et p\u00e9dagogique \u2013depuis <strong>2020<\/strong>\u2013 <strong>Fares Zine Elabidine<\/strong>.<\/p><p>\u00a06-Etudes et des\u00a0Recherches Sociales en\u00a0Alg\u00e9rie \u2013depuis <strong>2020<\/strong>\u2013<strong>Prof.<\/strong> <strong>Bouanani Brahim<\/strong><\/p><p>7- Etudes et recherches philosophiques depuis <strong>2020<\/strong> \u2013 <strong>Prof.Rais Zouaoui<\/strong><\/p><p>\u00a0<\/p>\t\t\t\t\t\t\t\t<\/div>\n\t\t\t\t<\/div>\n\t\t\t\t\t<\/div>\n\t\t\t\t<\/div>\n\t\t\t\t<\/div>\n\t\t","protected":false},"excerpt":{"rendered":"<p>Laboratoires de recherche scientifique Laboratoires de recherche La facult\u00e9 dispose de sept laboratoires accr\u00e9dit\u00e9s, en attendant d\u2019autres, sp\u00e9cialis\u00e9s dans l\u2019encadrement des \u00e9tudiants et la promotion de la recherche scientifique par la publication d\u2019articles scientifiques. \u00a01-L\u2019Alg\u00e9rie moderne et contemporaine : histoire et soci\u00e9t\u00e9 \u2013 depuis 2007 \u2013Prof.Karim Oueldennebia. 2-Pens\u00e9e islamique en Alg\u00e9rie depuis 2012 \u2013 Prof.Mekahli [&hellip;]<\/p>\n","protected":false},"author":3,"featured_media":0,"parent":0,"menu_order":0,"comment_status":"closed","ping_status":"closed","template":"","meta":{"_uag_custom_page_level_css":"","postBodyCss":"","postBodyMargin":[],"postBodyPadding":[],"postBodyBackground":{"backgroundType":"classic","gradient":""},"site-sidebar-layout":"no-sidebar","site-content-layout":"page-builder","ast-site-content-layout":"full-width-container","site-content-style":"unboxed","site-sidebar-style":"unboxed","ast-global-header-display":"","ast-banner-title-visibility":"","ast-main-header-display":"","ast-hfb-above-header-display":"","ast-hfb-below-header-display":"","ast-hfb-mobile-header-display":"","site-post-title":"disabled","ast-breadcrumbs-content":"disabled","ast-featured-img":"disabled","footer-sml-layout":"","theme-transparent-header-meta":"enabled","adv-header-id-meta":"","stick-header-meta":"","header-above-stick-meta":"","header-main-stick-meta":"","header-below-stick-meta":"","astra-migrate-meta-layouts":"set","ast-page-background-enabled":"default","ast-page-background-meta":{"desktop":{"background-color":"var(--ast-global-color-4)","background-image":"","background-repeat":"repeat","background-position":"center center","background-size":"auto","background-attachment":"scroll","background-type":"","background-media":"","overlay-type":"","overlay-color":"","overlay-opacity":"","overlay-gradient":""},"tablet":{"background-color":"","background-image":"","background-repeat":"repeat","background-position":"center center","background-size":"auto","background-attachment":"scroll","background-type":"","background-media":"","overlay-type":"","overlay-color":"","overlay-opacity":"","overlay-gradient":""},"mobile":{"background-color":"","background-image":"","background-repeat":"repeat","background-position":"center center","background-size":"auto","background-attachment":"scroll","background-type":"","background-media":"","overlay-type":"","overlay-color":"","overlay-opacity":"","overlay-gradient":""}},"ast-content-background-meta":{"desktop":{"background-color":"var(--ast-global-color-5)","background-image":"","background-repeat":"repeat","background-position":"center center","background-size":"auto","background-attachment":"scroll","background-type":"","background-media":"","overlay-type":"","overlay-color":"","overlay-opacity":"","overlay-gradient":""},"tablet":{"background-color":"var(--ast-global-color-5)","background-image":"","background-repeat":"repeat","background-position":"center center","background-size":"auto","background-attachment":"scroll","background-type":"","background-media":"","overlay-type":"","overlay-color":"","overlay-opacity":"","overlay-gradient":""},"mobile":{"background-color":"var(--ast-global-color-5)","background-image":"","background-repeat":"repeat","background-position":"center center","background-size":"auto","background-attachment":"scroll","background-type":"","background-media":"","overlay-type":"","overlay-color":"","overlay-opacity":"","overlay-gradient":""}},"footnotes":""},"folder":[],"class_list":["post-4585","page","type-page","status-publish","hentry"],"uagb_featured_image_src":{"full":false,"thumbnail":false,"medium":false,"medium_large":false,"large":false,"1536x1536":false,"2048x2048":false},"uagb_author_info":{"display_name":"admfssh","author_link":"https:\/\/www.univ-sba.dz\/ssh\/author\/admfssh\/"},"uagb_comment_info":0,"uagb_excerpt":"Laboratoires de recherche scientifique Laboratoires de recherche La facult\u00e9 dispose de sept laboratoires accr\u00e9dit\u00e9s, en attendant d\u2019autres, sp\u00e9cialis\u00e9s dans l\u2019encadrement des \u00e9tudiants et la promotion de la recherche scientifique par la publication d\u2019articles scientifiques. \u00a01-L\u2019Alg\u00e9rie moderne et contemporaine : histoire et soci\u00e9t\u00e9 \u2013 depuis 2007 \u2013Prof.Karim Oueldennebia. 2-Pens\u00e9e islamique en Alg\u00e9rie depuis 2012 \u2013 Prof.Mekahli\u2026","rttpg_featured_image_url":null,"rttpg_author":{"display_name":"admfssh","author_link":"https:\/\/www.univ-sba.dz\/ssh\/author\/admfssh\/"},"rttpg_comment":0,"rttpg_category":" <a href=\"https:\/\/www.univ-sba.dz\/ssh\/fr\/\" rel=\"tag\">Fran\u00e7ais<\/a>","rttpg_excerpt":"Laboratoires de recherche scientifique Laboratoires de recherche La facult\u00e9 dispose de sept laboratoires accr\u00e9dit\u00e9s, en attendant d\u2019autres, sp\u00e9cialis\u00e9s dans l\u2019encadrement des \u00e9tudiants et la promotion de la recherche scientifique par la publication d\u2019articles scientifiques. \u00a01-L\u2019Alg\u00e9rie moderne et contemporaine : histoire et soci\u00e9t\u00e9 \u2013 depuis 2007 \u2013Prof.Karim Oueldennebia. 2-Pens\u00e9e islamique en Alg\u00e9rie depuis 2012 \u2013 Prof.Mekahli\u2026","_links":{"self":[{"href":"https:\/\/www.univ-sba.dz\/ssh\/wp-json\/wp\/v2\/pages\/4585","targetHints":{"allow":["GET"]}}],"collection":[{"href":"https:\/\/www.univ-sba.dz\/ssh\/wp-json\/wp\/v2\/pages"}],"about":[{"href":"https:\/\/www.univ-sba.dz\/ssh\/wp-json\/wp\/v2\/types\/page"}],"author":[{"embeddable":true,"href":"https:\/\/www.univ-sba.dz\/ssh\/wp-json\/wp\/v2\/users\/3"}],"replies":[{"embeddable":true,"href":"https:\/\/www.univ-sba.dz\/ssh\/wp-json\/wp\/v2\/comments?post=4585"}],"version-history":[{"count":7,"href":"https:\/\/www.univ-sba.dz\/ssh\/wp-json\/wp\/v2\/pages\/4585\/revisions"}],"predecessor-version":[{"id":4592,"href":"https:\/\/www.univ-sba.dz\/ssh\/wp-json\/wp\/v2\/pages\/4585\/revisions\/4592"}],"wp:attachment":[{"href":"https:\/\/www.univ-sba.dz\/ssh\/wp-json\/wp\/v2\/media?parent=4585"}],"wp:term":[{"taxonomy":"folder","embeddable":true,"href":"https:\/\/www.univ-sba.dz\/ssh\/wp-json\/wp\/v2\/folder?post=4585"}],"curies":[{"name":"wp","href":"https:\/\/api.w.org\/{rel}","templated":true}]}}