{"id":4738,"date":"2025-04-15T11:16:41","date_gmt":"2025-04-15T09:16:41","guid":{"rendered":"https:\/\/www.univ-sba.dz\/ssh\/?page_id=4738"},"modified":"2025-04-15T11:32:39","modified_gmt":"2025-04-15T09:32:39","slug":"%d9%86%d8%aa%d8%a7%d8%a6%d8%ac-%d8%a7%d9%84%d8%a7%d9%85%d8%aa%d8%ad%d8%a7%d9%86%d8%a7%d8%aa-fr","status":"publish","type":"page","link":"https:\/\/www.univ-sba.dz\/ssh\/fr\/%d9%86%d8%aa%d8%a7%d8%a6%d8%ac-%d8%a7%d9%84%d8%a7%d9%85%d8%aa%d8%ad%d8%a7%d9%86%d8%a7%d8%aa-fr\/","title":{"rendered":"\u0646\u062a\u0627\u0626\u062c \u0627\u0644\u0627\u0645\u062a\u062d\u0627\u0646\u0627\u062a-fr"},"content":{"rendered":"\t\t<div data-elementor-type=\"wp-page\" data-elementor-id=\"4738\" class=\"elementor elementor-4738\">\n\t\t\t\t<div class=\"elementor-element elementor-element-19b8c8c e-flex e-con-boxed e-con e-parent\" data-id=\"19b8c8c\" data-element_type=\"container\" data-settings=\"{&quot;background_background&quot;:&quot;classic&quot;}\">\n\t\t\t\t\t<div class=\"e-con-inner\">\n\t\t<div class=\"elementor-element elementor-element-372848a e-con-full e-flex e-con e-child\" data-id=\"372848a\" data-element_type=\"container\">\n\t\t\t\t<div class=\"elementor-element elementor-element-0ccf104 elementor-widget elementor-widget-heading\" data-id=\"0ccf104\" data-element_type=\"widget\" data-widget_type=\"heading.default\">\n\t\t\t\t<div class=\"elementor-widget-container\">\n\t\t\t\t\t<h1 class=\"elementor-heading-title elementor-size-default\">R\u00e9sultats des examens<\/h1>\t\t\t\t<\/div>\n\t\t\t\t<\/div>\n\t\t\t\t<\/div>\n\t\t\t\t\t<\/div>\n\t\t\t\t<\/div>\n\t\t<div class=\"elementor-element elementor-element-b3d865e e-flex e-con-boxed e-con e-parent\" data-id=\"b3d865e\" data-element_type=\"container\">\n\t\t\t\t\t<div class=\"e-con-inner\">\n\t\t\t\t<div class=\"elementor-element elementor-element-f6aa69f elementor-widget elementor-widget-image\" data-id=\"f6aa69f\" data-element_type=\"widget\" data-widget_type=\"image.default\">\n\t\t\t\t<div class=\"elementor-widget-container\">\n\t\t\t\t\t\t\t\t\t\t\t\t\t\t\t<img fetchpriority=\"high\" decoding=\"async\" width=\"764\" height=\"428\" src=\"https:\/\/www.univ-sba.dz\/ssh\/wp-content\/uploads\/2025\/02\/Progress-SITE.jpg\" class=\"attachment-large size-large wp-image-3991\" alt=\"\" srcset=\"https:\/\/www.univ-sba.dz\/ssh\/wp-content\/uploads\/2025\/02\/Progress-SITE.jpg 764w, https:\/\/www.univ-sba.dz\/ssh\/wp-content\/uploads\/2025\/02\/Progress-SITE-300x168.jpg 300w\" sizes=\"(max-width: 764px) 100vw, 764px\" \/>\t\t\t\t\t\t\t\t\t\t\t\t\t\t\t<\/div>\n\t\t\t\t<\/div>\n\t\t\t\t\t<\/div>\n\t\t\t\t<\/div>\n\t\t<div class=\"elementor-element elementor-element-af9e38e e-flex e-con-boxed e-con e-parent\" data-id=\"af9e38e\" data-element_type=\"container\">\n\t\t\t\t\t<div class=\"e-con-inner\">\n\t\t\t\t\t<\/div>\n\t\t\t\t<\/div>\n\t\t\t\t<section class=\"elementor-section elementor-top-section elementor-element elementor-element-2b8b53d elementor-section-boxed elementor-section-height-default elementor-section-height-default\" data-id=\"2b8b53d\" data-element_type=\"section\">\n\t\t\t\t\t\t<div class=\"elementor-container elementor-column-gap-default\">\n\t\t\t\t\t<div class=\"elementor-column elementor-col-66 elementor-top-column elementor-element elementor-element-ab9e63f\" data-id=\"ab9e63f\" data-element_type=\"column\">\n\t\t\t<div class=\"elementor-widget-wrap elementor-element-populated\">\n\t\t\t\t\t\t<div class=\"elementor-element elementor-element-226eaec elementor-widget elementor-widget-text-editor\" data-id=\"226eaec\" data-element_type=\"widget\" data-widget_type=\"text-editor.default\">\n\t\t\t\t<div class=\"elementor-widget-container\">\n\t\t\t\t\t\t\t\t\t<p>Nous mettons \u00e0 la disposition des \u00e9tudiants l&#8217;application <strong>PROGRES Android<\/strong>, qui leur permet de suivre leur parcours universitaire \u00e0 la <strong>Facult\u00e9 des Sciences Humaines et Sociales \u2013 Universit\u00e9 Djillali Liab\u00e8s \u2013 Sidi Bel Abb\u00e8s<\/strong>.<\/p><p>Gr\u00e2ce \u00e0 cette application, les \u00e9tudiants peuvent consulter :<\/p><p>\u2013 Leur groupe et sous-groupe ;<br \/>\u2013 Leur emploi du temps ;<br \/>\u2013 Leurs r\u00e9sultats acad\u00e9miques ;<br \/>\u2013 Leur carte d\u2019\u00e9tudiant ;<br \/>\u2013 Le suivi des dettes p\u00e9dagogiques, des cong\u00e9s acad\u00e9miques, ainsi que d\u2019autres services importants.<\/p><p>L\u2019application est facile \u00e0 utiliser. Veuillez la t\u00e9l\u00e9charger \u00e0 partir de <a href=\"https:\/\/play.google.com\/store\/apps\/details?id=app.progres.webetu&amp;fbclid=IwAR2EPp49_5S_MnlTLlzdLAUNQ-KGAD9zZXmlQOravyZ2DEtshFjmYBpSrJo&amp;pli=1\" target=\"_blank\" rel=\"noopener\">ce lien<\/a>.<\/p><p><strong>Nom d\u2019utilisateur<\/strong> : il est compos\u00e9 de l\u2019ann\u00e9e d\u2019obtention du baccalaur\u00e9at + le num\u00e9ro d\u2019inscription au bac. Exemple : 201932047863<br \/><strong>Code d\u2019acc\u00e8s<\/strong> : il s\u2019agit de la date de naissance de l\u2019\u00e9tudiant (jour, mois, ann\u00e9e). Exemple : 04041982<\/p>\t\t\t\t\t\t\t\t<\/div>\n\t\t\t\t<\/div>\n\t\t\t\t\t<\/div>\n\t\t<\/div>\n\t\t\t\t<div class=\"elementor-column elementor-col-33 elementor-top-column elementor-element elementor-element-66d2494\" data-id=\"66d2494\" data-element_type=\"column\">\n\t\t\t<div class=\"elementor-widget-wrap elementor-element-populated\">\n\t\t\t\t\t\t<div class=\"elementor-element elementor-element-72500de elementor-widget elementor-widget-image\" data-id=\"72500de\" data-element_type=\"widget\" data-widget_type=\"image.default\">\n\t\t\t\t<div class=\"elementor-widget-container\">\n\t\t\t\t\t\t\t\t\t\t\t\t\t\t\t<img decoding=\"async\" width=\"181\" height=\"358\" src=\"https:\/\/www.univ-sba.dz\/ssh\/wp-content\/uploads\/2025\/02\/PROGRESS.png\" class=\"attachment-medium_large size-medium_large wp-image-3992\" alt=\"\" srcset=\"https:\/\/www.univ-sba.dz\/ssh\/wp-content\/uploads\/2025\/02\/PROGRESS.png 181w, https:\/\/www.univ-sba.dz\/ssh\/wp-content\/uploads\/2025\/02\/PROGRESS-152x300.png 152w\" sizes=\"(max-width: 181px) 100vw, 181px\" \/>\t\t\t\t\t\t\t\t\t\t\t\t\t\t\t<\/div>\n\t\t\t\t<\/div>\n\t\t\t\t\t<\/div>\n\t\t<\/div>\n\t\t\t\t\t<\/div>\n\t\t<\/section>\n\t\t\t\t<\/div>\n\t\t","protected":false},"excerpt":{"rendered":"<p>R\u00e9sultats des examens Nous mettons \u00e0 la disposition des \u00e9tudiants l&#8217;application PROGRES Android, qui leur permet de suivre leur parcours universitaire \u00e0 la Facult\u00e9 des Sciences Humaines et Sociales \u2013 Universit\u00e9 Djillali Liab\u00e8s \u2013 Sidi Bel Abb\u00e8s. Gr\u00e2ce \u00e0 cette application, les \u00e9tudiants peuvent consulter : \u2013 Leur groupe et sous-groupe ;\u2013 Leur emploi du [&hellip;]<\/p>\n","protected":false},"author":3,"featured_media":0,"parent":0,"menu_order":0,"comment_status":"closed","ping_status":"closed","template":"","meta":{"_uag_custom_page_level_css":"","postBodyCss":"","postBodyMargin":[],"postBodyPadding":[],"postBodyBackground":{"backgroundType":"classic","gradient":""},"site-sidebar-layout":"no-sidebar","site-content-layout":"page-builder","ast-site-content-layout":"full-width-container","site-content-style":"unboxed","site-sidebar-style":"unboxed","ast-global-header-display":"","ast-banner-title-visibility":"","ast-main-header-display":"","ast-hfb-above-header-display":"","ast-hfb-below-header-display":"","ast-hfb-mobile-header-display":"","site-post-title":"disabled","ast-breadcrumbs-content":"disabled","ast-featured-img":"disabled","footer-sml-layout":"","theme-transparent-header-meta":"enabled","adv-header-id-meta":"","stick-header-meta":"","header-above-stick-meta":"","header-main-stick-meta":"","header-below-stick-meta":"","astra-migrate-meta-layouts":"set","ast-page-background-enabled":"default","ast-page-background-meta":{"desktop":{"background-color":"var(--ast-global-color-4)","background-image":"","background-repeat":"repeat","background-position":"center center","background-size":"auto","background-attachment":"scroll","background-type":"","background-media":"","overlay-type":"","overlay-color":"","overlay-opacity":"","overlay-gradient":""},"tablet":{"background-color":"","background-image":"","background-repeat":"repeat","background-position":"center center","background-size":"auto","background-attachment":"scroll","background-type":"","background-media":"","overlay-type":"","overlay-color":"","overlay-opacity":"","overlay-gradient":""},"mobile":{"background-color":"","background-image":"","background-repeat":"repeat","background-position":"center center","background-size":"auto","background-attachment":"scroll","background-type":"","background-media":"","overlay-type":"","overlay-color":"","overlay-opacity":"","overlay-gradient":""}},"ast-content-background-meta":{"desktop":{"background-color":"var(--ast-global-color-5)","background-image":"","background-repeat":"repeat","background-position":"center center","background-size":"auto","background-attachment":"scroll","background-type":"","background-media":"","overlay-type":"","overlay-color":"","overlay-opacity":"","overlay-gradient":""},"tablet":{"background-color":"var(--ast-global-color-5)","background-image":"","background-repeat":"repeat","background-position":"center center","background-size":"auto","background-attachment":"scroll","background-type":"","background-media":"","overlay-type":"","overlay-color":"","overlay-opacity":"","overlay-gradient":""},"mobile":{"background-color":"var(--ast-global-color-5)","background-image":"","background-repeat":"repeat","background-position":"center center","background-size":"auto","background-attachment":"scroll","background-type":"","background-media":"","overlay-type":"","overlay-color":"","overlay-opacity":"","overlay-gradient":""}},"footnotes":""},"folder":[152],"class_list":["post-4738","page","type-page","status-publish","hentry"],"uagb_featured_image_src":{"full":false,"thumbnail":false,"medium":false,"medium_large":false,"large":false,"1536x1536":false,"2048x2048":false},"uagb_author_info":{"display_name":"admfssh","author_link":"https:\/\/www.univ-sba.dz\/ssh\/author\/admfssh\/"},"uagb_comment_info":0,"uagb_excerpt":"R\u00e9sultats des examens Nous mettons \u00e0 la disposition des \u00e9tudiants l&#8217;application PROGRES Android, qui leur permet de suivre leur parcours universitaire \u00e0 la Facult\u00e9 des Sciences Humaines et Sociales \u2013 Universit\u00e9 Djillali Liab\u00e8s \u2013 Sidi Bel Abb\u00e8s. Gr\u00e2ce \u00e0 cette application, les \u00e9tudiants peuvent consulter : \u2013 Leur groupe et sous-groupe ;\u2013 Leur emploi du\u2026","rttpg_featured_image_url":null,"rttpg_author":{"display_name":"admfssh","author_link":"https:\/\/www.univ-sba.dz\/ssh\/author\/admfssh\/"},"rttpg_comment":0,"rttpg_category":" <a href=\"https:\/\/www.univ-sba.dz\/ssh\/fr\/\" rel=\"tag\">Fran\u00e7ais<\/a>","rttpg_excerpt":"R\u00e9sultats des examens Nous mettons \u00e0 la disposition des \u00e9tudiants l&#8217;application PROGRES Android, qui leur permet de suivre leur parcours universitaire \u00e0 la Facult\u00e9 des Sciences Humaines et Sociales \u2013 Universit\u00e9 Djillali Liab\u00e8s \u2013 Sidi Bel Abb\u00e8s. Gr\u00e2ce \u00e0 cette application, les \u00e9tudiants peuvent consulter : \u2013 Leur groupe et sous-groupe ;\u2013 Leur emploi du\u2026","_links":{"self":[{"href":"https:\/\/www.univ-sba.dz\/ssh\/wp-json\/wp\/v2\/pages\/4738","targetHints":{"allow":["GET"]}}],"collection":[{"href":"https:\/\/www.univ-sba.dz\/ssh\/wp-json\/wp\/v2\/pages"}],"about":[{"href":"https:\/\/www.univ-sba.dz\/ssh\/wp-json\/wp\/v2\/types\/page"}],"author":[{"embeddable":true,"href":"https:\/\/www.univ-sba.dz\/ssh\/wp-json\/wp\/v2\/users\/3"}],"replies":[{"embeddable":true,"href":"https:\/\/www.univ-sba.dz\/ssh\/wp-json\/wp\/v2\/comments?post=4738"}],"version-history":[{"count":7,"href":"https:\/\/www.univ-sba.dz\/ssh\/wp-json\/wp\/v2\/pages\/4738\/revisions"}],"predecessor-version":[{"id":4753,"href":"https:\/\/www.univ-sba.dz\/ssh\/wp-json\/wp\/v2\/pages\/4738\/revisions\/4753"}],"wp:attachment":[{"href":"https:\/\/www.univ-sba.dz\/ssh\/wp-json\/wp\/v2\/media?parent=4738"}],"wp:term":[{"taxonomy":"folder","embeddable":true,"href":"https:\/\/www.univ-sba.dz\/ssh\/wp-json\/wp\/v2\/folder?post=4738"}],"curies":[{"name":"wp","href":"https:\/\/api.w.org\/{rel}","templated":true}]}}