{"id":5889,"date":"2025-10-14T12:21:48","date_gmt":"2025-10-14T10:21:48","guid":{"rendered":"https:\/\/www.univ-sba.dz\/ssh\/?page_id=5889"},"modified":"2025-10-15T16:01:43","modified_gmt":"2025-10-15T14:01:43","slug":"proces-verbal-du-conseil-scientifique","status":"publish","type":"page","link":"https:\/\/www.univ-sba.dz\/ssh\/fr\/proces-verbal-du-conseil-scientifique\/","title":{"rendered":"Proc\u00e8s-verbal du Conseil scientifique"},"content":{"rendered":"\t\t<div data-elementor-type=\"wp-page\" data-elementor-id=\"5889\" class=\"elementor elementor-5889\">\n\t\t\t\t<div class=\"elementor-element elementor-element-f1d6db4 e-flex e-con-boxed e-con e-parent\" data-id=\"f1d6db4\" data-element_type=\"container\">\n\t\t\t\t\t<div class=\"e-con-inner\">\n\t\t\t\t<div class=\"elementor-element elementor-element-2507aaf elementor-widget elementor-widget-heading\" data-id=\"2507aaf\" data-element_type=\"widget\" data-widget_type=\"heading.default\">\n\t\t\t\t<div class=\"elementor-widget-container\">\n\t\t\t\t\t<h1 class=\"elementor-heading-title elementor-size-default\">Proc\u00e8s-verbal du Conseil scientifique<\/h1>\t\t\t\t<\/div>\n\t\t\t\t<\/div>\n\t\t\t\t\t<\/div>\n\t\t\t\t<\/div>\n\t\t<div class=\"elementor-element elementor-element-8b4c405 e-grid e-con-boxed e-con e-parent\" data-id=\"8b4c405\" data-element_type=\"container\">\n\t\t\t\t\t<div class=\"e-con-inner\">\n\t\t\t\t<div class=\"elementor-element elementor-element-48bf7fb elementor-widget elementor-widget-heading\" data-id=\"48bf7fb\" data-element_type=\"widget\" data-widget_type=\"heading.default\">\n\t\t\t\t<div class=\"elementor-widget-container\">\n\t\t\t\t\t<h2 class=\"elementor-heading-title elementor-size-default\">Proc\u00e8s-verbal du Conseil scientifique ann\u00e9e 2025<\/h2>\t\t\t\t<\/div>\n\t\t\t\t<\/div>\n\t\t\t\t<div class=\"elementor-element elementor-element-56378c0 elementor-widget elementor-widget-text-editor\" data-id=\"56378c0\" data-element_type=\"widget\" data-widget_type=\"text-editor.default\">\n\t\t\t\t<div class=\"elementor-widget-container\">\n\t\t\t\t\t\t\t\t\t<ul><li><a href=\"https:\/\/www.univ-sba.dz\/ssh\/wp-content\/uploads\/2025\/10\/\u0645\u062d\u0636\u0631-\u0627\u0644\u0645\u062c\u0644\u0633-\u0627\u0644\u0639\u0644\u0645\u064a-\u0631\u0642\u0645-01.pdf\">Proc\u00e8s-verbal du Conseil scientifique n\u00b001<\/a><\/li><li><a href=\"https:\/\/www.univ-sba.dz\/ssh\/wp-content\/uploads\/2025\/10\/\u0645\u062d\u0636\u0631-\u0627\u0644\u0645\u062c\u0644\u0633-\u0627\u0644\u0639\u0644\u0645\u064a-\u0631\u0642\u0645-02.pdf\">Proc\u00e8s-verbal du Conseil scientifique n\u00b002<\/a><\/li><li><a href=\"https:\/\/www.univ-sba.dz\/ssh\/wp-content\/uploads\/2025\/10\/\u0645\u062d\u0636\u0631-\u0627\u0644\u0645\u062c\u0644\u0633-\u0627\u0644\u0639\u0644\u0645\u064a-\u0631\u0642\u0645-03.pdf\">Proc\u00e8s-verbal du Conseil scientifique n\u00b003<\/a><\/li><li><a href=\"https:\/\/www.univ-sba.dz\/ssh\/wp-content\/uploads\/2025\/10\/\u0645\u062d\u0636\u0631-\u0627\u0644\u0645\u062c\u0644\u0633-\u0627\u0644\u0639\u0644\u0645\u064a-\u0631\u0642\u0645-04.pdf\">Proc\u00e8s-verbal du Conseil scientifique n\u00b004<\/a><\/li><li><a href=\"https:\/\/www.univ-sba.dz\/ssh\/wp-content\/uploads\/2025\/10\/\u0645\u062d\u0636\u0631-\u0627\u0644\u0645\u062c\u0644\u0633-\u0627\u0644\u0639\u0644\u0645\u064a-\u0631\u0642\u0645-05.pdf\">Proc\u00e8s-verbal du Conseil scientifique n\u00b005<\/a><\/li><li><a href=\"https:\/\/www.univ-sba.dz\/ssh\/wp-content\/uploads\/2025\/10\/\u0645\u062d\u0636\u0631-\u0627\u0644\u0645\u062c\u0644\u0633-\u0627\u0644\u0639\u0644\u0645\u064a-\u0631\u0642\u0645-06.pdf\">Proc\u00e8s-verbal du Conseil scientifique n\u00b006<\/a><\/li><li><a href=\"https:\/\/www.univ-sba.dz\/ssh\/wp-content\/uploads\/2025\/10\/\u0645\u062d\u0636\u0631-\u0627\u0644\u0645\u062c\u0644\u0633-\u0627\u0644\u0639\u0644\u0645\u064a-\u0631\u0642\u0645-07.pdf\">Proc\u00e8s-verbal du Conseil scientifique n\u00b007<\/a><\/li><\/ul>\t\t\t\t\t\t\t\t<\/div>\n\t\t\t\t<\/div>\n\t\t\t\t\t<\/div>\n\t\t\t\t<\/div>\n\t\t\t\t<\/div>\n\t\t","protected":false},"excerpt":{"rendered":"<p>Proc\u00e8s-verbal du Conseil scientifique Proc\u00e8s-verbal du Conseil scientifique ann\u00e9e 2025 Proc\u00e8s-verbal du Conseil scientifique n\u00b001 Proc\u00e8s-verbal du Conseil scientifique n\u00b002 Proc\u00e8s-verbal du Conseil scientifique n\u00b003 Proc\u00e8s-verbal du Conseil scientifique n\u00b004 Proc\u00e8s-verbal du Conseil scientifique n\u00b005 Proc\u00e8s-verbal du Conseil scientifique n\u00b006 Proc\u00e8s-verbal du Conseil scientifique n\u00b007<\/p>\n","protected":false},"author":4,"featured_media":0,"parent":0,"menu_order":0,"comment_status":"closed","ping_status":"closed","template":"","meta":{"_uag_custom_page_level_css":"","postBodyCss":"","postBodyMargin":[],"postBodyPadding":[],"postBodyBackground":{"backgroundType":"classic","gradient":""},"site-sidebar-layout":"no-sidebar","site-content-layout":"page-builder","ast-site-content-layout":"full-width-container","site-content-style":"default","site-sidebar-style":"default","ast-global-header-display":"","ast-banner-title-visibility":"","ast-main-header-display":"","ast-hfb-above-header-display":"","ast-hfb-below-header-display":"","ast-hfb-mobile-header-display":"","site-post-title":"disabled","ast-breadcrumbs-content":"","ast-featured-img":"disabled","footer-sml-layout":"","theme-transparent-header-meta":"","adv-header-id-meta":"","stick-header-meta":"","header-above-stick-meta":"","header-main-stick-meta":"","header-below-stick-meta":"","astra-migrate-meta-layouts":"set","ast-page-background-enabled":"default","ast-page-background-meta":{"desktop":{"background-color":"var(--ast-global-color-4)","background-image":"","background-repeat":"repeat","background-position":"center center","background-size":"auto","background-attachment":"scroll","background-type":"","background-media":"","overlay-type":"","overlay-color":"","overlay-opacity":"","overlay-gradient":""},"tablet":{"background-color":"","background-image":"","background-repeat":"repeat","background-position":"center center","background-size":"auto","background-attachment":"scroll","background-type":"","background-media":"","overlay-type":"","overlay-color":"","overlay-opacity":"","overlay-gradient":""},"mobile":{"background-color":"","background-image":"","background-repeat":"repeat","background-position":"center center","background-size":"auto","background-attachment":"scroll","background-type":"","background-media":"","overlay-type":"","overlay-color":"","overlay-opacity":"","overlay-gradient":""}},"ast-content-background-meta":{"desktop":{"background-color":"var(--ast-global-color-5)","background-image":"","background-repeat":"repeat","background-position":"center center","background-size":"auto","background-attachment":"scroll","background-type":"","background-media":"","overlay-type":"","overlay-color":"","overlay-opacity":"","overlay-gradient":""},"tablet":{"background-color":"var(--ast-global-color-5)","background-image":"","background-repeat":"repeat","background-position":"center center","background-size":"auto","background-attachment":"scroll","background-type":"","background-media":"","overlay-type":"","overlay-color":"","overlay-opacity":"","overlay-gradient":""},"mobile":{"background-color":"var(--ast-global-color-5)","background-image":"","background-repeat":"repeat","background-position":"center center","background-size":"auto","background-attachment":"scroll","background-type":"","background-media":"","overlay-type":"","overlay-color":"","overlay-opacity":"","overlay-gradient":""}},"footnotes":""},"folder":[],"class_list":["post-5889","page","type-page","status-publish","hentry"],"uagb_featured_image_src":{"full":false,"thumbnail":false,"medium":false,"medium_large":false,"large":false,"1536x1536":false,"2048x2048":false},"uagb_author_info":{"display_name":"Asma MEKRI","author_link":"https:\/\/www.univ-sba.dz\/ssh\/author\/admamekri\/"},"uagb_comment_info":0,"uagb_excerpt":"Proc\u00e8s-verbal du Conseil scientifique Proc\u00e8s-verbal du Conseil scientifique ann\u00e9e 2025 Proc\u00e8s-verbal du Conseil scientifique n\u00b001 Proc\u00e8s-verbal du Conseil scientifique n\u00b002 Proc\u00e8s-verbal du Conseil scientifique n\u00b003 Proc\u00e8s-verbal du Conseil scientifique n\u00b004 Proc\u00e8s-verbal du Conseil scientifique n\u00b005 Proc\u00e8s-verbal du Conseil scientifique n\u00b006 Proc\u00e8s-verbal du Conseil scientifique n\u00b007","rttpg_featured_image_url":null,"rttpg_author":{"display_name":"Asma MEKRI","author_link":"https:\/\/www.univ-sba.dz\/ssh\/author\/admamekri\/"},"rttpg_comment":0,"rttpg_category":" <a href=\"https:\/\/www.univ-sba.dz\/ssh\/fr\/\" rel=\"tag\">Fran\u00e7ais<\/a>","rttpg_excerpt":"Proc\u00e8s-verbal du Conseil scientifique Proc\u00e8s-verbal du Conseil scientifique ann\u00e9e 2025 Proc\u00e8s-verbal du Conseil scientifique n\u00b001 Proc\u00e8s-verbal du Conseil scientifique n\u00b002 Proc\u00e8s-verbal du Conseil scientifique n\u00b003 Proc\u00e8s-verbal du Conseil scientifique n\u00b004 Proc\u00e8s-verbal du Conseil scientifique n\u00b005 Proc\u00e8s-verbal du Conseil scientifique n\u00b006 Proc\u00e8s-verbal du Conseil scientifique n\u00b007","_links":{"self":[{"href":"https:\/\/www.univ-sba.dz\/ssh\/wp-json\/wp\/v2\/pages\/5889","targetHints":{"allow":["GET"]}}],"collection":[{"href":"https:\/\/www.univ-sba.dz\/ssh\/wp-json\/wp\/v2\/pages"}],"about":[{"href":"https:\/\/www.univ-sba.dz\/ssh\/wp-json\/wp\/v2\/types\/page"}],"author":[{"embeddable":true,"href":"https:\/\/www.univ-sba.dz\/ssh\/wp-json\/wp\/v2\/users\/4"}],"replies":[{"embeddable":true,"href":"https:\/\/www.univ-sba.dz\/ssh\/wp-json\/wp\/v2\/comments?post=5889"}],"version-history":[{"count":10,"href":"https:\/\/www.univ-sba.dz\/ssh\/wp-json\/wp\/v2\/pages\/5889\/revisions"}],"predecessor-version":[{"id":5912,"href":"https:\/\/www.univ-sba.dz\/ssh\/wp-json\/wp\/v2\/pages\/5889\/revisions\/5912"}],"wp:attachment":[{"href":"https:\/\/www.univ-sba.dz\/ssh\/wp-json\/wp\/v2\/media?parent=5889"}],"wp:term":[{"taxonomy":"folder","embeddable":true,"href":"https:\/\/www.univ-sba.dz\/ssh\/wp-json\/wp\/v2\/folder?post=5889"}],"curies":[{"name":"wp","href":"https:\/\/api.w.org\/{rel}","templated":true}]}}