{"id":2284,"date":"2024-09-22T11:12:03","date_gmt":"2024-09-22T09:12:03","guid":{"rendered":"http:\/\/www.univ-sba.dz\/st\/?page_id=2284"},"modified":"2025-06-30T00:45:11","modified_gmt":"2025-06-29T22:45:11","slug":"mot-doyen-de-la-faculte","status":"publish","type":"page","link":"https:\/\/www.univ-sba.dz\/st\/mot-doyen-de-la-faculte\/","title":{"rendered":"Doyen de la facult\u00e9"},"content":{"rendered":"\t\t<div data-elementor-type=\"wp-page\" data-elementor-id=\"2284\" class=\"elementor elementor-2284\">\n\t\t\t\t<div class=\"elementor-element elementor-element-19b8c8c e-flex e-con-boxed e-con e-parent\" data-id=\"19b8c8c\" data-element_type=\"container\" data-settings=\"{&quot;background_background&quot;:&quot;classic&quot;}\">\n\t\t\t\t\t<div class=\"e-con-inner\">\n\t\t<div class=\"elementor-element elementor-element-372848a e-con-full e-flex e-con e-child\" data-id=\"372848a\" data-element_type=\"container\">\n\t\t\t\t<\/div>\n\t\t\t\t\t<\/div>\n\t\t\t\t<\/div>\n\t\t<div class=\"elementor-element elementor-element-a9d7817 e-flex e-con-boxed e-con e-parent\" data-id=\"a9d7817\" data-element_type=\"container\">\n\t\t\t\t\t<div class=\"e-con-inner\">\n\t\t<div class=\"elementor-element elementor-element-d1ba450 e-con-full e-flex e-con e-child\" data-id=\"d1ba450\" data-element_type=\"container\">\n\t\t<div class=\"elementor-element elementor-element-0934991 e-con-full e-flex e-con e-child\" data-id=\"0934991\" data-element_type=\"container\">\n\t\t\t\t<div class=\"elementor-element elementor-element-29c50ef elementor-widget elementor-widget-heading\" data-id=\"29c50ef\" data-element_type=\"widget\" data-widget_type=\"heading.default\">\n\t\t\t\t<div class=\"elementor-widget-container\">\n\t\t\t\t\t<h2 class=\"elementor-heading-title elementor-size-default\">Pr: MHAMDIA Rachid<\/h2>\t\t\t\t<\/div>\n\t\t\t\t<\/div>\n\t\t\t\t<div class=\"elementor-element elementor-element-ccc4c1b elementor-widget elementor-widget-text-editor\" data-id=\"ccc4c1b\" data-element_type=\"widget\" data-widget_type=\"text-editor.default\">\n\t\t\t\t<div class=\"elementor-widget-container\">\n\t\t\t\t\t\t\t\t\t<p>Chers \u00e9tudiants,<br \/>Chers visiteurs du site de la Facult\u00e9 de Technologie,<br \/>Bienvenue sur le site officiel de la Facult\u00e9 de Technologie de l\u2019Universit\u00e9 Djillali Liab\u00e8s de<br \/>Sidi Bel Abb\u00e8s.<br \/>La Facult\u00e9 de Technologie est l\u2019une des neuf facult\u00e9s que compte l\u2019Universit\u00e9 de Sidi Bel<br \/>Abb\u00e8s.<br \/>Il s\u2019agit d\u2019un \u00e9tablissement acad\u00e9mique \u00e0 qui ont \u00e9t\u00e9 confi\u00e9es des missions principales,<br \/>notamment :<br \/>\uf0b7 La formation dans l\u2019enseignement sup\u00e9rieur dans le domaine des sciences et<br \/>technologies.<br \/>\uf0b7 Le d\u00e9veloppement et le soutien de la recherche ainsi que des \u00e9tudes scientifiques et<br \/>technologiques portant sur des th\u00e9matiques prioritaires pour le d\u00e9veloppement de<br \/>l\u2019\u00e9conomie r\u00e9gionale et nationale.<br \/>Soucieuse d\u2019accompagner chaque \u00e9tudiant dans le d\u00e9veloppement de ses capacit\u00e9s<br \/>intellectuelles et de lui offrir une formation de haute qualit\u00e9, je m\u2019engage pleinement dans<br \/>cette noble mission. Je reste convaincu que sa r\u00e9ussite ne saurait se concr\u00e9tiser sans<br \/>l\u2019implication active de tous les acteurs : \u00e9tudiants, enseignants et personnels.<br \/>Je vous souhaite \u00e0 toutes et \u00e0 tous plein succ\u00e8s dans votre parcours.<\/p>\t\t\t\t\t\t\t\t<\/div>\n\t\t\t\t<\/div>\n\t\t\t\t<\/div>\n\t\t\t\t<\/div>\n\t\t\t\t\t<\/div>\n\t\t\t\t<\/div>\n\t\t<div class=\"elementor-element elementor-element-c342cb5 e-flex e-con-boxed e-con e-parent\" data-id=\"c342cb5\" data-element_type=\"container\">\n\t\t\t\t\t<div class=\"e-con-inner\">\n\t\t\t\t\t<\/div>\n\t\t\t\t<\/div>\n\t\t\t\t<\/div>\n\t\t","protected":false},"excerpt":{"rendered":"<p>Pr: MHAMDIA Rachid Chers \u00e9tudiants,Chers visiteurs du site de la Facult\u00e9 de Technologie,Bienvenue sur le site officiel de la Facult\u00e9 de Technologie de l\u2019Universit\u00e9 Djillali Liab\u00e8s deSidi Bel Abb\u00e8s.La Facult\u00e9 de Technologie est l\u2019une des neuf facult\u00e9s que compte l\u2019Universit\u00e9 de Sidi BelAbb\u00e8s.Il s\u2019agit d\u2019un \u00e9tablissement acad\u00e9mique \u00e0 qui ont \u00e9t\u00e9 confi\u00e9es des missions principales,notamment [&hellip;]<\/p>\n","protected":false},"author":3,"featured_media":0,"parent":0,"menu_order":0,"comment_status":"closed","ping_status":"closed","template":"","meta":{"_uag_custom_page_level_css":"","postBodyCss":"","postBodyMargin":[],"postBodyPadding":[],"postBodyBackground":{"backgroundType":"classic","gradient":""},"site-sidebar-layout":"no-sidebar","site-content-layout":"page-builder","ast-site-content-layout":"full-width-container","site-content-style":"unboxed","site-sidebar-style":"unboxed","ast-global-header-display":"","ast-banner-title-visibility":"","ast-main-header-display":"","ast-hfb-above-header-display":"","ast-hfb-below-header-display":"","ast-hfb-mobile-header-display":"","site-post-title":"disabled","ast-breadcrumbs-content":"disabled","ast-featured-img":"disabled","footer-sml-layout":"","theme-transparent-header-meta":"enabled","adv-header-id-meta":"","stick-header-meta":"","header-above-stick-meta":"","header-main-stick-meta":"","header-below-stick-meta":"","astra-migrate-meta-layouts":"set","ast-page-background-enabled":"default","ast-page-background-meta":{"desktop":{"background-color":"var(--ast-global-color-4)","background-image":"","background-repeat":"repeat","background-position":"center center","background-size":"auto","background-attachment":"scroll","background-type":"","background-media":"","overlay-type":"","overlay-color":"","overlay-opacity":"","overlay-gradient":""},"tablet":{"background-color":"","background-image":"","background-repeat":"repeat","background-position":"center center","background-size":"auto","background-attachment":"scroll","background-type":"","background-media":"","overlay-type":"","overlay-color":"","overlay-opacity":"","overlay-gradient":""},"mobile":{"background-color":"","background-image":"","background-repeat":"repeat","background-position":"center center","background-size":"auto","background-attachment":"scroll","background-type":"","background-media":"","overlay-type":"","overlay-color":"","overlay-opacity":"","overlay-gradient":""}},"ast-content-background-meta":{"desktop":{"background-color":"var(--ast-global-color-5)","background-image":"","background-repeat":"repeat","background-position":"center center","background-size":"auto","background-attachment":"scroll","background-type":"","background-media":"","overlay-type":"","overlay-color":"","overlay-opacity":"","overlay-gradient":""},"tablet":{"background-color":"var(--ast-global-color-5)","background-image":"","background-repeat":"repeat","background-position":"center center","background-size":"auto","background-attachment":"scroll","background-type":"","background-media":"","overlay-type":"","overlay-color":"","overlay-opacity":"","overlay-gradient":""},"mobile":{"background-color":"var(--ast-global-color-5)","background-image":"","background-repeat":"repeat","background-position":"center center","background-size":"auto","background-attachment":"scroll","background-type":"","background-media":"","overlay-type":"","overlay-color":"","overlay-opacity":"","overlay-gradient":""}},"footnotes":""},"class_list":["post-2284","page","type-page","status-publish","hentry"],"uagb_featured_image_src":{"full":false,"thumbnail":false,"medium":false,"medium_large":false,"large":false,"1536x1536":false,"2048x2048":false},"uagb_author_info":{"display_name":"admfst","author_link":"https:\/\/www.univ-sba.dz\/st\/author\/admfst\/"},"uagb_comment_info":0,"uagb_excerpt":"Pr: MHAMDIA Rachid Chers \u00e9tudiants,Chers visiteurs du site de la Facult\u00e9 de Technologie,Bienvenue sur le site officiel de la Facult\u00e9 de Technologie de l\u2019Universit\u00e9 Djillali Liab\u00e8s deSidi Bel Abb\u00e8s.La Facult\u00e9 de Technologie est l\u2019une des neuf facult\u00e9s que compte l\u2019Universit\u00e9 de Sidi BelAbb\u00e8s.Il s\u2019agit d\u2019un \u00e9tablissement acad\u00e9mique \u00e0 qui ont \u00e9t\u00e9 confi\u00e9es des missions principales,notamment\u2026","rttpg_featured_image_url":null,"rttpg_author":{"display_name":"admfst","author_link":"https:\/\/www.univ-sba.dz\/st\/author\/admfst\/"},"rttpg_comment":0,"rttpg_category":" <a href=\"https:\/\/www.univ-sba.dz\/st\/\" rel=\"tag\">Fran\u00e7ais<\/a>","rttpg_excerpt":"Pr: MHAMDIA Rachid Chers \u00e9tudiants,Chers visiteurs du site de la Facult\u00e9 de Technologie,Bienvenue sur le site officiel de la Facult\u00e9 de Technologie de l\u2019Universit\u00e9 Djillali Liab\u00e8s deSidi Bel Abb\u00e8s.La Facult\u00e9 de Technologie est l\u2019une des neuf facult\u00e9s que compte l\u2019Universit\u00e9 de Sidi BelAbb\u00e8s.Il s\u2019agit d\u2019un \u00e9tablissement acad\u00e9mique \u00e0 qui ont \u00e9t\u00e9 confi\u00e9es des missions principales,notamment\u2026","_links":{"self":[{"href":"https:\/\/www.univ-sba.dz\/st\/wp-json\/wp\/v2\/pages\/2284","targetHints":{"allow":["GET"]}}],"collection":[{"href":"https:\/\/www.univ-sba.dz\/st\/wp-json\/wp\/v2\/pages"}],"about":[{"href":"https:\/\/www.univ-sba.dz\/st\/wp-json\/wp\/v2\/types\/page"}],"author":[{"embeddable":true,"href":"https:\/\/www.univ-sba.dz\/st\/wp-json\/wp\/v2\/users\/3"}],"replies":[{"embeddable":true,"href":"https:\/\/www.univ-sba.dz\/st\/wp-json\/wp\/v2\/comments?post=2284"}],"version-history":[{"count":37,"href":"https:\/\/www.univ-sba.dz\/st\/wp-json\/wp\/v2\/pages\/2284\/revisions"}],"predecessor-version":[{"id":3460,"href":"https:\/\/www.univ-sba.dz\/st\/wp-json\/wp\/v2\/pages\/2284\/revisions\/3460"}],"wp:attachment":[{"href":"https:\/\/www.univ-sba.dz\/st\/wp-json\/wp\/v2\/media?parent=2284"}],"curies":[{"name":"wp","href":"https:\/\/api.w.org\/{rel}","templated":true}]}}