{"id":2288,"date":"2024-11-28T11:20:53","date_gmt":"2024-11-28T10:20:53","guid":{"rendered":"http:\/\/www.univ-sba.dz\/st\/?page_id=2288"},"modified":"2025-10-05T00:44:45","modified_gmt":"2025-10-04T22:44:45","slug":"contact","status":"publish","type":"page","link":"https:\/\/www.univ-sba.dz\/st\/contact\/","title":{"rendered":"Contact"},"content":{"rendered":"\t\t<div data-elementor-type=\"wp-page\" data-elementor-id=\"2288\" class=\"elementor elementor-2288\">\n\t\t\t\t<div class=\"elementor-element elementor-element-9731434 e-flex e-con-boxed e-con e-parent\" data-id=\"9731434\" data-element_type=\"container\" data-settings=\"{&quot;background_background&quot;:&quot;classic&quot;}\">\n\t\t\t\t\t<div class=\"e-con-inner\">\n\t\t<div class=\"elementor-element elementor-element-7a8f4f6 e-con-full e-flex e-con e-child\" data-id=\"7a8f4f6\" data-element_type=\"container\">\n\t\t\t\t<div class=\"elementor-element elementor-element-6e34830 elementor-widget elementor-widget-heading\" data-id=\"6e34830\" data-element_type=\"widget\" data-widget_type=\"heading.default\">\n\t\t\t\t<div class=\"elementor-widget-container\">\n\t\t\t\t\t<h1 class=\"elementor-heading-title elementor-size-default\">Contact<\/h1>\t\t\t\t<\/div>\n\t\t\t\t<\/div>\n\t\t\t\t<\/div>\n\t\t\t\t\t<\/div>\n\t\t\t\t<\/div>\n\t\t<div class=\"elementor-element elementor-element-ded0f89 e-flex e-con-boxed e-con e-parent\" data-id=\"ded0f89\" data-element_type=\"container\" data-settings=\"{&quot;background_background&quot;:&quot;classic&quot;}\">\n\t\t\t\t\t<div class=\"e-con-inner\">\n\t\t<div class=\"elementor-element elementor-element-bcb5699 e-con-full e-flex e-con e-child\" data-id=\"bcb5699\" data-element_type=\"container\">\n\t\t\t\t<div class=\"elementor-element elementor-element-5076266 elementor-widget elementor-widget-heading\" data-id=\"5076266\" data-element_type=\"widget\" data-widget_type=\"heading.default\">\n\t\t\t\t<div class=\"elementor-widget-container\">\n\t\t\t\t\t<h3 class=\"elementor-heading-title elementor-size-default\">Contactez-Nous<\/h3>\t\t\t\t<\/div>\n\t\t\t\t<\/div>\n\t\t<div class=\"elementor-element elementor-element-b83470b e-con-full e-flex e-con e-child\" data-id=\"b83470b\" data-element_type=\"container\">\n\t\t<div class=\"elementor-element elementor-element-51d942b e-con-full e-flex e-con e-child\" data-id=\"51d942b\" data-element_type=\"container\">\n\t\t\t\t<div class=\"elementor-element elementor-element-f881062 elementor-widget elementor-widget-heading\" data-id=\"f881062\" data-element_type=\"widget\" data-widget_type=\"heading.default\">\n\t\t\t\t<div class=\"elementor-widget-container\">\n\t\t\t\t\t<h3 class=\"elementor-heading-title elementor-size-default\">Facult\u00e9 de Technologie<\/h3>\t\t\t\t<\/div>\n\t\t\t\t<\/div>\n\t\t\t\t<div class=\"elementor-element elementor-element-31d427b elementor-position-right elementor-vertical-align-top elementor-widget elementor-widget-image-box\" data-id=\"31d427b\" data-element_type=\"widget\" data-widget_type=\"image-box.default\">\n\t\t\t\t<div class=\"elementor-widget-container\">\n\t\t\t\t\t<div class=\"elementor-image-box-wrapper\"><figure class=\"elementor-image-box-img\"><img fetchpriority=\"high\" decoding=\"async\" width=\"400\" height=\"400\" src=\"https:\/\/www.univ-sba.dz\/st\/wp-content\/uploads\/2025\/10\/adresse.png\" class=\"attachment-full size-full wp-image-3646\" alt=\"\" srcset=\"https:\/\/www.univ-sba.dz\/st\/wp-content\/uploads\/2025\/10\/adresse.png 400w, https:\/\/www.univ-sba.dz\/st\/wp-content\/uploads\/2025\/10\/adresse-300x300.png 300w, https:\/\/www.univ-sba.dz\/st\/wp-content\/uploads\/2025\/10\/adresse-150x150.png 150w\" sizes=\"(max-width: 400px) 100vw, 400px\" \/><\/figure><div class=\"elementor-image-box-content\"><h4 class=\"elementor-image-box-title\">Adresse:<\/h4><p class=\"elementor-image-box-description\">BP 89 cit\u00e9 Ben M\u2019Hidi, Sidi Bel-Abb\u00e8s 22000, Algeria <\/p><\/div><\/div>\t\t\t\t<\/div>\n\t\t\t\t<\/div>\n\t\t\t\t<div class=\"elementor-element elementor-element-a3c8702 elementor-position-right elementor-vertical-align-top elementor-widget elementor-widget-image-box\" data-id=\"a3c8702\" data-element_type=\"widget\" data-widget_type=\"image-box.default\">\n\t\t\t\t<div class=\"elementor-widget-container\">\n\t\t\t\t\t<div class=\"elementor-image-box-wrapper\"><figure class=\"elementor-image-box-img\"><img decoding=\"async\" width=\"225\" height=\"225\" src=\"https:\/\/www.univ-sba.dz\/st\/wp-content\/uploads\/2025\/10\/tel.png\" class=\"attachment-full size-full wp-image-3647\" alt=\"\" srcset=\"https:\/\/www.univ-sba.dz\/st\/wp-content\/uploads\/2025\/10\/tel.png 225w, https:\/\/www.univ-sba.dz\/st\/wp-content\/uploads\/2025\/10\/tel-150x150.png 150w\" sizes=\"(max-width: 225px) 100vw, 225px\" \/><\/figure><div class=\"elementor-image-box-content\"><h4 class=\"elementor-image-box-title\">T\u00e9l\u00e9phone:<\/h4><p class=\"elementor-image-box-description\">\n63 95 74 048<\/p><\/div><\/div>\t\t\t\t<\/div>\n\t\t\t\t<\/div>\n\t\t\t\t<div class=\"elementor-element elementor-element-c8f1ecb elementor-position-right elementor-vertical-align-top elementor-widget elementor-widget-image-box\" data-id=\"c8f1ecb\" data-element_type=\"widget\" data-widget_type=\"image-box.default\">\n\t\t\t\t<div class=\"elementor-widget-container\">\n\t\t\t\t\t<div class=\"elementor-image-box-wrapper\"><figure class=\"elementor-image-box-img\"><img decoding=\"async\" width=\"740\" height=\"740\" src=\"https:\/\/www.univ-sba.dz\/st\/wp-content\/uploads\/2025\/10\/fax.avif\" class=\"attachment-full size-full wp-image-3761\" alt=\"\" \/><\/figure><div class=\"elementor-image-box-content\"><h4 class=\"elementor-image-box-title\"><h4 data-elementor-setting-key=\"title_text\" data-elementor-inline-editing-toolbar=\"none\" data-pen-placeholder=\"\u00c9crivez ici...\" style=\"font-style: normal\"><\/h4><h4 class=\"elementor-image-box-title elementor-inline-editing pen\" data-elementor-setting-key=\"title_text\" data-elementor-inline-editing-toolbar=\"none\" data-pen-placeholder=\"\u00c9crivez ici...\" style=\"font-style: normal\">Fax:<\/h4><\/h4><p class=\"elementor-image-box-description\">62 95 74 048<\/p><\/div><\/div>\t\t\t\t<\/div>\n\t\t\t\t<\/div>\n\t\t\t\t<\/div>\n\t\t<div class=\"elementor-element elementor-element-34b434b e-con-full e-flex e-con e-child\" data-id=\"34b434b\" data-element_type=\"container\">\n\t\t\t\t<div class=\"elementor-element elementor-element-c41a067 elementor-widget elementor-widget-google_maps\" data-id=\"c41a067\" data-element_type=\"widget\" data-widget_type=\"google_maps.default\">\n\t\t\t\t<div class=\"elementor-widget-container\">\n\t\t\t\t\t\t\t<div class=\"elementor-custom-embed\">\n\t\t\t<iframe loading=\"lazy\"\n\t\t\t\t\tsrc=\"https:\/\/maps.google.com\/maps?q=faculte%20de%20technologie%20sba&#038;t=m&#038;z=17&#038;output=embed&#038;iwloc=near\"\n\t\t\t\t\ttitle=\"faculte de technologie sba\"\n\t\t\t\t\taria-label=\"faculte de technologie sba\"\n\t\t\t><\/iframe>\n\t\t<\/div>\n\t\t\t\t\t\t<\/div>\n\t\t\t\t<\/div>\n\t\t\t\t<\/div>\n\t\t\t\t<\/div>\n\t\t\t\t<div class=\"elementor-element elementor-element-18f71dd elementor-widget-divider--view-line elementor-widget elementor-widget-divider\" data-id=\"18f71dd\" data-element_type=\"widget\" data-widget_type=\"divider.default\">\n\t\t\t\t<div class=\"elementor-widget-container\">\n\t\t\t\t\t\t\t<div class=\"elementor-divider\">\n\t\t\t<span class=\"elementor-divider-separator\">\n\t\t\t\t\t\t<\/span>\n\t\t<\/div>\n\t\t\t\t\t\t<\/div>\n\t\t\t\t<\/div>\n\t\t\t\t<\/div>\n\t\t\t\t\t<\/div>\n\t\t\t\t<\/div>\n\t\t\t\t<\/div>\n\t\t","protected":false},"excerpt":{"rendered":"<p>Contact Contactez-Nous Facult\u00e9 de Technologie Adresse: BP 89 cit\u00e9 Ben M\u2019Hidi, Sidi Bel-Abb\u00e8s 22000, Algeria T\u00e9l\u00e9phone: 63 95 74 048 Fax: 62 95 74 048<\/p>\n","protected":false},"author":3,"featured_media":0,"parent":0,"menu_order":0,"comment_status":"closed","ping_status":"closed","template":"","meta":{"_uag_custom_page_level_css":"","postBodyCss":"","postBodyMargin":[],"postBodyPadding":[],"postBodyBackground":{"backgroundType":"classic","gradient":""},"site-sidebar-layout":"no-sidebar","site-content-layout":"page-builder","ast-site-content-layout":"full-width-container","site-content-style":"unboxed","site-sidebar-style":"unboxed","ast-global-header-display":"","ast-banner-title-visibility":"","ast-main-header-display":"","ast-hfb-above-header-display":"","ast-hfb-below-header-display":"","ast-hfb-mobile-header-display":"","site-post-title":"disabled","ast-breadcrumbs-content":"disabled","ast-featured-img":"disabled","footer-sml-layout":"","theme-transparent-header-meta":"enabled","adv-header-id-meta":"","stick-header-meta":"","header-above-stick-meta":"","header-main-stick-meta":"","header-below-stick-meta":"","astra-migrate-meta-layouts":"set","ast-page-background-enabled":"default","ast-page-background-meta":{"desktop":{"background-color":"var(--ast-global-color-4)","background-image":"","background-repeat":"repeat","background-position":"center center","background-size":"auto","background-attachment":"scroll","background-type":"","background-media":"","overlay-type":"","overlay-color":"","overlay-opacity":"","overlay-gradient":""},"tablet":{"background-color":"","background-image":"","background-repeat":"repeat","background-position":"center center","background-size":"auto","background-attachment":"scroll","background-type":"","background-media":"","overlay-type":"","overlay-color":"","overlay-opacity":"","overlay-gradient":""},"mobile":{"background-color":"","background-image":"","background-repeat":"repeat","background-position":"center center","background-size":"auto","background-attachment":"scroll","background-type":"","background-media":"","overlay-type":"","overlay-color":"","overlay-opacity":"","overlay-gradient":""}},"ast-content-background-meta":{"desktop":{"background-color":"var(--ast-global-color-5)","background-image":"","background-repeat":"repeat","background-position":"center center","background-size":"auto","background-attachment":"scroll","background-type":"","background-media":"","overlay-type":"","overlay-color":"","overlay-opacity":"","overlay-gradient":""},"tablet":{"background-color":"var(--ast-global-color-5)","background-image":"","background-repeat":"repeat","background-position":"center center","background-size":"auto","background-attachment":"scroll","background-type":"","background-media":"","overlay-type":"","overlay-color":"","overlay-opacity":"","overlay-gradient":""},"mobile":{"background-color":"var(--ast-global-color-5)","background-image":"","background-repeat":"repeat","background-position":"center center","background-size":"auto","background-attachment":"scroll","background-type":"","background-media":"","overlay-type":"","overlay-color":"","overlay-opacity":"","overlay-gradient":""}},"footnotes":""},"class_list":["post-2288","page","type-page","status-publish","hentry"],"uagb_featured_image_src":{"full":false,"thumbnail":false,"medium":false,"medium_large":false,"large":false,"1536x1536":false,"2048x2048":false},"uagb_author_info":{"display_name":"admfst","author_link":"https:\/\/www.univ-sba.dz\/st\/author\/admfst\/"},"uagb_comment_info":0,"uagb_excerpt":"Contact Contactez-Nous Facult\u00e9 de Technologie Adresse: BP 89 cit\u00e9 Ben M\u2019Hidi, Sidi Bel-Abb\u00e8s 22000, Algeria T\u00e9l\u00e9phone: 63 95 74 048 Fax: 62 95 74 048","rttpg_featured_image_url":null,"rttpg_author":{"display_name":"admfst","author_link":"https:\/\/www.univ-sba.dz\/st\/author\/admfst\/"},"rttpg_comment":0,"rttpg_category":" <a href=\"https:\/\/www.univ-sba.dz\/st\/\" rel=\"tag\">Fran\u00e7ais<\/a>","rttpg_excerpt":"Contact Contactez-Nous Facult\u00e9 de Technologie Adresse: BP 89 cit\u00e9 Ben M\u2019Hidi, Sidi Bel-Abb\u00e8s 22000, Algeria T\u00e9l\u00e9phone: 63 95 74 048 Fax: 62 95 74 048","_links":{"self":[{"href":"https:\/\/www.univ-sba.dz\/st\/wp-json\/wp\/v2\/pages\/2288","targetHints":{"allow":["GET"]}}],"collection":[{"href":"https:\/\/www.univ-sba.dz\/st\/wp-json\/wp\/v2\/pages"}],"about":[{"href":"https:\/\/www.univ-sba.dz\/st\/wp-json\/wp\/v2\/types\/page"}],"author":[{"embeddable":true,"href":"https:\/\/www.univ-sba.dz\/st\/wp-json\/wp\/v2\/users\/3"}],"replies":[{"embeddable":true,"href":"https:\/\/www.univ-sba.dz\/st\/wp-json\/wp\/v2\/comments?post=2288"}],"version-history":[{"count":35,"href":"https:\/\/www.univ-sba.dz\/st\/wp-json\/wp\/v2\/pages\/2288\/revisions"}],"predecessor-version":[{"id":3778,"href":"https:\/\/www.univ-sba.dz\/st\/wp-json\/wp\/v2\/pages\/2288\/revisions\/3778"}],"wp:attachment":[{"href":"https:\/\/www.univ-sba.dz\/st\/wp-json\/wp\/v2\/media?parent=2288"}],"curies":[{"name":"wp","href":"https:\/\/api.w.org\/{rel}","templated":true}]}}