{"id":2313,"date":"2024-11-28T11:31:14","date_gmt":"2024-11-28T10:31:14","guid":{"rendered":"http:\/\/www.univ-sba.dz\/st\/?page_id=2313"},"modified":"2026-01-31T18:51:35","modified_gmt":"2026-01-31T17:51:35","slug":"programme-dexamen","status":"publish","type":"page","link":"https:\/\/www.univ-sba.dz\/st\/programme-dexamen\/","title":{"rendered":"Programme d\u2019examen"},"content":{"rendered":"\t\t<div data-elementor-type=\"wp-page\" data-elementor-id=\"2313\" class=\"elementor elementor-2313\">\n\t\t\t\t<div class=\"elementor-element elementor-element-122e55f e-flex e-con-boxed e-con e-parent\" data-id=\"122e55f\" data-element_type=\"container\" data-settings=\"{&quot;background_background&quot;:&quot;classic&quot;}\">\n\t\t\t\t\t<div class=\"e-con-inner\">\n\t\t<div class=\"elementor-element elementor-element-d4f38d4 e-con-full e-flex e-con e-child\" data-id=\"d4f38d4\" data-element_type=\"container\">\n\t\t\t\t<div class=\"elementor-element elementor-element-63d7f54 elementor-widget elementor-widget-heading\" data-id=\"63d7f54\" data-element_type=\"widget\" data-widget_type=\"heading.default\">\n\t\t\t\t<div class=\"elementor-widget-container\">\n\t\t\t\t\t<h1 class=\"elementor-heading-title elementor-size-default\">Programme d\u2019examen<\/h1>\t\t\t\t<\/div>\n\t\t\t\t<\/div>\n\t\t\t\t<\/div>\n\t\t\t\t\t<\/div>\n\t\t\t\t<\/div>\n\t\t<div class=\"elementor-element elementor-element-5cdfe5d e-flex e-con-boxed e-con e-parent\" data-id=\"5cdfe5d\" data-element_type=\"container\">\n\t\t\t\t\t<div class=\"e-con-inner\">\n\t\t\t\t<div class=\"elementor-element elementor-element-0d2b9a7 elementor-widget elementor-widget-heading\" data-id=\"0d2b9a7\" data-element_type=\"widget\" data-widget_type=\"heading.default\">\n\t\t\t\t<div class=\"elementor-widget-container\">\n\t\t\t\t\t<h2 class=\"elementor-heading-title elementor-size-default\"><a href=\"https:\/\/www.univ-sba.dz\/st\/wp-content\/uploads\/2026\/01\/Charte.pdf\">La charte des examens du premier semestre de l'ann\u00e9e universitaire 2025\/2026<\/a><\/h2>\t\t\t\t<\/div>\n\t\t\t\t<\/div>\n\t\t\t\t\t<\/div>\n\t\t\t\t<\/div>\n\t\t<div class=\"elementor-element elementor-element-7043042 e-flex e-con-boxed e-con e-parent\" data-id=\"7043042\" data-element_type=\"container\">\n\t\t\t\t\t<div class=\"e-con-inner\">\n\t\t<div class=\"elementor-element elementor-element-fb17e4e e-con-full e-flex e-con e-child\" data-id=\"fb17e4e\" data-element_type=\"container\">\n\t\t<div class=\"elementor-element elementor-element-c6e89c9 e-con-full e-flex e-con e-child\" data-id=\"c6e89c9\" data-element_type=\"container\">\n\t\t\t\t<div class=\"elementor-element elementor-element-ad8f632 elementor-widget elementor-widget-heading\" data-id=\"ad8f632\" data-element_type=\"widget\" data-widget_type=\"heading.default\">\n\t\t\t\t<div class=\"elementor-widget-container\">\n\t\t\t\t\t<h5 class=\"elementor-heading-title elementor-size-default\">D\u00e9partement des Enseignements de Base en Sciences &amp; Technologies(examens de remplacement-dette)<\/h5>\t\t\t\t<\/div>\n\t\t\t\t<\/div>\n\t\t\t\t<\/div>\n\t\t<div class=\"elementor-element elementor-element-0109d2d e-con-full e-flex e-con e-child\" data-id=\"0109d2d\" data-element_type=\"container\">\n\t\t<div class=\"elementor-element elementor-element-90a9890 e-con-full e-flex e-con e-child\" data-id=\"90a9890\" data-element_type=\"container\">\n\t\t\t\t<div class=\"elementor-element elementor-element-c3fa669 elementor-widget elementor-widget-heading\" data-id=\"c3fa669\" data-element_type=\"widget\" data-widget_type=\"heading.default\">\n\t\t\t\t<div class=\"elementor-widget-container\">\n\t\t\t\t\t<h6 class=\"elementor-heading-title elementor-size-default\"><a href=\"https:\/\/www.univ-sba.dz\/st\/wp-content\/uploads\/2026\/01\/dette-1er_2025_2026.pdf\">1\u00e8re Ann\u00e9e -dette<\/a><\/h6>\t\t\t\t<\/div>\n\t\t\t\t<\/div>\n\t\t\t\t<div class=\"elementor-element elementor-element-ddb5f1f elementor-widget elementor-widget-heading\" data-id=\"ddb5f1f\" data-element_type=\"widget\" data-widget_type=\"heading.default\">\n\t\t\t\t<div class=\"elementor-widget-container\">\n\t\t\t\t\t<h6 class=\"elementor-heading-title elementor-size-default\"><a href=\"https:\/\/www.univ-sba.dz\/st\/wp-content\/uploads\/2026\/01\/Rempl-1er_2025_2026.pdf\">1\u00e8re Ann\u00e9e - remplacement<\/a><\/h6>\t\t\t\t<\/div>\n\t\t\t\t<\/div>\n\t\t\t\t<div class=\"elementor-element elementor-element-a04573c elementor-widget elementor-widget-heading\" data-id=\"a04573c\" data-element_type=\"widget\" data-widget_type=\"heading.default\">\n\t\t\t\t<div class=\"elementor-widget-container\">\n\t\t\t\t\t<h6 class=\"elementor-heading-title elementor-size-default\"><a href=\"https:\/\/www.univ-sba.dz\/st\/wp-content\/uploads\/2026\/01\/2em-dette-_2025_2026.pdf\">2\u00e9me Ann\u00e9e -dette<\/a><\/h6>\t\t\t\t<\/div>\n\t\t\t\t<\/div>\n\t\t\t\t<div class=\"elementor-element elementor-element-215bd71 elementor-widget elementor-widget-heading\" data-id=\"215bd71\" data-element_type=\"widget\" data-widget_type=\"heading.default\">\n\t\t\t\t<div class=\"elementor-widget-container\">\n\t\t\t\t\t<h6 class=\"elementor-heading-title elementor-size-default\"><a href=\"https:\/\/www.univ-sba.dz\/st\/wp-content\/uploads\/2026\/01\/2em-Rempl_2025_2026.pdf\">2\u00e9me Ann\u00e9e -remplacement<\/a><\/h6>\t\t\t\t<\/div>\n\t\t\t\t<\/div>\n\t\t\t\t<div class=\"elementor-element elementor-element-3603480 elementor-widget elementor-widget-heading\" data-id=\"3603480\" data-element_type=\"widget\" data-widget_type=\"heading.default\">\n\t\t\t\t<div class=\"elementor-widget-container\">\n\t\t\t\t\t<h6 class=\"elementor-heading-title elementor-size-default\"><a href=\"https:\/\/www.univ-sba.dz\/st\/wp-content\/uploads\/2026\/01\/1er-dette-list-planning-2-20.pdf\">1\u00e8re Ann\u00e9e -Listes<\/a><\/h6>\t\t\t\t<\/div>\n\t\t\t\t<\/div>\n\t\t\t\t<div class=\"elementor-element elementor-element-c429dd3 elementor-widget elementor-widget-heading\" data-id=\"c429dd3\" data-element_type=\"widget\" data-widget_type=\"heading.default\">\n\t\t\t\t<div class=\"elementor-widget-container\">\n\t\t\t\t\t<h6 class=\"elementor-heading-title elementor-size-default\"><a href=\"https:\/\/www.univ-sba.dz\/st\/wp-content\/uploads\/2026\/01\/2em-dette-list_planning-3-11.pdf\">2\u00e9me  Ann\u00e9e -Listes<\/a><\/h6>\t\t\t\t<\/div>\n\t\t\t\t<\/div>\n\t\t\t\t<\/div>\n\t\t\t\t<\/div>\n\t\t\t\t<\/div>\n\t\t\t\t\t<\/div>\n\t\t\t\t<\/div>\n\t\t<div class=\"elementor-element elementor-element-44538b9 e-flex e-con-boxed e-con e-parent\" data-id=\"44538b9\" data-element_type=\"container\">\n\t\t\t\t\t<div class=\"e-con-inner\">\n\t\t<div class=\"elementor-element elementor-element-47f0a3a e-con-full e-flex e-con e-child\" data-id=\"47f0a3a\" data-element_type=\"container\">\n\t\t<div class=\"elementor-element elementor-element-4d60169 e-con-full e-flex e-con e-child\" data-id=\"4d60169\" data-element_type=\"container\">\n\t\t\t\t<div class=\"elementor-element elementor-element-27bf885 elementor-widget elementor-widget-heading\" data-id=\"27bf885\" data-element_type=\"widget\" data-widget_type=\"heading.default\">\n\t\t\t\t<div class=\"elementor-widget-container\">\n\t\t\t\t\t<h5 class=\"elementor-heading-title elementor-size-default\">D\u00e9partement d'Hydraulique(emploi du temps des examens de rattrapage du master 2 hydraulique urbaine)<\/h5>\t\t\t\t<\/div>\n\t\t\t\t<\/div>\n\t\t\t\t<div class=\"elementor-element elementor-element-490f6d5 elementor-widget elementor-widget-heading\" data-id=\"490f6d5\" data-element_type=\"widget\" data-widget_type=\"heading.default\">\n\t\t\t\t<div class=\"elementor-widget-container\">\n\t\t\t\t\t<h5 class=\"elementor-heading-title elementor-size-default\">D\u00e9partement d'Hydraulique(examens de remplacement)<\/h5>\t\t\t\t<\/div>\n\t\t\t\t<\/div>\n\t\t\t\t<\/div>\n\t\t<div class=\"elementor-element elementor-element-3c72b16 e-con-full e-flex e-con e-child\" data-id=\"3c72b16\" data-element_type=\"container\">\n\t\t<div class=\"elementor-element elementor-element-e1adbb1 e-con-full e-flex e-con e-child\" data-id=\"e1adbb1\" data-element_type=\"container\">\n\t\t\t\t<div class=\"elementor-element elementor-element-02bb13b elementor-widget elementor-widget-heading\" data-id=\"02bb13b\" data-element_type=\"widget\" data-widget_type=\"heading.default\">\n\t\t\t\t<div class=\"elementor-widget-container\">\n\t\t\t\t\t<h6 class=\"elementor-heading-title elementor-size-default\"><a href=\"https:\/\/www.univ-sba.dz\/st\/wp-content\/uploads\/2026\/01\/Emplois-du-temps_Rattrapage_S3_M2_Hydraulique_U_001.png\">Master 2<\/a><\/h6>\t\t\t\t<\/div>\n\t\t\t\t<\/div>\n\t\t\t\t<div class=\"elementor-element elementor-element-9250591 elementor-widget elementor-widget-heading\" data-id=\"9250591\" data-element_type=\"widget\" data-widget_type=\"heading.default\">\n\t\t\t\t<div class=\"elementor-widget-container\">\n\t\t\t\t\t<h6 class=\"elementor-heading-title elementor-size-default\"><a href=\"https:\/\/www.univ-sba.dz\/st\/wp-content\/uploads\/2026\/01\/Emplois-du-temps_EMD_REMPLACEMENT_S1_dep_Hydraulique_actualise-2.pdf\">Master 1<\/a><\/h6>\t\t\t\t<\/div>\n\t\t\t\t<\/div>\n\t\t\t\t<\/div>\n\t\t\t\t<\/div>\n\t\t\t\t<\/div>\n\t\t\t\t\t<\/div>\n\t\t\t\t<\/div>\n\t\t<div class=\"elementor-element elementor-element-bb96e95 e-flex e-con-boxed e-con e-parent\" data-id=\"bb96e95\" data-element_type=\"container\">\n\t\t\t\t\t<div class=\"e-con-inner\">\n\t\t<div class=\"elementor-element elementor-element-97ba2a9 e-con-full e-flex e-con e-child\" data-id=\"97ba2a9\" data-element_type=\"container\">\n\t\t<div class=\"elementor-element elementor-element-572ef6f e-con-full e-flex e-con e-child\" data-id=\"572ef6f\" data-element_type=\"container\">\n\t\t\t\t<div class=\"elementor-element elementor-element-6cdadd5 elementor-widget elementor-widget-heading\" data-id=\"6cdadd5\" data-element_type=\"widget\" data-widget_type=\"heading.default\">\n\t\t\t\t<div class=\"elementor-widget-container\">\n\t\t\t\t\t<h5 class=\"elementor-heading-title elementor-size-default\">D\u00e9partement de G\u00e9nie M\u00e9canique(examens de remplacement)<\/h5>\t\t\t\t<\/div>\n\t\t\t\t<\/div>\n\t\t\t\t<\/div>\n\t\t<div class=\"elementor-element elementor-element-0acbfc6 e-con-full e-flex e-con e-child\" data-id=\"0acbfc6\" data-element_type=\"container\">\n\t\t<div class=\"elementor-element elementor-element-00974ac e-con-full e-flex e-con e-child\" data-id=\"00974ac\" data-element_type=\"container\">\n\t\t\t\t<div class=\"elementor-element elementor-element-2fe2684 elementor-widget elementor-widget-heading\" data-id=\"2fe2684\" data-element_type=\"widget\" data-widget_type=\"heading.default\">\n\t\t\t\t<div class=\"elementor-widget-container\">\n\t\t\t\t\t<h6 class=\"elementor-heading-title elementor-size-default\"><a href=\"https:\/\/www.univ-sba.dz\/st\/wp-content\/uploads\/2026\/01\/Planning-S1-S3-2025-2026-remplacementGM.pdf\">Licence -Master - Ing\u00e9niorat<\/a><\/h6>\t\t\t\t<\/div>\n\t\t\t\t<\/div>\n\t\t\t\t<\/div>\n\t\t\t\t<\/div>\n\t\t\t\t<\/div>\n\t\t\t\t\t<\/div>\n\t\t\t\t<\/div>\n\t\t<div class=\"elementor-element elementor-element-4ab203c e-flex e-con-boxed e-con e-parent\" data-id=\"4ab203c\" data-element_type=\"container\">\n\t\t\t\t\t<div class=\"e-con-inner\">\n\t\t<div class=\"elementor-element elementor-element-ee42d98 e-con-full e-flex e-con e-child\" data-id=\"ee42d98\" data-element_type=\"container\">\n\t\t<div class=\"elementor-element elementor-element-be3e3f6 e-con-full e-flex e-con e-child\" data-id=\"be3e3f6\" data-element_type=\"container\">\n\t\t\t\t<div class=\"elementor-element elementor-element-28b69d7 elementor-widget elementor-widget-heading\" data-id=\"28b69d7\" data-element_type=\"widget\" data-widget_type=\"heading.default\">\n\t\t\t\t<div class=\"elementor-widget-container\">\n\t\t\t\t\t<h5 class=\"elementor-heading-title elementor-size-default\">D\u00e9partement de G\u00e9nie  civil et Travaux Public (examens de remplacement-dette)<\/h5>\t\t\t\t<\/div>\n\t\t\t\t<\/div>\n\t\t\t\t<\/div>\n\t\t<div class=\"elementor-element elementor-element-ec2fc8f e-con-full e-flex e-con e-child\" data-id=\"ec2fc8f\" data-element_type=\"container\">\n\t\t<div class=\"elementor-element elementor-element-a113eec e-con-full e-flex e-con e-child\" data-id=\"a113eec\" data-element_type=\"container\">\n\t\t\t\t<div class=\"elementor-element elementor-element-abe5a7c elementor-widget elementor-widget-heading\" data-id=\"abe5a7c\" data-element_type=\"widget\" data-widget_type=\"heading.default\">\n\t\t\t\t<div class=\"elementor-widget-container\">\n\t\t\t\t\t<h6 class=\"elementor-heading-title elementor-size-default\"><a href=\"https:\/\/www.univ-sba.dz\/st\/wp-content\/uploads\/2026\/01\/EMD-S1-Licences-2025_2026-Rampla.pdf\">Licence<\/a><\/h6>\t\t\t\t<\/div>\n\t\t\t\t<\/div>\n\t\t\t\t<\/div>\n\t\t<div class=\"elementor-element elementor-element-88b3530 e-con-full e-flex e-con e-child\" data-id=\"88b3530\" data-element_type=\"container\">\n\t\t\t\t<div class=\"elementor-element elementor-element-b4e2a72 elementor-widget elementor-widget-heading\" data-id=\"b4e2a72\" data-element_type=\"widget\" data-widget_type=\"heading.default\">\n\t\t\t\t<div class=\"elementor-widget-container\">\n\t\t\t\t\t<h6 class=\"elementor-heading-title elementor-size-default\"><a href=\"https:\/\/www.univ-sba.dz\/st\/wp-content\/uploads\/2026\/01\/EMD-S1-Masters-1_-2025_2026.Dette_.pdf\">Master 1 (Dette)<\/a><\/h6>\t\t\t\t<\/div>\n\t\t\t\t<\/div>\n\t\t\t\t<div class=\"elementor-element elementor-element-5c68481 elementor-widget elementor-widget-heading\" data-id=\"5c68481\" data-element_type=\"widget\" data-widget_type=\"heading.default\">\n\t\t\t\t<div class=\"elementor-widget-container\">\n\t\t\t\t\t<h6 class=\"elementor-heading-title elementor-size-default\"><a href=\"https:\/\/www.univ-sba.dz\/st\/wp-content\/uploads\/2026\/01\/EMD-S1-Masters-1_-2025_2026-Remp.pdf\">Master 1 (remplacement)<\/a><\/h6>\t\t\t\t<\/div>\n\t\t\t\t<\/div>\n\t\t\t\t<div class=\"elementor-element elementor-element-022e687 elementor-widget elementor-widget-heading\" data-id=\"022e687\" data-element_type=\"widget\" data-widget_type=\"heading.default\">\n\t\t\t\t<div class=\"elementor-widget-container\">\n\t\t\t\t\t<h6 class=\"elementor-heading-title elementor-size-default\"><a href=\"https:\/\/www.univ-sba.dz\/st\/wp-content\/uploads\/2026\/01\/EMD-S1-Masters-2-2025_2026.Rempladocx.pdf\">Master 2<\/a><\/h6>\t\t\t\t<\/div>\n\t\t\t\t<\/div>\n\t\t\t\t<div class=\"elementor-element elementor-element-9f87945 elementor-widget elementor-widget-heading\" data-id=\"9f87945\" data-element_type=\"widget\" data-widget_type=\"heading.default\">\n\t\t\t\t<div class=\"elementor-widget-container\">\n\t\t\t\t\t<h6 class=\"elementor-heading-title elementor-size-default\"><a href=\"https:\/\/www.univ-sba.dz\/st\/wp-content\/uploads\/2026\/01\/EMD-S1-Architecture-2025_2026-Remplacement.pdf\">Architecture<\/a><\/h6>\t\t\t\t<\/div>\n\t\t\t\t<\/div>\n\t\t\t\t<div class=\"elementor-element elementor-element-0691f53 elementor-widget elementor-widget-heading\" data-id=\"0691f53\" data-element_type=\"widget\" data-widget_type=\"heading.default\">\n\t\t\t\t<div class=\"elementor-widget-container\">\n\t\t\t\t\t<h6 class=\"elementor-heading-title elementor-size-default\"><a href=\"https:\/\/www.univ-sba.dz\/st\/wp-content\/uploads\/2026\/01\/EMD-S1-Ingeniorat-2025_2026-Remplacement.pdf\">Ing\u00e9niorat<\/a><\/h6>\t\t\t\t<\/div>\n\t\t\t\t<\/div>\n\t\t\t\t<div class=\"elementor-element elementor-element-525f897 elementor-widget elementor-widget-heading\" data-id=\"525f897\" data-element_type=\"widget\" data-widget_type=\"heading.default\">\n\t\t\t\t<div class=\"elementor-widget-container\">\n\t\t\t\t\t<h6 class=\"elementor-heading-title elementor-size-default\"><a href=\"https:\/\/www.univ-sba.dz\/st\/wp-content\/uploads\/2026\/01\/EMD-S1-Masters-2-Geotechnique.pdf\">emploi du Temps de remplacement du module Tunnels et ouvrages souterrains .<\/a><\/h6>\t\t\t\t<\/div>\n\t\t\t\t<\/div>\n\t\t\t\t<\/div>\n\t\t\t\t<\/div>\n\t\t\t\t<\/div>\n\t\t\t\t\t<\/div>\n\t\t\t\t<\/div>\n\t\t<div class=\"elementor-element elementor-element-30230b3 e-flex e-con-boxed e-con e-parent\" data-id=\"30230b3\" data-element_type=\"container\">\n\t\t\t\t\t<div class=\"e-con-inner\">\n\t\t<div class=\"elementor-element elementor-element-fa8c6c8 e-con-full e-flex e-con e-child\" data-id=\"fa8c6c8\" data-element_type=\"container\">\n\t\t\t\t<div class=\"elementor-element elementor-element-756d907 elementor-widget elementor-widget-heading\" data-id=\"756d907\" data-element_type=\"widget\" data-widget_type=\"heading.default\">\n\t\t\t\t<div class=\"elementor-widget-container\">\n\t\t\t\t\t<h5 class=\"elementor-heading-title elementor-size-default\">D\u00e9partement des Enseignements de Base en Sciences &amp; Technologies<\/h5>\t\t\t\t<\/div>\n\t\t\t\t<\/div>\n\t\t<div class=\"elementor-element elementor-element-2032ddc e-con-full e-flex e-con e-child\" data-id=\"2032ddc\" data-element_type=\"container\">\n\t\t<div class=\"elementor-element elementor-element-18474e9 e-con-full e-flex e-con e-child\" data-id=\"18474e9\" data-element_type=\"container\">\n\t\t\t\t<div class=\"elementor-element elementor-element-dd4ea7c elementor-widget elementor-widget-heading\" data-id=\"dd4ea7c\" data-element_type=\"widget\" data-widget_type=\"heading.default\">\n\t\t\t\t<div class=\"elementor-widget-container\">\n\t\t\t\t\t<h6 class=\"elementor-heading-title elementor-size-default\"><a href=\"https:\/\/www.univ-sba.dz\/st\/wp-content\/uploads\/2026\/01\/Planning-1er.pdf\">1\u00e8re Ann\u00e9e <\/a><\/h6>\t\t\t\t<\/div>\n\t\t\t\t<\/div>\n\t\t\t\t<div class=\"elementor-element elementor-element-f17db53 elementor-widget elementor-widget-heading\" data-id=\"f17db53\" data-element_type=\"widget\" data-widget_type=\"heading.default\">\n\t\t\t\t<div class=\"elementor-widget-container\">\n\t\t\t\t\t<h6 class=\"elementor-heading-title elementor-size-default\"><a href=\"https:\/\/www.univ-sba.dz\/st\/wp-content\/uploads\/2026\/01\/1ST-FInAL-LIST_EBST.pdf\">Listes 1\u00e8re Ann\u00e9e <\/a><\/h6>\t\t\t\t<\/div>\n\t\t\t\t<\/div>\n\t\t\t\t<\/div>\n\t\t<div class=\"elementor-element elementor-element-a1b4a6c e-con-full e-flex e-con e-child\" data-id=\"a1b4a6c\" data-element_type=\"container\">\n\t\t\t\t<div class=\"elementor-element elementor-element-b656bb9 elementor-widget elementor-widget-heading\" data-id=\"b656bb9\" data-element_type=\"widget\" data-widget_type=\"heading.default\">\n\t\t\t\t<div class=\"elementor-widget-container\">\n\t\t\t\t\t<h6 class=\"elementor-heading-title elementor-size-default\"><a href=\"https:\/\/www.univ-sba.dz\/st\/wp-content\/uploads\/2026\/01\/Planning-2em-merged.pdf\">2\u00e9me Ann\u00e9e <\/a><\/h6>\t\t\t\t<\/div>\n\t\t\t\t<\/div>\n\t\t\t\t<div class=\"elementor-element elementor-element-50dce3e elementor-widget elementor-widget-heading\" data-id=\"50dce3e\" data-element_type=\"widget\" data-widget_type=\"heading.default\">\n\t\t\t\t<div class=\"elementor-widget-container\">\n\t\t\t\t\t<h6 class=\"elementor-heading-title elementor-size-default\"><a href=\"https:\/\/www.univ-sba.dz\/st\/wp-content\/uploads\/2026\/01\/LIst-2em-finaL-EBST2.pdf\">Listes 2\u00e9me Ann\u00e9e <\/a><\/h6>\t\t\t\t<\/div>\n\t\t\t\t<\/div>\n\t\t\t\t<div class=\"elementor-element elementor-element-4ff282d elementor-widget elementor-widget-heading\" data-id=\"4ff282d\" data-element_type=\"widget\" data-widget_type=\"heading.default\">\n\t\t\t\t<div class=\"elementor-widget-container\">\n\t\t\t\t\t<h6 class=\"elementor-heading-title elementor-size-default\"><a href=\"https:\/\/www.univ-sba.dz\/st\/wp-content\/uploads\/2025\/12\/planning-1er-dette-list.pdf\"> 1er Ann\u00e9e- dette -list<\/a><\/h6>\t\t\t\t<\/div>\n\t\t\t\t<\/div>\n\t\t\t\t<div class=\"elementor-element elementor-element-baee497 elementor-widget elementor-widget-heading\" data-id=\"baee497\" data-element_type=\"widget\" data-widget_type=\"heading.default\">\n\t\t\t\t<div class=\"elementor-widget-container\">\n\t\t\t\t\t<h6 class=\"elementor-heading-title elementor-size-default\"><a href=\"https:\/\/www.univ-sba.dz\/st\/wp-content\/uploads\/2025\/12\/planning-2em-Dette-list.pdf\">2\u00e9me Ann\u00e9e - dette -list<\/a><\/h6>\t\t\t\t<\/div>\n\t\t\t\t<\/div>\n\t\t\t\t<\/div>\n\t\t\t\t<\/div>\n\t\t\t\t<\/div>\n\t\t\t\t\t<\/div>\n\t\t\t\t<\/div>\n\t\t\t\t<\/div>\n\t\t","protected":false},"excerpt":{"rendered":"<p>Programme d\u2019examen La charte des examens du premier semestre de l&rsquo;ann\u00e9e universitaire 2025\/2026 D\u00e9partement des Enseignements de Base en Sciences &amp; Technologies(examens de remplacement-dette) 1\u00e8re Ann\u00e9e -dette 1\u00e8re Ann\u00e9e &#8211; remplacement 2\u00e9me Ann\u00e9e -dette 2\u00e9me Ann\u00e9e -remplacement 1\u00e8re Ann\u00e9e -Listes 2\u00e9me Ann\u00e9e -Listes D\u00e9partement d&rsquo;Hydraulique(emploi du temps des examens de rattrapage du master 2 hydraulique [&hellip;]<\/p>\n","protected":false},"author":3,"featured_media":0,"parent":0,"menu_order":0,"comment_status":"closed","ping_status":"closed","template":"","meta":{"_uag_custom_page_level_css":"","postBodyCss":"","postBodyMargin":[],"postBodyPadding":[],"postBodyBackground":{"backgroundType":"classic","gradient":""},"site-sidebar-layout":"no-sidebar","site-content-layout":"page-builder","ast-site-content-layout":"full-width-container","site-content-style":"unboxed","site-sidebar-style":"unboxed","ast-global-header-display":"","ast-banner-title-visibility":"","ast-main-header-display":"","ast-hfb-above-header-display":"","ast-hfb-below-header-display":"","ast-hfb-mobile-header-display":"","site-post-title":"disabled","ast-breadcrumbs-content":"disabled","ast-featured-img":"disabled","footer-sml-layout":"","theme-transparent-header-meta":"enabled","adv-header-id-meta":"","stick-header-meta":"","header-above-stick-meta":"","header-main-stick-meta":"","header-below-stick-meta":"","astra-migrate-meta-layouts":"set","ast-page-background-enabled":"default","ast-page-background-meta":{"desktop":{"background-color":"var(--ast-global-color-4)","background-image":"","background-repeat":"repeat","background-position":"center center","background-size":"auto","background-attachment":"scroll","background-type":"","background-media":"","overlay-type":"","overlay-color":"","overlay-opacity":"","overlay-gradient":""},"tablet":{"background-color":"","background-image":"","background-repeat":"repeat","background-position":"center center","background-size":"auto","background-attachment":"scroll","background-type":"","background-media":"","overlay-type":"","overlay-color":"","overlay-opacity":"","overlay-gradient":""},"mobile":{"background-color":"","background-image":"","background-repeat":"repeat","background-position":"center center","background-size":"auto","background-attachment":"scroll","background-type":"","background-media":"","overlay-type":"","overlay-color":"","overlay-opacity":"","overlay-gradient":""}},"ast-content-background-meta":{"desktop":{"background-color":"var(--ast-global-color-5)","background-image":"","background-repeat":"repeat","background-position":"center center","background-size":"auto","background-attachment":"scroll","background-type":"","background-media":"","overlay-type":"","overlay-color":"","overlay-opacity":"","overlay-gradient":""},"tablet":{"background-color":"var(--ast-global-color-5)","background-image":"","background-repeat":"repeat","background-position":"center center","background-size":"auto","background-attachment":"scroll","background-type":"","background-media":"","overlay-type":"","overlay-color":"","overlay-opacity":"","overlay-gradient":""},"mobile":{"background-color":"var(--ast-global-color-5)","background-image":"","background-repeat":"repeat","background-position":"center center","background-size":"auto","background-attachment":"scroll","background-type":"","background-media":"","overlay-type":"","overlay-color":"","overlay-opacity":"","overlay-gradient":""}},"footnotes":""},"class_list":["post-2313","page","type-page","status-publish","hentry"],"uagb_featured_image_src":{"full":false,"thumbnail":false,"medium":false,"medium_large":false,"large":false,"1536x1536":false,"2048x2048":false},"uagb_author_info":{"display_name":"admfst","author_link":"https:\/\/www.univ-sba.dz\/st\/author\/admfst\/"},"uagb_comment_info":0,"uagb_excerpt":"Programme d\u2019examen La charte des examens du premier semestre de l&rsquo;ann\u00e9e universitaire 2025\/2026 D\u00e9partement des Enseignements de Base en Sciences &amp; Technologies(examens de remplacement-dette) 1\u00e8re Ann\u00e9e -dette 1\u00e8re Ann\u00e9e &#8211; remplacement 2\u00e9me Ann\u00e9e -dette 2\u00e9me Ann\u00e9e -remplacement 1\u00e8re Ann\u00e9e -Listes 2\u00e9me Ann\u00e9e -Listes D\u00e9partement d&rsquo;Hydraulique(emploi du temps des examens de rattrapage du master 2 hydraulique\u2026","rttpg_featured_image_url":null,"rttpg_author":{"display_name":"admfst","author_link":"https:\/\/www.univ-sba.dz\/st\/author\/admfst\/"},"rttpg_comment":0,"rttpg_category":" <a href=\"https:\/\/www.univ-sba.dz\/st\/\" rel=\"tag\">Fran\u00e7ais<\/a>","rttpg_excerpt":"Programme d\u2019examen La charte des examens du premier semestre de l&rsquo;ann\u00e9e universitaire 2025\/2026 D\u00e9partement des Enseignements de Base en Sciences &amp; Technologies(examens de remplacement-dette) 1\u00e8re Ann\u00e9e -dette 1\u00e8re Ann\u00e9e &#8211; remplacement 2\u00e9me Ann\u00e9e -dette 2\u00e9me Ann\u00e9e -remplacement 1\u00e8re Ann\u00e9e -Listes 2\u00e9me Ann\u00e9e -Listes D\u00e9partement d&rsquo;Hydraulique(emploi du temps des examens de rattrapage du master 2 hydraulique\u2026","_links":{"self":[{"href":"https:\/\/www.univ-sba.dz\/st\/wp-json\/wp\/v2\/pages\/2313","targetHints":{"allow":["GET"]}}],"collection":[{"href":"https:\/\/www.univ-sba.dz\/st\/wp-json\/wp\/v2\/pages"}],"about":[{"href":"https:\/\/www.univ-sba.dz\/st\/wp-json\/wp\/v2\/types\/page"}],"author":[{"embeddable":true,"href":"https:\/\/www.univ-sba.dz\/st\/wp-json\/wp\/v2\/users\/3"}],"replies":[{"embeddable":true,"href":"https:\/\/www.univ-sba.dz\/st\/wp-json\/wp\/v2\/comments?post=2313"}],"version-history":[{"count":145,"href":"https:\/\/www.univ-sba.dz\/st\/wp-json\/wp\/v2\/pages\/2313\/revisions"}],"predecessor-version":[{"id":4979,"href":"https:\/\/www.univ-sba.dz\/st\/wp-json\/wp\/v2\/pages\/2313\/revisions\/4979"}],"wp:attachment":[{"href":"https:\/\/www.univ-sba.dz\/st\/wp-json\/wp\/v2\/media?parent=2313"}],"curies":[{"name":"wp","href":"https:\/\/api.w.org\/{rel}","templated":true}]}}