{"id":2379,"date":"2024-12-03T11:24:39","date_gmt":"2024-12-03T10:24:39","guid":{"rendered":"http:\/\/www.univ-sba.dz\/st\/?page_id=2379"},"modified":"2026-02-18T19:50:42","modified_gmt":"2026-02-18T18:50:42","slug":"emploi-du-temps","status":"publish","type":"page","link":"https:\/\/www.univ-sba.dz\/st\/emploi-du-temps\/","title":{"rendered":"Emploi du temps"},"content":{"rendered":"\t\t<div data-elementor-type=\"wp-page\" data-elementor-id=\"2379\" class=\"elementor elementor-2379\">\n\t\t\t\t<div class=\"elementor-element elementor-element-122e55f e-flex e-con-boxed e-con e-parent\" data-id=\"122e55f\" data-element_type=\"container\" data-settings=\"{&quot;background_background&quot;:&quot;classic&quot;}\">\n\t\t\t\t\t<div class=\"e-con-inner\">\n\t\t<div class=\"elementor-element elementor-element-d4f38d4 e-con-full e-flex e-con e-child\" data-id=\"d4f38d4\" data-element_type=\"container\">\n\t\t\t\t<div class=\"elementor-element elementor-element-63d7f54 elementor-widget elementor-widget-heading\" data-id=\"63d7f54\" data-element_type=\"widget\" data-widget_type=\"heading.default\">\n\t\t\t\t<div class=\"elementor-widget-container\">\n\t\t\t\t\t<h1 class=\"elementor-heading-title elementor-size-default\">Emploi du temps<\/h1>\t\t\t\t<\/div>\n\t\t\t\t<\/div>\n\t\t\t\t<\/div>\n\t\t\t\t\t<\/div>\n\t\t\t\t<\/div>\n\t\t<div class=\"elementor-element elementor-element-4f8c5a1 e-flex e-con-boxed e-con e-parent\" data-id=\"4f8c5a1\" data-element_type=\"container\">\n\t\t\t\t\t<div class=\"e-con-inner\">\n\t\t<div class=\"elementor-element elementor-element-ed0a0cb e-con-full e-flex e-con e-child\" data-id=\"ed0a0cb\" data-element_type=\"container\" data-settings=\"{&quot;background_background&quot;:&quot;gradient&quot;}\">\n\t\t\t\t<div class=\"elementor-element elementor-element-bc94837 elementor-widget elementor-widget-heading\" data-id=\"bc94837\" data-element_type=\"widget\" data-widget_type=\"heading.default\">\n\t\t\t\t<div class=\"elementor-widget-container\">\n\t\t\t\t\t<h5 class=\"elementor-heading-title elementor-size-default\">D\u00e9partement des Enseignements de Base en Sciences &amp; Technologies<\/h5>\t\t\t\t<\/div>\n\t\t\t\t<\/div>\n\t\t\t\t<\/div>\n\t\t<div class=\"elementor-element elementor-element-5cb6fbf e-con-full e-flex e-con e-child\" data-id=\"5cb6fbf\" data-element_type=\"container\">\n\t\t<div class=\"elementor-element elementor-element-260f952 e-con-full e-flex e-con e-child\" data-id=\"260f952\" data-element_type=\"container\">\n\t\t\t\t<div class=\"elementor-element elementor-element-70c98d4 elementor-widget elementor-widget-heading\" data-id=\"70c98d4\" data-element_type=\"widget\" data-widget_type=\"heading.default\">\n\t\t\t\t<div class=\"elementor-widget-container\">\n\t\t\t\t\t<h6 class=\"elementor-heading-title elementor-size-default\"><a href=\"https:\/\/www.univ-sba.dz\/st\/wp-content\/uploads\/2026\/02\/1er-annee-finale.pdf\">1\u00e8re Ann\u00e9e <\/a><\/h6>\t\t\t\t<\/div>\n\t\t\t\t<\/div>\n\t\t\t\t<div class=\"elementor-element elementor-element-450a408 elementor-widget elementor-widget-heading\" data-id=\"450a408\" data-element_type=\"widget\" data-widget_type=\"heading.default\">\n\t\t\t\t<div class=\"elementor-widget-container\">\n\t\t\t\t\t<h6 class=\"elementor-heading-title elementor-size-default\"><a href=\"https:\/\/www.univ-sba.dz\/st\/wp-content\/uploads\/2026\/02\/2eme-annee-finale.pdf\">2\u00e9me Ann\u00e9e<\/a><\/h6>\t\t\t\t<\/div>\n\t\t\t\t<\/div>\n\t\t\t\t<\/div>\n\t\t\t\t<\/div>\n\t\t\t\t\t<\/div>\n\t\t\t\t<\/div>\n\t\t<div class=\"elementor-element elementor-element-d899085 e-flex e-con-boxed e-con e-parent\" data-id=\"d899085\" data-element_type=\"container\">\n\t\t\t\t\t<div class=\"e-con-inner\">\n\t\t<div class=\"elementor-element elementor-element-5544733 e-con-full e-flex e-con e-child\" data-id=\"5544733\" data-element_type=\"container\" data-settings=\"{&quot;background_background&quot;:&quot;classic&quot;}\">\n\t\t\t\t<div class=\"elementor-element elementor-element-c05d169 elementor-widget elementor-widget-heading\" data-id=\"c05d169\" data-element_type=\"widget\" data-widget_type=\"heading.default\">\n\t\t\t\t<div class=\"elementor-widget-container\">\n\t\t\t\t\t<h5 class=\"elementor-heading-title elementor-size-default\">D\u00e9partement des Energies et G\u00e9nie des Proc\u00e9d\u00e9s<\/h5>\t\t\t\t<\/div>\n\t\t\t\t<\/div>\n\t\t\t\t<\/div>\n\t\t<div class=\"elementor-element elementor-element-3ad0655 e-con-full e-flex e-con e-child\" data-id=\"3ad0655\" data-element_type=\"container\">\n\t\t<div class=\"elementor-element elementor-element-d815c04 e-con-full e-flex e-con e-child\" data-id=\"d815c04\" data-element_type=\"container\">\n\t\t\t\t<div class=\"elementor-element elementor-element-4c67fb5 elementor-widget elementor-widget-heading\" data-id=\"4c67fb5\" data-element_type=\"widget\" data-widget_type=\"heading.default\">\n\t\t\t\t<div class=\"elementor-widget-container\">\n\t\t\t\t\t<h6 class=\"elementor-heading-title elementor-size-default\"><a href=\"https:\/\/www.univ-sba.dz\/st\/wp-content\/uploads\/2026\/01\/L3M1-EMPLOI-DU-TEMPS-S2.-2025-2026.pdf\">Licence-Master1<\/a><\/h6>\t\t\t\t<\/div>\n\t\t\t\t<\/div>\n\t\t\t\t<\/div>\n\t\t<div class=\"elementor-element elementor-element-1f54e31 e-con-full e-flex e-con e-child\" data-id=\"1f54e31\" data-element_type=\"container\">\n\t\t\t\t<div class=\"elementor-element elementor-element-d0f74cb elementor-widget elementor-widget-heading\" data-id=\"d0f74cb\" data-element_type=\"widget\" data-widget_type=\"heading.default\">\n\t\t\t\t<div class=\"elementor-widget-container\">\n\t\t\t\t\t<h6 class=\"elementor-heading-title elementor-size-default\"><a href=\"https:\/\/www.univ-sba.dz\/st\/wp-content\/uploads\/2026\/01\/ING1.-Emploi-du-temps.S2.-2025-2026.pdf\">1\u00e9re Ann\u00e9e Ing\u00e9niorat d'\u00e9tat<\/a><\/h6>\t\t\t\t<\/div>\n\t\t\t\t<\/div>\n\t\t\t\t<div class=\"elementor-element elementor-element-f6156b8 elementor-widget elementor-widget-heading\" data-id=\"f6156b8\" data-element_type=\"widget\" data-widget_type=\"heading.default\">\n\t\t\t\t<div class=\"elementor-widget-container\">\n\t\t\t\t\t<h6 class=\"elementor-heading-title elementor-size-default\"><a href=\"https:\/\/www.univ-sba.dz\/st\/wp-content\/uploads\/2026\/01\/ING2.-Emploi-du-temps.-S4.-2025-2026.pdf\"> 2\u00e9me Ann\u00e9e Ing\u00e9niorat d'\u00e9tat<\/a><\/h6>\t\t\t\t<\/div>\n\t\t\t\t<\/div>\n\t\t\t\t<div class=\"elementor-element elementor-element-ffb726e elementor-widget elementor-widget-heading\" data-id=\"ffb726e\" data-element_type=\"widget\" data-widget_type=\"heading.default\">\n\t\t\t\t<div class=\"elementor-widget-container\">\n\t\t\t\t\t<h6 class=\"elementor-heading-title elementor-size-default\"><a href=\"https:\/\/www.univ-sba.dz\/st\/wp-content\/uploads\/2026\/01\/ING3.-Emploi-du-temps.-S6.-2025-2026.pdf\"> 3\u00e9me Ann\u00e9e Ing\u00e9niorat d'\u00e9tat<\/a><\/h6>\t\t\t\t<\/div>\n\t\t\t\t<\/div>\n\t\t\t\t<div class=\"elementor-element elementor-element-4e26e13 elementor-widget elementor-widget-heading\" data-id=\"4e26e13\" data-element_type=\"widget\" data-widget_type=\"heading.default\">\n\t\t\t\t<div class=\"elementor-widget-container\">\n\t\t\t\t\t<h6 class=\"elementor-heading-title elementor-size-default\"><a href=\"https:\/\/www.univ-sba.dz\/st\/wp-content\/uploads\/2026\/01\/ING4.-Emploi-du-temps.-S8.-2025-2026.pdf\"> 4\u00e9me Ann\u00e9e Ing\u00e9niorat d'\u00e9tat<\/a><\/h6>\t\t\t\t<\/div>\n\t\t\t\t<\/div>\n\t\t\t\t<\/div>\n\t\t\t\t<\/div>\n\t\t\t\t\t<\/div>\n\t\t\t\t<\/div>\n\t\t<div class=\"elementor-element elementor-element-f95f082 e-flex e-con-boxed e-con e-parent\" data-id=\"f95f082\" data-element_type=\"container\">\n\t\t\t\t\t<div class=\"e-con-inner\">\n\t\t<div class=\"elementor-element elementor-element-f6e7e93 e-con-full e-flex e-con e-child\" data-id=\"f6e7e93\" data-element_type=\"container\" data-settings=\"{&quot;background_background&quot;:&quot;classic&quot;}\">\n\t\t\t\t<div class=\"elementor-element elementor-element-8d31bf0 elementor-widget elementor-widget-heading\" data-id=\"8d31bf0\" data-element_type=\"widget\" data-widget_type=\"heading.default\">\n\t\t\t\t<div class=\"elementor-widget-container\">\n\t\t\t\t\t<h5 class=\"elementor-heading-title elementor-size-default\">D\u00e9partement de G\u00e9nie  civil et Travaux Public<\/h5>\t\t\t\t<\/div>\n\t\t\t\t<\/div>\n\t\t\t\t<\/div>\n\t\t<div class=\"elementor-element elementor-element-d9723b4 e-con-full e-flex e-con e-child\" data-id=\"d9723b4\" data-element_type=\"container\">\n\t\t<div class=\"elementor-element elementor-element-9079b58 e-con-full e-flex e-con e-child\" data-id=\"9079b58\" data-element_type=\"container\">\n\t\t\t\t<div class=\"elementor-element elementor-element-0d250c8 elementor-widget elementor-widget-heading\" data-id=\"0d250c8\" data-element_type=\"widget\" data-widget_type=\"heading.default\">\n\t\t\t\t<div class=\"elementor-widget-container\">\n\t\t\t\t\t<h6 class=\"elementor-heading-title elementor-size-default\"><a href=\"https:\/\/www.univ-sba.dz\/st\/wp-content\/uploads\/2026\/01\/Emploi-du-Temps_S2_2024_2025_L3_TP.pdf\">Licence -TP<\/a><\/h6>\t\t\t\t<\/div>\n\t\t\t\t<\/div>\n\t\t\t\t<div class=\"elementor-element elementor-element-b8c49f5 elementor-widget elementor-widget-heading\" data-id=\"b8c49f5\" data-element_type=\"widget\" data-widget_type=\"heading.default\">\n\t\t\t\t<div class=\"elementor-widget-container\">\n\t\t\t\t\t<h6 class=\"elementor-heading-title elementor-size-default\"><a href=\"https:\/\/www.univ-sba.dz\/st\/wp-content\/uploads\/2026\/01\/Emploi-du-Temps_S2_2025_2026_L3_GC.pdf\">Licence -GC<\/a><\/h6>\t\t\t\t<\/div>\n\t\t\t\t<\/div>\n\t\t\t\t<\/div>\n\t\t<div class=\"elementor-element elementor-element-bdae804 e-con-full e-flex e-con e-child\" data-id=\"bdae804\" data-element_type=\"container\">\n\t\t\t\t<div class=\"elementor-element elementor-element-06293d6 elementor-widget elementor-widget-heading\" data-id=\"06293d6\" data-element_type=\"widget\" data-widget_type=\"heading.default\">\n\t\t\t\t<div class=\"elementor-widget-container\">\n\t\t\t\t\t<h6 class=\"elementor-heading-title elementor-size-default\"><a href=\"https:\/\/www.univ-sba.dz\/st\/wp-content\/uploads\/2026\/01\/Emploi-du-Temps_S2_2025_2026_Master_1.pdf\">Master 1<\/a><\/h6>\t\t\t\t<\/div>\n\t\t\t\t<\/div>\n\t\t\t\t<div class=\"elementor-element elementor-element-8007576 elementor-widget elementor-widget-heading\" data-id=\"8007576\" data-element_type=\"widget\" data-widget_type=\"heading.default\">\n\t\t\t\t<div class=\"elementor-widget-container\">\n\t\t\t\t\t<h6 class=\"elementor-heading-title elementor-size-default\"><a href=\"https:\/\/www.univ-sba.dz\/st\/wp-content\/uploads\/2026\/01\/Emploi-du-Temps_S2_2025_2026_Architecture.pdf\">Architecture<\/a><\/h6>\t\t\t\t<\/div>\n\t\t\t\t<\/div>\n\t\t\t\t<div class=\"elementor-element elementor-element-a2e51ee elementor-widget elementor-widget-heading\" data-id=\"a2e51ee\" data-element_type=\"widget\" data-widget_type=\"heading.default\">\n\t\t\t\t<div class=\"elementor-widget-container\">\n\t\t\t\t\t<h6 class=\"elementor-heading-title elementor-size-default\"><a href=\"https:\/\/www.univ-sba.dz\/st\/wp-content\/uploads\/2026\/01\/Emploi-du-Temps_S2_2025_2026_Ingeniorat_1_GC.pdf\">1\u00e9re Ann\u00e9e Ing\u00e9niorat d'\u00e9tat<\/a><\/h6>\t\t\t\t<\/div>\n\t\t\t\t<\/div>\n\t\t\t\t<div class=\"elementor-element elementor-element-ce5d6d6 elementor-widget elementor-widget-heading\" data-id=\"ce5d6d6\" data-element_type=\"widget\" data-widget_type=\"heading.default\">\n\t\t\t\t<div class=\"elementor-widget-container\">\n\t\t\t\t\t<h6 class=\"elementor-heading-title elementor-size-default\"><a href=\"https:\/\/www.univ-sba.dz\/st\/wp-content\/uploads\/2026\/01\/Emploi-du-Temps_S2_2025_2026_Ingeniorat_2_GC.pdf\"> 2\u00e9me Ann\u00e9e Ing\u00e9niorat d'\u00e9tat<\/a><\/h6>\t\t\t\t<\/div>\n\t\t\t\t<\/div>\n\t\t\t\t<div class=\"elementor-element elementor-element-c3098fb elementor-widget elementor-widget-heading\" data-id=\"c3098fb\" data-element_type=\"widget\" data-widget_type=\"heading.default\">\n\t\t\t\t<div class=\"elementor-widget-container\">\n\t\t\t\t\t<h6 class=\"elementor-heading-title elementor-size-default\"><a href=\"https:\/\/www.univ-sba.dz\/st\/wp-content\/uploads\/2026\/01\/Emploi-du-Temps_S2_2025_2026_Ingeniorat-3-SGC.pdf\">3\u00e9me Ann\u00e9e Ing\u00e9niorat d'\u00e9tat-SGC<\/a><\/h6>\t\t\t\t<\/div>\n\t\t\t\t<\/div>\n\t\t\t\t<div class=\"elementor-element elementor-element-a1a38e4 elementor-widget elementor-widget-heading\" data-id=\"a1a38e4\" data-element_type=\"widget\" data-widget_type=\"heading.default\">\n\t\t\t\t<div class=\"elementor-widget-container\">\n\t\t\t\t\t<h6 class=\"elementor-heading-title elementor-size-default\"><a href=\"https:\/\/www.univ-sba.dz\/st\/wp-content\/uploads\/2026\/01\/Emploi-du-Temps_S2_2025_2026_Ingeniorat-3-CCI.pdf\">3\u00e9me Ann\u00e9e Ing\u00e9niorat d'\u00e9tat -CCI<\/a><\/h6>\t\t\t\t<\/div>\n\t\t\t\t<\/div>\n\t\t\t\t<div class=\"elementor-element elementor-element-763bc3a elementor-widget elementor-widget-heading\" data-id=\"763bc3a\" data-element_type=\"widget\" data-widget_type=\"heading.default\">\n\t\t\t\t<div class=\"elementor-widget-container\">\n\t\t\t\t\t<h6 class=\"elementor-heading-title elementor-size-default\"><a href=\"https:\/\/www.univ-sba.dz\/st\/wp-content\/uploads\/2026\/01\/Emploi-du-Temps_S2_2025_2026_Ingeniorat-4-CCI.pdf\">4\u00e9me Ann\u00e9e Ing\u00e9niorat d'\u00e9tat<\/a><\/h6>\t\t\t\t<\/div>\n\t\t\t\t<\/div>\n\t\t\t\t<\/div>\n\t\t\t\t<\/div>\n\t\t\t\t\t<\/div>\n\t\t\t\t<\/div>\n\t\t<div class=\"elementor-element elementor-element-fc7c914 e-flex e-con-boxed e-con e-parent\" data-id=\"fc7c914\" data-element_type=\"container\">\n\t\t\t\t\t<div class=\"e-con-inner\">\n\t\t<div class=\"elementor-element elementor-element-8ccd2c2 e-con-full e-flex e-con e-child\" data-id=\"8ccd2c2\" data-element_type=\"container\" data-settings=\"{&quot;background_background&quot;:&quot;classic&quot;}\">\n\t\t\t\t<div class=\"elementor-element elementor-element-319a5cc elementor-widget elementor-widget-heading\" data-id=\"319a5cc\" data-element_type=\"widget\" data-widget_type=\"heading.default\">\n\t\t\t\t<div class=\"elementor-widget-container\">\n\t\t\t\t\t<h5 class=\"elementor-heading-title elementor-size-default\">D\u00e9partement d'Hydraulique<\/h5>\t\t\t\t<\/div>\n\t\t\t\t<\/div>\n\t\t\t\t<div class=\"elementor-element elementor-element-de56065 elementor-widget elementor-widget-heading\" data-id=\"de56065\" data-element_type=\"widget\" data-widget_type=\"heading.default\">\n\t\t\t\t<div class=\"elementor-widget-container\">\n\t\t\t\t\t<h5 class=\"elementor-heading-title elementor-size-default\">\nIl est port\u00e9 \u00e0 la connaissance des \u00e9tudiants que les cours du deuxi\u00e8me semestre d\u00e9buteront \u00e0 compter du 18 janvier 2026<\/h5>\t\t\t\t<\/div>\n\t\t\t\t<\/div>\n\t\t\t\t<\/div>\n\t\t<div class=\"elementor-element elementor-element-da61213 e-con-full e-flex e-con e-child\" data-id=\"da61213\" data-element_type=\"container\">\n\t\t<div class=\"elementor-element elementor-element-530968b e-con-full e-flex e-con e-child\" data-id=\"530968b\" data-element_type=\"container\">\n\t\t\t\t<div class=\"elementor-element elementor-element-2d5ea84 elementor-widget elementor-widget-heading\" data-id=\"2d5ea84\" data-element_type=\"widget\" data-widget_type=\"heading.default\">\n\t\t\t\t<div class=\"elementor-widget-container\">\n\t\t\t\t\t<h6 class=\"elementor-heading-title elementor-size-default\"><a href=\"https:\/\/www.univ-sba.dz\/st\/wp-content\/uploads\/2026\/01\/Emplois-du-temps_S2_Dep_Hyd_affichage_actualise.png\">Licence<\/a><\/h6>\t\t\t\t<\/div>\n\t\t\t\t<\/div>\n\t\t\t\t<\/div>\n\t\t<div class=\"elementor-element elementor-element-15fb644 e-con-full e-flex e-con e-child\" data-id=\"15fb644\" data-element_type=\"container\">\n\t\t\t\t<div class=\"elementor-element elementor-element-e3ee93e elementor-widget elementor-widget-heading\" data-id=\"e3ee93e\" data-element_type=\"widget\" data-widget_type=\"heading.default\">\n\t\t\t\t<div class=\"elementor-widget-container\">\n\t\t\t\t\t<h6 class=\"elementor-heading-title elementor-size-default\"><a href=\"https:\/\/www.univ-sba.dz\/st\/wp-content\/uploads\/2026\/01\/Emplois-du-temps_S2_Dep_Hyd_2026.png\">Master 1<\/a><\/h6>\t\t\t\t<\/div>\n\t\t\t\t<\/div>\n\t\t\t\t<\/div>\n\t\t\t\t<\/div>\n\t\t\t\t\t<\/div>\n\t\t\t\t<\/div>\n\t\t<div class=\"elementor-element elementor-element-132cf12 e-flex e-con-boxed e-con e-parent\" data-id=\"132cf12\" data-element_type=\"container\">\n\t\t\t\t\t<div class=\"e-con-inner\">\n\t\t<div class=\"elementor-element elementor-element-0709ed0 e-con-full e-flex e-con e-child\" data-id=\"0709ed0\" data-element_type=\"container\" data-settings=\"{&quot;background_background&quot;:&quot;classic&quot;}\">\n\t\t\t\t<div class=\"elementor-element elementor-element-cb78adb elementor-widget elementor-widget-heading\" data-id=\"cb78adb\" data-element_type=\"widget\" data-widget_type=\"heading.default\">\n\t\t\t\t<div class=\"elementor-widget-container\">\n\t\t\t\t\t<h5 class=\"elementor-heading-title elementor-size-default\">D\u00e9partement de G\u00e9nie M\u00e9canique<\/h5>\t\t\t\t<\/div>\n\t\t\t\t<\/div>\n\t\t\t\t<\/div>\n\t\t<div class=\"elementor-element elementor-element-c594f21 e-con-full e-flex e-con e-child\" data-id=\"c594f21\" data-element_type=\"container\">\n\t\t<div class=\"elementor-element elementor-element-8f2fd30 e-con-full e-flex e-con e-child\" data-id=\"8f2fd30\" data-element_type=\"container\">\n\t\t\t\t<div class=\"elementor-element elementor-element-2da33ac elementor-widget elementor-widget-heading\" data-id=\"2da33ac\" data-element_type=\"widget\" data-widget_type=\"heading.default\">\n\t\t\t\t<div class=\"elementor-widget-container\">\n\t\t\t\t\t<h6 class=\"elementor-heading-title elementor-size-default\"><a href=\"https:\/\/www.univ-sba.dz\/st\/wp-content\/uploads\/2026\/01\/Emplois-du-temps-globaux-GMe-LMDIngenieurS2.pdf\">Licence - Master - Ing\u00e9niorat<\/a><\/h6>\t\t\t\t<\/div>\n\t\t\t\t<\/div>\n\t\t\t\t<\/div>\n\t\t\t\t<\/div>\n\t\t\t\t\t<\/div>\n\t\t\t\t<\/div>\n\t\t\t\t<\/div>\n\t\t","protected":false},"excerpt":{"rendered":"<p>Emploi du temps D\u00e9partement des Enseignements de Base en Sciences &amp; Technologies 1\u00e8re Ann\u00e9e 2\u00e9me Ann\u00e9e D\u00e9partement des Energies et G\u00e9nie des Proc\u00e9d\u00e9s Licence-Master1 1\u00e9re Ann\u00e9e Ing\u00e9niorat d&rsquo;\u00e9tat 2\u00e9me Ann\u00e9e Ing\u00e9niorat d&rsquo;\u00e9tat 3\u00e9me Ann\u00e9e Ing\u00e9niorat d&rsquo;\u00e9tat 4\u00e9me Ann\u00e9e Ing\u00e9niorat d&rsquo;\u00e9tat D\u00e9partement de G\u00e9nie civil et Travaux Public Licence -TP Licence -GC Master 1 Architecture 1\u00e9re [&hellip;]<\/p>\n","protected":false},"author":3,"featured_media":0,"parent":0,"menu_order":0,"comment_status":"closed","ping_status":"closed","template":"","meta":{"_uag_custom_page_level_css":"","postBodyCss":"","postBodyMargin":[],"postBodyPadding":[],"postBodyBackground":{"backgroundType":"classic","gradient":""},"site-sidebar-layout":"no-sidebar","site-content-layout":"page-builder","ast-site-content-layout":"full-width-container","site-content-style":"unboxed","site-sidebar-style":"unboxed","ast-global-header-display":"","ast-banner-title-visibility":"","ast-main-header-display":"","ast-hfb-above-header-display":"","ast-hfb-below-header-display":"","ast-hfb-mobile-header-display":"","site-post-title":"disabled","ast-breadcrumbs-content":"disabled","ast-featured-img":"disabled","footer-sml-layout":"","theme-transparent-header-meta":"enabled","adv-header-id-meta":"","stick-header-meta":"","header-above-stick-meta":"","header-main-stick-meta":"","header-below-stick-meta":"","astra-migrate-meta-layouts":"set","ast-page-background-enabled":"default","ast-page-background-meta":{"desktop":{"background-color":"var(--ast-global-color-4)","background-image":"","background-repeat":"repeat","background-position":"center center","background-size":"auto","background-attachment":"scroll","background-type":"","background-media":"","overlay-type":"","overlay-color":"","overlay-opacity":"","overlay-gradient":""},"tablet":{"background-color":"","background-image":"","background-repeat":"repeat","background-position":"center center","background-size":"auto","background-attachment":"scroll","background-type":"","background-media":"","overlay-type":"","overlay-color":"","overlay-opacity":"","overlay-gradient":""},"mobile":{"background-color":"","background-image":"","background-repeat":"repeat","background-position":"center center","background-size":"auto","background-attachment":"scroll","background-type":"","background-media":"","overlay-type":"","overlay-color":"","overlay-opacity":"","overlay-gradient":""}},"ast-content-background-meta":{"desktop":{"background-color":"var(--ast-global-color-5)","background-image":"","background-repeat":"repeat","background-position":"center center","background-size":"auto","background-attachment":"scroll","background-type":"","background-media":"","overlay-type":"","overlay-color":"","overlay-opacity":"","overlay-gradient":""},"tablet":{"background-color":"var(--ast-global-color-5)","background-image":"","background-repeat":"repeat","background-position":"center center","background-size":"auto","background-attachment":"scroll","background-type":"","background-media":"","overlay-type":"","overlay-color":"","overlay-opacity":"","overlay-gradient":""},"mobile":{"background-color":"var(--ast-global-color-5)","background-image":"","background-repeat":"repeat","background-position":"center center","background-size":"auto","background-attachment":"scroll","background-type":"","background-media":"","overlay-type":"","overlay-color":"","overlay-opacity":"","overlay-gradient":""}},"footnotes":""},"class_list":["post-2379","page","type-page","status-publish","hentry"],"uagb_featured_image_src":{"full":false,"thumbnail":false,"medium":false,"medium_large":false,"large":false,"1536x1536":false,"2048x2048":false},"uagb_author_info":{"display_name":"admfst","author_link":"https:\/\/www.univ-sba.dz\/st\/author\/admfst\/"},"uagb_comment_info":0,"uagb_excerpt":"Emploi du temps D\u00e9partement des Enseignements de Base en Sciences &amp; Technologies 1\u00e8re Ann\u00e9e 2\u00e9me Ann\u00e9e D\u00e9partement des Energies et G\u00e9nie des Proc\u00e9d\u00e9s Licence-Master1 1\u00e9re Ann\u00e9e Ing\u00e9niorat d&rsquo;\u00e9tat 2\u00e9me Ann\u00e9e Ing\u00e9niorat d&rsquo;\u00e9tat 3\u00e9me Ann\u00e9e Ing\u00e9niorat d&rsquo;\u00e9tat 4\u00e9me Ann\u00e9e Ing\u00e9niorat d&rsquo;\u00e9tat D\u00e9partement de G\u00e9nie civil et Travaux Public Licence -TP Licence -GC Master 1 Architecture 1\u00e9re\u2026","rttpg_featured_image_url":null,"rttpg_author":{"display_name":"admfst","author_link":"https:\/\/www.univ-sba.dz\/st\/author\/admfst\/"},"rttpg_comment":0,"rttpg_category":" <a href=\"https:\/\/www.univ-sba.dz\/st\/\" rel=\"tag\">Fran\u00e7ais<\/a>","rttpg_excerpt":"Emploi du temps D\u00e9partement des Enseignements de Base en Sciences &amp; Technologies 1\u00e8re Ann\u00e9e 2\u00e9me Ann\u00e9e D\u00e9partement des Energies et G\u00e9nie des Proc\u00e9d\u00e9s Licence-Master1 1\u00e9re Ann\u00e9e Ing\u00e9niorat d&rsquo;\u00e9tat 2\u00e9me Ann\u00e9e Ing\u00e9niorat d&rsquo;\u00e9tat 3\u00e9me Ann\u00e9e Ing\u00e9niorat d&rsquo;\u00e9tat 4\u00e9me Ann\u00e9e Ing\u00e9niorat d&rsquo;\u00e9tat D\u00e9partement de G\u00e9nie civil et Travaux Public Licence -TP Licence -GC Master 1 Architecture 1\u00e9re\u2026","_links":{"self":[{"href":"https:\/\/www.univ-sba.dz\/st\/wp-json\/wp\/v2\/pages\/2379","targetHints":{"allow":["GET"]}}],"collection":[{"href":"https:\/\/www.univ-sba.dz\/st\/wp-json\/wp\/v2\/pages"}],"about":[{"href":"https:\/\/www.univ-sba.dz\/st\/wp-json\/wp\/v2\/types\/page"}],"author":[{"embeddable":true,"href":"https:\/\/www.univ-sba.dz\/st\/wp-json\/wp\/v2\/users\/3"}],"replies":[{"embeddable":true,"href":"https:\/\/www.univ-sba.dz\/st\/wp-json\/wp\/v2\/comments?post=2379"}],"version-history":[{"count":128,"href":"https:\/\/www.univ-sba.dz\/st\/wp-json\/wp\/v2\/pages\/2379\/revisions"}],"predecessor-version":[{"id":5065,"href":"https:\/\/www.univ-sba.dz\/st\/wp-json\/wp\/v2\/pages\/2379\/revisions\/5065"}],"wp:attachment":[{"href":"https:\/\/www.univ-sba.dz\/st\/wp-json\/wp\/v2\/media?parent=2379"}],"curies":[{"name":"wp","href":"https:\/\/api.w.org\/{rel}","templated":true}]}}