{"id":2706,"date":"2024-12-09T09:51:48","date_gmt":"2024-12-09T08:51:48","guid":{"rendered":"http:\/\/www.univ-sba.dz\/st\/?page_id=2706"},"modified":"2025-06-16T00:11:05","modified_gmt":"2025-06-15T22:11:05","slug":"a-propos-de-la-faculte","status":"publish","type":"page","link":"https:\/\/www.univ-sba.dz\/st\/a-propos-de-la-faculte\/","title":{"rendered":"A propos De la Facult\u00e9"},"content":{"rendered":"\t\t<div data-elementor-type=\"wp-page\" data-elementor-id=\"2706\" class=\"elementor elementor-2706\">\n\t\t\t\t<div class=\"elementor-element elementor-element-19b8c8c e-flex e-con-boxed e-con e-parent\" data-id=\"19b8c8c\" data-element_type=\"container\" data-settings=\"{&quot;background_background&quot;:&quot;classic&quot;}\">\n\t\t\t\t\t<div class=\"e-con-inner\">\n\t\t<div class=\"elementor-element elementor-element-372848a e-con-full e-flex e-con e-child\" data-id=\"372848a\" data-element_type=\"container\">\n\t\t\t\t<div class=\"elementor-element elementor-element-0ccf104 elementor-widget elementor-widget-heading\" data-id=\"0ccf104\" data-element_type=\"widget\" data-widget_type=\"heading.default\">\n\t\t\t\t<div class=\"elementor-widget-container\">\n\t\t\t\t\t<h1 class=\"elementor-heading-title elementor-size-default\">A propos de la facult\u00e9<\/h1>\t\t\t\t<\/div>\n\t\t\t\t<\/div>\n\t\t\t\t<\/div>\n\t\t\t\t\t<\/div>\n\t\t\t\t<\/div>\n\t\t<div class=\"elementor-element elementor-element-3e4c532 e-grid e-con-boxed e-con e-parent\" data-id=\"3e4c532\" data-element_type=\"container\">\n\t\t\t\t\t<div class=\"e-con-inner\">\n\t\t\t\t\t<\/div>\n\t\t\t\t<\/div>\n\t\t<div class=\"elementor-element elementor-element-331fa82 e-flex e-con-boxed e-con e-parent\" data-id=\"331fa82\" data-element_type=\"container\">\n\t\t\t\t\t<div class=\"e-con-inner\">\n\t\t<div class=\"elementor-element elementor-element-787a1b9 e-con-full e-flex e-con e-child\" data-id=\"787a1b9\" data-element_type=\"container\">\n\t\t\t\t<\/div>\n\t\t<div class=\"elementor-element elementor-element-21c0373 e-con-full e-flex e-con e-child\" data-id=\"21c0373\" data-element_type=\"container\">\n\t\t\t\t<\/div>\n\t\t<div class=\"elementor-element elementor-element-d91723a e-con-full e-flex e-con e-child\" data-id=\"d91723a\" data-element_type=\"container\">\n\t\t\t\t<\/div>\n\t\t<div class=\"elementor-element elementor-element-5a499c4 e-con-full e-flex e-con e-child\" data-id=\"5a499c4\" data-element_type=\"container\">\n\t\t\t\t<\/div>\n\t\t<div class=\"elementor-element elementor-element-72aa367 e-con-full e-flex e-con e-child\" data-id=\"72aa367\" data-element_type=\"container\">\n\t\t\t\t<\/div>\n\t\t<div class=\"elementor-element elementor-element-3aa25fb e-con-full e-flex e-con e-child\" data-id=\"3aa25fb\" data-element_type=\"container\">\n\t\t\t\t<\/div>\n\t\t\t\t\t<\/div>\n\t\t\t\t<\/div>\n\t\t<div class=\"elementor-element elementor-element-802c889 e-flex e-con-boxed e-con e-parent\" data-id=\"802c889\" data-element_type=\"container\">\n\t\t\t\t\t<div class=\"e-con-inner\">\n\t\t\t\t<div class=\"elementor-element elementor-element-cfca3a8 elementor-widget elementor-widget-text-editor\" data-id=\"cfca3a8\" data-element_type=\"widget\" data-widget_type=\"text-editor.default\">\n\t\t\t\t<div class=\"elementor-widget-container\">\n\t\t\t\t\t\t\t\t\t<h6><strong>Pr\u00e9sentation de la facult\u00e9\u00a0:<\/strong><\/h6><h6><strong>La Facult\u00e9 de technologie de Sidi Bel Abb\u00e8s est un \u00e9tablissement universitaire dont les principales missions sont :<\/strong><\/h6><h6><strong>\u00a0 \u00a0 \u00a0 &#8211; La formation universitaire dans les domaines scientifiques et techniques.<\/strong><\/h6><h6><strong>\u00a0 \u00a0 \u00a0 &#8211; La recherche appliqu\u00e9e et les \u00e9tudes relatives \u00e0 des th\u00e8mes prioritaires pour le d\u00e9veloppement de l\u2019\u00e9conomie r\u00e9gionale et nationale.<\/strong><\/h6><h6><strong>Afin de r\u00e9ussir sa mission de formation, la facult\u00e9 de technologie offre \u00e0 ses \u00e9tudiants un enseignement moderne semestriel et modulaire, alliant les aspects scientifiques et techniques fondamentaux avec de nouvelles orientations technologiques adapt\u00e9es au monde du travail. Elle dispose d\u2019un corps enseignant qualifi\u00e9 et d\u2019un parc de mat\u00e9riel scientifique d\u2019enseignement et de recherche moderne.<\/strong><\/h6><h6><strong>DOMAINE<\/strong><strong>\u00a0 Sciences et Technologies\u00a0<\/strong><\/h6><h6><strong>ST \/ Fili\u00e8res\u00a0 assur\u00e9es<\/strong><\/h6><h6><strong>-A\u00e9ronautique<\/strong><\/h6><h6><strong>-G\u00e9nie Civil.<\/strong><\/h6><h6><strong>-G\u00e9nie M\u00e9canique.<\/strong><\/h6><h6><strong>-G\u00e9nie des Proc\u00e9d\u00e9s.<\/strong><\/h6><h6><strong>-Hydraulique.<\/strong><\/h6><h6><strong>-Travaux Publics.<\/strong><\/h6><h6><strong>Apr\u00e8s\u00a0 un socle commun, l\u2019\u00e9tudiant peut suivre l\u2019une des sp\u00e9cialit\u00e9s de licence ci-dessous\u00a0:<\/strong><\/h6><h6><strong>-G\u00e9nie Civil.<\/strong><\/h6><h6><strong>-Travaux Publics.<\/strong><\/h6><h6><strong>-Hydraulique.<\/strong><\/h6><h6><strong>-Energ\u00e9tique<\/strong><\/h6><h6><strong>-Construction M\u00e9canique.<\/strong><\/h6><h6><strong>-G\u00e9nie des Mat\u00e9riaux<\/strong><\/h6><h6><strong>-G\u00e9nie des Proc\u00e9d\u00e9s<\/strong><\/h6>\t\t\t\t\t\t\t\t<\/div>\n\t\t\t\t<\/div>\n\t\t\t\t\t<\/div>\n\t\t\t\t<\/div>\n\t\t\t\t<\/div>\n\t\t","protected":false},"excerpt":{"rendered":"<p>A propos de la facult\u00e9 Pr\u00e9sentation de la facult\u00e9\u00a0: La Facult\u00e9 de technologie de Sidi Bel Abb\u00e8s est un \u00e9tablissement universitaire dont les principales missions sont : \u00a0 \u00a0 \u00a0 &#8211; La formation universitaire dans les domaines scientifiques et techniques. \u00a0 \u00a0 \u00a0 &#8211; La recherche appliqu\u00e9e et les \u00e9tudes relatives \u00e0 des th\u00e8mes prioritaires [&hellip;]<\/p>\n","protected":false},"author":3,"featured_media":0,"parent":0,"menu_order":0,"comment_status":"closed","ping_status":"closed","template":"","meta":{"_uag_custom_page_level_css":"","postBodyCss":"","postBodyMargin":[],"postBodyPadding":[],"postBodyBackground":{"backgroundType":"classic","gradient":""},"site-sidebar-layout":"no-sidebar","site-content-layout":"page-builder","ast-site-content-layout":"full-width-container","site-content-style":"unboxed","site-sidebar-style":"unboxed","ast-global-header-display":"","ast-banner-title-visibility":"","ast-main-header-display":"","ast-hfb-above-header-display":"","ast-hfb-below-header-display":"","ast-hfb-mobile-header-display":"","site-post-title":"disabled","ast-breadcrumbs-content":"disabled","ast-featured-img":"disabled","footer-sml-layout":"","theme-transparent-header-meta":"enabled","adv-header-id-meta":"","stick-header-meta":"","header-above-stick-meta":"","header-main-stick-meta":"","header-below-stick-meta":"","astra-migrate-meta-layouts":"set","ast-page-background-enabled":"default","ast-page-background-meta":{"desktop":{"background-color":"var(--ast-global-color-4)","background-image":"","background-repeat":"repeat","background-position":"center center","background-size":"auto","background-attachment":"scroll","background-type":"","background-media":"","overlay-type":"","overlay-color":"","overlay-opacity":"","overlay-gradient":""},"tablet":{"background-color":"","background-image":"","background-repeat":"repeat","background-position":"center center","background-size":"auto","background-attachment":"scroll","background-type":"","background-media":"","overlay-type":"","overlay-color":"","overlay-opacity":"","overlay-gradient":""},"mobile":{"background-color":"","background-image":"","background-repeat":"repeat","background-position":"center center","background-size":"auto","background-attachment":"scroll","background-type":"","background-media":"","overlay-type":"","overlay-color":"","overlay-opacity":"","overlay-gradient":""}},"ast-content-background-meta":{"desktop":{"background-color":"var(--ast-global-color-5)","background-image":"","background-repeat":"repeat","background-position":"center center","background-size":"auto","background-attachment":"scroll","background-type":"","background-media":"","overlay-type":"","overlay-color":"","overlay-opacity":"","overlay-gradient":""},"tablet":{"background-color":"var(--ast-global-color-5)","background-image":"","background-repeat":"repeat","background-position":"center center","background-size":"auto","background-attachment":"scroll","background-type":"","background-media":"","overlay-type":"","overlay-color":"","overlay-opacity":"","overlay-gradient":""},"mobile":{"background-color":"var(--ast-global-color-5)","background-image":"","background-repeat":"repeat","background-position":"center center","background-size":"auto","background-attachment":"scroll","background-type":"","background-media":"","overlay-type":"","overlay-color":"","overlay-opacity":"","overlay-gradient":""}},"footnotes":""},"class_list":["post-2706","page","type-page","status-publish","hentry"],"uagb_featured_image_src":{"full":false,"thumbnail":false,"medium":false,"medium_large":false,"large":false,"1536x1536":false,"2048x2048":false},"uagb_author_info":{"display_name":"admfst","author_link":"https:\/\/www.univ-sba.dz\/st\/author\/admfst\/"},"uagb_comment_info":0,"uagb_excerpt":"A propos de la facult\u00e9 Pr\u00e9sentation de la facult\u00e9\u00a0: La Facult\u00e9 de technologie de Sidi Bel Abb\u00e8s est un \u00e9tablissement universitaire dont les principales missions sont : \u00a0 \u00a0 \u00a0 &#8211; La formation universitaire dans les domaines scientifiques et techniques. \u00a0 \u00a0 \u00a0 &#8211; La recherche appliqu\u00e9e et les \u00e9tudes relatives \u00e0 des th\u00e8mes prioritaires\u2026","rttpg_featured_image_url":null,"rttpg_author":{"display_name":"admfst","author_link":"https:\/\/www.univ-sba.dz\/st\/author\/admfst\/"},"rttpg_comment":0,"rttpg_category":" <a href=\"https:\/\/www.univ-sba.dz\/st\/\" rel=\"tag\">Fran\u00e7ais<\/a>","rttpg_excerpt":"A propos de la facult\u00e9 Pr\u00e9sentation de la facult\u00e9\u00a0: La Facult\u00e9 de technologie de Sidi Bel Abb\u00e8s est un \u00e9tablissement universitaire dont les principales missions sont : \u00a0 \u00a0 \u00a0 &#8211; La formation universitaire dans les domaines scientifiques et techniques. \u00a0 \u00a0 \u00a0 &#8211; La recherche appliqu\u00e9e et les \u00e9tudes relatives \u00e0 des th\u00e8mes prioritaires\u2026","_links":{"self":[{"href":"https:\/\/www.univ-sba.dz\/st\/wp-json\/wp\/v2\/pages\/2706","targetHints":{"allow":["GET"]}}],"collection":[{"href":"https:\/\/www.univ-sba.dz\/st\/wp-json\/wp\/v2\/pages"}],"about":[{"href":"https:\/\/www.univ-sba.dz\/st\/wp-json\/wp\/v2\/types\/page"}],"author":[{"embeddable":true,"href":"https:\/\/www.univ-sba.dz\/st\/wp-json\/wp\/v2\/users\/3"}],"replies":[{"embeddable":true,"href":"https:\/\/www.univ-sba.dz\/st\/wp-json\/wp\/v2\/comments?post=2706"}],"version-history":[{"count":10,"href":"https:\/\/www.univ-sba.dz\/st\/wp-json\/wp\/v2\/pages\/2706\/revisions"}],"predecessor-version":[{"id":3211,"href":"https:\/\/www.univ-sba.dz\/st\/wp-json\/wp\/v2\/pages\/2706\/revisions\/3211"}],"wp:attachment":[{"href":"https:\/\/www.univ-sba.dz\/st\/wp-json\/wp\/v2\/media?parent=2706"}],"curies":[{"name":"wp","href":"https:\/\/api.w.org\/{rel}","templated":true}]}}