{"id":2769,"date":"2024-12-09T10:46:12","date_gmt":"2024-12-09T09:46:12","guid":{"rendered":"http:\/\/www.univ-sba.dz\/st\/?page_id=2769"},"modified":"2026-02-03T20:11:45","modified_gmt":"2026-02-03T19:11:45","slug":"proces-verbaux-des-deliberations","status":"publish","type":"page","link":"https:\/\/www.univ-sba.dz\/st\/proces-verbaux-des-deliberations\/","title":{"rendered":"Proc\u00e8s-verbaux des d\u00e9lib\u00e9rations"},"content":{"rendered":"\t\t<div data-elementor-type=\"wp-page\" data-elementor-id=\"2769\" class=\"elementor elementor-2769\">\n\t\t\t\t<div class=\"elementor-element elementor-element-122e55f e-flex e-con-boxed e-con e-parent\" data-id=\"122e55f\" data-element_type=\"container\" data-settings=\"{&quot;background_background&quot;:&quot;classic&quot;}\">\n\t\t\t\t\t<div class=\"e-con-inner\">\n\t\t<div class=\"elementor-element elementor-element-d4f38d4 e-con-full e-flex e-con e-child\" data-id=\"d4f38d4\" data-element_type=\"container\">\n\t\t\t\t<div class=\"elementor-element elementor-element-63d7f54 elementor-widget elementor-widget-heading\" data-id=\"63d7f54\" data-element_type=\"widget\" data-widget_type=\"heading.default\">\n\t\t\t\t<div class=\"elementor-widget-container\">\n\t\t\t\t\t<h1 class=\"elementor-heading-title elementor-size-default\">PV des d\u00e9lib\u00e9rations<\/h1>\t\t\t\t<\/div>\n\t\t\t\t<\/div>\n\t\t\t\t<\/div>\n\t\t\t\t\t<\/div>\n\t\t\t\t<\/div>\n\t\t<div class=\"elementor-element elementor-element-ed97b47 e-flex e-con-boxed e-con e-parent\" data-id=\"ed97b47\" data-element_type=\"container\">\n\t\t\t\t\t<div class=\"e-con-inner\">\n\t\t<div class=\"elementor-element elementor-element-ad27075 e-con-full e-flex e-con e-child\" data-id=\"ad27075\" data-element_type=\"container\">\n\t\t<div class=\"elementor-element elementor-element-9ec2e8b e-con-full e-flex e-con e-child\" data-id=\"9ec2e8b\" data-element_type=\"container\" data-settings=\"{&quot;background_background&quot;:&quot;classic&quot;}\">\n\t\t\t\t<div class=\"elementor-element elementor-element-700d4af elementor-widget elementor-widget-heading\" data-id=\"700d4af\" data-element_type=\"widget\" data-widget_type=\"heading.default\">\n\t\t\t\t<div class=\"elementor-widget-container\">\n\t\t\t\t\t<h5 class=\"elementor-heading-title elementor-size-default\">D\u00e9partement de G\u00e9nie  civil et Travaux Public<\/h5>\t\t\t\t<\/div>\n\t\t\t\t<\/div>\n\t\t\t\t<\/div>\n\t\t<div class=\"elementor-element elementor-element-32093d3 e-con-full e-flex e-con e-child\" data-id=\"32093d3\" data-element_type=\"container\">\n\t\t<div class=\"elementor-element elementor-element-2009e7c e-con-full e-flex e-con e-child\" data-id=\"2009e7c\" data-element_type=\"container\">\n\t\t\t\t<div class=\"elementor-element elementor-element-fa4618c elementor-widget elementor-widget-heading\" data-id=\"fa4618c\" data-element_type=\"widget\" data-widget_type=\"heading.default\">\n\t\t\t\t<div class=\"elementor-widget-container\">\n\t\t\t\t\t<h6 class=\"elementor-heading-title elementor-size-default\"><a href=\"https:\/\/www.univ-sba.dz\/st\/wp-content\/uploads\/2026\/02\/MASTER-2-V.O.A.pdf\">Master 2 VOA<\/a><\/h6>\t\t\t\t<\/div>\n\t\t\t\t<\/div>\n\t\t\t\t<div class=\"elementor-element elementor-element-27bf911 elementor-widget elementor-widget-heading\" data-id=\"27bf911\" data-element_type=\"widget\" data-widget_type=\"heading.default\">\n\t\t\t\t<div class=\"elementor-widget-container\">\n\t\t\t\t\t<h6 class=\"elementor-heading-title elementor-size-default\"><a href=\"https:\/\/www.univ-sba.dz\/st\/wp-content\/uploads\/2026\/02\/MASTER-2-Materiaux-GC.pdf\">Master 2 Mat\u00e9riaux<\/a><\/h6>\t\t\t\t<\/div>\n\t\t\t\t<\/div>\n\t\t\t\t<div class=\"elementor-element elementor-element-f6a92d1 elementor-widget elementor-widget-heading\" data-id=\"f6a92d1\" data-element_type=\"widget\" data-widget_type=\"heading.default\">\n\t\t\t\t<div class=\"elementor-widget-container\">\n\t\t\t\t\t<h6 class=\"elementor-heading-title elementor-size-default\"><a href=\"https:\/\/www.univ-sba.dz\/st\/wp-content\/uploads\/2026\/02\/MASTER-2-Structure-.pdf\">Master 2 Structure<\/a><\/h6>\t\t\t\t<\/div>\n\t\t\t\t<\/div>\n\t\t\t\t<div class=\"elementor-element elementor-element-e3e0a7e elementor-widget elementor-widget-heading\" data-id=\"e3e0a7e\" data-element_type=\"widget\" data-widget_type=\"heading.default\">\n\t\t\t\t<div class=\"elementor-widget-container\">\n\t\t\t\t\t<h6 class=\"elementor-heading-title elementor-size-default\"><a href=\"https:\/\/www.univ-sba.dz\/st\/wp-content\/uploads\/2026\/02\/MASTER-2-GEO.pdf\">Master 2 GEO<\/a><\/h6>\t\t\t\t<\/div>\n\t\t\t\t<\/div>\n\t\t\t\t<div class=\"elementor-element elementor-element-5fb0822 elementor-widget elementor-widget-heading\" data-id=\"5fb0822\" data-element_type=\"widget\" data-widget_type=\"heading.default\">\n\t\t\t\t<div class=\"elementor-widget-container\">\n\t\t\t\t\t<h6 class=\"elementor-heading-title elementor-size-default\"><a href=\"https:\/\/www.univ-sba.dz\/st\/wp-content\/uploads\/2026\/02\/MASTER-2-CMM.pdf\">Master 2 CMM<\/a><\/h6>\t\t\t\t<\/div>\n\t\t\t\t<\/div>\n\t\t\t\t<\/div>\n\t\t\t\t<\/div>\n\t\t\t\t<\/div>\n\t\t\t\t\t<\/div>\n\t\t\t\t<\/div>\n\t\t\t\t<\/div>\n\t\t","protected":false},"excerpt":{"rendered":"<p>PV des d\u00e9lib\u00e9rations D\u00e9partement de G\u00e9nie civil et Travaux Public Master 2 VOA Master 2 Mat\u00e9riaux Master 2 Structure Master 2 GEO Master 2 CMM<\/p>\n","protected":false},"author":3,"featured_media":0,"parent":0,"menu_order":0,"comment_status":"closed","ping_status":"closed","template":"","meta":{"_uag_custom_page_level_css":"","postBodyCss":"","postBodyMargin":[],"postBodyPadding":[],"postBodyBackground":{"backgroundType":"classic","gradient":""},"site-sidebar-layout":"no-sidebar","site-content-layout":"page-builder","ast-site-content-layout":"full-width-container","site-content-style":"unboxed","site-sidebar-style":"unboxed","ast-global-header-display":"","ast-banner-title-visibility":"","ast-main-header-display":"","ast-hfb-above-header-display":"","ast-hfb-below-header-display":"","ast-hfb-mobile-header-display":"","site-post-title":"disabled","ast-breadcrumbs-content":"disabled","ast-featured-img":"disabled","footer-sml-layout":"","theme-transparent-header-meta":"enabled","adv-header-id-meta":"","stick-header-meta":"","header-above-stick-meta":"","header-main-stick-meta":"","header-below-stick-meta":"","astra-migrate-meta-layouts":"set","ast-page-background-enabled":"default","ast-page-background-meta":{"desktop":{"background-color":"var(--ast-global-color-4)","background-image":"","background-repeat":"repeat","background-position":"center center","background-size":"auto","background-attachment":"scroll","background-type":"","background-media":"","overlay-type":"","overlay-color":"","overlay-opacity":"","overlay-gradient":""},"tablet":{"background-color":"","background-image":"","background-repeat":"repeat","background-position":"center center","background-size":"auto","background-attachment":"scroll","background-type":"","background-media":"","overlay-type":"","overlay-color":"","overlay-opacity":"","overlay-gradient":""},"mobile":{"background-color":"","background-image":"","background-repeat":"repeat","background-position":"center center","background-size":"auto","background-attachment":"scroll","background-type":"","background-media":"","overlay-type":"","overlay-color":"","overlay-opacity":"","overlay-gradient":""}},"ast-content-background-meta":{"desktop":{"background-color":"var(--ast-global-color-5)","background-image":"","background-repeat":"repeat","background-position":"center center","background-size":"auto","background-attachment":"scroll","background-type":"","background-media":"","overlay-type":"","overlay-color":"","overlay-opacity":"","overlay-gradient":""},"tablet":{"background-color":"var(--ast-global-color-5)","background-image":"","background-repeat":"repeat","background-position":"center center","background-size":"auto","background-attachment":"scroll","background-type":"","background-media":"","overlay-type":"","overlay-color":"","overlay-opacity":"","overlay-gradient":""},"mobile":{"background-color":"var(--ast-global-color-5)","background-image":"","background-repeat":"repeat","background-position":"center center","background-size":"auto","background-attachment":"scroll","background-type":"","background-media":"","overlay-type":"","overlay-color":"","overlay-opacity":"","overlay-gradient":""}},"footnotes":""},"class_list":["post-2769","page","type-page","status-publish","hentry"],"uagb_featured_image_src":{"full":false,"thumbnail":false,"medium":false,"medium_large":false,"large":false,"1536x1536":false,"2048x2048":false},"uagb_author_info":{"display_name":"admfst","author_link":"https:\/\/www.univ-sba.dz\/st\/author\/admfst\/"},"uagb_comment_info":0,"uagb_excerpt":"PV des d\u00e9lib\u00e9rations D\u00e9partement de G\u00e9nie civil et Travaux Public Master 2 VOA Master 2 Mat\u00e9riaux Master 2 Structure Master 2 GEO Master 2 CMM","rttpg_featured_image_url":null,"rttpg_author":{"display_name":"admfst","author_link":"https:\/\/www.univ-sba.dz\/st\/author\/admfst\/"},"rttpg_comment":0,"rttpg_category":" <a href=\"https:\/\/www.univ-sba.dz\/st\/\" rel=\"tag\">Fran\u00e7ais<\/a>","rttpg_excerpt":"PV des d\u00e9lib\u00e9rations D\u00e9partement de G\u00e9nie civil et Travaux Public Master 2 VOA Master 2 Mat\u00e9riaux Master 2 Structure Master 2 GEO Master 2 CMM","_links":{"self":[{"href":"https:\/\/www.univ-sba.dz\/st\/wp-json\/wp\/v2\/pages\/2769","targetHints":{"allow":["GET"]}}],"collection":[{"href":"https:\/\/www.univ-sba.dz\/st\/wp-json\/wp\/v2\/pages"}],"about":[{"href":"https:\/\/www.univ-sba.dz\/st\/wp-json\/wp\/v2\/types\/page"}],"author":[{"embeddable":true,"href":"https:\/\/www.univ-sba.dz\/st\/wp-json\/wp\/v2\/users\/3"}],"replies":[{"embeddable":true,"href":"https:\/\/www.univ-sba.dz\/st\/wp-json\/wp\/v2\/comments?post=2769"}],"version-history":[{"count":7,"href":"https:\/\/www.univ-sba.dz\/st\/wp-json\/wp\/v2\/pages\/2769\/revisions"}],"predecessor-version":[{"id":4993,"href":"https:\/\/www.univ-sba.dz\/st\/wp-json\/wp\/v2\/pages\/2769\/revisions\/4993"}],"wp:attachment":[{"href":"https:\/\/www.univ-sba.dz\/st\/wp-json\/wp\/v2\/media?parent=2769"}],"curies":[{"name":"wp","href":"https:\/\/api.w.org\/{rel}","templated":true}]}}