{"id":4091,"date":"2025-10-13T23:11:59","date_gmt":"2025-10-13T21:11:59","guid":{"rendered":"https:\/\/www.univ-sba.dz\/st\/?page_id=4091"},"modified":"2026-03-23T19:50:10","modified_gmt":"2026-03-23T18:50:10","slug":"polycopie","status":"publish","type":"page","link":"https:\/\/www.univ-sba.dz\/st\/polycopie\/","title":{"rendered":"Polycopi\u00e9"},"content":{"rendered":"\t\t<div data-elementor-type=\"wp-page\" data-elementor-id=\"4091\" class=\"elementor elementor-4091\">\n\t\t\t\t<div class=\"elementor-element elementor-element-19b8c8c e-flex e-con-boxed e-con e-parent\" data-id=\"19b8c8c\" data-element_type=\"container\" data-settings=\"{&quot;background_background&quot;:&quot;classic&quot;}\">\n\t\t\t\t\t<div class=\"e-con-inner\">\n\t\t<div class=\"elementor-element elementor-element-372848a e-con-full e-flex e-con e-child\" data-id=\"372848a\" data-element_type=\"container\">\n\t\t\t\t<div class=\"elementor-element elementor-element-0ccf104 elementor-widget elementor-widget-heading\" data-id=\"0ccf104\" data-element_type=\"widget\" data-widget_type=\"heading.default\">\n\t\t\t\t<div class=\"elementor-widget-container\">\n\t\t\t\t\t<h1 class=\"elementor-heading-title elementor-size-default\">Polycopi\u00e9<br>\u0645\u0637\u0628\u0648\u0639\u0627\u062a \u0628\u064a\u062f\u0627\u063a\u0648\u062c\u064a\u0629<\/h1>\t\t\t\t<\/div>\n\t\t\t\t<\/div>\n\t\t\t\t<\/div>\n\t\t\t\t\t<\/div>\n\t\t\t\t<\/div>\n\t\t<div class=\"elementor-element elementor-element-a34b3c0 e-flex e-con-boxed e-con e-parent\" data-id=\"a34b3c0\" data-element_type=\"container\">\n\t\t\t\t\t<div class=\"e-con-inner\">\n\t\t\t\t<div class=\"elementor-element elementor-element-cda4eff elementor-widget elementor-widget-html\" data-id=\"cda4eff\" data-element_type=\"widget\" data-widget_type=\"html.default\">\n\t\t\t\t<div class=\"elementor-widget-container\">\n\t\t\t\t\t<table style=\"width:100%; font-family: Arial, sans-serif; font-size: 16px; border-collapse: collapse; text-align: left;\" border=\"1\">\r\n  <tr style=\"background:#f2f2f2; text-align:center;\">\r\n    <th>Polycopie de cours\/TP <\/th>\r\n    <th> intitul\u00e9  <\/th>\r\n    <th>T\u00e9l\u00e9charger<\/th>\r\n  <\/tr>\r\n   <tr>\r\n    <td>Dr.BOUCHENAK Khelladi<\/td>\r\n    <td><span style=\"background:yellow;\">Traitement et epuration des eaux<\/span><\/td>\r\n    <td><a href=\"https:\/\/www.univ-sba.dz\/st\/wp-content\/uploads\/2026\/03\/Polycopie_Bouchenak_Khelladi_Traitement_et_epuration_des_eaux.pdf\" style=\"color:red;\">T\u00e9l\u00e9charger<\/a><\/td>\r\n  <\/tr>\r\n    <tr>\r\n    <td>Dr.BADI Fouzia<\/td>\r\n    <td><span style=\"background:yellow;\">Mechanics of the Material Point<\/span><\/td>\r\n    <td><a href=\"https:\/\/www.univ-sba.dz\/st\/wp-content\/uploads\/2026\/03\/Polycopie_Dr_BADI_Fouzia_Mechanics-of-the-Material-Point.pdf\" style=\"color:red;\">T\u00e9l\u00e9charger<\/a><\/td>\r\n  <\/tr>\r\n  <tr>\r\n    <td>Pr.FAHSI Bouazza<\/td>\r\n    <td><span style=\"background:yellow;\">Hydraulique1<\/span><\/td>\r\n    <td><a href=\"https:\/\/www.univ-sba.dz\/st\/wp-content\/uploads\/2026\/03\/polycopie_cours-_hydraulique_PR_-FAHSI_Bouazza.pdf\" style=\"color:red;\">T\u00e9l\u00e9charger<\/a><\/td>\r\n  <\/tr>\r\n  <tr>\r\n    <td>Dr.SAID MOhamed<\/td>\r\n    <td><span style=\"background:yellow;\">Biomass and Biofuels<\/span><\/td>\r\n    <td><a href=\"https:\/\/www.univ-sba.dz\/st\/wp-content\/uploads\/2025\/12\/polycopie_Dr_SAID_MOhamed_Biomass-and-Biofuels.pdf\" style=\"color:red;\">T\u00e9l\u00e9charger<\/a><\/td>\r\n  <\/tr>\r\n  <tr>\r\n    <td>Dr.SAID MOhamed<\/td>\r\n    <td><span style=\"background:yellow;\">Physicochemical Analytical<\/span><\/td>\r\n    <td><a href=\"https:\/\/www.univ-sba.dz\/st\/wp-content\/uploads\/2025\/12\/polycopie_Dr_-SAID_MOhamed_Physicochemical-Analytical.pdf\" style=\"color:red;\">T\u00e9l\u00e9charger<\/a><\/td>\r\n  <\/tr>\r\n  <tr>\r\n    <td>Dr.BENDDINE Kouider<\/td>\r\n    <td><span style=\"background:yellow;\">Fuel cell and hydrogen production<\/span><\/td>\r\n    <td><a href=\"https:\/\/www.univ-sba.dz\/st\/wp-content\/uploads\/2025\/12\/polycopie_BENDDINE_Kouider_Fuel-cell-and-hydrogen-production.pdf\" style=\"color:red;\">T\u00e9l\u00e9charger<\/a><\/td>\r\n  <\/tr>\r\n<tr>\r\n    <td>Dr.GHEZALI Faiza<\/td>\r\n    <td><span style=\"background:yellow;\">DYNAMIQUE DES GAZ<\/span><\/td>\r\n    <td><a href=\"https:\/\/www.univ-sba.dz\/st\/wp-content\/uploads\/2025\/12\/polycopie_GHEZALI_Faiza_DYNAMIQUE-DES-GAZ.pdf\" style=\"color:red;\">T\u00e9l\u00e9charger<\/a><\/td>\r\n  <\/tr>\r\n  <tr>\r\n  <tr>\r\n  \r\n  <tr>\r\n    <td>Dr. Ouazani Fouzia<\/td>\r\n    <td><span style=\"background:yellow;\">Handout Process Water Treatment and Conditioning<\/span><\/td>\r\n    <td><a href=\"https:\/\/www.univ-sba.dz\/st\/wp-content\/uploads\/2025\/10\/polycopie-Dr.-Ouazani-Fouzia_Handout-Process-Water-Treatment-and-Conditioning.pdf\" style=\"color:red;\">T\u00e9l\u00e9charger<\/a><\/td>\r\n  <\/tr>\r\n  <tr>\r\n    <td>Dr. sallai ben oumrane<\/td>\r\n    <td><span style=\"background:yellow;\">FONDATIONS SUPERFICIELLES<\/span><\/td>\r\n    <td><a href=\"https:\/\/www.univ-sba.dz\/st\/wp-content\/uploads\/2025\/10\/polycopie-sallai-ben-oumrane_FONDATIONS-SUPERFICIELLES.pdf\" style=\"color:red;\">T\u00e9l\u00e9charger<\/a><\/td>\r\n  <\/tr>\r\n  \r\n<\/table>\t\t\t\t<\/div>\n\t\t\t\t<\/div>\n\t\t\t\t\t<\/div>\n\t\t\t\t<\/div>\n\t\t\t\t<\/div>\n\t\t","protected":false},"excerpt":{"rendered":"<p>Polycopi\u00e9\u0645\u0637\u0628\u0648\u0639\u0627\u062a \u0628\u064a\u062f\u0627\u063a\u0648\u062c\u064a\u0629 Polycopie de cours\/TP intitul\u00e9 T\u00e9l\u00e9charger Dr.BOUCHENAK Khelladi Traitement et epuration des eaux T\u00e9l\u00e9charger Dr.BADI Fouzia Mechanics of the Material Point T\u00e9l\u00e9charger Pr.FAHSI Bouazza Hydraulique1 T\u00e9l\u00e9charger Dr.SAID MOhamed Biomass and Biofuels T\u00e9l\u00e9charger Dr.SAID MOhamed Physicochemical Analytical T\u00e9l\u00e9charger Dr.BENDDINE Kouider Fuel cell and hydrogen production T\u00e9l\u00e9charger Dr.GHEZALI Faiza DYNAMIQUE DES GAZ T\u00e9l\u00e9charger Dr. Ouazani Fouzia [&hellip;]<\/p>\n","protected":false},"author":3,"featured_media":0,"parent":0,"menu_order":0,"comment_status":"closed","ping_status":"closed","template":"","meta":{"_uag_custom_page_level_css":"","postBodyCss":"","postBodyMargin":[],"postBodyPadding":[],"postBodyBackground":{"backgroundType":"classic","gradient":""},"site-sidebar-layout":"no-sidebar","site-content-layout":"page-builder","ast-site-content-layout":"full-width-container","site-content-style":"unboxed","site-sidebar-style":"unboxed","ast-global-header-display":"","ast-banner-title-visibility":"","ast-main-header-display":"","ast-hfb-above-header-display":"","ast-hfb-below-header-display":"","ast-hfb-mobile-header-display":"","site-post-title":"disabled","ast-breadcrumbs-content":"disabled","ast-featured-img":"disabled","footer-sml-layout":"","theme-transparent-header-meta":"enabled","adv-header-id-meta":"","stick-header-meta":"","header-above-stick-meta":"","header-main-stick-meta":"","header-below-stick-meta":"","astra-migrate-meta-layouts":"set","ast-page-background-enabled":"default","ast-page-background-meta":{"desktop":{"background-color":"var(--ast-global-color-4)","background-image":"","background-repeat":"repeat","background-position":"center center","background-size":"auto","background-attachment":"scroll","background-type":"","background-media":"","overlay-type":"","overlay-color":"","overlay-opacity":"","overlay-gradient":""},"tablet":{"background-color":"","background-image":"","background-repeat":"repeat","background-position":"center center","background-size":"auto","background-attachment":"scroll","background-type":"","background-media":"","overlay-type":"","overlay-color":"","overlay-opacity":"","overlay-gradient":""},"mobile":{"background-color":"","background-image":"","background-repeat":"repeat","background-position":"center center","background-size":"auto","background-attachment":"scroll","background-type":"","background-media":"","overlay-type":"","overlay-color":"","overlay-opacity":"","overlay-gradient":""}},"ast-content-background-meta":{"desktop":{"background-color":"var(--ast-global-color-5)","background-image":"","background-repeat":"repeat","background-position":"center center","background-size":"auto","background-attachment":"scroll","background-type":"","background-media":"","overlay-type":"","overlay-color":"","overlay-opacity":"","overlay-gradient":""},"tablet":{"background-color":"var(--ast-global-color-5)","background-image":"","background-repeat":"repeat","background-position":"center center","background-size":"auto","background-attachment":"scroll","background-type":"","background-media":"","overlay-type":"","overlay-color":"","overlay-opacity":"","overlay-gradient":""},"mobile":{"background-color":"var(--ast-global-color-5)","background-image":"","background-repeat":"repeat","background-position":"center center","background-size":"auto","background-attachment":"scroll","background-type":"","background-media":"","overlay-type":"","overlay-color":"","overlay-opacity":"","overlay-gradient":""}},"footnotes":""},"class_list":["post-4091","page","type-page","status-publish","hentry"],"uagb_featured_image_src":{"full":false,"thumbnail":false,"medium":false,"medium_large":false,"large":false,"1536x1536":false,"2048x2048":false},"uagb_author_info":{"display_name":"admfst","author_link":"https:\/\/www.univ-sba.dz\/st\/author\/admfst\/"},"uagb_comment_info":0,"uagb_excerpt":"Polycopi\u00e9\u0645\u0637\u0628\u0648\u0639\u0627\u062a \u0628\u064a\u062f\u0627\u063a\u0648\u062c\u064a\u0629 Polycopie de cours\/TP intitul\u00e9 T\u00e9l\u00e9charger Dr.BOUCHENAK Khelladi Traitement et epuration des eaux T\u00e9l\u00e9charger Dr.BADI Fouzia Mechanics of the Material Point T\u00e9l\u00e9charger Pr.FAHSI Bouazza Hydraulique1 T\u00e9l\u00e9charger Dr.SAID MOhamed Biomass and Biofuels T\u00e9l\u00e9charger Dr.SAID MOhamed Physicochemical Analytical T\u00e9l\u00e9charger Dr.BENDDINE Kouider Fuel cell and hydrogen production T\u00e9l\u00e9charger Dr.GHEZALI Faiza DYNAMIQUE DES GAZ T\u00e9l\u00e9charger Dr. Ouazani Fouzia\u2026","rttpg_featured_image_url":null,"rttpg_author":{"display_name":"admfst","author_link":"https:\/\/www.univ-sba.dz\/st\/author\/admfst\/"},"rttpg_comment":0,"rttpg_category":" <a href=\"https:\/\/www.univ-sba.dz\/st\/\" rel=\"tag\">Fran\u00e7ais<\/a>","rttpg_excerpt":"Polycopi\u00e9\u0645\u0637\u0628\u0648\u0639\u0627\u062a \u0628\u064a\u062f\u0627\u063a\u0648\u062c\u064a\u0629 Polycopie de cours\/TP intitul\u00e9 T\u00e9l\u00e9charger Dr.BOUCHENAK Khelladi Traitement et epuration des eaux T\u00e9l\u00e9charger Dr.BADI Fouzia Mechanics of the Material Point T\u00e9l\u00e9charger Pr.FAHSI Bouazza Hydraulique1 T\u00e9l\u00e9charger Dr.SAID MOhamed Biomass and Biofuels T\u00e9l\u00e9charger Dr.SAID MOhamed Physicochemical Analytical T\u00e9l\u00e9charger Dr.BENDDINE Kouider Fuel cell and hydrogen production T\u00e9l\u00e9charger Dr.GHEZALI Faiza DYNAMIQUE DES GAZ T\u00e9l\u00e9charger Dr. Ouazani Fouzia\u2026","_links":{"self":[{"href":"https:\/\/www.univ-sba.dz\/st\/wp-json\/wp\/v2\/pages\/4091","targetHints":{"allow":["GET"]}}],"collection":[{"href":"https:\/\/www.univ-sba.dz\/st\/wp-json\/wp\/v2\/pages"}],"about":[{"href":"https:\/\/www.univ-sba.dz\/st\/wp-json\/wp\/v2\/types\/page"}],"author":[{"embeddable":true,"href":"https:\/\/www.univ-sba.dz\/st\/wp-json\/wp\/v2\/users\/3"}],"replies":[{"embeddable":true,"href":"https:\/\/www.univ-sba.dz\/st\/wp-json\/wp\/v2\/comments?post=4091"}],"version-history":[{"count":28,"href":"https:\/\/www.univ-sba.dz\/st\/wp-json\/wp\/v2\/pages\/4091\/revisions"}],"predecessor-version":[{"id":5191,"href":"https:\/\/www.univ-sba.dz\/st\/wp-json\/wp\/v2\/pages\/4091\/revisions\/5191"}],"wp:attachment":[{"href":"https:\/\/www.univ-sba.dz\/st\/wp-json\/wp\/v2\/media?parent=4091"}],"curies":[{"name":"wp","href":"https:\/\/api.w.org\/{rel}","templated":true}]}}