{"id":4243,"date":"2025-10-29T22:42:32","date_gmt":"2025-10-29T21:42:32","guid":{"rendered":"https:\/\/www.univ-sba.dz\/st\/?page_id=4243"},"modified":"2025-12-06T20:06:47","modified_gmt":"2025-12-06T19:06:47","slug":"master-gp","status":"publish","type":"page","link":"https:\/\/www.univ-sba.dz\/st\/master-gp\/","title":{"rendered":"Master GP"},"content":{"rendered":"\t\t<div data-elementor-type=\"wp-page\" data-elementor-id=\"4243\" class=\"elementor elementor-4243\">\n\t\t\t\t<div class=\"elementor-element elementor-element-cc58adf e-flex e-con-boxed e-con e-parent\" data-id=\"cc58adf\" data-element_type=\"container\">\n\t\t\t\t\t<div class=\"e-con-inner\">\n\t\t<div class=\"elementor-element elementor-element-fbfda87 e-con-full e-flex e-con e-child\" data-id=\"fbfda87\" data-element_type=\"container\">\n\t\t\t\t<div class=\"elementor-element elementor-element-f0bc3c5 elementor-widget elementor-widget-image\" data-id=\"f0bc3c5\" data-element_type=\"widget\" data-widget_type=\"image.default\">\n\t\t\t\t<div class=\"elementor-widget-container\">\n\t\t\t\t\t\t\t\t\t\t\t\t\t\t\t<img fetchpriority=\"high\" decoding=\"async\" width=\"350\" height=\"250\" src=\"https:\/\/www.univ-sba.dz\/st\/wp-content\/uploads\/2025\/10\/canevas.jpg\" class=\"attachment-large size-large wp-image-4227\" alt=\"\" srcset=\"https:\/\/www.univ-sba.dz\/st\/wp-content\/uploads\/2025\/10\/canevas.jpg 350w, https:\/\/www.univ-sba.dz\/st\/wp-content\/uploads\/2025\/10\/canevas-300x214.jpg 300w\" sizes=\"(max-width: 350px) 100vw, 350px\" \/>\t\t\t\t\t\t\t\t\t\t\t\t\t\t\t<\/div>\n\t\t\t\t<\/div>\n\t\t\t\t<\/div>\n\t\t<div class=\"elementor-element elementor-element-8024a16 e-con-full e-flex e-con e-child\" data-id=\"8024a16\" data-element_type=\"container\">\n\t\t\t\t<div class=\"elementor-element elementor-element-5018711 elementor-widget elementor-widget-heading\" data-id=\"5018711\" data-element_type=\"widget\" data-widget_type=\"heading.default\">\n\t\t\t\t<div class=\"elementor-widget-container\">\n\t\t\t\t\t<h6 class=\"elementor-heading-title elementor-size-default\"><a href=\"https:\/\/www.univ-sba.dz\/st\/wp-content\/uploads\/2025\/11\/M-GP-Genie-chimique_MAJ-2025.pdf\"><span style=\"font-family: Arial;font-size: 13px;font-weight: 400\">G\u00e9nie chimique&nbsp;<\/span><\/a><\/h6>\t\t\t\t<\/div>\n\t\t\t\t<\/div>\n\t\t\t\t<div class=\"elementor-element elementor-element-9653b19 elementor-widget elementor-widget-heading\" data-id=\"9653b19\" data-element_type=\"widget\" data-widget_type=\"heading.default\">\n\t\t\t\t<div class=\"elementor-widget-container\">\n\t\t\t\t\t<h2 class=\"elementor-heading-title elementor-size-default\"><a href=\"https:\/\/www.univ-sba.dz\/st\/wp-content\/uploads\/2025\/11\/M-GP-genie-des-procedes-de-lenvironnement_MAJ-2025.pdf\"><span style=\"font-family: Arial;font-size: 13px;font-weight: 400\">G\u00e9nie des Proc\u00e9d\u00e9s de l\u2019Environnement<\/span><\/a><\/h2>\t\t\t\t<\/div>\n\t\t\t\t<\/div>\n\t\t\t\t<\/div>\n\t\t\t\t\t<\/div>\n\t\t\t\t<\/div>\n\t\t\t\t<\/div>\n\t\t","protected":false},"excerpt":{"rendered":"<p>G\u00e9nie chimique&nbsp; G\u00e9nie des Proc\u00e9d\u00e9s de l\u2019Environnement<\/p>\n","protected":false},"author":3,"featured_media":0,"parent":0,"menu_order":0,"comment_status":"closed","ping_status":"closed","template":"","meta":{"_uag_custom_page_level_css":"","postBodyCss":"","postBodyMargin":[],"postBodyPadding":[],"postBodyBackground":{"backgroundType":"classic","gradient":""},"site-sidebar-layout":"no-sidebar","site-content-layout":"page-builder","ast-site-content-layout":"full-width-container","site-content-style":"default","site-sidebar-style":"default","ast-global-header-display":"","ast-banner-title-visibility":"","ast-main-header-display":"","ast-hfb-above-header-display":"","ast-hfb-below-header-display":"","ast-hfb-mobile-header-display":"","site-post-title":"","ast-breadcrumbs-content":"","ast-featured-img":"disabled","footer-sml-layout":"","theme-transparent-header-meta":"","adv-header-id-meta":"","stick-header-meta":"","header-above-stick-meta":"","header-main-stick-meta":"","header-below-stick-meta":"","astra-migrate-meta-layouts":"set","ast-page-background-enabled":"default","ast-page-background-meta":{"desktop":{"background-color":"var(--ast-global-color-4)","background-image":"","background-repeat":"repeat","background-position":"center center","background-size":"auto","background-attachment":"scroll","background-type":"","background-media":"","overlay-type":"","overlay-color":"","overlay-opacity":"","overlay-gradient":""},"tablet":{"background-color":"","background-image":"","background-repeat":"repeat","background-position":"center center","background-size":"auto","background-attachment":"scroll","background-type":"","background-media":"","overlay-type":"","overlay-color":"","overlay-opacity":"","overlay-gradient":""},"mobile":{"background-color":"","background-image":"","background-repeat":"repeat","background-position":"center center","background-size":"auto","background-attachment":"scroll","background-type":"","background-media":"","overlay-type":"","overlay-color":"","overlay-opacity":"","overlay-gradient":""}},"ast-content-background-meta":{"desktop":{"background-color":"var(--ast-global-color-5)","background-image":"","background-repeat":"repeat","background-position":"center center","background-size":"auto","background-attachment":"scroll","background-type":"","background-media":"","overlay-type":"","overlay-color":"","overlay-opacity":"","overlay-gradient":""},"tablet":{"background-color":"var(--ast-global-color-5)","background-image":"","background-repeat":"repeat","background-position":"center center","background-size":"auto","background-attachment":"scroll","background-type":"","background-media":"","overlay-type":"","overlay-color":"","overlay-opacity":"","overlay-gradient":""},"mobile":{"background-color":"var(--ast-global-color-5)","background-image":"","background-repeat":"repeat","background-position":"center center","background-size":"auto","background-attachment":"scroll","background-type":"","background-media":"","overlay-type":"","overlay-color":"","overlay-opacity":"","overlay-gradient":""}},"footnotes":""},"class_list":["post-4243","page","type-page","status-publish","hentry"],"uagb_featured_image_src":{"full":false,"thumbnail":false,"medium":false,"medium_large":false,"large":false,"1536x1536":false,"2048x2048":false},"uagb_author_info":{"display_name":"admfst","author_link":"https:\/\/www.univ-sba.dz\/st\/author\/admfst\/"},"uagb_comment_info":0,"uagb_excerpt":"G\u00e9nie chimique&nbsp; G\u00e9nie des Proc\u00e9d\u00e9s de l\u2019Environnement","rttpg_featured_image_url":null,"rttpg_author":{"display_name":"admfst","author_link":"https:\/\/www.univ-sba.dz\/st\/author\/admfst\/"},"rttpg_comment":0,"rttpg_category":" <a href=\"https:\/\/www.univ-sba.dz\/st\/\" rel=\"tag\">Fran\u00e7ais<\/a>","rttpg_excerpt":"G\u00e9nie chimique&nbsp; G\u00e9nie des Proc\u00e9d\u00e9s de l\u2019Environnement","_links":{"self":[{"href":"https:\/\/www.univ-sba.dz\/st\/wp-json\/wp\/v2\/pages\/4243","targetHints":{"allow":["GET"]}}],"collection":[{"href":"https:\/\/www.univ-sba.dz\/st\/wp-json\/wp\/v2\/pages"}],"about":[{"href":"https:\/\/www.univ-sba.dz\/st\/wp-json\/wp\/v2\/types\/page"}],"author":[{"embeddable":true,"href":"https:\/\/www.univ-sba.dz\/st\/wp-json\/wp\/v2\/users\/3"}],"replies":[{"embeddable":true,"href":"https:\/\/www.univ-sba.dz\/st\/wp-json\/wp\/v2\/comments?post=4243"}],"version-history":[{"count":13,"href":"https:\/\/www.univ-sba.dz\/st\/wp-json\/wp\/v2\/pages\/4243\/revisions"}],"predecessor-version":[{"id":4427,"href":"https:\/\/www.univ-sba.dz\/st\/wp-json\/wp\/v2\/pages\/4243\/revisions\/4427"}],"wp:attachment":[{"href":"https:\/\/www.univ-sba.dz\/st\/wp-json\/wp\/v2\/media?parent=4243"}],"curies":[{"name":"wp","href":"https:\/\/api.w.org\/{rel}","templated":true}]}}