{"id":4370,"date":"2025-03-03T09:30:27","date_gmt":"2025-03-03T08:30:27","guid":{"rendered":"https:\/\/www.univ-sba.dz\/vrpg\/?page_id=4370"},"modified":"2025-05-26T15:51:05","modified_gmt":"2025-05-26T13:51:05","slug":"contactez-nous","status":"publish","type":"page","link":"https:\/\/www.univ-sba.dz\/vrpg\/fr\/contactez-nous\/","title":{"rendered":"Contactez Nous"},"content":{"rendered":"\t\t<div data-elementor-type=\"wp-page\" data-elementor-id=\"4370\" class=\"elementor elementor-4370\">\n\t\t\t\t<div class=\"elementor-element elementor-element-19b8c8c e-flex e-con-boxed e-con e-parent\" data-id=\"19b8c8c\" data-element_type=\"container\" data-settings=\"{&quot;background_background&quot;:&quot;classic&quot;}\">\n\t\t\t\t\t<div class=\"e-con-inner\">\n\t\t<div class=\"elementor-element elementor-element-372848a e-con-full e-flex e-con e-child\" data-id=\"372848a\" data-element_type=\"container\">\n\t\t\t\t<div class=\"elementor-element elementor-element-99dbb50 elementor-widget-divider--view-line elementor-widget elementor-widget-divider\" data-id=\"99dbb50\" data-element_type=\"widget\" data-widget_type=\"divider.default\">\n\t\t\t\t<div class=\"elementor-widget-container\">\n\t\t\t\t\t\t\t<div class=\"elementor-divider\">\n\t\t\t<span class=\"elementor-divider-separator\">\n\t\t\t\t\t\t<\/span>\n\t\t<\/div>\n\t\t\t\t\t\t<\/div>\n\t\t\t\t<\/div>\n\t\t\t\t<div class=\"elementor-element elementor-element-7fe9fef elementor-widget-divider--view-line elementor-widget elementor-widget-divider\" data-id=\"7fe9fef\" data-element_type=\"widget\" data-widget_type=\"divider.default\">\n\t\t\t\t<div class=\"elementor-widget-container\">\n\t\t\t\t\t\t\t<div class=\"elementor-divider\">\n\t\t\t<span class=\"elementor-divider-separator\">\n\t\t\t\t\t\t<\/span>\n\t\t<\/div>\n\t\t\t\t\t\t<\/div>\n\t\t\t\t<\/div>\n\t\t\t\t<div class=\"elementor-element elementor-element-0ccf104 elementor-widget elementor-widget-heading\" data-id=\"0ccf104\" data-element_type=\"widget\" data-widget_type=\"heading.default\">\n\t\t\t\t<div class=\"elementor-widget-container\">\n\t\t\t\t\t<h1 class=\"elementor-heading-title elementor-size-default\">Contactez Nous<\/h1>\t\t\t\t<\/div>\n\t\t\t\t<\/div>\n\t\t\t\t<\/div>\n\t\t\t\t\t<\/div>\n\t\t\t\t<\/div>\n\t\t<div class=\"elementor-element elementor-element-d16b623 e-flex e-con-boxed e-con e-parent\" data-id=\"d16b623\" data-element_type=\"container\">\n\t\t\t\t\t<div class=\"e-con-inner\">\n\t\t\t\t\t<\/div>\n\t\t\t\t<\/div>\n\t\t<div class=\"elementor-element elementor-element-237afef e-flex e-con-boxed e-con e-parent\" data-id=\"237afef\" data-element_type=\"container\">\n\t\t\t\t\t<div class=\"e-con-inner\">\n\t\t<div class=\"elementor-element elementor-element-64b4aed e-con-full e-flex e-con e-child\" data-id=\"64b4aed\" data-element_type=\"container\">\n\t\t\t\t<div class=\"elementor-element elementor-element-e9d4ef4 elementor-widget elementor-widget-heading\" data-id=\"e9d4ef4\" data-element_type=\"widget\" data-widget_type=\"heading.default\">\n\t\t\t\t<div class=\"elementor-widget-container\">\n\t\t\t\t\t<h2 class=\"elementor-heading-title elementor-size-default\">\nVice-Rectorat de la Formation Sup\u00e9rieure de  Troisi\u00e8me Cycle, de l'Habilitation Universitaire, de la Recherche Scientifique et de la Formation Sup\u00e9rieure de Post-Graduation<\/h2>\t\t\t\t<\/div>\n\t\t\t\t<\/div>\n\t\t\t\t<\/div>\n\t\t\t\t\t<\/div>\n\t\t\t\t<\/div>\n\t\t<div class=\"elementor-element elementor-element-9cd7848 e-flex e-con-boxed e-con e-parent\" data-id=\"9cd7848\" data-element_type=\"container\">\n\t\t\t\t\t<div class=\"e-con-inner\">\n\t\t\t\t<div class=\"elementor-element elementor-element-ab86560 elementor-widget elementor-widget-text-editor\" data-id=\"ab86560\" data-element_type=\"widget\" data-widget_type=\"text-editor.default\">\n\t\t\t\t<div class=\"elementor-widget-container\">\n\t\t\t\t\t\t\t\t\t<p><strong>\u00a0<\/strong><strong><b>Pr. CHOUAF Abdelhak<\/b><\/strong><\/p><div>Vice-Recteur Charg\u00e9 de la Formation Sup\u00e9rieure de Troisi\u00e8me Cycle, de l&#8217;Habilitation Universitaire, de la Recherche Scientifique et de la Formation Sup\u00e9rieur de Post-Graduation.<\/div><div>Universit\u00e9 Djillali liab\u00e8s<\/div><div>BP 89, Sidi bel Abbes 22000<\/div><div>Alg\u00e9rie.<\/div><div><strong>EMAIL: abdo-stat@yahoo.fr<\/strong><\/div>\t\t\t\t\t\t\t\t<\/div>\n\t\t\t\t<\/div>\n\t\t\t\t<div class=\"elementor-element elementor-element-f086018 elementor-widget-divider--view-line elementor-widget elementor-widget-divider\" data-id=\"f086018\" data-element_type=\"widget\" data-widget_type=\"divider.default\">\n\t\t\t\t<div class=\"elementor-widget-container\">\n\t\t\t\t\t\t\t<div class=\"elementor-divider\">\n\t\t\t<span class=\"elementor-divider-separator\">\n\t\t\t\t\t\t<\/span>\n\t\t<\/div>\n\t\t\t\t\t\t<\/div>\n\t\t\t\t<\/div>\n\t\t\t\t\t<\/div>\n\t\t\t\t<\/div>\n\t\t<div class=\"elementor-element elementor-element-5859ab0 e-flex e-con-boxed e-con e-parent\" data-id=\"5859ab0\" data-element_type=\"container\">\n\t\t\t\t\t<div class=\"e-con-inner\">\n\t\t<div class=\"elementor-element elementor-element-379ab36 e-con-full e-flex e-con e-child\" data-id=\"379ab36\" data-element_type=\"container\">\n\t\t\t\t<div class=\"elementor-element elementor-element-73a8513 elementor-widget elementor-widget-text-editor\" data-id=\"73a8513\" data-element_type=\"widget\" data-widget_type=\"text-editor.default\">\n\t\t\t\t<div class=\"elementor-widget-container\">\n\t\t\t\t\t\t\t\t\t<p><strong>Secr\u00e9tariat<\/strong> : Melle. Ziane.H<\/p><p><strong>Email<\/strong>: vrpg.udl.secretariat@gmail.com<\/p><p><strong>Service de la post-graduation<\/strong> : Mme. TEHAMI .I<\/p><p><strong>Email<\/strong>: vrpg.udl.pg@gmail.com<\/p><p><strong>Service de la recherche scientifique<\/strong>\u00a0: Mme. KHERARFA .L<\/p><p>Email:vrpg.udl.labo@gmail.com<\/p><p><strong>\u00a0Service de l&#8217;habilitation universitaire\u00a0<\/strong>: M. SALEM .Hachemi<\/p><p><strong>Email<\/strong>:\u00a0 habilitation.udl.sba@gmail.com<\/p><p><strong>Web master<\/strong>: Mme YOUB.K<\/p><p><strong>Email: <\/strong>vrpg.udl.inf@gmail.com<\/p>\t\t\t\t\t\t\t\t<\/div>\n\t\t\t\t<\/div>\n\t\t\t\t<\/div>\n\t\t\t\t\t<\/div>\n\t\t\t\t<\/div>\n\t\t<div class=\"elementor-element elementor-element-8bb9021 e-flex e-con-boxed e-con e-parent\" data-id=\"8bb9021\" data-element_type=\"container\">\n\t\t\t\t\t<div class=\"e-con-inner\">\n\t\t<div class=\"elementor-element elementor-element-f69f3a9 e-con-full e-flex e-con e-child\" data-id=\"f69f3a9\" data-element_type=\"container\">\n\t\t<div class=\"elementor-element elementor-element-a0adc1b e-con-full e-flex e-con e-child\" data-id=\"a0adc1b\" data-element_type=\"container\" data-settings=\"{&quot;background_background&quot;:&quot;classic&quot;}\">\n\t\t<div class=\"elementor-element elementor-element-74393a4 e-con-full e-flex e-con e-child\" data-id=\"74393a4\" data-element_type=\"container\">\n\t\t\t\t<div class=\"elementor-element elementor-element-4d9cf13 elementor-widget elementor-widget-heading\" data-id=\"4d9cf13\" data-element_type=\"widget\" data-widget_type=\"heading.default\">\n\t\t\t\t<div class=\"elementor-widget-container\">\n\t\t\t\t\t<h2 class=\"elementor-heading-title elementor-size-default\">Vous pouvez  contacter le vice rectorat<\/h2>\t\t\t\t<\/div>\n\t\t\t\t<\/div>\n\t\t\t\t<div class=\"elementor-element elementor-element-62a06eb elementor-widget elementor-widget-heading\" data-id=\"62a06eb\" data-element_type=\"widget\" data-widget_type=\"heading.default\">\n\t\t\t\t<div class=\"elementor-widget-container\">\n\t\t\t\t\t<h3 class=\"elementor-heading-title elementor-size-default\">A travers les liens suivants<\/h3>\t\t\t\t<\/div>\n\t\t\t\t<\/div>\n\t\t\t\t<div class=\"elementor-element elementor-element-56399cf elementor-widget elementor-widget-heading\" data-id=\"56399cf\" data-element_type=\"widget\" data-widget_type=\"heading.default\">\n\t\t\t\t<div class=\"elementor-widget-container\">\n\t\t\t\t\t<h2 class=\"elementor-heading-title elementor-size-default\">Vice-Rectorat de la Formation Sup\u00e9rieure de  Troisi\u00e8me Cycle, de l'Habilitation Universitaire, de la Recherche Scientifique et de la Formation Sup\u00e9rieure de Post-Graduation<\/h2>\t\t\t\t<\/div>\n\t\t\t\t<\/div>\n\t\t<div class=\"elementor-element elementor-element-a2dc312 e-con-full e-flex e-con e-child\" data-id=\"a2dc312\" data-element_type=\"container\">\n\t\t<div class=\"elementor-element elementor-element-5f6ffd5 e-con-full e-flex e-con e-child\" data-id=\"5f6ffd5\" data-element_type=\"container\">\n\t\t\t\t<div class=\"elementor-element elementor-element-30b8d39 elementor-widget elementor-widget-heading\" data-id=\"30b8d39\" data-element_type=\"widget\" data-widget_type=\"heading.default\">\n\t\t\t\t<div class=\"elementor-widget-container\">\n\t\t\t\t\t<h3 class=\"elementor-heading-title elementor-size-default\">Adresse<\/h3>\t\t\t\t<\/div>\n\t\t\t\t<\/div>\n\t\t\t\t<div class=\"elementor-element elementor-element-6901c20 elementor-widget elementor-widget-text-editor\" data-id=\"6901c20\" data-element_type=\"widget\" data-widget_type=\"text-editor.default\">\n\t\t\t\t<div class=\"elementor-widget-container\">\n\t\t\t\t\t\t\t\t\t<p>\u00a0<\/p><div>Universit\u00e9 Djillali liab\u00e8s<\/div><div>BP 89, Sidi bel Abbes 22000<\/div><div>Alg\u00e9rie.<\/div>\t\t\t\t\t\t\t\t<\/div>\n\t\t\t\t<\/div>\n\t\t\t\t<div class=\"elementor-element elementor-element-f927ab4 elementor-widget elementor-widget-heading\" data-id=\"f927ab4\" data-element_type=\"widget\" data-widget_type=\"heading.default\">\n\t\t\t\t<div class=\"elementor-widget-container\">\n\t\t\t\t\t<h3 class=\"elementor-heading-title elementor-size-default\">T\u00e9l\u00e9phone<\/h3>\t\t\t\t<\/div>\n\t\t\t\t<\/div>\n\t\t\t\t<div class=\"elementor-element elementor-element-3643814 elementor-widget elementor-widget-text-editor\" data-id=\"3643814\" data-element_type=\"widget\" data-widget_type=\"text-editor.default\">\n\t\t\t\t<div class=\"elementor-widget-container\">\n\t\t\t\t\t\t\t\t\t<p>+213.48.79.90.15<\/p>\t\t\t\t\t\t\t\t<\/div>\n\t\t\t\t<\/div>\n\t\t\t\t<div class=\"elementor-element elementor-element-542f673 elementor-widget elementor-widget-heading\" data-id=\"542f673\" data-element_type=\"widget\" data-widget_type=\"heading.default\">\n\t\t\t\t<div class=\"elementor-widget-container\">\n\t\t\t\t\t<h3 class=\"elementor-heading-title elementor-size-default\">Email<\/h3>\t\t\t\t<\/div>\n\t\t\t\t<\/div>\n\t\t\t\t<div class=\"elementor-element elementor-element-d366b48 elementor-widget elementor-widget-text-editor\" data-id=\"d366b48\" data-element_type=\"widget\" data-widget_type=\"text-editor.default\">\n\t\t\t\t<div class=\"elementor-widget-container\">\n\t\t\t\t\t\t\t\t\t<p>vrpg@univ-sba.dz<\/p><p>vrpg-univ-sba@etab.mesrs.dz<\/p>\t\t\t\t\t\t\t\t<\/div>\n\t\t\t\t<\/div>\n\t\t\t\t<\/div>\n\t\t<div class=\"elementor-element elementor-element-220f611 e-con-full e-flex e-con e-child\" data-id=\"220f611\" data-element_type=\"container\">\n\t\t\t\t<div class=\"elementor-element elementor-element-07ec49e elementor-widget elementor-widget-google_maps\" data-id=\"07ec49e\" data-element_type=\"widget\" data-widget_type=\"google_maps.default\">\n\t\t\t\t<div class=\"elementor-widget-container\">\n\t\t\t\t\t\t\t<div class=\"elementor-custom-embed\">\n\t\t\t<iframe loading=\"lazy\"\n\t\t\t\t\tsrc=\"https:\/\/maps.google.com\/maps?q=campus%20sidi%20bel%20abbes&#038;t=m&#038;z=17&#038;output=embed&#038;iwloc=near\"\n\t\t\t\t\ttitle=\"campus sidi bel abbes\"\n\t\t\t\t\taria-label=\"campus sidi bel abbes\"\n\t\t\t><\/iframe>\n\t\t<\/div>\n\t\t\t\t\t\t<\/div>\n\t\t\t\t<\/div>\n\t\t\t\t<\/div>\n\t\t\t\t<\/div>\n\t\t\t\t<div class=\"elementor-element elementor-element-d06a6fe elementor-widget-divider--view-line elementor-widget elementor-widget-divider\" data-id=\"d06a6fe\" data-element_type=\"widget\" data-widget_type=\"divider.default\">\n\t\t\t\t<div class=\"elementor-widget-container\">\n\t\t\t\t\t\t\t<div class=\"elementor-divider\">\n\t\t\t<span class=\"elementor-divider-separator\">\n\t\t\t\t\t\t<\/span>\n\t\t<\/div>\n\t\t\t\t\t\t<\/div>\n\t\t\t\t<\/div>\n\t\t\t\t<\/div>\n\t\t\t\t<\/div>\n\t\t\t\t<\/div>\n\t\t\t\t\t<\/div>\n\t\t\t\t<\/div>\n\t\t\t\t<\/div>\n\t\t","protected":false},"excerpt":{"rendered":"<p>Contactez Nous Vice-Rectorat de la Formation Sup\u00e9rieure de Troisi\u00e8me Cycle, de l&#8217;Habilitation Universitaire, de la Recherche Scientifique et de la Formation Sup\u00e9rieure de Post-Graduation \u00a0Pr. CHOUAF Abdelhak Vice-Recteur Charg\u00e9 de la Formation Sup\u00e9rieure de Troisi\u00e8me Cycle, de l&#8217;Habilitation Universitaire, de la Recherche Scientifique et de la Formation Sup\u00e9rieur de Post-Graduation.Universit\u00e9 Djillali liab\u00e8sBP 89, Sidi bel [&hellip;]<\/p>\n","protected":false},"author":3,"featured_media":0,"parent":0,"menu_order":0,"comment_status":"closed","ping_status":"closed","template":"","meta":{"_uag_custom_page_level_css":"","postBodyCss":"","postBodyMargin":[],"postBodyPadding":[],"postBodyBackground":{"backgroundType":"classic","gradient":""},"site-sidebar-layout":"no-sidebar","site-content-layout":"page-builder","ast-site-content-layout":"full-width-container","site-content-style":"unboxed","site-sidebar-style":"unboxed","ast-global-header-display":"","ast-banner-title-visibility":"","ast-main-header-display":"","ast-hfb-above-header-display":"","ast-hfb-below-header-display":"","ast-hfb-mobile-header-display":"","site-post-title":"disabled","ast-breadcrumbs-content":"disabled","ast-featured-img":"disabled","footer-sml-layout":"","ast-disable-related-posts":"","theme-transparent-header-meta":"enabled","adv-header-id-meta":"","stick-header-meta":"","header-above-stick-meta":"","header-main-stick-meta":"","header-below-stick-meta":"","astra-migrate-meta-layouts":"set","ast-page-background-enabled":"default","ast-page-background-meta":{"desktop":{"background-color":"var(--ast-global-color-4)","background-image":"","background-repeat":"repeat","background-position":"center center","background-size":"auto","background-attachment":"scroll","background-type":"","background-media":"","overlay-type":"","overlay-color":"","overlay-opacity":"","overlay-gradient":""},"tablet":{"background-color":"","background-image":"","background-repeat":"repeat","background-position":"center center","background-size":"auto","background-attachment":"scroll","background-type":"","background-media":"","overlay-type":"","overlay-color":"","overlay-opacity":"","overlay-gradient":""},"mobile":{"background-color":"","background-image":"","background-repeat":"repeat","background-position":"center center","background-size":"auto","background-attachment":"scroll","background-type":"","background-media":"","overlay-type":"","overlay-color":"","overlay-opacity":"","overlay-gradient":""}},"ast-content-background-meta":{"desktop":{"background-color":"var(--ast-global-color-5)","background-image":"","background-repeat":"repeat","background-position":"center center","background-size":"auto","background-attachment":"scroll","background-type":"","background-media":"","overlay-type":"","overlay-color":"","overlay-opacity":"","overlay-gradient":""},"tablet":{"background-color":"var(--ast-global-color-5)","background-image":"","background-repeat":"repeat","background-position":"center center","background-size":"auto","background-attachment":"scroll","background-type":"","background-media":"","overlay-type":"","overlay-color":"","overlay-opacity":"","overlay-gradient":""},"mobile":{"background-color":"var(--ast-global-color-5)","background-image":"","background-repeat":"repeat","background-position":"center center","background-size":"auto","background-attachment":"scroll","background-type":"","background-media":"","overlay-type":"","overlay-color":"","overlay-opacity":"","overlay-gradient":""}},"footnotes":""},"class_list":["post-4370","page","type-page","status-publish","hentry"],"uagb_featured_image_src":{"full":false,"thumbnail":false,"medium":false,"medium_large":false,"large":false,"1536x1536":false,"2048x2048":false},"uagb_author_info":{"display_name":"Khadidja YOUB","author_link":"https:\/\/www.univ-sba.dz\/vrpg\/author\/habilitation\/"},"uagb_comment_info":0,"uagb_excerpt":"Contactez Nous Vice-Rectorat de la Formation Sup\u00e9rieure de Troisi\u00e8me Cycle, de l&#8217;Habilitation Universitaire, de la Recherche Scientifique et de la Formation Sup\u00e9rieure de Post-Graduation \u00a0Pr. CHOUAF Abdelhak Vice-Recteur Charg\u00e9 de la Formation Sup\u00e9rieure de Troisi\u00e8me Cycle, de l&#8217;Habilitation Universitaire, de la Recherche Scientifique et de la Formation Sup\u00e9rieur de Post-Graduation.Universit\u00e9 Djillali liab\u00e8sBP 89, Sidi bel\u2026","rttpg_featured_image_url":null,"rttpg_author":{"display_name":"Khadidja YOUB","author_link":"https:\/\/www.univ-sba.dz\/vrpg\/author\/habilitation\/"},"rttpg_comment":0,"rttpg_category":" <a href=\"https:\/\/www.univ-sba.dz\/vrpg\/fr\/\" rel=\"tag\">Fran\u00e7ais<\/a>","rttpg_excerpt":"Contactez Nous Vice-Rectorat de la Formation Sup\u00e9rieure de Troisi\u00e8me Cycle, de l&#8217;Habilitation Universitaire, de la Recherche Scientifique et de la Formation Sup\u00e9rieure de Post-Graduation \u00a0Pr. CHOUAF Abdelhak Vice-Recteur Charg\u00e9 de la Formation Sup\u00e9rieure de Troisi\u00e8me Cycle, de l&#8217;Habilitation Universitaire, de la Recherche Scientifique et de la Formation Sup\u00e9rieur de Post-Graduation.Universit\u00e9 Djillali liab\u00e8sBP 89, Sidi bel\u2026","_links":{"self":[{"href":"https:\/\/www.univ-sba.dz\/vrpg\/wp-json\/wp\/v2\/pages\/4370","targetHints":{"allow":["GET"]}}],"collection":[{"href":"https:\/\/www.univ-sba.dz\/vrpg\/wp-json\/wp\/v2\/pages"}],"about":[{"href":"https:\/\/www.univ-sba.dz\/vrpg\/wp-json\/wp\/v2\/types\/page"}],"author":[{"embeddable":true,"href":"https:\/\/www.univ-sba.dz\/vrpg\/wp-json\/wp\/v2\/users\/3"}],"replies":[{"embeddable":true,"href":"https:\/\/www.univ-sba.dz\/vrpg\/wp-json\/wp\/v2\/comments?post=4370"}],"version-history":[{"count":25,"href":"https:\/\/www.univ-sba.dz\/vrpg\/wp-json\/wp\/v2\/pages\/4370\/revisions"}],"predecessor-version":[{"id":7488,"href":"https:\/\/www.univ-sba.dz\/vrpg\/wp-json\/wp\/v2\/pages\/4370\/revisions\/7488"}],"wp:attachment":[{"href":"https:\/\/www.univ-sba.dz\/vrpg\/wp-json\/wp\/v2\/media?parent=4370"}],"curies":[{"name":"wp","href":"https:\/\/api.w.org\/{rel}","templated":true}]}}