{"id":5257,"date":"2025-03-17T11:30:51","date_gmt":"2025-03-17T10:30:51","guid":{"rendered":"https:\/\/www.univ-sba.dz\/vrpg\/?page_id=5257"},"modified":"2026-04-06T16:28:12","modified_gmt":"2026-04-06T14:28:12","slug":"mr-vice-rector-of-the-university","status":"publish","type":"page","link":"https:\/\/www.univ-sba.dz\/vrpg\/en\/mr-vice-rector-of-the-university\/","title":{"rendered":"Mr Vice rector of the university"},"content":{"rendered":"\t\t<div data-elementor-type=\"wp-page\" data-elementor-id=\"5257\" class=\"elementor elementor-5257\">\n\t\t\t\t<div class=\"elementor-element elementor-element-19b8c8c e-flex e-con-boxed e-con e-parent\" data-id=\"19b8c8c\" data-element_type=\"container\" data-settings=\"{&quot;background_background&quot;:&quot;classic&quot;}\">\n\t\t\t\t\t<div class=\"e-con-inner\">\n\t\t<div class=\"elementor-element elementor-element-372848a e-con-full e-flex e-con e-child\" data-id=\"372848a\" data-element_type=\"container\">\n\t\t\t\t<div class=\"elementor-element elementor-element-0ccf104 elementor-widget elementor-widget-heading\" data-id=\"0ccf104\" data-element_type=\"widget\" data-widget_type=\"heading.default\">\n\t\t\t\t<div class=\"elementor-widget-container\">\n\t\t\t\t\t<h1 class=\"elementor-heading-title elementor-size-default\"><br>The Vice Rector of the University<\/h1>\t\t\t\t<\/div>\n\t\t\t\t<\/div>\n\t\t\t\t<\/div>\n\t\t\t\t\t<\/div>\n\t\t\t\t<\/div>\n\t\t<div class=\"elementor-element elementor-element-8338255 e-flex e-con-boxed e-con e-parent\" data-id=\"8338255\" data-element_type=\"container\" data-settings=\"{&quot;background_background&quot;:&quot;classic&quot;}\">\n\t\t\t\t\t<div class=\"e-con-inner\">\n\t\t<div class=\"elementor-element elementor-element-87eb59b e-con-full e-flex e-con e-child\" data-id=\"87eb59b\" data-element_type=\"container\">\n\t\t\t\t<div class=\"elementor-element elementor-element-925cef2 elementor-widget elementor-widget-heading\" data-id=\"925cef2\" data-element_type=\"widget\" data-widget_type=\"heading.default\">\n\t\t\t\t<div class=\"elementor-widget-container\">\n\t\t\t\t\t<h2 class=\"elementor-heading-title elementor-size-default\"><strong>Vice rector's word<\/strong><br><\/h2>\t\t\t\t<\/div>\n\t\t\t\t<\/div>\n\t\t\t\t<div class=\"elementor-element elementor-element-012d882 elementor-widget elementor-widget-heading\" data-id=\"012d882\" data-element_type=\"widget\" data-widget_type=\"heading.default\">\n\t\t\t\t<div class=\"elementor-widget-container\">\n\t\t\t\t\t<h2 class=\"elementor-heading-title elementor-size-default\">---<\/h2>\t\t\t\t<\/div>\n\t\t\t\t<\/div>\n\t\t\t\t<div class=\"elementor-element elementor-element-35ebd54 elementor-widget elementor-widget-text-editor\" data-id=\"35ebd54\" data-element_type=\"widget\" data-widget_type=\"text-editor.default\">\n\t\t\t\t<div class=\"elementor-widget-container\">\n\t\t\t\t\t\t\t\t\t<p>Bienvenue sur le site web du vice rectorat la Formation Sup\u00e9rieure de Troisi\u00e8me Cycle, de l&#8217;Habilitation Universitaire, de la Recherche Scientifique et de la Formation Sup\u00e9rieure de Post-Graduation.<\/p><p>Alors que notre monde change continuellement, notre mission est de promouvoir l&#8217;excellence acad\u00e9mique et la recherche scientifique, tout en soutenant le d\u00e9veloppement des comp\u00e9tences et des talents. Le vice rectorat s\u2019engage \u00e0 accompagner les Doctorants, les chercheurs et les enseignants dans leurs parcours de formation et d&#8217;innovation.<\/p><p>Nous mettons un point d\u2019honneur \u00e0 offrir un cadre acad\u00e9mique propice \u00e0 la r\u00e9flexion et \u00e0 l\u2019apprentissage, en favorisant les collaborations interdisciplinaires et internationales.<\/p><p>Gr\u00e2ce \u00e0 la collaboration harmonieuse entre administration, \u00a0chercheurs, doctorants et enseignants que notre universit\u00e9 continue de briller dans le domaine de l\u2019enseignement sup\u00e9rieur et de la recherche, offrant des opportunit\u00e9s exceptionnelles \u00e0 ceux qui s\u2019y consacrent pleinement.<\/p><p>En effet Gr\u00e2ce \u00e0 cette vision, une vision tourn\u00e9e vers l\u2019avenir, nous veillons \u00e0 ce que nos programmes de troisi\u00e8me cycle et de post-graduation r\u00e9pondent aux exigences de la soci\u00e9t\u00e9 et aux besoins du march\u00e9 de l\u2019emploi.<\/p><p>Notre site web a \u00e9t\u00e9 minutieusement con\u00e7u pour \u00eatre une plateforme de communication efficace. Vous y trouverez des informations Pleinement \u00a0\u00a0utiles sur nos programmes, les conditions d\u2019acc\u00e8s, les activit\u00e9s de recherche et les initiatives acad\u00e9miques que nous portons. Nous esp\u00e9rons qu\u2019il vous permettra d\u2019acc\u00e9der facilement aux ressources et aux informations n\u00e9cessaires \u00e0 votre r\u00e9ussite.<\/p><p>Je vous invite \u00e0 explorer notre site et \u00e0 d\u00e9couvrir tout ce que notre service a \u00e0 offrir.<\/p><p>Ensemble, construisons un avenir bas\u00e9 sur le savoir, l\u2019innovation et l\u2019excellence.<\/p><p>Cordialement.<\/p>\t\t\t\t\t\t\t\t<\/div>\n\t\t\t\t<\/div>\n\t\t\t\t<\/div>\n\t\t\t\t\t<\/div>\n\t\t\t\t<\/div>\n\t\t\t\t<\/div>\n\t\t","protected":false},"excerpt":{"rendered":"<p>The Vice Rector of the University Vice rector&#8217;s word &#8212; Bienvenue sur le site web du vice rectorat la Formation Sup\u00e9rieure de Troisi\u00e8me Cycle, de l&#8217;Habilitation Universitaire, de la Recherche Scientifique et de la Formation Sup\u00e9rieure de Post-Graduation. Alors que notre monde change continuellement, notre mission est de promouvoir l&#8217;excellence acad\u00e9mique et la recherche scientifique, [&hellip;]<\/p>\n","protected":false},"author":3,"featured_media":0,"parent":0,"menu_order":0,"comment_status":"closed","ping_status":"closed","template":"","meta":{"_uag_custom_page_level_css":"","postBodyCss":"","postBodyMargin":[],"postBodyPadding":[],"postBodyBackground":{"backgroundType":"classic","gradient":""},"site-sidebar-layout":"no-sidebar","site-content-layout":"page-builder","ast-site-content-layout":"full-width-container","site-content-style":"unboxed","site-sidebar-style":"unboxed","ast-global-header-display":"","ast-banner-title-visibility":"","ast-main-header-display":"","ast-hfb-above-header-display":"","ast-hfb-below-header-display":"","ast-hfb-mobile-header-display":"","site-post-title":"disabled","ast-breadcrumbs-content":"disabled","ast-featured-img":"disabled","footer-sml-layout":"","ast-disable-related-posts":"","theme-transparent-header-meta":"enabled","adv-header-id-meta":"","stick-header-meta":"","header-above-stick-meta":"","header-main-stick-meta":"","header-below-stick-meta":"","astra-migrate-meta-layouts":"set","ast-page-background-enabled":"default","ast-page-background-meta":{"desktop":{"background-color":"var(--ast-global-color-4)","background-image":"","background-repeat":"repeat","background-position":"center center","background-size":"auto","background-attachment":"scroll","background-type":"","background-media":"","overlay-type":"","overlay-color":"","overlay-opacity":"","overlay-gradient":""},"tablet":{"background-color":"","background-image":"","background-repeat":"repeat","background-position":"center center","background-size":"auto","background-attachment":"scroll","background-type":"","background-media":"","overlay-type":"","overlay-color":"","overlay-opacity":"","overlay-gradient":""},"mobile":{"background-color":"","background-image":"","background-repeat":"repeat","background-position":"center center","background-size":"auto","background-attachment":"scroll","background-type":"","background-media":"","overlay-type":"","overlay-color":"","overlay-opacity":"","overlay-gradient":""}},"ast-content-background-meta":{"desktop":{"background-color":"var(--ast-global-color-5)","background-image":"","background-repeat":"repeat","background-position":"center center","background-size":"auto","background-attachment":"scroll","background-type":"","background-media":"","overlay-type":"","overlay-color":"","overlay-opacity":"","overlay-gradient":""},"tablet":{"background-color":"var(--ast-global-color-5)","background-image":"","background-repeat":"repeat","background-position":"center center","background-size":"auto","background-attachment":"scroll","background-type":"","background-media":"","overlay-type":"","overlay-color":"","overlay-opacity":"","overlay-gradient":""},"mobile":{"background-color":"var(--ast-global-color-5)","background-image":"","background-repeat":"repeat","background-position":"center center","background-size":"auto","background-attachment":"scroll","background-type":"","background-media":"","overlay-type":"","overlay-color":"","overlay-opacity":"","overlay-gradient":""}},"footnotes":""},"class_list":["post-5257","page","type-page","status-publish","hentry"],"uagb_featured_image_src":{"full":false,"thumbnail":false,"medium":false,"medium_large":false,"large":false,"1536x1536":false,"2048x2048":false},"uagb_author_info":{"display_name":"Khadidja YOUB","author_link":"https:\/\/www.univ-sba.dz\/vrpg\/author\/habilitation\/"},"uagb_comment_info":0,"uagb_excerpt":"The Vice Rector of the University Vice rector&#8217;s word &#8212; Bienvenue sur le site web du vice rectorat la Formation Sup\u00e9rieure de Troisi\u00e8me Cycle, de l&#8217;Habilitation Universitaire, de la Recherche Scientifique et de la Formation Sup\u00e9rieure de Post-Graduation. Alors que notre monde change continuellement, notre mission est de promouvoir l&#8217;excellence acad\u00e9mique et la recherche scientifique,\u2026","rttpg_featured_image_url":null,"rttpg_author":{"display_name":"Khadidja YOUB","author_link":"https:\/\/www.univ-sba.dz\/vrpg\/author\/habilitation\/"},"rttpg_comment":0,"rttpg_category":" <a href=\"https:\/\/www.univ-sba.dz\/vrpg\/en\/\" rel=\"tag\">English<\/a>","rttpg_excerpt":"The Vice Rector of the University Vice rector&#8217;s word &#8212; Bienvenue sur le site web du vice rectorat la Formation Sup\u00e9rieure de Troisi\u00e8me Cycle, de l&#8217;Habilitation Universitaire, de la Recherche Scientifique et de la Formation Sup\u00e9rieure de Post-Graduation. Alors que notre monde change continuellement, notre mission est de promouvoir l&#8217;excellence acad\u00e9mique et la recherche scientifique,\u2026","_links":{"self":[{"href":"https:\/\/www.univ-sba.dz\/vrpg\/wp-json\/wp\/v2\/pages\/5257","targetHints":{"allow":["GET"]}}],"collection":[{"href":"https:\/\/www.univ-sba.dz\/vrpg\/wp-json\/wp\/v2\/pages"}],"about":[{"href":"https:\/\/www.univ-sba.dz\/vrpg\/wp-json\/wp\/v2\/types\/page"}],"author":[{"embeddable":true,"href":"https:\/\/www.univ-sba.dz\/vrpg\/wp-json\/wp\/v2\/users\/3"}],"replies":[{"embeddable":true,"href":"https:\/\/www.univ-sba.dz\/vrpg\/wp-json\/wp\/v2\/comments?post=5257"}],"version-history":[{"count":27,"href":"https:\/\/www.univ-sba.dz\/vrpg\/wp-json\/wp\/v2\/pages\/5257\/revisions"}],"predecessor-version":[{"id":8323,"href":"https:\/\/www.univ-sba.dz\/vrpg\/wp-json\/wp\/v2\/pages\/5257\/revisions\/8323"}],"wp:attachment":[{"href":"https:\/\/www.univ-sba.dz\/vrpg\/wp-json\/wp\/v2\/media?parent=5257"}],"curies":[{"name":"wp","href":"https:\/\/api.w.org\/{rel}","templated":true}]}}